{"id":1212,"date":"2024-02-15T07:53:04","date_gmt":"2024-02-15T07:53:04","guid":{"rendered":"http:\/\/localhost\/mdamulti\/?page_id=1212"},"modified":"2024-08-27T12:17:06","modified_gmt":"2024-08-27T12:17:06","slug":"crbst_27_en","status":"publish","type":"page","link":"https:\/\/preprod.gmindia.tech\/mda\/en\/crbst_27_en\/","title":{"rendered":"REJOINDRE LES AMI.E.S DE MDA"},"content":{"rendered":"\n<h2 class=\" wp-block-heading eplus-wrapper\" style=\"font-size:clamp(24.034px, 1.502rem + ((1vw - 3.2px) * 1.814), 40px);\"><strong>REJOINDRE LES AMI.E.S DE MDA<\/strong><\/h2>\n\n\n\n<div style=\"height:40px\" aria-hidden=\"true\" class=\" wp-block-spacer eplus-wrapper\"><\/div>\n\n\n\n<figure class=\" wp-block-image size-full eplus-wrapper\"><img loading=\"lazy\" decoding=\"async\" width=\"751\" height=\"350\" src=\"https:\/\/preprod.gmindia.tech\/mda\/en\/wp-content\/uploads\/sites\/2\/2024\/02\/Capture19.jpg\" alt=\"\" class=\"wp-image-1216\"\/><\/figure>\n\n\n\n<div style=\"height:40px\" aria-hidden=\"true\" class=\" wp-block-spacer eplus-wrapper\"><\/div>\n\n\n\n<div class=\"wp-block-columns eplus-wrapper is-layout-flex wp-container-core-columns-is-layout-28f84493 wp-block-columns-is-layout-flex\">\n<div class=\"wp-block-column has-border-color eplus-wrapper is-layout-flow wp-block-column-is-layout-flow\" style=\"border-color:#f33428;border-width:2px;padding-top:15px;padding-right:15px;padding-bottom:15px;padding-left:15px;flex-basis:40%\">\n<p class=\" eplus-wrapper\" style=\"font-size:clamp(14px, 0.875rem + ((1vw - 3.2px) * 0.227), 16px);\"><strong>&#8220;As a non-profit organization, M\u00e9moire de l&#8217;Avenir is authorized to issue tax receipts to individuals and companies who make a donation, enabling the donor to benefit from a tax reduction<\/strong><gwmw style=\"display:none;\"><\/gwmw><gwmw style=\"display:none;\"><\/gwmw><\/p>\n\n\n\n<p class=\" eplus-wrapper\" style=\"font-size:clamp(14px, 0.875rem + ((1vw - 3.2px) * 0.227), 16px);\">For individuals, this reduction is equal to 66% of the amount of the donation, up to a limit of 20% of taxable income. For example, a donation of \u20ac100 will only cost the donor \u20ac34 after tax reduction.<gwmw style=\"display:none;\"><\/gwmw><gwmw style=\"display:none;\"><\/gwmw><\/p>\n\n\n\n<p class=\" eplus-wrapper\" style=\"font-size:clamp(14px, 0.875rem + ((1vw - 3.2px) * 0.227), 16px);\">For companies, this reduction is equal to 60% of the amount of the donation within the limit of \u20ac20,000 or 5 \u2030 (5 per thousand) of annual sales excluding tax (ceiling applied to all payments made).<gwmw style=\"display:none;\"><\/gwmw><gwmw style=\"display:none;\"><\/gwmw><\/p>\n<\/div>\n\n\n\n<div class=\"wp-block-column eplus-wrapper is-layout-flow wp-block-column-is-layout-flow\" style=\"padding-left:15px;flex-basis:60%\">\n<p class=\" eplus-wrapper\"><a href=\"https:\/\/www.helloasso.com\/associations\/association-memoire-de-l-avenir\/formulaires\/2\/widget\" target=\"_blank\"><strong>BECOME A FRIEND<\/strong><\/a><br><a href=\"https:\/\/www.helloasso.com\/associations\/association-memoire-de-l-avenir\/formulaires\/2\/widget\" target=\"_blank\"><strong>OR JOIN THE CIRCLE OF MDA PATRONS<\/strong><\/a><gwmw style=\"display:none;\"><\/gwmw><\/p>\n\n\n\n<p class=\" eplus-wrapper\" style=\"font-size:clamp(14px, 0.875rem + ((1vw - 3.2px) * 0.227), 16px);\"><strong><a href=\"https:\/\/www.paypal.com\/paypalme\/Memoireavenirhas?country.x=FR&amp;locale.x=fr_FR%20%20\" target=\"_blank\" target=\"_blank\" rel=\"noreferrer noopener\">via PAYPAL HERE<\/a><\/strong><gwmw style=\"display:none;\"><\/gwmw><gwmw style=\"display:none;\"><\/gwmw><\/p>\n\n\n\n<figure class=\" wp-block-image size-full eplus-wrapper\"><img loading=\"lazy\" decoding=\"async\" width=\"100\" height=\"100\" src=\"https:\/\/preprod.gmindia.tech\/mda\/en\/wp-content\/uploads\/sites\/2\/2024\/08\/20M_C3_A9moire_20de_20l_27A-qrcode.png\" alt=\"\" class=\"wp-image-3106\"\/><\/figure>\n\n\n\n<p class=\" eplus-wrapper\" style=\"font-size:clamp(14px, 0.875rem + ((1vw - 3.2px) * 0.227), 16px);\"><strong>OR<\/strong><br><a href=\"https:\/\/www.helloasso.com\/associations\/association-memoire-de-l-avenir\/formulaires\/2\/widget\" target=\"_blank\"><strong>via HelloAsso HERE<\/strong><\/a><\/p>\n\n\n\n<p class=\" eplus-wrapper\" style=\"font-size:clamp(14px, 0.875rem + ((1vw - 3.2px) * 0.227), 16px);\">Since 2003, the non-profit organization M\u00c9MOIRE DE L&#8217;AVENIR has worked tirelessly to promote artistic creation as a tool for dialogue and living together. Working alongside artists committed to all kinds of audiences, M\u00e9moire de l&#8217;Avenir perseveres in these missions, strengthened by the conviction that art can only find its place at the heart of society, at the service of human development.<\/p>\n\n\n\n<p class=\" eplus-wrapper\" style=\"font-size:clamp(14px, 0.875rem + ((1vw - 3.2px) * 0.227), 16px);\">Whether within the exhibition space, partner structures or with the HUMANITIES, ARTS AND SOCIETY project, every year M\u00e9moire de l&#8217;Avenir shapes new projects to promote committed artistic practices.<\/p>\n\n\n\n<p class=\" eplus-wrapper\" style=\"font-size:clamp(14px, 0.875rem + ((1vw - 3.2px) * 0.227), 16px);\"><strong>We thank all those who are willing and able to continue to support M\u00c9MOIRE DE L&#8217;AVENIR in these efforts.<\/strong><gwmw style=\"display:none;\"><\/gwmw><gwmw style=\"display:none;\"><\/gwmw><gwmw style=\"display:none;\"><\/gwmw><\/p>\n\n\n\n<p class=\" has-text-align-right eplus-wrapper\" style=\"font-size:clamp(14px, 0.875rem + ((1vw - 3.2px) * 0.227), 16px);\"><br><strong>you can contact us via<\/strong><br>margalit.berriet@memoire-a-venir.org<br>direction@memoire-a-venir.org<gwmw style=\"display:none;\"><\/gwmw><gwmw style=\"display:none;\"><\/gwmw><\/p>\n<\/div>\n<\/div>\n\n\n\n<div style=\"height:50px\" aria-hidden=\"true\" class=\" wp-block-spacer eplus-wrapper\"><\/div>\n\n\n\n<div class=\"wp-block-buttons eplus-wrapper is-layout-flex wp-block-buttons-is-layout-flex\">\n<div class=\"is-style-outline wp-block-button has-custom-font-size eplus-wrapper is-style-outline--1\" style=\"font-size:clamp(14px, 0.875rem + ((1vw - 3.2px) * 0.227), 16px);\"><a class=\"wp-block-button__link wp-element-button\" href=\"\/mda\/wp-content\/uploads\/2024\/02\/bulletin_20d_27adh_C3_A9sion_20MEMOIRE_20DE_20L_27AVENIR_202018.pdf\" style=\"border-width:1px;border-radius:0px;padding-top:5px;padding-right:5px;padding-bottom:5px;padding-left:5px\" target=\"_blank\" rel=\"noreferrer noopener\"><strong>T\u00e9l\u00e9charger&nbsp;le&nbsp;bulletin&nbsp;d&#8217;adh\u00e9sion<\/strong><\/a><\/div>\n<\/div>\n\n\n\n<div class=\"wp-block-buttons eplus-wrapper is-layout-flex wp-block-buttons-is-layout-flex\">\n<div class=\"is-style-outline wp-block-button has-custom-font-size eplus-wrapper is-style-outline--2\" style=\"font-size:clamp(14px, 0.875rem + ((1vw - 3.2px) * 0.227), 16px);\"><a class=\"wp-block-button__link wp-element-button\" href=\"\/mda\/wp-content\/uploads\/2024\/02\/membership_20bulletin_20Memoire_20de_20l_20Avenir_202018_20_20anglais.pdf\" style=\"border-width:1px;border-radius:0px;padding-top:5px;padding-right:5px;padding-bottom:5px;padding-left:5px\" target=\"_blank\" rel=\"noreferrer noopener\"><strong>&nbsp;Download&nbsp;the&nbsp;membership&nbsp;bulletin<\/strong><\/a><\/div>\n<\/div>\n","protected":false},"excerpt":{"rendered":"<p>REJOINDRE LES AMI.E.S DE MDA &#8220;As a non-profit organization, M\u00e9moire de l&#8217;Avenir is authorized to issue tax receipts to individuals and companies who make a donation, enabling the donor to benefit from a tax reduction For individuals, this reduction is equal to 66% of the amount of the donation, up to a limit of 20% [&hellip;]<\/p>\n","protected":false},"author":1,"featured_media":0,"parent":0,"menu_order":0,"comment_status":"closed","ping_status":"closed","template":"wp-custom-template-page-with-sidebar","meta":{"footnotes":""},"class_list":["post-1212","page","type-page","status-publish","hentry"],"yoast_head":"<!-- This site is optimized with the Yoast SEO plugin v23.9 - https:\/\/yoast.com\/wordpress\/plugins\/seo\/ -->\n<title>REJOINDRE LES AMI.E.S DE MDA - Memory of the Future<\/title>\n<meta name=\"robots\" content=\"index, follow, max-snippet:-1, max-image-preview:large, max-video-preview:-1\" \/>\n<link rel=\"canonical\" href=\"https:\/\/preprod.gmindia.tech\/mda\/en\/crbst_27_en\/\" \/>\n<meta property=\"og:locale\" content=\"en_GB\" \/>\n<meta property=\"og:type\" content=\"article\" \/>\n<meta property=\"og:title\" content=\"REJOINDRE LES AMI.E.S DE MDA - Memory of the Future\" \/>\n<meta property=\"og:description\" content=\"REJOINDRE LES AMI.E.S DE MDA &#8220;As a non-profit organization, M\u00e9moire de l&#8217;Avenir is authorized to issue tax receipts to individuals and companies who make a donation, enabling the donor to benefit from a tax reduction For individuals, this reduction is equal to 66% of the amount of the donation, up to a limit of 20% [&hellip;]\" \/>\n<meta property=\"og:url\" content=\"https:\/\/preprod.gmindia.tech\/mda\/en\/crbst_27_en\/\" \/>\n<meta property=\"og:site_name\" content=\"Memory of the Future\" \/>\n<meta property=\"article:modified_time\" content=\"2024-08-27T12:17:06+00:00\" \/>\n<meta property=\"og:image\" content=\"https:\/\/preprod.gmindia.tech\/mda\/en\/wp-content\/uploads\/sites\/2\/2024\/02\/Capture19.jpg\" \/>\n\t<meta property=\"og:image:width\" content=\"751\" \/>\n\t<meta property=\"og:image:height\" content=\"350\" \/>\n\t<meta property=\"og:image:type\" content=\"image\/jpeg\" \/>\n<meta name=\"twitter:card\" content=\"summary_large_image\" \/>\n<meta name=\"twitter:label1\" content=\"Estimated reading time\" \/>\n\t<meta name=\"twitter:data1\" content=\"1 minute\" \/>\n<script type=\"application\/ld+json\" class=\"yoast-schema-graph\">{\"@context\":\"https:\/\/schema.org\",\"@graph\":[{\"@type\":\"WebPage\",\"@id\":\"https:\/\/preprod.gmindia.tech\/mda\/en\/crbst_27_en\/\",\"url\":\"https:\/\/preprod.gmindia.tech\/mda\/en\/crbst_27_en\/\",\"name\":\"REJOINDRE LES AMI.E.S DE MDA - Memory of the Future\",\"isPartOf\":{\"@id\":\"https:\/\/preprod.gmindia.tech\/mda\/en\/#website\"},\"primaryImageOfPage\":{\"@id\":\"https:\/\/preprod.gmindia.tech\/mda\/en\/crbst_27_en\/#primaryimage\"},\"image\":{\"@id\":\"https:\/\/preprod.gmindia.tech\/mda\/en\/crbst_27_en\/#primaryimage\"},\"thumbnailUrl\":\"https:\/\/preprod.gmindia.tech\/mda\/en\/wp-content\/uploads\/sites\/2\/2024\/02\/Capture19.jpg\",\"datePublished\":\"2024-02-15T07:53:04+00:00\",\"dateModified\":\"2024-08-27T12:17:06+00:00\",\"breadcrumb\":{\"@id\":\"https:\/\/preprod.gmindia.tech\/mda\/en\/crbst_27_en\/#breadcrumb\"},\"inLanguage\":\"en-GB\",\"potentialAction\":[{\"@type\":\"ReadAction\",\"target\":[\"https:\/\/preprod.gmindia.tech\/mda\/en\/crbst_27_en\/\"]}]},{\"@type\":\"ImageObject\",\"inLanguage\":\"en-GB\",\"@id\":\"https:\/\/preprod.gmindia.tech\/mda\/en\/crbst_27_en\/#primaryimage\",\"url\":\"https:\/\/preprod.gmindia.tech\/mda\/en\/wp-content\/uploads\/sites\/2\/2024\/02\/Capture19.jpg\",\"contentUrl\":\"https:\/\/preprod.gmindia.tech\/mda\/en\/wp-content\/uploads\/sites\/2\/2024\/02\/Capture19.jpg\",\"width\":751,\"height\":350},{\"@type\":\"BreadcrumbList\",\"@id\":\"https:\/\/preprod.gmindia.tech\/mda\/en\/crbst_27_en\/#breadcrumb\",\"itemListElement\":[{\"@type\":\"ListItem\",\"position\":1,\"name\":\"Home\",\"item\":\"https:\/\/preprod.gmindia.tech\/mda\/en\/\"},{\"@type\":\"ListItem\",\"position\":2,\"name\":\"REJOINDRE LES AMI.E.S DE MDA\"}]},{\"@type\":\"WebSite\",\"@id\":\"https:\/\/preprod.gmindia.tech\/mda\/en\/#website\",\"url\":\"https:\/\/preprod.gmindia.tech\/mda\/en\/\",\"name\":\"Memory of the Future\",\"description\":\"\",\"publisher\":{\"@id\":\"https:\/\/preprod.gmindia.tech\/mda\/en\/#organization\"},\"potentialAction\":[{\"@type\":\"SearchAction\",\"target\":{\"@type\":\"EntryPoint\",\"urlTemplate\":\"https:\/\/preprod.gmindia.tech\/mda\/en\/?s={search_term_string}\"},\"query-input\":{\"@type\":\"PropertyValueSpecification\",\"valueRequired\":true,\"valueName\":\"search_term_string\"}}],\"inLanguage\":\"en-GB\"},{\"@type\":\"Organization\",\"@id\":\"https:\/\/preprod.gmindia.tech\/mda\/en\/#organization\",\"name\":\"Memory of the Future\",\"url\":\"https:\/\/preprod.gmindia.tech\/mda\/en\/\",\"logo\":{\"@type\":\"ImageObject\",\"inLanguage\":\"en-GB\",\"@id\":\"https:\/\/preprod.gmindia.tech\/mda\/en\/#\/schema\/logo\/image\/\",\"url\":\"https:\/\/preprod.gmindia.tech\/mda\/en\/wp-content\/uploads\/sites\/2\/2024\/01\/logo_20mda_2010202000.png\",\"contentUrl\":\"https:\/\/preprod.gmindia.tech\/mda\/en\/wp-content\/uploads\/sites\/2\/2024\/01\/logo_20mda_2010202000.png\",\"width\":123,\"height\":220,\"caption\":\"Memory of the Future\"},\"image\":{\"@id\":\"https:\/\/preprod.gmindia.tech\/mda\/en\/#\/schema\/logo\/image\/\"}}]}<\/script>\n<!-- \/ Yoast SEO plugin. -->","yoast_head_json":{"title":"REJOINDRE LES AMI.E.S DE MDA - Memory of the Future","robots":{"index":"index","follow":"follow","max-snippet":"max-snippet:-1","max-image-preview":"max-image-preview:large","max-video-preview":"max-video-preview:-1"},"canonical":"https:\/\/preprod.gmindia.tech\/mda\/en\/crbst_27_en\/","og_locale":"en_GB","og_type":"article","og_title":"REJOINDRE LES AMI.E.S DE MDA - Memory of the Future","og_description":"REJOINDRE LES AMI.E.S DE MDA &#8220;As a non-profit organization, M\u00e9moire de l&#8217;Avenir is authorized to issue tax receipts to individuals and companies who make a donation, enabling the donor to benefit from a tax reduction For individuals, this reduction is equal to 66% of the amount of the donation, up to a limit of 20% [&hellip;]","og_url":"https:\/\/preprod.gmindia.tech\/mda\/en\/crbst_27_en\/","og_site_name":"Memory of the Future","article_modified_time":"2024-08-27T12:17:06+00:00","og_image":[{"width":751,"height":350,"url":"https:\/\/preprod.gmindia.tech\/mda\/en\/wp-content\/uploads\/sites\/2\/2024\/02\/Capture19.jpg","type":"image\/jpeg"}],"twitter_card":"summary_large_image","twitter_misc":{"Estimated reading time":"1 minute"},"schema":{"@context":"https:\/\/schema.org","@graph":[{"@type":"WebPage","@id":"https:\/\/preprod.gmindia.tech\/mda\/en\/crbst_27_en\/","url":"https:\/\/preprod.gmindia.tech\/mda\/en\/crbst_27_en\/","name":"REJOINDRE LES AMI.E.S DE MDA - Memory of the Future","isPartOf":{"@id":"https:\/\/preprod.gmindia.tech\/mda\/en\/#website"},"primaryImageOfPage":{"@id":"https:\/\/preprod.gmindia.tech\/mda\/en\/crbst_27_en\/#primaryimage"},"image":{"@id":"https:\/\/preprod.gmindia.tech\/mda\/en\/crbst_27_en\/#primaryimage"},"thumbnailUrl":"https:\/\/preprod.gmindia.tech\/mda\/en\/wp-content\/uploads\/sites\/2\/2024\/02\/Capture19.jpg","datePublished":"2024-02-15T07:53:04+00:00","dateModified":"2024-08-27T12:17:06+00:00","breadcrumb":{"@id":"https:\/\/preprod.gmindia.tech\/mda\/en\/crbst_27_en\/#breadcrumb"},"inLanguage":"en-GB","potentialAction":[{"@type":"ReadAction","target":["https:\/\/preprod.gmindia.tech\/mda\/en\/crbst_27_en\/"]}]},{"@type":"ImageObject","inLanguage":"en-GB","@id":"https:\/\/preprod.gmindia.tech\/mda\/en\/crbst_27_en\/#primaryimage","url":"https:\/\/preprod.gmindia.tech\/mda\/en\/wp-content\/uploads\/sites\/2\/2024\/02\/Capture19.jpg","contentUrl":"https:\/\/preprod.gmindia.tech\/mda\/en\/wp-content\/uploads\/sites\/2\/2024\/02\/Capture19.jpg","width":751,"height":350},{"@type":"BreadcrumbList","@id":"https:\/\/preprod.gmindia.tech\/mda\/en\/crbst_27_en\/#breadcrumb","itemListElement":[{"@type":"ListItem","position":1,"name":"Home","item":"https:\/\/preprod.gmindia.tech\/mda\/en\/"},{"@type":"ListItem","position":2,"name":"REJOINDRE LES AMI.E.S DE MDA"}]},{"@type":"WebSite","@id":"https:\/\/preprod.gmindia.tech\/mda\/en\/#website","url":"https:\/\/preprod.gmindia.tech\/mda\/en\/","name":"Memory of the Future","description":"","publisher":{"@id":"https:\/\/preprod.gmindia.tech\/mda\/en\/#organization"},"potentialAction":[{"@type":"SearchAction","target":{"@type":"EntryPoint","urlTemplate":"https:\/\/preprod.gmindia.tech\/mda\/en\/?s={search_term_string}"},"query-input":{"@type":"PropertyValueSpecification","valueRequired":true,"valueName":"search_term_string"}}],"inLanguage":"en-GB"},{"@type":"Organization","@id":"https:\/\/preprod.gmindia.tech\/mda\/en\/#organization","name":"Memory of the Future","url":"https:\/\/preprod.gmindia.tech\/mda\/en\/","logo":{"@type":"ImageObject","inLanguage":"en-GB","@id":"https:\/\/preprod.gmindia.tech\/mda\/en\/#\/schema\/logo\/image\/","url":"https:\/\/preprod.gmindia.tech\/mda\/en\/wp-content\/uploads\/sites\/2\/2024\/01\/logo_20mda_2010202000.png","contentUrl":"https:\/\/preprod.gmindia.tech\/mda\/en\/wp-content\/uploads\/sites\/2\/2024\/01\/logo_20mda_2010202000.png","width":123,"height":220,"caption":"Memory of the Future"},"image":{"@id":"https:\/\/preprod.gmindia.tech\/mda\/en\/#\/schema\/logo\/image\/"}}]}},"_links":{"self":[{"href":"https:\/\/preprod.gmindia.tech\/mda\/en\/wp-json\/wp\/v2\/pages\/1212","targetHints":{"allow":["GET"]}}],"collection":[{"href":"https:\/\/preprod.gmindia.tech\/mda\/en\/wp-json\/wp\/v2\/pages"}],"about":[{"href":"https:\/\/preprod.gmindia.tech\/mda\/en\/wp-json\/wp\/v2\/types\/page"}],"author":[{"embeddable":true,"href":"https:\/\/preprod.gmindia.tech\/mda\/en\/wp-json\/wp\/v2\/users\/1"}],"replies":[{"embeddable":true,"href":"https:\/\/preprod.gmindia.tech\/mda\/en\/wp-json\/wp\/v2\/comments?post=1212"}],"version-history":[{"count":2,"href":"https:\/\/preprod.gmindia.tech\/mda\/en\/wp-json\/wp\/v2\/pages\/1212\/revisions"}],"predecessor-version":[{"id":3107,"href":"https:\/\/preprod.gmindia.tech\/mda\/en\/wp-json\/wp\/v2\/pages\/1212\/revisions\/3107"}],"wp:attachment":[{"href":"https:\/\/preprod.gmindia.tech\/mda\/en\/wp-json\/wp\/v2\/media?parent=1212"}],"curies":[{"name":"wp","href":"https:\/\/api.w.org\/{rel}","templated":true}]}}