{"id":1508,"date":"2024-02-16T05:37:54","date_gmt":"2024-02-16T05:37:54","guid":{"rendered":"http:\/\/localhost\/mdamulti\/?page_id=1508"},"modified":"2024-03-05T04:49:32","modified_gmt":"2024-03-05T04:49:32","slug":"pedagogie","status":"publish","type":"page","link":"https:\/\/preprod.gmindia.tech\/mda\/en\/pedagogie\/","title":{"rendered":"LES ATELIERS : LA M\u00c9THODE p\u00e9dagogie et finalit\u00e9s"},"content":{"rendered":"\n<div class=\"wp-block-columns eplus-wrapper is-layout-flex wp-container-core-columns-is-layout-28f84493 wp-block-columns-is-layout-flex\">\n<div class=\"wp-block-column eplus-wrapper is-layout-flow wp-block-column-is-layout-flow\">\n<div class=\" wp-block-cover aligncenter is-light is-repeated eplus-wrapper\" style=\"min-height:254px;aspect-ratio:unset;\"><span aria-hidden=\"true\" class=\"wp-block-cover__background has-background-dim-0 has-background-dim\"><\/span><div role=\"img\" class=\"wp-block-cover__image-background wp-image-414 is-repeated\" style=\"background-position:50% 50%;background-image:url(https:\/\/preprod.gmindia.tech\/mda\/en\/wp-content\/uploads\/sites\/2\/2024\/02\/Scan_2022.jpg)\"><\/div><div class=\"wp-block-cover__inner-container is-layout-flow wp-block-cover-is-layout-flow\">\n<p class=\"has-text-align-center has-text-color has-background has-link-color eplus-wrapper wp-elements-2f235c769d36553c432180d60b5822e7\" style=\"color:#000000;background-color:#ffffff;font-size:clamp(14px, 0.875rem + ((1vw - 3.2px) * 0.568), 19px);\">LES ATELIERS : LA M\u00c9THODE<br>p\u00e9dagogie et finalit\u00e9s<\/p>\n<\/div><\/div>\n\n\n\n<div style=\"height:35px\" aria-hidden=\"true\" class=\" wp-block-spacer eplus-wrapper\"><\/div>\n\n\n\n<div class=\"wp-block-buttons eplus-wrapper is-layout-flex wp-block-buttons-is-layout-flex\">\n<div class=\"is-style-outline  wp-block-button has-custom-width wp-block-button__width-100 has-custom-font-size eplus-wrapper is-style-outline--1\" style=\"font-size:clamp(14px, 0.875rem + ((1vw - 3.2px) * 0.114), 15px);\"><a class=\"wp-block-button__link wp-element-button\" href=\"\/mda\/crbst_185\/\" style=\"border-style:none;border-width:0px;border-radius:0px\"><strong>LA&nbsp;FORMATION&nbsp;AUX&nbsp;PROFESSIONELS&nbsp;ET&nbsp;AUX&nbsp;ARTISTES<\/strong><\/a><\/div>\n<\/div>\n\n\n\n<div style=\"height:35px\" aria-hidden=\"true\" class=\" wp-block-spacer eplus-wrapper\"><\/div>\n\n\n\n<p class=\" eplus-wrapper\" style=\"font-size:clamp(14px, 0.875rem + ((1vw - 3.2px) * 0.114), 15px);\"><strong>Le projet de M\u00e9moire de l&#8217;Avenir entend mettre la d\u00e9couverte de la pratique artistique et du patrimoine culturel au service des participants pour :<\/strong><\/p>\n\n\n\n<p class=\" eplus-wrapper\" style=\"font-size:clamp(14px, 0.875rem + ((1vw - 3.2px) * 0.114), 15px);\">\u2013 Ouvrir au dialogue interculturel \u2013<br>\u2013 Lutter contre les discriminations, les st\u00e9r\u00e9otypes et les pr\u00e9jug\u00e9s \u2013<br>\u2013 Travailler sur les symboles comme valeurs \u00e0 la fois communes et sp\u00e9cifiques aux diff\u00e9rentes cultures \u2013<br>\u2013 Permettre une appr\u00e9ciation des diff\u00e9rences et des richesses interculturelles \u2013<br>\u2013 Mieux se positionner par rapport \u00e0 autrui et au sein d&#8217;un groupe \u2013<br>\u2013 Prendre confiance en soi et favoriser la capacit\u00e9 \u00e0 entrer en interaction avec autrui \u2013<br>\u2013 S&#8217;engager dans une d\u00e9marche de solidarit\u00e9 et de vivre ensemble \u2013<br>\u2013 Suivre une d\u00e9marche artistique collective et innovante \u2013<br>\u2013 Participer \u00e0 un projet de cr\u00e9ation et se confronter \u00e0 l&#8217;exigence d&#8217;un r\u00e9sultat \u2013<\/p>\n\n\n\n<p class=\" eplus-wrapper\" style=\"font-size:clamp(14px, 0.875rem + ((1vw - 3.2px) * 0.114), 15px);\">Chaque atelier se d\u00e9roule (autant que possible) sur 10 s\u00e9ances de 2h, accompagn\u00e9es de 2 visites dans des mus\u00e9es diff\u00e9rents. 2 artistes, provenant de disciplines artistiques diff\u00e9rentes, interviennent et accompagnent les participants autour d&#8217;un projet commun. L&#8217;art est abord\u00e9 de mani\u00e8re intuitive et sensible autant dans la pratique artistique que lors des visites aux mus\u00e9es.<\/p>\n<\/div>\n<\/div>\n","protected":false},"excerpt":{"rendered":"<p>Le projet de M\u00e9moire de l&#8217;Avenir entend mettre la d\u00e9couverte de la pratique artistique et du patrimoine culturel au service des participants pour : \u2013 Ouvrir au dialogue interculturel \u2013\u2013 Lutter contre les discriminations, les st\u00e9r\u00e9otypes et les pr\u00e9jug\u00e9s \u2013\u2013 Travailler sur les symboles comme valeurs \u00e0 la fois communes et sp\u00e9cifiques aux diff\u00e9rentes cultures [&hellip;]<\/p>\n","protected":false},"author":1,"featured_media":0,"parent":0,"menu_order":0,"comment_status":"closed","ping_status":"closed","template":"websites-island","meta":{"footnotes":""},"class_list":["post-1508","page","type-page","status-publish","hentry"],"yoast_head":"<!-- This site is optimized with the Yoast SEO plugin v23.9 - https:\/\/yoast.com\/wordpress\/plugins\/seo\/ -->\n<title>LES ATELIERS : LA M\u00c9THODE p\u00e9dagogie et finalit\u00e9s - Memory of the Future<\/title>\n<meta name=\"robots\" content=\"index, follow, max-snippet:-1, max-image-preview:large, max-video-preview:-1\" \/>\n<link rel=\"canonical\" href=\"https:\/\/preprod.gmindia.tech\/mda\/en\/pedagogie\/\" \/>\n<meta property=\"og:locale\" content=\"en_GB\" \/>\n<meta property=\"og:type\" content=\"article\" \/>\n<meta property=\"og:title\" content=\"LES ATELIERS : LA M\u00c9THODE p\u00e9dagogie et finalit\u00e9s - Memory of the Future\" \/>\n<meta property=\"og:description\" content=\"Le projet de M\u00e9moire de l&#8217;Avenir entend mettre la d\u00e9couverte de la pratique artistique et du patrimoine culturel au service des participants pour : \u2013 Ouvrir au dialogue interculturel \u2013\u2013 Lutter contre les discriminations, les st\u00e9r\u00e9otypes et les pr\u00e9jug\u00e9s \u2013\u2013 Travailler sur les symboles comme valeurs \u00e0 la fois communes et sp\u00e9cifiques aux diff\u00e9rentes cultures [&hellip;]\" \/>\n<meta property=\"og:url\" content=\"https:\/\/preprod.gmindia.tech\/mda\/en\/pedagogie\/\" \/>\n<meta property=\"og:site_name\" content=\"Memory of the Future\" \/>\n<meta property=\"article:modified_time\" content=\"2024-03-05T04:49:32+00:00\" \/>\n<meta name=\"twitter:card\" content=\"summary_large_image\" \/>\n<meta name=\"twitter:label1\" content=\"Estimated reading time\" \/>\n\t<meta name=\"twitter:data1\" content=\"1 minute\" \/>\n<script type=\"application\/ld+json\" class=\"yoast-schema-graph\">{\"@context\":\"https:\/\/schema.org\",\"@graph\":[{\"@type\":\"WebPage\",\"@id\":\"https:\/\/preprod.gmindia.tech\/mda\/en\/pedagogie\/\",\"url\":\"https:\/\/preprod.gmindia.tech\/mda\/en\/pedagogie\/\",\"name\":\"LES ATELIERS : LA M\u00c9THODE p\u00e9dagogie et finalit\u00e9s - Memory of the Future\",\"isPartOf\":{\"@id\":\"https:\/\/preprod.gmindia.tech\/mda\/en\/#website\"},\"datePublished\":\"2024-02-16T05:37:54+00:00\",\"dateModified\":\"2024-03-05T04:49:32+00:00\",\"breadcrumb\":{\"@id\":\"https:\/\/preprod.gmindia.tech\/mda\/en\/pedagogie\/#breadcrumb\"},\"inLanguage\":\"en-GB\",\"potentialAction\":[{\"@type\":\"ReadAction\",\"target\":[\"https:\/\/preprod.gmindia.tech\/mda\/en\/pedagogie\/\"]}]},{\"@type\":\"BreadcrumbList\",\"@id\":\"https:\/\/preprod.gmindia.tech\/mda\/en\/pedagogie\/#breadcrumb\",\"itemListElement\":[{\"@type\":\"ListItem\",\"position\":1,\"name\":\"Home\",\"item\":\"https:\/\/preprod.gmindia.tech\/mda\/en\/\"},{\"@type\":\"ListItem\",\"position\":2,\"name\":\"LES ATELIERS : LA M\u00c9THODE p\u00e9dagogie et finalit\u00e9s\"}]},{\"@type\":\"WebSite\",\"@id\":\"https:\/\/preprod.gmindia.tech\/mda\/en\/#website\",\"url\":\"https:\/\/preprod.gmindia.tech\/mda\/en\/\",\"name\":\"Memory of the Future\",\"description\":\"\",\"publisher\":{\"@id\":\"https:\/\/preprod.gmindia.tech\/mda\/en\/#organization\"},\"potentialAction\":[{\"@type\":\"SearchAction\",\"target\":{\"@type\":\"EntryPoint\",\"urlTemplate\":\"https:\/\/preprod.gmindia.tech\/mda\/en\/?s={search_term_string}\"},\"query-input\":{\"@type\":\"PropertyValueSpecification\",\"valueRequired\":true,\"valueName\":\"search_term_string\"}}],\"inLanguage\":\"en-GB\"},{\"@type\":\"Organization\",\"@id\":\"https:\/\/preprod.gmindia.tech\/mda\/en\/#organization\",\"name\":\"Memory of the Future\",\"url\":\"https:\/\/preprod.gmindia.tech\/mda\/en\/\",\"logo\":{\"@type\":\"ImageObject\",\"inLanguage\":\"en-GB\",\"@id\":\"https:\/\/preprod.gmindia.tech\/mda\/en\/#\/schema\/logo\/image\/\",\"url\":\"https:\/\/preprod.gmindia.tech\/mda\/en\/wp-content\/uploads\/sites\/2\/2024\/01\/logo_20mda_2010202000.png\",\"contentUrl\":\"https:\/\/preprod.gmindia.tech\/mda\/en\/wp-content\/uploads\/sites\/2\/2024\/01\/logo_20mda_2010202000.png\",\"width\":123,\"height\":220,\"caption\":\"Memory of the Future\"},\"image\":{\"@id\":\"https:\/\/preprod.gmindia.tech\/mda\/en\/#\/schema\/logo\/image\/\"}}]}<\/script>\n<!-- \/ Yoast SEO plugin. -->","yoast_head_json":{"title":"LES ATELIERS : LA M\u00c9THODE p\u00e9dagogie et finalit\u00e9s - Memory of the Future","robots":{"index":"index","follow":"follow","max-snippet":"max-snippet:-1","max-image-preview":"max-image-preview:large","max-video-preview":"max-video-preview:-1"},"canonical":"https:\/\/preprod.gmindia.tech\/mda\/en\/pedagogie\/","og_locale":"en_GB","og_type":"article","og_title":"LES ATELIERS : LA M\u00c9THODE p\u00e9dagogie et finalit\u00e9s - Memory of the Future","og_description":"Le projet de M\u00e9moire de l&#8217;Avenir entend mettre la d\u00e9couverte de la pratique artistique et du patrimoine culturel au service des participants pour : \u2013 Ouvrir au dialogue interculturel \u2013\u2013 Lutter contre les discriminations, les st\u00e9r\u00e9otypes et les pr\u00e9jug\u00e9s \u2013\u2013 Travailler sur les symboles comme valeurs \u00e0 la fois communes et sp\u00e9cifiques aux diff\u00e9rentes cultures [&hellip;]","og_url":"https:\/\/preprod.gmindia.tech\/mda\/en\/pedagogie\/","og_site_name":"Memory of the Future","article_modified_time":"2024-03-05T04:49:32+00:00","twitter_card":"summary_large_image","twitter_misc":{"Estimated reading time":"1 minute"},"schema":{"@context":"https:\/\/schema.org","@graph":[{"@type":"WebPage","@id":"https:\/\/preprod.gmindia.tech\/mda\/en\/pedagogie\/","url":"https:\/\/preprod.gmindia.tech\/mda\/en\/pedagogie\/","name":"LES ATELIERS : LA M\u00c9THODE p\u00e9dagogie et finalit\u00e9s - Memory of the Future","isPartOf":{"@id":"https:\/\/preprod.gmindia.tech\/mda\/en\/#website"},"datePublished":"2024-02-16T05:37:54+00:00","dateModified":"2024-03-05T04:49:32+00:00","breadcrumb":{"@id":"https:\/\/preprod.gmindia.tech\/mda\/en\/pedagogie\/#breadcrumb"},"inLanguage":"en-GB","potentialAction":[{"@type":"ReadAction","target":["https:\/\/preprod.gmindia.tech\/mda\/en\/pedagogie\/"]}]},{"@type":"BreadcrumbList","@id":"https:\/\/preprod.gmindia.tech\/mda\/en\/pedagogie\/#breadcrumb","itemListElement":[{"@type":"ListItem","position":1,"name":"Home","item":"https:\/\/preprod.gmindia.tech\/mda\/en\/"},{"@type":"ListItem","position":2,"name":"LES ATELIERS : LA M\u00c9THODE p\u00e9dagogie et finalit\u00e9s"}]},{"@type":"WebSite","@id":"https:\/\/preprod.gmindia.tech\/mda\/en\/#website","url":"https:\/\/preprod.gmindia.tech\/mda\/en\/","name":"Memory of the Future","description":"","publisher":{"@id":"https:\/\/preprod.gmindia.tech\/mda\/en\/#organization"},"potentialAction":[{"@type":"SearchAction","target":{"@type":"EntryPoint","urlTemplate":"https:\/\/preprod.gmindia.tech\/mda\/en\/?s={search_term_string}"},"query-input":{"@type":"PropertyValueSpecification","valueRequired":true,"valueName":"search_term_string"}}],"inLanguage":"en-GB"},{"@type":"Organization","@id":"https:\/\/preprod.gmindia.tech\/mda\/en\/#organization","name":"Memory of the Future","url":"https:\/\/preprod.gmindia.tech\/mda\/en\/","logo":{"@type":"ImageObject","inLanguage":"en-GB","@id":"https:\/\/preprod.gmindia.tech\/mda\/en\/#\/schema\/logo\/image\/","url":"https:\/\/preprod.gmindia.tech\/mda\/en\/wp-content\/uploads\/sites\/2\/2024\/01\/logo_20mda_2010202000.png","contentUrl":"https:\/\/preprod.gmindia.tech\/mda\/en\/wp-content\/uploads\/sites\/2\/2024\/01\/logo_20mda_2010202000.png","width":123,"height":220,"caption":"Memory of the Future"},"image":{"@id":"https:\/\/preprod.gmindia.tech\/mda\/en\/#\/schema\/logo\/image\/"}}]}},"_links":{"self":[{"href":"https:\/\/preprod.gmindia.tech\/mda\/en\/wp-json\/wp\/v2\/pages\/1508","targetHints":{"allow":["GET"]}}],"collection":[{"href":"https:\/\/preprod.gmindia.tech\/mda\/en\/wp-json\/wp\/v2\/pages"}],"about":[{"href":"https:\/\/preprod.gmindia.tech\/mda\/en\/wp-json\/wp\/v2\/types\/page"}],"author":[{"embeddable":true,"href":"https:\/\/preprod.gmindia.tech\/mda\/en\/wp-json\/wp\/v2\/users\/1"}],"replies":[{"embeddable":true,"href":"https:\/\/preprod.gmindia.tech\/mda\/en\/wp-json\/wp\/v2\/comments?post=1508"}],"version-history":[{"count":1,"href":"https:\/\/preprod.gmindia.tech\/mda\/en\/wp-json\/wp\/v2\/pages\/1508\/revisions"}],"predecessor-version":[{"id":3029,"href":"https:\/\/preprod.gmindia.tech\/mda\/en\/wp-json\/wp\/v2\/pages\/1508\/revisions\/3029"}],"wp:attachment":[{"href":"https:\/\/preprod.gmindia.tech\/mda\/en\/wp-json\/wp\/v2\/media?parent=1508"}],"curies":[{"name":"wp","href":"https:\/\/api.w.org\/{rel}","templated":true}]}}