{"id":1513,"date":"2024-02-16T05:41:51","date_gmt":"2024-02-16T05:41:51","guid":{"rendered":"http:\/\/localhost\/mdamulti\/?page_id=1513"},"modified":"2024-03-04T11:10:58","modified_gmt":"2024-03-04T11:10:58","slug":"outils_en","status":"publish","type":"page","link":"https:\/\/preprod.gmindia.tech\/mda\/en\/outils_en\/","title":{"rendered":"outils"},"content":{"rendered":"\n<div class=\"wp-block-columns eplus-wrapper is-layout-flex wp-container-core-columns-is-layout-28f84493 wp-block-columns-is-layout-flex\">\n<div class=\"wp-block-column eplus-wrapper is-layout-flow wp-block-column-is-layout-flow\">\n<div class=\" wp-block-cover aligncenter is-light eplus-wrapper\" style=\"min-height:254px;aspect-ratio:unset;\"><span aria-hidden=\"true\" class=\"wp-block-cover__background has-background-dim-0 has-background-dim\"><\/span><img loading=\"lazy\" decoding=\"async\" width=\"613\" height=\"240\" class=\"wp-block-cover__image-background wp-image-434\" alt=\"\" src=\"https:\/\/preprod.gmindia.tech\/mda\/en\/wp-content\/uploads\/sites\/2\/2024\/02\/photo_20oeuvre_20atelier1.jpg\" data-object-fit=\"cover\"\/><div class=\"wp-block-cover__inner-container is-layout-flow wp-block-cover-is-layout-flow\">\n<p class=\"has-text-align-center has-text-color has-background has-link-color eplus-wrapper wp-elements-9d7095f3f385b4efb85613add59f0fbf\" style=\"color:#000000;background-color:#ffffff;font-size:clamp(14px, 0.875rem + ((1vw - 3.2px) * 0.568), 19px);\">LES ATELIERS : LA M\u00c9THODE<br>les outils<\/p>\n<\/div><\/div>\n\n\n\n<div style=\"height:35px\" aria-hidden=\"true\" class=\" wp-block-spacer eplus-wrapper\"><\/div>\n\n\n\n<p class=\" eplus-wrapper\" style=\"font-size:clamp(14px, 0.875rem + ((1vw - 3.2px) * 0.114), 15px);\">* Les Symboles<\/p>\n\n\n\n<p class=\" eplus-wrapper\" style=\"font-size:clamp(14px, 0.875rem + ((1vw - 3.2px) * 0.114), 15px);\"><em>\u00ab Les derni\u00e8res recherches montrent que les diff\u00e9rentes expressions artistiques des phases les plus anciennes, dans le monde entier, illustrent une typologie similaire, le m\u00eame choix th\u00e9matique, les m\u00eames types d\u2019associations. M\u00eame le style s\u2019inscrit fondamentalement dans une m\u00eame gamme limit\u00e9e de variantes. Il semble donc justifi\u00e9 de parler d\u2019un langage visuel unique, d\u2019une m\u00eame logique, d\u2019une m\u00eame structure d\u2019association d\u2019id\u00e9es et d\u2019un symbolisme universel qui constitueraient l\u2019essence mentale m\u00eame de l\u2019Homme dont l\u2019empreinte, sous la forme artistique, est grav\u00e9e sur les parois rocheuses de toutes les terres atteintes par l\u2019homme avant l\u2019\u00e9criture. \u00bb<\/em><\/p>\n\n\n\n<p class=\" has-text-align-left eplus-wrapper\" style=\"font-size:clamp(14px, 0.875rem + ((1vw - 3.2px) * 0.114), 15px);\">Emmanuel Anati,&nbsp;<em>La religion des origines<\/em>, \u00c9ditions Bayard, 1995.<\/p>\n\n\n\n<p class=\" eplus-wrapper\" style=\"font-size:clamp(14px, 0.875rem + ((1vw - 3.2px) * 0.114), 15px);\">Notre d\u00e9marche repose sur cette id\u00e9e que le dialogue, la communication et la cr\u00e9ation remontent \u00e0 l\u2019origine de l\u2019homme.<\/p>\n\n\n\n<p class=\" eplus-wrapper\" style=\"font-size:clamp(14px, 0.875rem + ((1vw - 3.2px) * 0.114), 15px);\">En effet, depuis l\u2019Homme pr\u00e9historique, hommes et femmes ont cherch\u00e9 des moyens pour t\u00e9moigner de leurs existences, de leurs pr\u00e9occupations et de leurs croyances pour parler de leur propre histoire et de leur perception du monde, pour se d\u00e9marquer des autres mais \u00e9galement pour laisser un h\u00e9ritage aux g\u00e9n\u00e9rations suivantes, afin de donner un sens \u00e0 leurs sentiments, leur intuition, leur rapport \u00e0 l\u2019environnement\u2026<\/p>\n\n\n\n<p class=\" eplus-wrapper\" style=\"font-size:clamp(14px, 0.875rem + ((1vw - 3.2px) * 0.114), 15px);\">En observant notamment leur environnement, la nature et le corps, qu\u2019ils ont lentement d\u00e9velopp\u00e9 un langage intuitif et instinctif, fait de traits et de dessins correspondant souvent \u00e0 des repr\u00e9sentations symboliques, qui \u00e9taient leur perception du monde et qui a finalement form\u00e9 et constitu\u00e9 leur identit\u00e9 culturelle, leur histoire, leur m\u00e9moire.<\/p>\n\n\n\n<p class=\" eplus-wrapper\" style=\"font-size:clamp(14px, 0.875rem + ((1vw - 3.2px) * 0.114), 15px);\">Ce monde de symboles devient alors un outil et un m\u00e9dium de communication entre les hommes.<\/p>\n\n\n\n<p class=\" eplus-wrapper\" style=\"font-size:clamp(14px, 0.875rem + ((1vw - 3.2px) * 0.114), 15px);\">De plus, les symboles ne se trouvent pas uniquement dans l\u2019image figurative, mais tout autour de nous et partout : ils existent aussi bien dans les formes, que dans les couleurs, les mat\u00e9riaux\u2026Ils sont \u00e0 l\u2019int\u00e9rieur de nous et apparaissent dans tous les domaines de la vie.<\/p>\n\n\n\n<p class=\" eplus-wrapper\" style=\"font-size:clamp(14px, 0.875rem + ((1vw - 3.2px) * 0.114), 15px);\">Dans la d\u00e9marche p\u00e9dagogique de M\u00e9moire de l\u2019Avenir, l\u2019intuition est une notion principale pour orchestrer ce dialogue interculturel et permettre une rencontre \u00e0 travers le monde des signes, des repr\u00e9sentations symboliques et des r\u00e9f\u00e9rences culturelles.<\/p>\n<\/div>\n<\/div>\n\n\n\n<div style=\"height:67px\" aria-hidden=\"true\" class=\" wp-block-spacer eplus-wrapper\"><\/div>\n\n\n\n<div class=\"wp-block-columns eplus-wrapper is-layout-flex wp-container-core-columns-is-layout-28f84493 wp-block-columns-is-layout-flex\">\n<div class=\"wp-block-column eplus-wrapper is-layout-flow wp-block-column-is-layout-flow\">\n<figure class=\" wp-block-image size-full eplus-wrapper\"><img loading=\"lazy\" decoding=\"async\" width=\"200\" height=\"184\" src=\"https:\/\/preprod.gmindia.tech\/mda\/en\/wp-content\/uploads\/sites\/2\/2024\/02\/crbst_symbole_01.jpg\" alt=\"\" class=\"wp-image-1952\"\/><\/figure>\n<\/div>\n\n\n\n<div class=\"wp-block-column eplus-wrapper is-layout-flow wp-block-column-is-layout-flow\">\n<div style=\"height:100px\" aria-hidden=\"true\" class=\" wp-block-spacer eplus-wrapper\"><\/div>\n\n\n\n<figure class=\" wp-block-image size-full eplus-wrapper\"><img loading=\"lazy\" decoding=\"async\" width=\"160\" height=\"84\" src=\"https:\/\/preprod.gmindia.tech\/mda\/en\/wp-content\/uploads\/sites\/2\/2024\/02\/crbst_symbole_03.jpg\" alt=\"\" class=\"wp-image-1954\"\/><\/figure>\n<\/div>\n\n\n\n<div class=\"wp-block-column eplus-wrapper is-layout-flow wp-block-column-is-layout-flow\">\n<figure class=\" wp-block-image size-full eplus-wrapper\"><img loading=\"lazy\" decoding=\"async\" width=\"199\" height=\"179\" src=\"https:\/\/preprod.gmindia.tech\/mda\/en\/wp-content\/uploads\/sites\/2\/2024\/02\/crbst_symbole_02.jpg\" alt=\"\" class=\"wp-image-1955\"\/><\/figure>\n<\/div>\n<\/div>\n\n\n\n<p class=\"has-text-align-center has-text-color has-link-color eplus-wrapper wp-elements-d540525e43e27aea48e848b02405050b\" style=\"color:#df0000;font-size:12px\"><br><em>lien&nbsp;vers&nbsp;le&nbsp;livre&nbsp;&#8220;Du&nbsp;Dessin&nbsp;au&nbsp;Symbole<\/em>&#8221;<\/p>\n\n\n\n<div style=\"height:66px\" aria-hidden=\"true\" class=\" wp-block-spacer eplus-wrapper\"><\/div>\n\n\n\n<p class=\"has-text-color has-link-color eplus-wrapper wp-elements-57633e96cf5d214463abe2dfaa686995\" style=\"color:#666666;font-size:clamp(14px, 0.875rem + ((1vw - 3.2px) * 0.114), 15px);\">* Outils multimedia<\/p>\n\n\n\n<p class=\" eplus-wrapper\" style=\"font-size:clamp(14px, 0.875rem + ((1vw - 3.2px) * 0.114), 15px);\">LopArt Duo &#8211; est un logiciel qui permet une d\u00e9couverte de l\u2019autre \u00e0 travers un langage simple et universel : le dessin.<\/p>\n\n\n\n<p class=\" eplus-wrapper\" style=\"font-size:clamp(14px, 0.875rem + ((1vw - 3.2px) * 0.114), 15px);\">C\u2019est une forme de collaboration avec l\u2019autre dans un acte de cr\u00e9ation commune. Les dessins sont publi\u00e9s d\u2019une mani\u00e8re simple sur la galerie virtuelle du site Web LopArt.net et peuvent \u00eatre consult\u00e9s librement par les \u00e9l\u00e8ves et leurs familles.<\/p>\n\n\n\n<p class=\" eplus-wrapper\" style=\"font-size:clamp(14px, 0.875rem + ((1vw - 3.2px) * 0.114), 15px);\">C\u2019est une forme ludique d\u2019appr\u00e9hender l\u2019informatique et le multim\u00e9dia, et de concourir \u00e0 un \u00e9change interculturel entre deux classes.<\/p>\n\n\n\n<div style=\"height:100px\" aria-hidden=\"true\" class=\" wp-block-spacer eplus-wrapper\"><\/div>\n\n\n\n<p class=\"has-text-color has-link-color eplus-wrapper wp-elements-a74526cdf026bc0041cf39ad013208ea\" style=\"color:#5a5a5a;padding-left:20px;font-size:14px\">   <a href=\"https:\/\/lopart.net\/\" target=\"_blank\" target=\"_blank\" rel=\"noreferrer noopener\">site de Lopart<\/a><\/p>\n\n\n\n<div style=\"height:20px\" aria-hidden=\"true\" class=\" wp-block-spacer eplus-wrapper\"><\/div>\n\n\n\n<figure class=\" wp-block-image size-full is-resized eplus-wrapper\"><img loading=\"lazy\" decoding=\"async\" width=\"210\" height=\"140\" src=\"https:\/\/preprod.gmindia.tech\/mda\/en\/wp-content\/uploads\/sites\/2\/2024\/02\/crbst_29_image_4.jpg\" alt=\"\" class=\"wp-image-1960\" style=\"width:654px;height:auto\"\/><\/figure>\n\n\n\n<div style=\"height:46px\" aria-hidden=\"true\" class=\" wp-block-spacer eplus-wrapper\"><\/div>\n\n\n\n<figure class=\" wp-block-image size-full is-resized eplus-wrapper\"><img loading=\"lazy\" decoding=\"async\" width=\"210\" height=\"140\" src=\"https:\/\/preprod.gmindia.tech\/mda\/en\/wp-content\/uploads\/sites\/2\/2024\/02\/crbst_25_image_11.jpg\" alt=\"\" class=\"wp-image-1962\" style=\"width:648px;height:auto\"\/><\/figure>\n\n\n\n<div style=\"height:44px\" aria-hidden=\"true\" class=\" wp-block-spacer eplus-wrapper\"><\/div>\n\n\n\n<figure class=\" wp-block-image size-full is-resized eplus-wrapper\"><img loading=\"lazy\" decoding=\"async\" width=\"210\" height=\"140\" src=\"https:\/\/preprod.gmindia.tech\/mda\/en\/wp-content\/uploads\/sites\/2\/2024\/02\/crbst_18_capture_decran_2009_09_13_a_14_32_24.jpg\" alt=\"\" class=\"wp-image-1963\" style=\"width:651px;height:auto\"\/><\/figure>\n","protected":false},"excerpt":{"rendered":"<p>* Les Symboles \u00ab Les derni\u00e8res recherches montrent que les diff\u00e9rentes expressions artistiques des phases les plus anciennes, dans le monde entier, illustrent une typologie similaire, le m\u00eame choix th\u00e9matique, les m\u00eames types d\u2019associations. M\u00eame le style s\u2019inscrit fondamentalement dans une m\u00eame gamme limit\u00e9e de variantes. Il semble donc justifi\u00e9 de parler d\u2019un langage visuel [&hellip;]<\/p>\n","protected":false},"author":1,"featured_media":0,"parent":0,"menu_order":0,"comment_status":"closed","ping_status":"closed","template":"websites-island","meta":{"footnotes":""},"class_list":["post-1513","page","type-page","status-publish","hentry"],"yoast_head":"<!-- This site is optimized with the Yoast SEO plugin v23.9 - https:\/\/yoast.com\/wordpress\/plugins\/seo\/ -->\n<title>outils - Memory of the Future<\/title>\n<meta name=\"robots\" content=\"index, follow, max-snippet:-1, max-image-preview:large, max-video-preview:-1\" \/>\n<link rel=\"canonical\" href=\"https:\/\/preprod.gmindia.tech\/mda\/en\/outils_en\/\" \/>\n<meta property=\"og:locale\" content=\"en_GB\" \/>\n<meta property=\"og:type\" content=\"article\" \/>\n<meta property=\"og:title\" content=\"outils - Memory of the Future\" \/>\n<meta property=\"og:description\" content=\"* Les Symboles \u00ab Les derni\u00e8res recherches montrent que les diff\u00e9rentes expressions artistiques des phases les plus anciennes, dans le monde entier, illustrent une typologie similaire, le m\u00eame choix th\u00e9matique, les m\u00eames types d\u2019associations. M\u00eame le style s\u2019inscrit fondamentalement dans une m\u00eame gamme limit\u00e9e de variantes. Il semble donc justifi\u00e9 de parler d\u2019un langage visuel [&hellip;]\" \/>\n<meta property=\"og:url\" content=\"https:\/\/preprod.gmindia.tech\/mda\/en\/outils_en\/\" \/>\n<meta property=\"og:site_name\" content=\"Memory of the Future\" \/>\n<meta property=\"article:modified_time\" content=\"2024-03-04T11:10:58+00:00\" \/>\n<meta property=\"og:image\" content=\"https:\/\/preprod.gmindia.tech\/mda\/en\/wp-content\/uploads\/sites\/2\/2024\/02\/photo_20oeuvre_20atelier1.jpg\" \/>\n\t<meta property=\"og:image:width\" content=\"613\" \/>\n\t<meta property=\"og:image:height\" content=\"240\" \/>\n\t<meta property=\"og:image:type\" content=\"image\/jpeg\" \/>\n<meta name=\"twitter:card\" content=\"summary_large_image\" \/>\n<meta name=\"twitter:label1\" content=\"Estimated reading time\" \/>\n\t<meta name=\"twitter:data1\" content=\"3 minutes\" \/>\n<script type=\"application\/ld+json\" class=\"yoast-schema-graph\">{\"@context\":\"https:\/\/schema.org\",\"@graph\":[{\"@type\":\"WebPage\",\"@id\":\"https:\/\/preprod.gmindia.tech\/mda\/en\/outils_en\/\",\"url\":\"https:\/\/preprod.gmindia.tech\/mda\/en\/outils_en\/\",\"name\":\"outils - Memory of the Future\",\"isPartOf\":{\"@id\":\"https:\/\/preprod.gmindia.tech\/mda\/en\/#website\"},\"primaryImageOfPage\":{\"@id\":\"https:\/\/preprod.gmindia.tech\/mda\/en\/outils_en\/#primaryimage\"},\"image\":{\"@id\":\"https:\/\/preprod.gmindia.tech\/mda\/en\/outils_en\/#primaryimage\"},\"thumbnailUrl\":\"https:\/\/preprod.gmindia.tech\/mda\/en\/wp-content\/uploads\/sites\/2\/2024\/02\/photo_20oeuvre_20atelier1.jpg\",\"datePublished\":\"2024-02-16T05:41:51+00:00\",\"dateModified\":\"2024-03-04T11:10:58+00:00\",\"breadcrumb\":{\"@id\":\"https:\/\/preprod.gmindia.tech\/mda\/en\/outils_en\/#breadcrumb\"},\"inLanguage\":\"en-GB\",\"potentialAction\":[{\"@type\":\"ReadAction\",\"target\":[\"https:\/\/preprod.gmindia.tech\/mda\/en\/outils_en\/\"]}]},{\"@type\":\"ImageObject\",\"inLanguage\":\"en-GB\",\"@id\":\"https:\/\/preprod.gmindia.tech\/mda\/en\/outils_en\/#primaryimage\",\"url\":\"https:\/\/preprod.gmindia.tech\/mda\/en\/wp-content\/uploads\/sites\/2\/2024\/02\/photo_20oeuvre_20atelier1.jpg\",\"contentUrl\":\"https:\/\/preprod.gmindia.tech\/mda\/en\/wp-content\/uploads\/sites\/2\/2024\/02\/photo_20oeuvre_20atelier1.jpg\",\"width\":613,\"height\":240},{\"@type\":\"BreadcrumbList\",\"@id\":\"https:\/\/preprod.gmindia.tech\/mda\/en\/outils_en\/#breadcrumb\",\"itemListElement\":[{\"@type\":\"ListItem\",\"position\":1,\"name\":\"Home\",\"item\":\"https:\/\/preprod.gmindia.tech\/mda\/en\/\"},{\"@type\":\"ListItem\",\"position\":2,\"name\":\"outils\"}]},{\"@type\":\"WebSite\",\"@id\":\"https:\/\/preprod.gmindia.tech\/mda\/en\/#website\",\"url\":\"https:\/\/preprod.gmindia.tech\/mda\/en\/\",\"name\":\"Memory of the Future\",\"description\":\"\",\"publisher\":{\"@id\":\"https:\/\/preprod.gmindia.tech\/mda\/en\/#organization\"},\"potentialAction\":[{\"@type\":\"SearchAction\",\"target\":{\"@type\":\"EntryPoint\",\"urlTemplate\":\"https:\/\/preprod.gmindia.tech\/mda\/en\/?s={search_term_string}\"},\"query-input\":{\"@type\":\"PropertyValueSpecification\",\"valueRequired\":true,\"valueName\":\"search_term_string\"}}],\"inLanguage\":\"en-GB\"},{\"@type\":\"Organization\",\"@id\":\"https:\/\/preprod.gmindia.tech\/mda\/en\/#organization\",\"name\":\"Memory of the Future\",\"url\":\"https:\/\/preprod.gmindia.tech\/mda\/en\/\",\"logo\":{\"@type\":\"ImageObject\",\"inLanguage\":\"en-GB\",\"@id\":\"https:\/\/preprod.gmindia.tech\/mda\/en\/#\/schema\/logo\/image\/\",\"url\":\"https:\/\/preprod.gmindia.tech\/mda\/en\/wp-content\/uploads\/sites\/2\/2024\/01\/logo_20mda_2010202000.png\",\"contentUrl\":\"https:\/\/preprod.gmindia.tech\/mda\/en\/wp-content\/uploads\/sites\/2\/2024\/01\/logo_20mda_2010202000.png\",\"width\":123,\"height\":220,\"caption\":\"Memory of the Future\"},\"image\":{\"@id\":\"https:\/\/preprod.gmindia.tech\/mda\/en\/#\/schema\/logo\/image\/\"}}]}<\/script>\n<!-- \/ Yoast SEO plugin. -->","yoast_head_json":{"title":"outils - Memory of the Future","robots":{"index":"index","follow":"follow","max-snippet":"max-snippet:-1","max-image-preview":"max-image-preview:large","max-video-preview":"max-video-preview:-1"},"canonical":"https:\/\/preprod.gmindia.tech\/mda\/en\/outils_en\/","og_locale":"en_GB","og_type":"article","og_title":"outils - Memory of the Future","og_description":"* Les Symboles \u00ab Les derni\u00e8res recherches montrent que les diff\u00e9rentes expressions artistiques des phases les plus anciennes, dans le monde entier, illustrent une typologie similaire, le m\u00eame choix th\u00e9matique, les m\u00eames types d\u2019associations. M\u00eame le style s\u2019inscrit fondamentalement dans une m\u00eame gamme limit\u00e9e de variantes. Il semble donc justifi\u00e9 de parler d\u2019un langage visuel [&hellip;]","og_url":"https:\/\/preprod.gmindia.tech\/mda\/en\/outils_en\/","og_site_name":"Memory of the Future","article_modified_time":"2024-03-04T11:10:58+00:00","og_image":[{"width":613,"height":240,"url":"https:\/\/preprod.gmindia.tech\/mda\/en\/wp-content\/uploads\/sites\/2\/2024\/02\/photo_20oeuvre_20atelier1.jpg","type":"image\/jpeg"}],"twitter_card":"summary_large_image","twitter_misc":{"Estimated reading time":"3 minutes"},"schema":{"@context":"https:\/\/schema.org","@graph":[{"@type":"WebPage","@id":"https:\/\/preprod.gmindia.tech\/mda\/en\/outils_en\/","url":"https:\/\/preprod.gmindia.tech\/mda\/en\/outils_en\/","name":"outils - Memory of the Future","isPartOf":{"@id":"https:\/\/preprod.gmindia.tech\/mda\/en\/#website"},"primaryImageOfPage":{"@id":"https:\/\/preprod.gmindia.tech\/mda\/en\/outils_en\/#primaryimage"},"image":{"@id":"https:\/\/preprod.gmindia.tech\/mda\/en\/outils_en\/#primaryimage"},"thumbnailUrl":"https:\/\/preprod.gmindia.tech\/mda\/en\/wp-content\/uploads\/sites\/2\/2024\/02\/photo_20oeuvre_20atelier1.jpg","datePublished":"2024-02-16T05:41:51+00:00","dateModified":"2024-03-04T11:10:58+00:00","breadcrumb":{"@id":"https:\/\/preprod.gmindia.tech\/mda\/en\/outils_en\/#breadcrumb"},"inLanguage":"en-GB","potentialAction":[{"@type":"ReadAction","target":["https:\/\/preprod.gmindia.tech\/mda\/en\/outils_en\/"]}]},{"@type":"ImageObject","inLanguage":"en-GB","@id":"https:\/\/preprod.gmindia.tech\/mda\/en\/outils_en\/#primaryimage","url":"https:\/\/preprod.gmindia.tech\/mda\/en\/wp-content\/uploads\/sites\/2\/2024\/02\/photo_20oeuvre_20atelier1.jpg","contentUrl":"https:\/\/preprod.gmindia.tech\/mda\/en\/wp-content\/uploads\/sites\/2\/2024\/02\/photo_20oeuvre_20atelier1.jpg","width":613,"height":240},{"@type":"BreadcrumbList","@id":"https:\/\/preprod.gmindia.tech\/mda\/en\/outils_en\/#breadcrumb","itemListElement":[{"@type":"ListItem","position":1,"name":"Home","item":"https:\/\/preprod.gmindia.tech\/mda\/en\/"},{"@type":"ListItem","position":2,"name":"outils"}]},{"@type":"WebSite","@id":"https:\/\/preprod.gmindia.tech\/mda\/en\/#website","url":"https:\/\/preprod.gmindia.tech\/mda\/en\/","name":"Memory of the Future","description":"","publisher":{"@id":"https:\/\/preprod.gmindia.tech\/mda\/en\/#organization"},"potentialAction":[{"@type":"SearchAction","target":{"@type":"EntryPoint","urlTemplate":"https:\/\/preprod.gmindia.tech\/mda\/en\/?s={search_term_string}"},"query-input":{"@type":"PropertyValueSpecification","valueRequired":true,"valueName":"search_term_string"}}],"inLanguage":"en-GB"},{"@type":"Organization","@id":"https:\/\/preprod.gmindia.tech\/mda\/en\/#organization","name":"Memory of the Future","url":"https:\/\/preprod.gmindia.tech\/mda\/en\/","logo":{"@type":"ImageObject","inLanguage":"en-GB","@id":"https:\/\/preprod.gmindia.tech\/mda\/en\/#\/schema\/logo\/image\/","url":"https:\/\/preprod.gmindia.tech\/mda\/en\/wp-content\/uploads\/sites\/2\/2024\/01\/logo_20mda_2010202000.png","contentUrl":"https:\/\/preprod.gmindia.tech\/mda\/en\/wp-content\/uploads\/sites\/2\/2024\/01\/logo_20mda_2010202000.png","width":123,"height":220,"caption":"Memory of the Future"},"image":{"@id":"https:\/\/preprod.gmindia.tech\/mda\/en\/#\/schema\/logo\/image\/"}}]}},"_links":{"self":[{"href":"https:\/\/preprod.gmindia.tech\/mda\/en\/wp-json\/wp\/v2\/pages\/1513","targetHints":{"allow":["GET"]}}],"collection":[{"href":"https:\/\/preprod.gmindia.tech\/mda\/en\/wp-json\/wp\/v2\/pages"}],"about":[{"href":"https:\/\/preprod.gmindia.tech\/mda\/en\/wp-json\/wp\/v2\/types\/page"}],"author":[{"embeddable":true,"href":"https:\/\/preprod.gmindia.tech\/mda\/en\/wp-json\/wp\/v2\/users\/1"}],"replies":[{"embeddable":true,"href":"https:\/\/preprod.gmindia.tech\/mda\/en\/wp-json\/wp\/v2\/comments?post=1513"}],"version-history":[{"count":1,"href":"https:\/\/preprod.gmindia.tech\/mda\/en\/wp-json\/wp\/v2\/pages\/1513\/revisions"}],"predecessor-version":[{"id":3017,"href":"https:\/\/preprod.gmindia.tech\/mda\/en\/wp-json\/wp\/v2\/pages\/1513\/revisions\/3017"}],"wp:attachment":[{"href":"https:\/\/preprod.gmindia.tech\/mda\/en\/wp-json\/wp\/v2\/media?parent=1513"}],"curies":[{"name":"wp","href":"https:\/\/api.w.org\/{rel}","templated":true}]}}