{"id":1587,"date":"2024-02-16T07:32:55","date_gmt":"2024-02-16T07:32:55","guid":{"rendered":"http:\/\/localhost\/mdamulti\/?page_id=1587"},"modified":"2024-03-04T13:26:40","modified_gmt":"2024-03-04T13:26:40","slug":"turquie-datelier_en","status":"publish","type":"page","link":"https:\/\/preprod.gmindia.tech\/mda\/en\/turquie-datelier_en\/","title":{"rendered":"TURQUIE"},"content":{"rendered":"\n<h3 class=\" wp-block-heading has-text-align-center eplus-wrapper\" style=\"font-size:clamp(25.984px, 1.624rem + ((1vw - 3.2px) * 2.047), 44px);\"><strong>TURQUIE<\/strong><\/h3>\n\n\n\n<figure class=\" wp-block-image size-full eplus-wrapper\"><img loading=\"lazy\" decoding=\"async\" width=\"647\" height=\"407\" src=\"https:\/\/preprod.gmindia.tech\/mda\/en\/wp-content\/uploads\/sites\/2\/2024\/02\/Turkey_20Workshops.png\" alt=\"\" class=\"wp-image-1591\"\/><\/figure>\n\n\n\n<p class=\"has-text-align-center has-text-color has-link-color eplus-wrapper wp-elements-13c451a3a01629f02d15f37a501eb2b6\" style=\"color:#666666;font-size:clamp(14px, 0.875rem + ((1vw - 3.2px) * 0.114), 15px);\">D-Atelier \/ I.C.A.A<\/p>\n\n\n\n<p class=\" eplus-wrapper\" style=\"font-size:clamp(14px, 0.875rem + ((1vw - 3.2px) * 0.114), 15px);\">Cr\u00e9\u00e9e en 1999 pour regrouper des artistes de tout \u00e2ge et mener des actions artistiques pour adultes et enfants ayant pour but la sensibilisation au d\u00e9veloppement durable humain et social par le biais d\u2019outils coop\u00e9ratifs et cr\u00e9atifs. Son action s\u2019\u00e9tend de l\u2019animation d\u2019ateliers et d\u2019expositions \u00e0 l\u2019organisation de s\u00e9minaires pour enseignants. En compl\u00e9ment de cette structure, l\u2019ICAA a \u00e9t\u00e9 cr\u00e9\u00e9e en 2007 pour servir d\u2019interlocuteurs aux institutions internationales travaillant sur l\u2019art des enfants et participer \u00e0 des projets internationaux.<\/p>\n\n\n\n<p class=\" has-text-align-center eplus-wrapper\" style=\"font-size:12px\"><a href=\"http:\/\/www.icaa.org.tr\/\" target=\"_blank\"><br>www.icaa.org.tr<\/a><br><a href=\"http:\/\/www.datelier.net\/\" target=\"_blank\">www.datelier.net<\/a><\/p>\n\n\n\n<h2 class=\" wp-block-heading eplus-wrapper\" style=\"font-size:clamp(24.034px, 1.502rem + ((1vw - 3.2px) * 1.814), 40px);\"><strong>2020-2021<\/strong><\/h2>\n\n\n\n<p class=\" eplus-wrapper\" style=\"font-size:clamp(14px, 0.875rem + ((1vw - 3.2px) * 0.114), 15px);\">En 2019 les jeunes participants de l&#8217;organisation ont travaill\u00e9 autour de la th\u00e9matique&nbsp;<em>BIG DATA<\/em>&nbsp;et produits des oeuvres vid\u00e9o, plastiques et des collages<\/p>\n\n\n\n<div style=\"height:30px\" aria-hidden=\"true\" class=\" wp-block-spacer eplus-wrapper\"><\/div>\n\n\n\n<div class=\"wp-block-columns eplus-wrapper is-layout-flex wp-container-core-columns-is-layout-28f84493 wp-block-columns-is-layout-flex\">\n<div class=\"wp-block-column eplus-wrapper is-layout-flow wp-block-column-is-layout-flow\">\n<figure class=\" wp-block-image size-full eplus-wrapper\"><img loading=\"lazy\" decoding=\"async\" width=\"329\" height=\"440\" src=\"https:\/\/preprod.gmindia.tech\/mda\/en\/wp-content\/uploads\/sites\/2\/2024\/02\/Beren_20Kad_C4_B1o_C4_9Fl_C4_B11.jpg\" alt=\"\" class=\"wp-image-1592\"\/><\/figure>\n<\/div>\n\n\n\n<div class=\"wp-block-column eplus-wrapper is-layout-flow wp-block-column-is-layout-flow\">\n<figure class=\" wp-block-image size-full eplus-wrapper\"><img loading=\"lazy\" decoding=\"async\" width=\"330\" height=\"440\" src=\"https:\/\/preprod.gmindia.tech\/mda\/en\/wp-content\/uploads\/sites\/2\/2024\/02\/Beren_20Kad_C4_B1o_C4_9Flu2.jpg\" alt=\"\" class=\"wp-image-1593\"\/><\/figure>\n<\/div>\n\n\n\n<div class=\"wp-block-column eplus-wrapper is-layout-flow wp-block-column-is-layout-flow\">\n<figure class=\" wp-block-image size-full eplus-wrapper\"><img loading=\"lazy\" decoding=\"async\" width=\"328\" height=\"437\" src=\"https:\/\/preprod.gmindia.tech\/mda\/en\/wp-content\/uploads\/sites\/2\/2024\/02\/Beren_20kad_C4_B1o_C4_9Flu3.jpg\" alt=\"\" class=\"wp-image-1594\"\/><\/figure>\n<\/div>\n<\/div>\n\n\n\n<p class=\" eplus-wrapper\" style=\"font-size:clamp(14px, 0.875rem + ((1vw - 3.2px) * 0.114), 15px);\">Beren Kad\u0131o\u011flu (age 16\/F)<br>Creating Perfect Community<\/p>\n\n\n\n<div style=\"height:25px\" aria-hidden=\"true\" class=\" wp-block-spacer eplus-wrapper\"><\/div>\n\n\n\n<div class=\"wp-block-columns eplus-wrapper is-layout-flex wp-container-core-columns-is-layout-28f84493 wp-block-columns-is-layout-flex\">\n<div class=\"wp-block-column eplus-wrapper is-layout-flow wp-block-column-is-layout-flow\">\n<div class=\"wp-block-buttons eplus-wrapper is-content-justification-center is-layout-flex wp-container-core-buttons-is-layout-a89b3969 wp-block-buttons-is-layout-flex\">\n<div class=\"is-style-fill  wp-block-button has-custom-width wp-block-button__width-50 has-custom-font-size eplus-wrapper\" style=\"font-size:14px\"><a class=\"wp-block-button__link wp-element-button\" style=\"border-width:1px;border-radius:160px;padding-top:140px;padding-bottom:140px\"><strong>DECOUVRIR&nbsp;L&#8217;ENSEMBLE&nbsp;DES&nbsp;TRAVAUX<\/strong><\/a><\/div>\n<\/div>\n<\/div>\n<\/div>\n\n\n\n<div style=\"height:25px\" aria-hidden=\"true\" class=\" wp-block-spacer eplus-wrapper\"><\/div>\n\n\n\n<h2 class=\" wp-block-heading eplus-wrapper\" style=\"font-size:clamp(24.034px, 1.502rem + ((1vw - 3.2px) * 1.814), 40px);\"><strong><strong>2019<\/strong><\/strong><\/h2>\n\n\n\n<p class=\" eplus-wrapper\" style=\"font-size:clamp(14px, 0.875rem + ((1vw - 3.2px) * 0.114), 15px);\">En 2019 les jeunes participants de l&#8217;organisation ont travaill\u00e9 autour de la th\u00e9matique&nbsp;<em>Mutation \/ Hybridatio<\/em>n et produits des oeuvres vid\u00e9o, plastiques et des collages<\/p>\n\n\n\n<div style=\"height:25px\" aria-hidden=\"true\" class=\" wp-block-spacer eplus-wrapper\"><\/div>\n\n\n\n<div class=\"wp-block-columns eplus-wrapper is-layout-flex wp-container-core-columns-is-layout-28f84493 wp-block-columns-is-layout-flex\">\n<div class=\"wp-block-column eplus-wrapper is-layout-flow wp-block-column-is-layout-flow\" style=\"padding-right:15px;flex-basis:25%\">\n<h3 class=\" wp-block-heading eplus-wrapper\" style=\"font-size:clamp(18.959px, 1.185rem + ((1vw - 3.2px) * 1.255), 30px);\">Orange is Hybrided Color<\/h3>\n\n\n\n<p class=\" eplus-wrapper\" style=\"font-size:13px\">La couleur du monde change de jour en jour et nous marchons vers une belle vie.<\/p>\n\n\n\n<p class=\" eplus-wrapper\" style=\"font-size:13px\">Zeren YAZIRLI (17 ans)<\/p>\n<\/div>\n\n\n\n<div class=\"wp-block-column eplus-wrapper is-layout-flow wp-block-column-is-layout-flow\" style=\"flex-basis:75%\">\n<style>\n    .video-container {\n        position: relative;\n        padding-bottom: 56.25%; \/* 16:9 aspect ratio *\/\n        height: 0;\n        overflow: hidden;\n    }\n    \n    .video-container iframe {\n        position: absolute;\n        top: 0;\n        left: 0;\n        width: 100%;\n        height: 100%;\n    }\n<\/style>\n\n<div class=\"video-container\">\n    <iframe src=\"https:\/\/player.vimeo.com\/video\/381438466?title=0&amp;byline=0&amp;portrait=0\" frameborder=\"0\" webkitallowfullscreen=\"\" mozallowfullscreen=\"\" allowfullscreen=\"\"><\/iframe>\n<\/div>\n<\/div>\n<\/div>\n\n\n\n<div style=\"height:40px\" aria-hidden=\"true\" class=\" wp-block-spacer eplus-wrapper\"><\/div>\n\n\n\n<div class=\"wp-block-columns eplus-wrapper is-layout-flex wp-container-core-columns-is-layout-28f84493 wp-block-columns-is-layout-flex\">\n<div class=\"wp-block-column eplus-wrapper is-layout-flow wp-block-column-is-layout-flow\" style=\"padding-right:15px;flex-basis:25%\">\n<h3 class=\" wp-block-heading eplus-wrapper\" style=\"font-size:clamp(18.959px, 1.185rem + ((1vw - 3.2px) * 1.255), 30px);\">Hybrided Language<\/h3>\n\n\n\n<p class=\" has-small-font-size eplus-wrapper\">Nous nous comprenons par les langues. Des langues diff\u00e9rentes, des alphabets diff\u00e9rents. Est-il possible de<br>cr\u00e9er une langue hybride, un alphabet hybride ?<\/p>\n\n\n\n<p class=\" has-small-font-size eplus-wrapper\">Alpay CESUR (17 ans)<\/p>\n<\/div>\n\n\n\n<div class=\"wp-block-column eplus-wrapper is-layout-flow wp-block-column-is-layout-flow\" style=\"flex-basis:75%\">\n<figure class=\" wp-block-image size-full eplus-wrapper\"><img loading=\"lazy\" decoding=\"async\" width=\"660\" height=\"488\" src=\"https:\/\/preprod.gmindia.tech\/mda\/en\/wp-content\/uploads\/sites\/2\/2024\/02\/126.jpg\" alt=\"\" class=\"wp-image-1612\"\/><\/figure>\n\n\n\n<figure class=\" wp-block-image size-full is-resized eplus-wrapper\"><img loading=\"lazy\" decoding=\"async\" width=\"434\" height=\"324\" src=\"https:\/\/preprod.gmindia.tech\/mda\/en\/wp-content\/uploads\/sites\/2\/2024\/02\/215.jpg\" alt=\"\" class=\"wp-image-1613\" style=\"width:236px;height:auto\"\/><\/figure>\n<\/div>\n<\/div>\n\n\n\n<div style=\"height:50px\" aria-hidden=\"true\" class=\" wp-block-spacer eplus-wrapper\"><\/div>\n\n\n\n<div class=\"wp-block-columns eplus-wrapper is-layout-flex wp-container-core-columns-is-layout-28f84493 wp-block-columns-is-layout-flex\">\n<div class=\"wp-block-column eplus-wrapper is-layout-flow wp-block-column-is-layout-flow\" style=\"flex-basis:66.66%\">\n<figure class=\" wp-block-image size-full eplus-wrapper\"><img loading=\"lazy\" decoding=\"async\" width=\"600\" height=\"400\" src=\"https:\/\/preprod.gmindia.tech\/mda\/en\/wp-content\/uploads\/sites\/2\/2024\/02\/39.jpg\" alt=\"\" class=\"wp-image-1616\"\/><\/figure>\n<\/div>\n\n\n\n<div class=\"wp-block-column eplus-wrapper is-layout-flow wp-block-column-is-layout-flow\" style=\"flex-basis:33.33%\">\n<h3 class=\" wp-block-heading eplus-wrapper\" style=\"font-size:clamp(18.959px, 1.185rem + ((1vw - 3.2px) * 1.255), 30px);\">Hybrided Language<\/h3>\n\n\n\n<p class=\" has-small-font-size eplus-wrapper\">Depuis les premiers temps les soci\u00e9t\u00e9s humaines ont cr\u00e9\u00e9 des dieux hybrides\u2026 Est-il possible de cr\u00e9er des dieux hybrides dans le monde d&#8217;aujourd&#8217;hui et de vivre en paix ?<br><br>Beren KADIO\u011eLU (15 ans)<\/p>\n\n\n\n<figure class=\" wp-block-image size-full eplus-wrapper\"><img loading=\"lazy\" decoding=\"async\" width=\"300\" height=\"443\" src=\"https:\/\/preprod.gmindia.tech\/mda\/en\/wp-content\/uploads\/sites\/2\/2024\/02\/47.jpg\" alt=\"\" class=\"wp-image-1617\"\/><\/figure>\n<\/div>\n<\/div>\n\n\n\n<div style=\"height:50px\" aria-hidden=\"true\" class=\" wp-block-spacer eplus-wrapper\"><\/div>\n\n\n\n<div class=\"wp-block-columns eplus-wrapper is-layout-flex wp-container-core-columns-is-layout-28f84493 wp-block-columns-is-layout-flex\">\n<div class=\"wp-block-column eplus-wrapper is-layout-flow wp-block-column-is-layout-flow\" style=\"flex-basis:33.33%\">\n<h3 class=\" wp-block-heading eplus-wrapper\" style=\"font-size:clamp(18.959px, 1.185rem + ((1vw - 3.2px) * 1.255), 30px);\">Hybrid Clothing<\/h3>\n\n\n\n<p class=\" has-small-font-size eplus-wrapper\">Les conditions m\u00e9t\u00e9orologiques sont l&#8217;un de nos principaux probl\u00e8mes aujourd&#8217;hui. Soudain, on voit des ouragans, des pluies abondantes&#8230;&nbsp; Damla \u00dcR\u00dcN (17 ans) a ouvert le journal et d\u00e9couvert que des jeunes filles de 20 ans ont perdu la vie lors d&#8217;un ouragan. Elle voulait photographier l&#8217;\u00e9v\u00e9nment et ont \u00e9t\u00e9 emport\u00e9es par les eaux. Si nous concevons un vestiaire en fonction des nouvelles conditions m\u00e9t\u00e9orologiques, pouvons-nous sauver des vies ?<\/p>\n\n\n\n<p class=\" has-small-font-size eplus-wrapper\">Damla \u00dcR\u00dcN (17 ans)<\/p>\n<\/div>\n\n\n\n<div class=\"wp-block-column eplus-wrapper is-layout-flow wp-block-column-is-layout-flow\" style=\"flex-basis:66.66%\">\n<figure class=\" wp-block-image size-full eplus-wrapper\"><img loading=\"lazy\" decoding=\"async\" width=\"600\" height=\"443\" src=\"https:\/\/preprod.gmindia.tech\/mda\/en\/wp-content\/uploads\/sites\/2\/2024\/02\/53.jpg\" alt=\"\" class=\"wp-image-1622\"\/><\/figure>\n\n\n\n<div class=\"wp-block-columns eplus-wrapper is-layout-flex wp-container-core-columns-is-layout-28f84493 wp-block-columns-is-layout-flex\">\n<div class=\"wp-block-column eplus-wrapper is-layout-flow wp-block-column-is-layout-flow\" style=\"flex-basis:60%\">\n<figure class=\" wp-block-image size-full eplus-wrapper\"><img loading=\"lazy\" decoding=\"async\" width=\"334\" height=\"455\" src=\"https:\/\/preprod.gmindia.tech\/mda\/en\/wp-content\/uploads\/sites\/2\/2024\/02\/6.png\" alt=\"\" class=\"wp-image-1623\"\/><\/figure>\n<\/div>\n\n\n\n<div class=\"wp-block-column is-vertically-aligned-bottom eplus-wrapper is-layout-flow wp-block-column-is-layout-flow\" style=\"flex-basis:40%\">\n<figure class=\" wp-block-image size-full eplus-wrapper\"><img loading=\"lazy\" decoding=\"async\" width=\"239\" height=\"314\" src=\"https:\/\/preprod.gmindia.tech\/mda\/en\/wp-content\/uploads\/sites\/2\/2024\/02\/74.jpg\" alt=\"\" class=\"wp-image-1624\"\/><\/figure>\n<\/div>\n<\/div>\n<\/div>\n<\/div>\n\n\n\n<div style=\"height:50px\" aria-hidden=\"true\" class=\" wp-block-spacer eplus-wrapper\"><\/div>\n\n\n\n<div class=\"wp-block-columns eplus-wrapper is-layout-flex wp-container-core-columns-is-layout-28f84493 wp-block-columns-is-layout-flex\">\n<div class=\"wp-block-column eplus-wrapper is-layout-flow wp-block-column-is-layout-flow\" style=\"flex-basis:66.66%\">\n<figure class=\" wp-block-image size-full eplus-wrapper\"><img loading=\"lazy\" decoding=\"async\" width=\"373\" height=\"497\" src=\"https:\/\/preprod.gmindia.tech\/mda\/en\/wp-content\/uploads\/sites\/2\/2024\/02\/8.png\" alt=\"\" class=\"wp-image-1627\"\/><\/figure>\n<\/div>\n\n\n\n<div class=\"wp-block-column eplus-wrapper is-layout-flow wp-block-column-is-layout-flow\" style=\"flex-basis:33.33%\">\n<h3 class=\" wp-block-heading eplus-wrapper\" style=\"font-size:clamp(18.959px, 1.185rem + ((1vw - 3.2px) * 1.255), 30px);\">Hybrid Mankind<\/h3>\n\n\n\n<p class=\" has-small-font-size eplus-wrapper\">L&#8217;\u00eatre humain est capable de se reconstituer lorsqu&#8217;il perd un membre. Jusqu&#8217;o\u00f9 le progr\u00e8s technologique est il capable de l&#8217;emmener.<\/p>\n\n\n\n<p class=\" has-small-font-size eplus-wrapper\">Ilg\u0131n \u0130\u015eG\u00d6R (15 ans)<\/p>\n<\/div>\n<\/div>\n\n\n\n<div style=\"height:50px\" aria-hidden=\"true\" class=\" wp-block-spacer eplus-wrapper\"><\/div>\n\n\n\n<div class=\"wp-block-columns eplus-wrapper is-layout-flex wp-container-core-columns-is-layout-28f84493 wp-block-columns-is-layout-flex\">\n<div class=\"wp-block-column eplus-wrapper is-layout-flow wp-block-column-is-layout-flow\" style=\"padding-right:15px;flex-basis:33.33%\">\n<h3 class=\" wp-block-heading eplus-wrapper\" style=\"font-size:clamp(18.959px, 1.185rem + ((1vw - 3.2px) * 1.255), 30px);\">Hybrid Stories<\/h3>\n\n\n\n<p class=\" has-small-font-size eplus-wrapper\">Blanche-Neige, Tarzan, Batman et les autres. Un autre monde en dessin anim\u00e9. Si des personnages de dessins anim\u00e9s de diff\u00e9rentes histoires se rencontrent dans une bande dessin\u00e9e, que se passera-t-il ? Blanche-Neige tombe amoureuse de Spiderman ?<\/p>\n\n\n\n<p class=\" has-small-font-size eplus-wrapper\">\u00c7a\u011fla BERBERO\u011eLU (15 ans)<\/p>\n<\/div>\n\n\n\n<div class=\"wp-block-column eplus-wrapper is-layout-flow wp-block-column-is-layout-flow\" style=\"flex-basis:66.66%\">\n<figure class=\" wp-block-image size-full eplus-wrapper\"><img loading=\"lazy\" decoding=\"async\" width=\"368\" height=\"520\" src=\"https:\/\/preprod.gmindia.tech\/mda\/en\/wp-content\/uploads\/sites\/2\/2024\/02\/94.jpg\" alt=\"\" class=\"wp-image-1631\"\/><\/figure>\n<\/div>\n<\/div>\n\n\n\n<div style=\"height:50px\" aria-hidden=\"true\" class=\" wp-block-spacer eplus-wrapper\"><\/div>\n\n\n\n<div class=\"wp-block-columns eplus-wrapper is-layout-flex wp-container-core-columns-is-layout-28f84493 wp-block-columns-is-layout-flex\">\n<div class=\"wp-block-column eplus-wrapper is-layout-flow wp-block-column-is-layout-flow\">\n<div class=\"wp-block-buttons eplus-wrapper is-content-justification-center is-layout-flex wp-container-core-buttons-is-layout-a89b3969 wp-block-buttons-is-layout-flex\">\n<div class=\"is-style-fill  wp-block-button has-custom-width wp-block-button__width-50 has-custom-font-size eplus-wrapper\" style=\"font-size:14px\"><a class=\"wp-block-button__link wp-element-button\" style=\"border-width:1px;border-radius:160px;padding-top:140px;padding-bottom:140px\"><strong>DECOUVRIR&nbsp;L&#8217;ENSEMBLE&nbsp;DU&nbsp;PROJET<\/strong><\/a><\/div>\n<\/div>\n<\/div>\n<\/div>\n","protected":false},"excerpt":{"rendered":"<p>TURQUIE D-Atelier \/ I.C.A.A Cr\u00e9\u00e9e en 1999 pour regrouper des artistes de tout \u00e2ge et mener des actions artistiques pour adultes et enfants ayant pour but la sensibilisation au d\u00e9veloppement durable humain et social par le biais d\u2019outils coop\u00e9ratifs et cr\u00e9atifs. Son action s\u2019\u00e9tend de l\u2019animation d\u2019ateliers et d\u2019expositions \u00e0 l\u2019organisation de s\u00e9minaires pour enseignants. [&hellip;]<\/p>\n","protected":false},"author":1,"featured_media":0,"parent":0,"menu_order":0,"comment_status":"closed","ping_status":"closed","template":"websites-island","meta":{"footnotes":""},"class_list":["post-1587","page","type-page","status-publish","hentry"],"yoast_head":"<!-- This site is optimized with the Yoast SEO plugin v23.9 - https:\/\/yoast.com\/wordpress\/plugins\/seo\/ -->\n<title>TURQUIE - Memory of the Future<\/title>\n<meta name=\"robots\" content=\"index, follow, max-snippet:-1, max-image-preview:large, max-video-preview:-1\" \/>\n<link rel=\"canonical\" href=\"https:\/\/preprod.gmindia.tech\/mda\/en\/turquie-datelier_en\/\" \/>\n<meta property=\"og:locale\" content=\"en_GB\" \/>\n<meta property=\"og:type\" content=\"article\" \/>\n<meta property=\"og:title\" content=\"TURQUIE - Memory of the Future\" \/>\n<meta property=\"og:description\" content=\"TURQUIE D-Atelier \/ I.C.A.A Cr\u00e9\u00e9e en 1999 pour regrouper des artistes de tout \u00e2ge et mener des actions artistiques pour adultes et enfants ayant pour but la sensibilisation au d\u00e9veloppement durable humain et social par le biais d\u2019outils coop\u00e9ratifs et cr\u00e9atifs. Son action s\u2019\u00e9tend de l\u2019animation d\u2019ateliers et d\u2019expositions \u00e0 l\u2019organisation de s\u00e9minaires pour enseignants. [&hellip;]\" \/>\n<meta property=\"og:url\" content=\"https:\/\/preprod.gmindia.tech\/mda\/en\/turquie-datelier_en\/\" \/>\n<meta property=\"og:site_name\" content=\"Memory of the Future\" \/>\n<meta property=\"article:modified_time\" content=\"2024-03-04T13:26:40+00:00\" \/>\n<meta property=\"og:image\" content=\"https:\/\/preprod.gmindia.tech\/mda\/en\/wp-content\/uploads\/sites\/2\/2024\/02\/Turkey_20Workshops.png\" \/>\n\t<meta property=\"og:image:width\" content=\"647\" \/>\n\t<meta property=\"og:image:height\" content=\"407\" \/>\n\t<meta property=\"og:image:type\" content=\"image\/png\" \/>\n<meta name=\"twitter:card\" content=\"summary_large_image\" \/>\n<meta name=\"twitter:label1\" content=\"Estimated reading time\" \/>\n\t<meta name=\"twitter:data1\" content=\"2 minutes\" \/>\n<script type=\"application\/ld+json\" class=\"yoast-schema-graph\">{\"@context\":\"https:\/\/schema.org\",\"@graph\":[{\"@type\":\"WebPage\",\"@id\":\"https:\/\/preprod.gmindia.tech\/mda\/en\/turquie-datelier_en\/\",\"url\":\"https:\/\/preprod.gmindia.tech\/mda\/en\/turquie-datelier_en\/\",\"name\":\"TURQUIE - Memory of the Future\",\"isPartOf\":{\"@id\":\"https:\/\/preprod.gmindia.tech\/mda\/en\/#website\"},\"primaryImageOfPage\":{\"@id\":\"https:\/\/preprod.gmindia.tech\/mda\/en\/turquie-datelier_en\/#primaryimage\"},\"image\":{\"@id\":\"https:\/\/preprod.gmindia.tech\/mda\/en\/turquie-datelier_en\/#primaryimage\"},\"thumbnailUrl\":\"https:\/\/preprod.gmindia.tech\/mda\/en\/wp-content\/uploads\/sites\/2\/2024\/02\/Turkey_20Workshops.png\",\"datePublished\":\"2024-02-16T07:32:55+00:00\",\"dateModified\":\"2024-03-04T13:26:40+00:00\",\"breadcrumb\":{\"@id\":\"https:\/\/preprod.gmindia.tech\/mda\/en\/turquie-datelier_en\/#breadcrumb\"},\"inLanguage\":\"en-GB\",\"potentialAction\":[{\"@type\":\"ReadAction\",\"target\":[\"https:\/\/preprod.gmindia.tech\/mda\/en\/turquie-datelier_en\/\"]}]},{\"@type\":\"ImageObject\",\"inLanguage\":\"en-GB\",\"@id\":\"https:\/\/preprod.gmindia.tech\/mda\/en\/turquie-datelier_en\/#primaryimage\",\"url\":\"https:\/\/preprod.gmindia.tech\/mda\/en\/wp-content\/uploads\/sites\/2\/2024\/02\/Turkey_20Workshops.png\",\"contentUrl\":\"https:\/\/preprod.gmindia.tech\/mda\/en\/wp-content\/uploads\/sites\/2\/2024\/02\/Turkey_20Workshops.png\",\"width\":647,\"height\":407},{\"@type\":\"BreadcrumbList\",\"@id\":\"https:\/\/preprod.gmindia.tech\/mda\/en\/turquie-datelier_en\/#breadcrumb\",\"itemListElement\":[{\"@type\":\"ListItem\",\"position\":1,\"name\":\"Home\",\"item\":\"https:\/\/preprod.gmindia.tech\/mda\/en\/\"},{\"@type\":\"ListItem\",\"position\":2,\"name\":\"TURQUIE\"}]},{\"@type\":\"WebSite\",\"@id\":\"https:\/\/preprod.gmindia.tech\/mda\/en\/#website\",\"url\":\"https:\/\/preprod.gmindia.tech\/mda\/en\/\",\"name\":\"Memory of the Future\",\"description\":\"\",\"publisher\":{\"@id\":\"https:\/\/preprod.gmindia.tech\/mda\/en\/#organization\"},\"potentialAction\":[{\"@type\":\"SearchAction\",\"target\":{\"@type\":\"EntryPoint\",\"urlTemplate\":\"https:\/\/preprod.gmindia.tech\/mda\/en\/?s={search_term_string}\"},\"query-input\":{\"@type\":\"PropertyValueSpecification\",\"valueRequired\":true,\"valueName\":\"search_term_string\"}}],\"inLanguage\":\"en-GB\"},{\"@type\":\"Organization\",\"@id\":\"https:\/\/preprod.gmindia.tech\/mda\/en\/#organization\",\"name\":\"Memory of the Future\",\"url\":\"https:\/\/preprod.gmindia.tech\/mda\/en\/\",\"logo\":{\"@type\":\"ImageObject\",\"inLanguage\":\"en-GB\",\"@id\":\"https:\/\/preprod.gmindia.tech\/mda\/en\/#\/schema\/logo\/image\/\",\"url\":\"https:\/\/preprod.gmindia.tech\/mda\/en\/wp-content\/uploads\/sites\/2\/2024\/01\/logo_20mda_2010202000.png\",\"contentUrl\":\"https:\/\/preprod.gmindia.tech\/mda\/en\/wp-content\/uploads\/sites\/2\/2024\/01\/logo_20mda_2010202000.png\",\"width\":123,\"height\":220,\"caption\":\"Memory of the Future\"},\"image\":{\"@id\":\"https:\/\/preprod.gmindia.tech\/mda\/en\/#\/schema\/logo\/image\/\"}}]}<\/script>\n<!-- \/ Yoast SEO plugin. -->","yoast_head_json":{"title":"TURQUIE - Memory of the Future","robots":{"index":"index","follow":"follow","max-snippet":"max-snippet:-1","max-image-preview":"max-image-preview:large","max-video-preview":"max-video-preview:-1"},"canonical":"https:\/\/preprod.gmindia.tech\/mda\/en\/turquie-datelier_en\/","og_locale":"en_GB","og_type":"article","og_title":"TURQUIE - Memory of the Future","og_description":"TURQUIE D-Atelier \/ I.C.A.A Cr\u00e9\u00e9e en 1999 pour regrouper des artistes de tout \u00e2ge et mener des actions artistiques pour adultes et enfants ayant pour but la sensibilisation au d\u00e9veloppement durable humain et social par le biais d\u2019outils coop\u00e9ratifs et cr\u00e9atifs. Son action s\u2019\u00e9tend de l\u2019animation d\u2019ateliers et d\u2019expositions \u00e0 l\u2019organisation de s\u00e9minaires pour enseignants. [&hellip;]","og_url":"https:\/\/preprod.gmindia.tech\/mda\/en\/turquie-datelier_en\/","og_site_name":"Memory of the Future","article_modified_time":"2024-03-04T13:26:40+00:00","og_image":[{"width":647,"height":407,"url":"https:\/\/preprod.gmindia.tech\/mda\/en\/wp-content\/uploads\/sites\/2\/2024\/02\/Turkey_20Workshops.png","type":"image\/png"}],"twitter_card":"summary_large_image","twitter_misc":{"Estimated reading time":"2 minutes"},"schema":{"@context":"https:\/\/schema.org","@graph":[{"@type":"WebPage","@id":"https:\/\/preprod.gmindia.tech\/mda\/en\/turquie-datelier_en\/","url":"https:\/\/preprod.gmindia.tech\/mda\/en\/turquie-datelier_en\/","name":"TURQUIE - Memory of the Future","isPartOf":{"@id":"https:\/\/preprod.gmindia.tech\/mda\/en\/#website"},"primaryImageOfPage":{"@id":"https:\/\/preprod.gmindia.tech\/mda\/en\/turquie-datelier_en\/#primaryimage"},"image":{"@id":"https:\/\/preprod.gmindia.tech\/mda\/en\/turquie-datelier_en\/#primaryimage"},"thumbnailUrl":"https:\/\/preprod.gmindia.tech\/mda\/en\/wp-content\/uploads\/sites\/2\/2024\/02\/Turkey_20Workshops.png","datePublished":"2024-02-16T07:32:55+00:00","dateModified":"2024-03-04T13:26:40+00:00","breadcrumb":{"@id":"https:\/\/preprod.gmindia.tech\/mda\/en\/turquie-datelier_en\/#breadcrumb"},"inLanguage":"en-GB","potentialAction":[{"@type":"ReadAction","target":["https:\/\/preprod.gmindia.tech\/mda\/en\/turquie-datelier_en\/"]}]},{"@type":"ImageObject","inLanguage":"en-GB","@id":"https:\/\/preprod.gmindia.tech\/mda\/en\/turquie-datelier_en\/#primaryimage","url":"https:\/\/preprod.gmindia.tech\/mda\/en\/wp-content\/uploads\/sites\/2\/2024\/02\/Turkey_20Workshops.png","contentUrl":"https:\/\/preprod.gmindia.tech\/mda\/en\/wp-content\/uploads\/sites\/2\/2024\/02\/Turkey_20Workshops.png","width":647,"height":407},{"@type":"BreadcrumbList","@id":"https:\/\/preprod.gmindia.tech\/mda\/en\/turquie-datelier_en\/#breadcrumb","itemListElement":[{"@type":"ListItem","position":1,"name":"Home","item":"https:\/\/preprod.gmindia.tech\/mda\/en\/"},{"@type":"ListItem","position":2,"name":"TURQUIE"}]},{"@type":"WebSite","@id":"https:\/\/preprod.gmindia.tech\/mda\/en\/#website","url":"https:\/\/preprod.gmindia.tech\/mda\/en\/","name":"Memory of the Future","description":"","publisher":{"@id":"https:\/\/preprod.gmindia.tech\/mda\/en\/#organization"},"potentialAction":[{"@type":"SearchAction","target":{"@type":"EntryPoint","urlTemplate":"https:\/\/preprod.gmindia.tech\/mda\/en\/?s={search_term_string}"},"query-input":{"@type":"PropertyValueSpecification","valueRequired":true,"valueName":"search_term_string"}}],"inLanguage":"en-GB"},{"@type":"Organization","@id":"https:\/\/preprod.gmindia.tech\/mda\/en\/#organization","name":"Memory of the Future","url":"https:\/\/preprod.gmindia.tech\/mda\/en\/","logo":{"@type":"ImageObject","inLanguage":"en-GB","@id":"https:\/\/preprod.gmindia.tech\/mda\/en\/#\/schema\/logo\/image\/","url":"https:\/\/preprod.gmindia.tech\/mda\/en\/wp-content\/uploads\/sites\/2\/2024\/01\/logo_20mda_2010202000.png","contentUrl":"https:\/\/preprod.gmindia.tech\/mda\/en\/wp-content\/uploads\/sites\/2\/2024\/01\/logo_20mda_2010202000.png","width":123,"height":220,"caption":"Memory of the Future"},"image":{"@id":"https:\/\/preprod.gmindia.tech\/mda\/en\/#\/schema\/logo\/image\/"}}]}},"_links":{"self":[{"href":"https:\/\/preprod.gmindia.tech\/mda\/en\/wp-json\/wp\/v2\/pages\/1587","targetHints":{"allow":["GET"]}}],"collection":[{"href":"https:\/\/preprod.gmindia.tech\/mda\/en\/wp-json\/wp\/v2\/pages"}],"about":[{"href":"https:\/\/preprod.gmindia.tech\/mda\/en\/wp-json\/wp\/v2\/types\/page"}],"author":[{"embeddable":true,"href":"https:\/\/preprod.gmindia.tech\/mda\/en\/wp-json\/wp\/v2\/users\/1"}],"replies":[{"embeddable":true,"href":"https:\/\/preprod.gmindia.tech\/mda\/en\/wp-json\/wp\/v2\/comments?post=1587"}],"version-history":[{"count":2,"href":"https:\/\/preprod.gmindia.tech\/mda\/en\/wp-json\/wp\/v2\/pages\/1587\/revisions"}],"predecessor-version":[{"id":3028,"href":"https:\/\/preprod.gmindia.tech\/mda\/en\/wp-json\/wp\/v2\/pages\/1587\/revisions\/3028"}],"wp:attachment":[{"href":"https:\/\/preprod.gmindia.tech\/mda\/en\/wp-json\/wp\/v2\/media?parent=1587"}],"curies":[{"name":"wp","href":"https:\/\/api.w.org\/{rel}","templated":true}]}}