{"id":1642,"date":"2024-02-16T10:16:16","date_gmt":"2024-02-16T10:16:16","guid":{"rendered":"http:\/\/localhost\/mdamulti\/?page_id=1642"},"modified":"2024-03-04T11:33:35","modified_gmt":"2024-03-04T11:33:35","slug":"afghanistan_en","status":"publish","type":"page","link":"https:\/\/preprod.gmindia.tech\/mda\/en\/afghanistan_en\/","title":{"rendered":"AFGHANISTAN"},"content":{"rendered":"\n<h3 class=\" wp-block-heading eplus-wrapper\" style=\"font-size:clamp(20.515px, 1.282rem + ((1vw - 3.2px) * 1.419), 33px);\">AFGHANISTAN<br>Institut Fran\u00e7ais de Kaboul<br>2014 &#8211;&nbsp;<em>U MAN ART<\/em><\/h3>\n\n\n\n<p class=\" eplus-wrapper\" style=\"font-size:clamp(15.747px, 0.984rem + ((1vw - 3.2px) * 0.938), 24px);\">Expositions &#8211; dialogues &#8211; workshops<\/p>\n\n\n\n<div style=\"height:20px\" aria-hidden=\"true\" class=\" wp-block-spacer eplus-wrapper\"><\/div>\n\n\n\n<figure class=\" wp-block-image aligncenter size-full eplus-wrapper\"><img loading=\"lazy\" decoding=\"async\" width=\"560\" height=\"420\" src=\"https:\/\/preprod.gmindia.tech\/mda\/en\/wp-content\/uploads\/sites\/2\/2024\/02\/Parcours_20eleves_20IFA_202014_20MB_20_286_29.jpg\" alt=\"\" class=\"wp-image-1643\"\/><\/figure>\n\n\n\n<div style=\"height:20px\" aria-hidden=\"true\" class=\" wp-block-spacer eplus-wrapper\"><\/div>\n\n\n\n<div class=\"wp-block-columns eplus-wrapper is-layout-flex wp-container-core-columns-is-layout-28f84493 wp-block-columns-is-layout-flex\">\n<div class=\"wp-block-column eplus-wrapper is-layout-flow wp-block-column-is-layout-flow\">\n<figure class=\" wp-block-image size-full eplus-wrapper\"><img loading=\"lazy\" decoding=\"async\" width=\"400\" height=\"300\" src=\"https:\/\/preprod.gmindia.tech\/mda\/en\/wp-content\/uploads\/sites\/2\/2024\/02\/P83001210.jpg\" alt=\"\" class=\"wp-image-1644\"\/><\/figure>\n<\/div>\n\n\n\n<div class=\"wp-block-column eplus-wrapper is-layout-flow wp-block-column-is-layout-flow\">\n<figure class=\" wp-block-image size-full eplus-wrapper\"><img loading=\"lazy\" decoding=\"async\" width=\"386\" height=\"290\" src=\"https:\/\/preprod.gmindia.tech\/mda\/en\/wp-content\/uploads\/sites\/2\/2024\/02\/Parcours_20eleves_20IFA_202014_20MB_20_2832_29.jpg\" alt=\"\" class=\"wp-image-1645\"\/><\/figure>\n<\/div>\n<\/div>\n\n\n\n<div style=\"height:20px\" aria-hidden=\"true\" class=\" wp-block-spacer eplus-wrapper\"><\/div>\n\n\n\n<p class=\" eplus-wrapper\" style=\"font-size:clamp(14px, 0.875rem + ((1vw - 3.2px) * 0.114), 15px);\"><strong>Dans le cadre des expositions&nbsp;<\/strong><strong><em>U-MAN Art<\/em><\/strong><strong>&nbsp;de Margalit Berriet et de&nbsp;<\/strong><strong><em>Tainted Hands&nbsp;<\/em><\/strong><strong>du caricaturiste Afghan Mehdi Amini \u00e0 L&#8217;Institut Fran\u00e7ais de Kaboul en septembre 2014, Margalit Berriet a propos\u00e9 \u00e0 des enfants, coll\u00e9giens et lyc\u00e9ens \u00e9tudiant le fran\u00e7ais un programme de dialogues et workshops autour des oeuvres pr\u00e9sent\u00e9es.<\/strong><\/p>\n\n\n\n<div style=\"height:30px\" aria-hidden=\"true\" class=\" wp-block-spacer eplus-wrapper\"><\/div>\n\n\n\n<p class=\" eplus-wrapper\" style=\"font-size:clamp(14px, 0.875rem + ((1vw - 3.2px) * 0.114), 15px);\"><strong>A\/ Exposition \u2013 U MAN ART<\/strong><\/p>\n\n\n\n<p class=\" eplus-wrapper\" style=\"font-size:clamp(14px, 0.875rem + ((1vw - 3.2px) * 0.114), 15px);\">Commissariat d\u2019exposition \u2013 Margalit BERRIET:<br>Dur\u00e9e : 10 jours<br>Photos, installations, mixed media, vid\u00e9os de Margalit Berriet<br>Installation interactive d\u2019Emmanuel Berriet<br>une exposition des videos et photos r\u00e9alis\u00e9es lors de workshop \u00e0 M\u00e9moire de l\u2019avenir<\/p>\n\n\n\n<div style=\"height:30px\" aria-hidden=\"true\" class=\" wp-block-spacer eplus-wrapper\"><\/div>\n\n\n\n<p class=\" eplus-wrapper\" style=\"font-size:clamp(14px, 0.875rem + ((1vw - 3.2px) * 0.114), 15px);\">Parcours dialogue con\u00e7u par Margalit Berriet sur les th\u00e8mes des expositions: F\u00e9minin et Masculin, rapport \u00e0 l\u2019alt\u00e9rit\u00e9, les soci\u00e9t\u00e9s multiculturelles, le r\u00f4le des arts, les diff\u00e9rentes techniques d&#8217;expression,&nbsp; la lecture intuitive et sensible des arts.<\/p>\n\n\n\n<div style=\"height:30px\" aria-hidden=\"true\" class=\" wp-block-spacer eplus-wrapper\"><\/div>\n\n\n\n<p class=\" eplus-wrapper\" style=\"font-size:clamp(14px, 0.875rem + ((1vw - 3.2px) * 0.114), 15px);\">L\u2019exposition \u00e9tait visit\u00e9e par :<br>-60 \u00e9l\u00e8ves de primaire (filles ou gar\u00e7ons, s\u00e9par\u00e9ment)<br>-70 Etudiants coll\u00e8ge et de lyc\u00e9e fran\u00e7ais \u00e0 kaboul<br>-35 Etudiants des Beaux-Arts de Kaboul,<br>-Visites libres<\/p>\n\n\n\n<div style=\"height:30px\" aria-hidden=\"true\" class=\" wp-block-spacer eplus-wrapper\"><\/div>\n\n\n\n<p class=\" eplus-wrapper\" style=\"font-size:clamp(14px, 0.875rem + ((1vw - 3.2px) * 0.114), 15px);\"><strong>B\/ deux conf\u00e9rences :<\/strong><br><strong>Origine et r\u00f4les de l&#8217;Art sous ses diff\u00e9rentes formes d&#8217;expression :<\/strong><br>&#8211; L\u2019origine de l\u2019art \u2013 Nature et Culture<br>&#8211; Les symboles comme grammaire universelle<br>&#8211; Comment l\u2019acc\u00e8s aux arts et aux cultures permettent-ils de faire \u00e9merger et interroger les st\u00e9r\u00e9otypes et les discriminations, pour faciliter la connaissance de l\u2019autre et la collaboration, dans un processus d\u2019apprentissage tout au long de la vie ?<br>&#8211; Les arts comme outils de dialogue, d&#8217;action, d\u2019innovation et d\u2019\u00e9ducation avec tous publics<\/p>\n\n\n\n<div style=\"height:30px\" aria-hidden=\"true\" class=\" wp-block-spacer eplus-wrapper\"><\/div>\n\n\n\n<p class=\" eplus-wrapper\" style=\"font-size:clamp(14px, 0.875rem + ((1vw - 3.2px) * 0.114), 15px);\">Pr\u00e9sent 36 \u00e9tudiants de beaux-arts de Kaboul, universit\u00e9 American<\/p>\n\n\n\n<div style=\"height:30px\" aria-hidden=\"true\" class=\" wp-block-spacer eplus-wrapper\"><\/div>\n\n\n\n<p class=\" eplus-wrapper\" style=\"font-size:clamp(14px, 0.875rem + ((1vw - 3.2px) * 0.114), 15px);\"><strong>C\/ rencontre \/ dialogue avec des artistes et \u00e9tudiants afghans<\/strong><br>&#8211; Pr\u00e9sentation de chacun<br>&#8211; Identification des enjeux soci\u00e9taux et individuels<br>&#8211; Discussion des axes de travail pour pr\u00e9parer l\u2019atelier qui se d\u00e9roulerait lors d\u2019une 2eme rencontre en 2015.<\/p>\n\n\n\n<div style=\"height:30px\" aria-hidden=\"true\" class=\" wp-block-spacer eplus-wrapper\"><\/div>\n\n\n\n<p class=\" eplus-wrapper\" style=\"font-size:clamp(14px, 0.875rem + ((1vw - 3.2px) * 0.114), 15px);\">Depuis 2003, M\u00e9moire de l\u2019Avenir forme aux probl\u00e9matiques li\u00e9es \u00e0 la discrimination et au vivre-ensemble au c\u0153ur de soci\u00e9t\u00e9s pluri culturelles. Cette formation a pour objectif principal de pr\u00e9senter les arts comme des outils de dialogue et d\u2019\u00e9ducation avec les publics prioritaires \u00e9voluant dans une soci\u00e9t\u00e9 multiculturelle.<\/p>\n\n\n\n<div style=\"height:30px\" aria-hidden=\"true\" class=\" wp-block-spacer eplus-wrapper\"><\/div>\n\n\n\n<p class=\" eplus-wrapper\" style=\"font-size:clamp(14px, 0.875rem + ((1vw - 3.2px) * 0.114), 15px);\">La formation propose un \u00e9clairage et un approfondissement des questionnements et des pratiques de m\u00e9diation \u2013 artistique et culturelle , \u00e0 travers la pratique artistique et le patrimoine comme outils de r\u00e9\ufb02exion et d&#8217;expression, en s\u2019appuyant sur un \u00e9clairage transdisciplinaire, m\u00ealant apports artistiques, anthropologiques et philosophiques. Elle est bas\u00e9e sur une m\u00e9thodologie participative, sur le partage d\u2019exp\u00e9rience et sur di\ufb00\u00e9rents supports et outils, ainsi que des ateliers de mise en pratique, qui feront \u00e9merger les notions th\u00e9oriques, liant l\u2019\u00e9thique \u00e0 l&#8217;esth\u00e9tique.<\/p>\n\n\n\n<div style=\"height:30px\" aria-hidden=\"true\" class=\" wp-block-spacer eplus-wrapper\"><\/div>\n\n\n\n<p class=\" eplus-wrapper\" style=\"font-size:clamp(14px, 0.875rem + ((1vw - 3.2px) * 0.114), 15px);\">L\u2019art et la culture offrent un re\ufb02et de la soci\u00e9t\u00e9 ; ils repr\u00e9sentent les manifestations de contextes, de probl\u00e9matiques, et mettent en lumi\u00e8re diverses dynamiques identitaires et sociales.<\/p>\n\n\n\n<div style=\"height:30px\" aria-hidden=\"true\" class=\" wp-block-spacer eplus-wrapper\"><\/div>\n\n\n\n<p class=\" eplus-wrapper\" style=\"font-size:clamp(14px, 0.875rem + ((1vw - 3.2px) * 0.114), 15px);\">A ce titre, ils peuvent \u00eatre utilis\u00e9s comme outils de discussion, de d\u00e9bat et de questionnement critique. Ils ont la capacit\u00e9 de remettre en question et de favoriser la connaissance et de lutter contre toutes formes de pr\u00e9jug\u00e9s,&nbsp; st\u00e9r\u00e9otypes,ou discriminations de tout ordre.<\/p>\n\n\n\n<div style=\"height:30px\" aria-hidden=\"true\" class=\" wp-block-spacer eplus-wrapper\"><\/div>\n\n\n\n<p class=\" eplus-wrapper\" style=\"font-size:clamp(14px, 0.875rem + ((1vw - 3.2px) * 0.114), 15px);\"><strong><a href=\"http:\/\/www.memoire-a-venir.org\/wa_files\/Ethique_20et_20esth_C3_A9tique_20de_20l_27art_20Margalit_20Berriet.pdf\" target=\"_blank\" target=\"_blank\" rel=\"noreferrer noopener\">Ethique et esth\u00e9tique de l&#8217;Art par Margalit Berriet<\/a><\/strong><\/p>\n\n\n\n<div style=\"height:30px\" aria-hidden=\"true\" class=\" wp-block-spacer eplus-wrapper\"><\/div>\n\n\n\n<figure class=\" wp-block-image size-full eplus-wrapper\"><img loading=\"lazy\" decoding=\"async\" width=\"695\" height=\"520\" src=\"https:\/\/preprod.gmindia.tech\/mda\/en\/wp-content\/uploads\/sites\/2\/2024\/02\/IMG_3936.jpg\" alt=\"\" class=\"wp-image-1646\"\/><\/figure>\n\n\n\n<div style=\"height:30px\" aria-hidden=\"true\" class=\" wp-block-spacer eplus-wrapper\"><\/div>\n\n\n\n<div class=\"wp-block-columns eplus-wrapper is-layout-flex wp-container-core-columns-is-layout-28f84493 wp-block-columns-is-layout-flex\">\n<div class=\"wp-block-column eplus-wrapper is-layout-flow wp-block-column-is-layout-flow\">\n<figure class=\" wp-block-image size-full eplus-wrapper\"><img loading=\"lazy\" decoding=\"async\" width=\"480\" height=\"360\" src=\"https:\/\/preprod.gmindia.tech\/mda\/en\/wp-content\/uploads\/sites\/2\/2024\/02\/P8300134.jpg\" alt=\"\" class=\"wp-image-1647\"\/><\/figure>\n<\/div>\n\n\n\n<div class=\"wp-block-column eplus-wrapper is-layout-flow wp-block-column-is-layout-flow\">\n<figure class=\" wp-block-image size-full eplus-wrapper\"><img loading=\"lazy\" decoding=\"async\" width=\"400\" height=\"300\" src=\"https:\/\/preprod.gmindia.tech\/mda\/en\/wp-content\/uploads\/sites\/2\/2024\/02\/P83001210.jpg\" alt=\"\" class=\"wp-image-1644\"\/><\/figure>\n<\/div>\n<\/div>\n","protected":false},"excerpt":{"rendered":"<p>AFGHANISTANInstitut Fran\u00e7ais de Kaboul2014 &#8211;&nbsp;U MAN ART Expositions &#8211; dialogues &#8211; workshops Dans le cadre des expositions&nbsp;U-MAN Art&nbsp;de Margalit Berriet et de&nbsp;Tainted Hands&nbsp;du caricaturiste Afghan Mehdi Amini \u00e0 L&#8217;Institut Fran\u00e7ais de Kaboul en septembre 2014, Margalit Berriet a propos\u00e9 \u00e0 des enfants, coll\u00e9giens et lyc\u00e9ens \u00e9tudiant le fran\u00e7ais un programme de dialogues et workshops autour [&hellip;]<\/p>\n","protected":false},"author":1,"featured_media":0,"parent":0,"menu_order":0,"comment_status":"closed","ping_status":"closed","template":"websites-island","meta":{"footnotes":""},"class_list":["post-1642","page","type-page","status-publish","hentry"],"yoast_head":"<!-- This site is optimized with the Yoast SEO plugin v23.9 - https:\/\/yoast.com\/wordpress\/plugins\/seo\/ -->\n<title>AFGHANISTAN - Memory of the Future<\/title>\n<meta name=\"robots\" content=\"index, follow, max-snippet:-1, max-image-preview:large, max-video-preview:-1\" \/>\n<link rel=\"canonical\" href=\"https:\/\/preprod.gmindia.tech\/mda\/en\/afghanistan_en\/\" \/>\n<meta property=\"og:locale\" content=\"en_GB\" \/>\n<meta property=\"og:type\" content=\"article\" \/>\n<meta property=\"og:title\" content=\"AFGHANISTAN - Memory of the Future\" \/>\n<meta property=\"og:description\" content=\"AFGHANISTANInstitut Fran\u00e7ais de Kaboul2014 &#8211;&nbsp;U MAN ART Expositions &#8211; dialogues &#8211; workshops Dans le cadre des expositions&nbsp;U-MAN Art&nbsp;de Margalit Berriet et de&nbsp;Tainted Hands&nbsp;du caricaturiste Afghan Mehdi Amini \u00e0 L&#8217;Institut Fran\u00e7ais de Kaboul en septembre 2014, Margalit Berriet a propos\u00e9 \u00e0 des enfants, coll\u00e9giens et lyc\u00e9ens \u00e9tudiant le fran\u00e7ais un programme de dialogues et workshops autour [&hellip;]\" \/>\n<meta property=\"og:url\" content=\"https:\/\/preprod.gmindia.tech\/mda\/en\/afghanistan_en\/\" \/>\n<meta property=\"og:site_name\" content=\"Memory of the Future\" \/>\n<meta property=\"article:modified_time\" content=\"2024-03-04T11:33:35+00:00\" \/>\n<meta property=\"og:image\" content=\"https:\/\/preprod.gmindia.tech\/mda\/en\/wp-content\/uploads\/sites\/2\/2024\/02\/Parcours_20eleves_20IFA_202014_20MB_20_286_29.jpg\" \/>\n\t<meta property=\"og:image:width\" content=\"560\" \/>\n\t<meta property=\"og:image:height\" content=\"420\" \/>\n\t<meta property=\"og:image:type\" content=\"image\/jpeg\" \/>\n<meta name=\"twitter:card\" content=\"summary_large_image\" \/>\n<meta name=\"twitter:label1\" content=\"Estimated reading time\" \/>\n\t<meta name=\"twitter:data1\" content=\"3 minutes\" \/>\n<script type=\"application\/ld+json\" class=\"yoast-schema-graph\">{\"@context\":\"https:\/\/schema.org\",\"@graph\":[{\"@type\":\"WebPage\",\"@id\":\"https:\/\/preprod.gmindia.tech\/mda\/en\/afghanistan_en\/\",\"url\":\"https:\/\/preprod.gmindia.tech\/mda\/en\/afghanistan_en\/\",\"name\":\"AFGHANISTAN - Memory of the Future\",\"isPartOf\":{\"@id\":\"https:\/\/preprod.gmindia.tech\/mda\/en\/#website\"},\"primaryImageOfPage\":{\"@id\":\"https:\/\/preprod.gmindia.tech\/mda\/en\/afghanistan_en\/#primaryimage\"},\"image\":{\"@id\":\"https:\/\/preprod.gmindia.tech\/mda\/en\/afghanistan_en\/#primaryimage\"},\"thumbnailUrl\":\"https:\/\/preprod.gmindia.tech\/mda\/en\/wp-content\/uploads\/sites\/2\/2024\/02\/Parcours_20eleves_20IFA_202014_20MB_20_286_29.jpg\",\"datePublished\":\"2024-02-16T10:16:16+00:00\",\"dateModified\":\"2024-03-04T11:33:35+00:00\",\"breadcrumb\":{\"@id\":\"https:\/\/preprod.gmindia.tech\/mda\/en\/afghanistan_en\/#breadcrumb\"},\"inLanguage\":\"en-GB\",\"potentialAction\":[{\"@type\":\"ReadAction\",\"target\":[\"https:\/\/preprod.gmindia.tech\/mda\/en\/afghanistan_en\/\"]}]},{\"@type\":\"ImageObject\",\"inLanguage\":\"en-GB\",\"@id\":\"https:\/\/preprod.gmindia.tech\/mda\/en\/afghanistan_en\/#primaryimage\",\"url\":\"https:\/\/preprod.gmindia.tech\/mda\/en\/wp-content\/uploads\/sites\/2\/2024\/02\/Parcours_20eleves_20IFA_202014_20MB_20_286_29.jpg\",\"contentUrl\":\"https:\/\/preprod.gmindia.tech\/mda\/en\/wp-content\/uploads\/sites\/2\/2024\/02\/Parcours_20eleves_20IFA_202014_20MB_20_286_29.jpg\",\"width\":560,\"height\":420},{\"@type\":\"BreadcrumbList\",\"@id\":\"https:\/\/preprod.gmindia.tech\/mda\/en\/afghanistan_en\/#breadcrumb\",\"itemListElement\":[{\"@type\":\"ListItem\",\"position\":1,\"name\":\"Home\",\"item\":\"https:\/\/preprod.gmindia.tech\/mda\/en\/\"},{\"@type\":\"ListItem\",\"position\":2,\"name\":\"AFGHANISTAN\"}]},{\"@type\":\"WebSite\",\"@id\":\"https:\/\/preprod.gmindia.tech\/mda\/en\/#website\",\"url\":\"https:\/\/preprod.gmindia.tech\/mda\/en\/\",\"name\":\"Memory of the Future\",\"description\":\"\",\"publisher\":{\"@id\":\"https:\/\/preprod.gmindia.tech\/mda\/en\/#organization\"},\"potentialAction\":[{\"@type\":\"SearchAction\",\"target\":{\"@type\":\"EntryPoint\",\"urlTemplate\":\"https:\/\/preprod.gmindia.tech\/mda\/en\/?s={search_term_string}\"},\"query-input\":{\"@type\":\"PropertyValueSpecification\",\"valueRequired\":true,\"valueName\":\"search_term_string\"}}],\"inLanguage\":\"en-GB\"},{\"@type\":\"Organization\",\"@id\":\"https:\/\/preprod.gmindia.tech\/mda\/en\/#organization\",\"name\":\"Memory of the Future\",\"url\":\"https:\/\/preprod.gmindia.tech\/mda\/en\/\",\"logo\":{\"@type\":\"ImageObject\",\"inLanguage\":\"en-GB\",\"@id\":\"https:\/\/preprod.gmindia.tech\/mda\/en\/#\/schema\/logo\/image\/\",\"url\":\"https:\/\/preprod.gmindia.tech\/mda\/en\/wp-content\/uploads\/sites\/2\/2024\/01\/logo_20mda_2010202000.png\",\"contentUrl\":\"https:\/\/preprod.gmindia.tech\/mda\/en\/wp-content\/uploads\/sites\/2\/2024\/01\/logo_20mda_2010202000.png\",\"width\":123,\"height\":220,\"caption\":\"Memory of the Future\"},\"image\":{\"@id\":\"https:\/\/preprod.gmindia.tech\/mda\/en\/#\/schema\/logo\/image\/\"}}]}<\/script>\n<!-- \/ Yoast SEO plugin. -->","yoast_head_json":{"title":"AFGHANISTAN - Memory of the Future","robots":{"index":"index","follow":"follow","max-snippet":"max-snippet:-1","max-image-preview":"max-image-preview:large","max-video-preview":"max-video-preview:-1"},"canonical":"https:\/\/preprod.gmindia.tech\/mda\/en\/afghanistan_en\/","og_locale":"en_GB","og_type":"article","og_title":"AFGHANISTAN - Memory of the Future","og_description":"AFGHANISTANInstitut Fran\u00e7ais de Kaboul2014 &#8211;&nbsp;U MAN ART Expositions &#8211; dialogues &#8211; workshops Dans le cadre des expositions&nbsp;U-MAN Art&nbsp;de Margalit Berriet et de&nbsp;Tainted Hands&nbsp;du caricaturiste Afghan Mehdi Amini \u00e0 L&#8217;Institut Fran\u00e7ais de Kaboul en septembre 2014, Margalit Berriet a propos\u00e9 \u00e0 des enfants, coll\u00e9giens et lyc\u00e9ens \u00e9tudiant le fran\u00e7ais un programme de dialogues et workshops autour [&hellip;]","og_url":"https:\/\/preprod.gmindia.tech\/mda\/en\/afghanistan_en\/","og_site_name":"Memory of the Future","article_modified_time":"2024-03-04T11:33:35+00:00","og_image":[{"width":560,"height":420,"url":"https:\/\/preprod.gmindia.tech\/mda\/en\/wp-content\/uploads\/sites\/2\/2024\/02\/Parcours_20eleves_20IFA_202014_20MB_20_286_29.jpg","type":"image\/jpeg"}],"twitter_card":"summary_large_image","twitter_misc":{"Estimated reading time":"3 minutes"},"schema":{"@context":"https:\/\/schema.org","@graph":[{"@type":"WebPage","@id":"https:\/\/preprod.gmindia.tech\/mda\/en\/afghanistan_en\/","url":"https:\/\/preprod.gmindia.tech\/mda\/en\/afghanistan_en\/","name":"AFGHANISTAN - Memory of the Future","isPartOf":{"@id":"https:\/\/preprod.gmindia.tech\/mda\/en\/#website"},"primaryImageOfPage":{"@id":"https:\/\/preprod.gmindia.tech\/mda\/en\/afghanistan_en\/#primaryimage"},"image":{"@id":"https:\/\/preprod.gmindia.tech\/mda\/en\/afghanistan_en\/#primaryimage"},"thumbnailUrl":"https:\/\/preprod.gmindia.tech\/mda\/en\/wp-content\/uploads\/sites\/2\/2024\/02\/Parcours_20eleves_20IFA_202014_20MB_20_286_29.jpg","datePublished":"2024-02-16T10:16:16+00:00","dateModified":"2024-03-04T11:33:35+00:00","breadcrumb":{"@id":"https:\/\/preprod.gmindia.tech\/mda\/en\/afghanistan_en\/#breadcrumb"},"inLanguage":"en-GB","potentialAction":[{"@type":"ReadAction","target":["https:\/\/preprod.gmindia.tech\/mda\/en\/afghanistan_en\/"]}]},{"@type":"ImageObject","inLanguage":"en-GB","@id":"https:\/\/preprod.gmindia.tech\/mda\/en\/afghanistan_en\/#primaryimage","url":"https:\/\/preprod.gmindia.tech\/mda\/en\/wp-content\/uploads\/sites\/2\/2024\/02\/Parcours_20eleves_20IFA_202014_20MB_20_286_29.jpg","contentUrl":"https:\/\/preprod.gmindia.tech\/mda\/en\/wp-content\/uploads\/sites\/2\/2024\/02\/Parcours_20eleves_20IFA_202014_20MB_20_286_29.jpg","width":560,"height":420},{"@type":"BreadcrumbList","@id":"https:\/\/preprod.gmindia.tech\/mda\/en\/afghanistan_en\/#breadcrumb","itemListElement":[{"@type":"ListItem","position":1,"name":"Home","item":"https:\/\/preprod.gmindia.tech\/mda\/en\/"},{"@type":"ListItem","position":2,"name":"AFGHANISTAN"}]},{"@type":"WebSite","@id":"https:\/\/preprod.gmindia.tech\/mda\/en\/#website","url":"https:\/\/preprod.gmindia.tech\/mda\/en\/","name":"Memory of the Future","description":"","publisher":{"@id":"https:\/\/preprod.gmindia.tech\/mda\/en\/#organization"},"potentialAction":[{"@type":"SearchAction","target":{"@type":"EntryPoint","urlTemplate":"https:\/\/preprod.gmindia.tech\/mda\/en\/?s={search_term_string}"},"query-input":{"@type":"PropertyValueSpecification","valueRequired":true,"valueName":"search_term_string"}}],"inLanguage":"en-GB"},{"@type":"Organization","@id":"https:\/\/preprod.gmindia.tech\/mda\/en\/#organization","name":"Memory of the Future","url":"https:\/\/preprod.gmindia.tech\/mda\/en\/","logo":{"@type":"ImageObject","inLanguage":"en-GB","@id":"https:\/\/preprod.gmindia.tech\/mda\/en\/#\/schema\/logo\/image\/","url":"https:\/\/preprod.gmindia.tech\/mda\/en\/wp-content\/uploads\/sites\/2\/2024\/01\/logo_20mda_2010202000.png","contentUrl":"https:\/\/preprod.gmindia.tech\/mda\/en\/wp-content\/uploads\/sites\/2\/2024\/01\/logo_20mda_2010202000.png","width":123,"height":220,"caption":"Memory of the Future"},"image":{"@id":"https:\/\/preprod.gmindia.tech\/mda\/en\/#\/schema\/logo\/image\/"}}]}},"_links":{"self":[{"href":"https:\/\/preprod.gmindia.tech\/mda\/en\/wp-json\/wp\/v2\/pages\/1642","targetHints":{"allow":["GET"]}}],"collection":[{"href":"https:\/\/preprod.gmindia.tech\/mda\/en\/wp-json\/wp\/v2\/pages"}],"about":[{"href":"https:\/\/preprod.gmindia.tech\/mda\/en\/wp-json\/wp\/v2\/types\/page"}],"author":[{"embeddable":true,"href":"https:\/\/preprod.gmindia.tech\/mda\/en\/wp-json\/wp\/v2\/users\/1"}],"replies":[{"embeddable":true,"href":"https:\/\/preprod.gmindia.tech\/mda\/en\/wp-json\/wp\/v2\/comments?post=1642"}],"version-history":[{"count":1,"href":"https:\/\/preprod.gmindia.tech\/mda\/en\/wp-json\/wp\/v2\/pages\/1642\/revisions"}],"predecessor-version":[{"id":3026,"href":"https:\/\/preprod.gmindia.tech\/mda\/en\/wp-json\/wp\/v2\/pages\/1642\/revisions\/3026"}],"wp:attachment":[{"href":"https:\/\/preprod.gmindia.tech\/mda\/en\/wp-json\/wp\/v2\/media?parent=1642"}],"curies":[{"name":"wp","href":"https:\/\/api.w.org\/{rel}","templated":true}]}}