{"id":2665,"date":"2024-02-05T07:06:52","date_gmt":"2024-02-05T07:06:52","guid":{"rendered":"http:\/\/localhost\/mdamulti\/?page_id=2665"},"modified":"2025-09-22T10:52:53","modified_gmt":"2025-09-22T10:52:53","slug":"partenaires_en","status":"publish","type":"page","link":"https:\/\/preprod.gmindia.tech\/mda\/en\/partenaires_en\/","title":{"rendered":"NOS PARTENAIRES"},"content":{"rendered":"\n<h4 class=\"wp-block-heading has-text-align-center eplus-wrapper\" style=\"font-size:clamp(22.041px, 1.378rem + ((1vw - 3.2px) * 1.586), 36px);\"><strong>OUR PARTNERS<\/strong><a href=\"http:\/\/www.afifi-group.com\/\" target=\"_blank\"><\/a><\/h4>\n\n\n\n<div style=\"height:30px\" aria-hidden=\"true\" class=\"wp-block-spacer eplus-wrapper\"><\/div>\n\n\n\n<p class=\"eplus-wrapper has-ubuntu-font-family\" style=\"font-size:clamp(14px, 0.875rem + ((1vw - 3.2px) * 0.682), 20px);\"><strong><strong>Thank you for all who supported M\u00e9moire de l&#8217;Avenir&nbsp;<\/strong><a href=\"https:\/\/www.memoire-a-venir.org\/crbst_28_en.html\" target=\"_blank\"><strong><mark style=\"background-color:rgba(0, 0, 0, 0)\" class=\"has-inline-color has-vivid-cyan-blue-color\">yesterday<\/mark><\/strong><\/a><strong>&nbsp;and today<\/strong><\/strong><\/p>\n\n\n\n<div style=\"height:48px\" aria-hidden=\"true\" class=\"wp-block-spacer eplus-wrapper\"><\/div>\n\n\n\n<p class=\"eplus-wrapper has-ubuntu-font-family\" style=\"font-size:clamp(16.293px, 1.018rem + ((1vw - 3.2px) * 0.989), 25px);\"><strong>Partners and founders of&nbsp;<\/strong><a href=\"https:\/\/arts-and-society.org\/\" target=\"_blank\"><strong>Arts and Society&#8217;s project<\/strong><\/a><\/p>\n\n\n\n<p class=\"eplus-wrapper has-ubuntu-font-family\" style=\"font-size:clamp(14px, 0.875rem + ((1vw - 3.2px) * 0.682), 20px);\"><a href=\"http:\/\/www.unesco.org\/new\/fr\/social-and-human-sciences\/themes\/most-programme\/about-most\/\" target=\"_blank\" target=\"_blank\" rel=\"noreferrer noopener\">UNESCO_MOST<\/a><br><a href=\"http:\/\/www.cipsh.net\/htm\/\" target=\"_blank\" target=\"_blank\" rel=\"noreferrer noopener\">C.I.P.S.H &#8211; Conseil International de la Philosophie et des Sciences Humaines<\/a><br><a href=\"https:\/\/www.thejenadeclaration.org\/about\" target=\"_blank\" target=\"_blank\" rel=\"noreferrer noopener\">TJD &#8211; THE JENA DECLARATION<\/a><br><a href=\"http:\/\/www.webacappella.comhttps\/\/www.apheleiaproject.org\/apheleia\/\" target=\"_blank\" target=\"_blank\" rel=\"noreferrer noopener\">Apheleia Project.org<\/a><br><a href=\"http:\/\/www.gcac.org.sg\/en\/home\/\" target=\"_blank\" target=\"_blank\" rel=\"noreferrer noopener\">GCAC &#8211; Global Chinese Art and Culture Society<\/a><br>M\u00e9moire de l&#8217;Avenir<\/p>\n\n\n\n<p class=\"eplus-wrapper has-ubuntu-font-family\" style=\"padding-top:40px;font-size:clamp(16.293px, 1.018rem + ((1vw - 3.2px) * 0.989), 25px);\"><strong>Partenaires publics<\/strong><\/p>\n\n\n\n<p class=\"eplus-wrapper has-ubuntu-font-family\" style=\"padding-top:0px;padding-bottom:0px;font-size:clamp(14px, 0.875rem + ((1vw - 3.2px) * 0.682), 20px);\"><a href=\"void(0)\" target=\"_blank\" rel=\"noreferrer noopener\">Minist\u00e8re de l&#8217;\u00c9ducation nationale<\/a><br><a href=\"https:\/\/www.cohesion-territoires.gouv.fr\/\" target=\"_blank\" target=\"_blank\" rel=\"noreferrer noopener\">Minist\u00e8re charg\u00e9 de la ville<\/a><br><a href=\"https:\/\/www.culture.gouv.fr\/Regions\/Drac-Ile-de-France\" target=\"_blank\" target=\"_blank\" rel=\"noreferrer noopener\">Drac Ile-de-France<\/a><br><a href=\"http:\/\/www.ddcs.paris.gouv.fr\/SITE-DDCS\/LA-DDCS-DE-PARIS\" target=\"_blank\" target=\"_blank\" rel=\"noreferrer noopener\">Pr\u00e9fecture de Paris &#8211; Direction d\u00e9partementale de la coh\u00e9sion sociale<\/a><br><a href=\"https:\/\/www.cget.gouv.fr\/le-cget\/organisation\" target=\"_blank\" target=\"_blank\" rel=\"noreferrer noopener\">CGET &#8211; Commissariat g\u00e9n\u00e9ral \u00e0 l&#8217;\u00e9galit\u00e9 des territoires<\/a><br><a href=\"https:\/\/www.cipdr.gouv.fr\/le-cipdr\/le-fipd\/\" target=\"_blank\" target=\"_blank\" rel=\"noreferrer noopener\">Fonds interminist\u00e9riel de pr\u00e9vention de la d\u00e9linquance (FIPD)<\/a><br><a href=\"https:\/\/www.fonjep.org\/\" target=\"_blank\" target=\"_blank\" rel=\"noreferrer noopener\">FONJEP<\/a><br><a href=\"http:\/\/www.justice.gouv.fr\/art_pix\/BrochureSPIP.pdf\" target=\"_blank\" target=\"_blank\" rel=\"noreferrer noopener\">SPIP<\/a><br><a href=\"https:\/\/www.gouvernement.fr\/dilcrah\" target=\"_blank\" target=\"_blank\" rel=\"noreferrer noopener\">D\u00e9l\u00e9gation Interminist\u00e9rielle \u00e0 la Lutte Contre le Racisme, l&#8217;Antis\u00e9mitisme et la Haine anti-LGBT (DILCRAH)<\/a><br><a href=\"https:\/\/www.paris.fr\/\" target=\"_blank\" target=\"_blank\" rel=\"noreferrer noopener\">Ville de Paris<\/a><br><\/p>\n\n\n\n<p class=\"eplus-wrapper has-ubuntu-font-family\" style=\"font-size:clamp(14px, 0.875rem + ((1vw - 3.2px) * 0.682), 20px);\">Direction des affaires scolaires<br>Direction des affaires culturelles<\/p>\n\n\n\n<p class=\"eplus-wrapper has-ubuntu-font-family\" style=\"font-size:clamp(14px, 0.875rem + ((1vw - 3.2px) * 0.682), 20px);\"><a href=\"https:\/\/www.mairie20.paris.fr\/\" target=\"_blank\" target=\"_blank\" rel=\"noreferrer noopener\">Mairie du 20e arrondissement &#8211; Paris<\/a><\/p>\n\n\n\n<p class=\"eplus-wrapper has-ubuntu-font-family\" style=\"padding-top:40px;font-size:clamp(16.293px, 1.018rem + ((1vw - 3.2px) * 0.989), 25px);\"><strong>Partenaires priv\u00e9s<\/strong><\/p>\n\n\n\n<p class=\"eplus-wrapper has-ubuntu-font-family\" style=\"padding-top:0px;padding-bottom:0px;font-size:clamp(14px, 0.875rem + ((1vw - 3.2px) * 0.682), 20px);\"><a href=\"https:\/\/www.groupem6.fr\/engagements\/la-fondation\/\" target=\"_blank\" target=\"_blank\" rel=\"noreferrer noopener\">Fondation M6<\/a><br><a href=\"http:\/\/www.fondationshoah.org\/\" target=\"_blank\" target=\"_blank\" rel=\"noreferrer noopener\">Fondation pour la M\u00e9moire de la Shoah<\/a><br><a href=\"https:\/\/www.parishabitat.fr\/Pages\/Accueil.aspx\" target=\"_blank\" target=\"_blank\" rel=\"noreferrer noopener\">Paris Habitat<\/a><br><a href=\"https:\/\/www.fondationdefrance.org\/fr\/fondation\/fondation-bnp-paribas\" target=\"_blank\" target=\"_blank\" rel=\"noreferrer noopener\">Fondation BNP Paribas<\/a><\/p>\n\n\n\n<p class=\"eplus-wrapper\" style=\"padding-top:40px;font-size:clamp(16.293px, 1.018rem + ((1vw - 3.2px) * 0.989), 25px);\"><strong>Structures associ\u00e9es<\/strong><\/p>\n\n\n\n<p class=\"eplus-wrapper\" style=\"padding-top:0px;padding-bottom:0px;font-size:clamp(14px, 0.875rem + ((1vw - 3.2px) * 0.682), 20px);\"><a href=\"https:\/\/www.maisondesmetallos.paris\/\" target=\"_blank\" target=\"_blank\" rel=\"noreferrer noopener\">La Maison des M\u00e9tallos<\/a><br><a href=\"https:\/\/lesplateauxsauvages.fr\/\" target=\"_blank\" target=\"_blank\" rel=\"noreferrer noopener\">Les Plateaux Sauvages<\/a><br><a href=\"https:\/\/www.missionlocale.paris\/\" target=\"_blank\" target=\"_blank\" rel=\"noreferrer noopener\">La Mission Locale<\/a><br><a href=\"https:\/\/www.france-terre-asile.org\/\" target=\"_blank\" target=\"_blank\" rel=\"noreferrer noopener\">France Terre d\u2019Asile<\/a><br><a href=\"https:\/\/www.groupe-sos.org\/\" target=\"_blank\" target=\"_blank\" rel=\"noreferrer noopener\">Groupe SOS<\/a><br><a href=\"https:\/\/www.leolagrange.org\/\" target=\"_blank\" target=\"_blank\" rel=\"noreferrer noopener\">F\u00e9d\u00e9ration L\u00e9o Lagrange<\/a><br><a href=\"http:\/\/www.lucernaire.fr\/\" target=\"_blank\" target=\"_blank\" rel=\"noreferrer noopener\">Le Lucernaire<\/a><br><a href=\"https:\/\/www.villabelleville.org\/\" target=\"_blank\" target=\"_blank\" rel=\"noreferrer noopener\">Villa Belleville<\/a><\/p>\n\n\n\n<div style=\"height:30px\" aria-hidden=\"true\" class=\"wp-block-spacer\"><\/div>\n\n\n\n<p><strong>R\u00e9seaux et partenaires d\u2019ici et d\u2019ailleurs :<\/strong><\/p>\n\n\n\n<div style=\"height:30px\" aria-hidden=\"true\" class=\"wp-block-spacer\"><\/div>\n\n\n\n<div class=\"wp-block-columns is-layout-flex wp-container-core-columns-is-layout-28f84493 wp-block-columns-is-layout-flex\">\n<div class=\"wp-block-column is-layout-flow wp-block-column-is-layout-flow\">\n<figure class=\"wp-block-image size-full\"><img decoding=\"async\" src=\"https:\/\/preprod.gmindia.tech\/mda\/wp-content\/uploads\/2025\/09\/crbst_import51.jpg\" alt=\"\" class=\"wp-image-6751\"\/><\/figure>\n<\/div>\n\n\n\n<div class=\"wp-block-column is-layout-flow wp-block-column-is-layout-flow\">\n<figure class=\"wp-block-image size-full is-resized\"><img decoding=\"async\" src=\"https:\/\/preprod.gmindia.tech\/mda\/wp-content\/uploads\/2025\/09\/crbst_import53.jpg\" alt=\"\" class=\"wp-image-6753\" style=\"width:150px\"\/><\/figure>\n<\/div>\n<\/div>\n\n\n\n<div class=\"wp-block-columns is-layout-flex wp-container-core-columns-is-layout-28f84493 wp-block-columns-is-layout-flex\">\n<div class=\"wp-block-column is-layout-flow wp-block-column-is-layout-flow\">\n<figure class=\"wp-block-image size-full\"><img decoding=\"async\" src=\"https:\/\/preprod.gmindia.tech\/mda\/wp-content\/uploads\/2025\/09\/crbst_PFC_20Nouvelle_20Adresse_20logo.jpg\" alt=\"\" class=\"wp-image-6756\"\/><\/figure>\n<\/div>\n\n\n\n<div class=\"wp-block-column is-layout-flow wp-block-column-is-layout-flow\">\n<figure class=\"wp-block-image aligncenter size-full\"><img decoding=\"async\" src=\"https:\/\/preprod.gmindia.tech\/mda\/wp-content\/uploads\/2025\/09\/crbst_image001.jpg\" alt=\"\" class=\"wp-image-6757\"\/><\/figure>\n<\/div>\n\n\n\n<div class=\"wp-block-column is-layout-flow wp-block-column-is-layout-flow\">\n<figure class=\"wp-block-image size-full\"><img decoding=\"async\" src=\"https:\/\/preprod.gmindia.tech\/mda\/wp-content\/uploads\/2025\/09\/group_20afifi_2011.jpg\" alt=\"\" class=\"wp-image-6758\"\/><\/figure>\n<\/div>\n<\/div>\n","protected":false},"excerpt":{"rendered":"<p>OUR PARTNERS Thank you for all who supported M\u00e9moire de l&#8217;Avenir&nbsp;yesterday&nbsp;and today Partners and founders of&nbsp;Arts and Society&#8217;s project UNESCO_MOSTC.I.P.S.H &#8211; Conseil International de la Philosophie et des Sciences HumainesTJD &#8211; THE JENA DECLARATIONApheleia Project.orgGCAC &#8211; Global Chinese Art and Culture SocietyM\u00e9moire de l&#8217;Avenir Partenaires publics Minist\u00e8re de l&#8217;\u00c9ducation nationaleMinist\u00e8re charg\u00e9 de la villeDrac Ile-de-FrancePr\u00e9fecture [&hellip;]<\/p>\n","protected":false},"author":1,"featured_media":0,"parent":0,"menu_order":0,"comment_status":"closed","ping_status":"closed","template":"websites-island","meta":{"footnotes":""},"class_list":["post-2665","page","type-page","status-publish","hentry"],"yoast_head":"<!-- This site is optimized with the Yoast SEO plugin v23.9 - https:\/\/yoast.com\/wordpress\/plugins\/seo\/ -->\n<title>NOS PARTENAIRES - Memory of the Future<\/title>\n<meta name=\"robots\" content=\"index, follow, max-snippet:-1, max-image-preview:large, max-video-preview:-1\" \/>\n<link rel=\"canonical\" href=\"https:\/\/preprod.gmindia.tech\/mda\/en\/partenaires_en\/\" \/>\n<meta property=\"og:locale\" content=\"en_GB\" \/>\n<meta property=\"og:type\" content=\"article\" \/>\n<meta property=\"og:title\" content=\"NOS PARTENAIRES - Memory of the Future\" \/>\n<meta property=\"og:description\" content=\"OUR PARTNERS Thank you for all who supported M\u00e9moire de l&#8217;Avenir&nbsp;yesterday&nbsp;and today Partners and founders of&nbsp;Arts and Society&#8217;s project UNESCO_MOSTC.I.P.S.H &#8211; Conseil International de la Philosophie et des Sciences HumainesTJD &#8211; THE JENA DECLARATIONApheleia Project.orgGCAC &#8211; Global Chinese Art and Culture SocietyM\u00e9moire de l&#8217;Avenir Partenaires publics Minist\u00e8re de l&#8217;\u00c9ducation nationaleMinist\u00e8re charg\u00e9 de la villeDrac Ile-de-FrancePr\u00e9fecture [&hellip;]\" \/>\n<meta property=\"og:url\" content=\"https:\/\/preprod.gmindia.tech\/mda\/en\/partenaires_en\/\" \/>\n<meta property=\"og:site_name\" content=\"Memory of the Future\" \/>\n<meta property=\"article:modified_time\" content=\"2025-09-22T10:52:53+00:00\" \/>\n<meta name=\"twitter:card\" content=\"summary_large_image\" \/>\n<meta name=\"twitter:label1\" content=\"Estimated reading time\" \/>\n\t<meta name=\"twitter:data1\" content=\"2 minutes\" \/>\n<script type=\"application\/ld+json\" class=\"yoast-schema-graph\">{\"@context\":\"https:\/\/schema.org\",\"@graph\":[{\"@type\":\"WebPage\",\"@id\":\"https:\/\/preprod.gmindia.tech\/mda\/en\/partenaires_en\/\",\"url\":\"https:\/\/preprod.gmindia.tech\/mda\/en\/partenaires_en\/\",\"name\":\"NOS PARTENAIRES - Memory of the Future\",\"isPartOf\":{\"@id\":\"https:\/\/preprod.gmindia.tech\/mda\/en\/#website\"},\"primaryImageOfPage\":{\"@id\":\"https:\/\/preprod.gmindia.tech\/mda\/en\/partenaires_en\/#primaryimage\"},\"image\":{\"@id\":\"https:\/\/preprod.gmindia.tech\/mda\/en\/partenaires_en\/#primaryimage\"},\"thumbnailUrl\":\"https:\/\/preprod.gmindia.tech\/mda\/wp-content\/uploads\/2025\/09\/crbst_import51.jpg\",\"datePublished\":\"2024-02-05T07:06:52+00:00\",\"dateModified\":\"2025-09-22T10:52:53+00:00\",\"breadcrumb\":{\"@id\":\"https:\/\/preprod.gmindia.tech\/mda\/en\/partenaires_en\/#breadcrumb\"},\"inLanguage\":\"en-GB\",\"potentialAction\":[{\"@type\":\"ReadAction\",\"target\":[\"https:\/\/preprod.gmindia.tech\/mda\/en\/partenaires_en\/\"]}]},{\"@type\":\"ImageObject\",\"inLanguage\":\"en-GB\",\"@id\":\"https:\/\/preprod.gmindia.tech\/mda\/en\/partenaires_en\/#primaryimage\",\"url\":\"https:\/\/preprod.gmindia.tech\/mda\/wp-content\/uploads\/2025\/09\/crbst_import51.jpg\",\"contentUrl\":\"https:\/\/preprod.gmindia.tech\/mda\/wp-content\/uploads\/2025\/09\/crbst_import51.jpg\"},{\"@type\":\"BreadcrumbList\",\"@id\":\"https:\/\/preprod.gmindia.tech\/mda\/en\/partenaires_en\/#breadcrumb\",\"itemListElement\":[{\"@type\":\"ListItem\",\"position\":1,\"name\":\"Home\",\"item\":\"https:\/\/preprod.gmindia.tech\/mda\/en\/\"},{\"@type\":\"ListItem\",\"position\":2,\"name\":\"NOS PARTENAIRES\"}]},{\"@type\":\"WebSite\",\"@id\":\"https:\/\/preprod.gmindia.tech\/mda\/en\/#website\",\"url\":\"https:\/\/preprod.gmindia.tech\/mda\/en\/\",\"name\":\"Memory of the Future\",\"description\":\"\",\"publisher\":{\"@id\":\"https:\/\/preprod.gmindia.tech\/mda\/en\/#organization\"},\"potentialAction\":[{\"@type\":\"SearchAction\",\"target\":{\"@type\":\"EntryPoint\",\"urlTemplate\":\"https:\/\/preprod.gmindia.tech\/mda\/en\/?s={search_term_string}\"},\"query-input\":{\"@type\":\"PropertyValueSpecification\",\"valueRequired\":true,\"valueName\":\"search_term_string\"}}],\"inLanguage\":\"en-GB\"},{\"@type\":\"Organization\",\"@id\":\"https:\/\/preprod.gmindia.tech\/mda\/en\/#organization\",\"name\":\"Memory of the Future\",\"url\":\"https:\/\/preprod.gmindia.tech\/mda\/en\/\",\"logo\":{\"@type\":\"ImageObject\",\"inLanguage\":\"en-GB\",\"@id\":\"https:\/\/preprod.gmindia.tech\/mda\/en\/#\/schema\/logo\/image\/\",\"url\":\"https:\/\/preprod.gmindia.tech\/mda\/en\/wp-content\/uploads\/sites\/2\/2024\/01\/logo_20mda_2010202000.png\",\"contentUrl\":\"https:\/\/preprod.gmindia.tech\/mda\/en\/wp-content\/uploads\/sites\/2\/2024\/01\/logo_20mda_2010202000.png\",\"width\":123,\"height\":220,\"caption\":\"Memory of the Future\"},\"image\":{\"@id\":\"https:\/\/preprod.gmindia.tech\/mda\/en\/#\/schema\/logo\/image\/\"}}]}<\/script>\n<!-- \/ Yoast SEO plugin. -->","yoast_head_json":{"title":"NOS PARTENAIRES - Memory of the Future","robots":{"index":"index","follow":"follow","max-snippet":"max-snippet:-1","max-image-preview":"max-image-preview:large","max-video-preview":"max-video-preview:-1"},"canonical":"https:\/\/preprod.gmindia.tech\/mda\/en\/partenaires_en\/","og_locale":"en_GB","og_type":"article","og_title":"NOS PARTENAIRES - Memory of the Future","og_description":"OUR PARTNERS Thank you for all who supported M\u00e9moire de l&#8217;Avenir&nbsp;yesterday&nbsp;and today Partners and founders of&nbsp;Arts and Society&#8217;s project UNESCO_MOSTC.I.P.S.H &#8211; Conseil International de la Philosophie et des Sciences HumainesTJD &#8211; THE JENA DECLARATIONApheleia Project.orgGCAC &#8211; Global Chinese Art and Culture SocietyM\u00e9moire de l&#8217;Avenir Partenaires publics Minist\u00e8re de l&#8217;\u00c9ducation nationaleMinist\u00e8re charg\u00e9 de la villeDrac Ile-de-FrancePr\u00e9fecture [&hellip;]","og_url":"https:\/\/preprod.gmindia.tech\/mda\/en\/partenaires_en\/","og_site_name":"Memory of the Future","article_modified_time":"2025-09-22T10:52:53+00:00","twitter_card":"summary_large_image","twitter_misc":{"Estimated reading time":"2 minutes"},"schema":{"@context":"https:\/\/schema.org","@graph":[{"@type":"WebPage","@id":"https:\/\/preprod.gmindia.tech\/mda\/en\/partenaires_en\/","url":"https:\/\/preprod.gmindia.tech\/mda\/en\/partenaires_en\/","name":"NOS PARTENAIRES - Memory of the Future","isPartOf":{"@id":"https:\/\/preprod.gmindia.tech\/mda\/en\/#website"},"primaryImageOfPage":{"@id":"https:\/\/preprod.gmindia.tech\/mda\/en\/partenaires_en\/#primaryimage"},"image":{"@id":"https:\/\/preprod.gmindia.tech\/mda\/en\/partenaires_en\/#primaryimage"},"thumbnailUrl":"https:\/\/preprod.gmindia.tech\/mda\/wp-content\/uploads\/2025\/09\/crbst_import51.jpg","datePublished":"2024-02-05T07:06:52+00:00","dateModified":"2025-09-22T10:52:53+00:00","breadcrumb":{"@id":"https:\/\/preprod.gmindia.tech\/mda\/en\/partenaires_en\/#breadcrumb"},"inLanguage":"en-GB","potentialAction":[{"@type":"ReadAction","target":["https:\/\/preprod.gmindia.tech\/mda\/en\/partenaires_en\/"]}]},{"@type":"ImageObject","inLanguage":"en-GB","@id":"https:\/\/preprod.gmindia.tech\/mda\/en\/partenaires_en\/#primaryimage","url":"https:\/\/preprod.gmindia.tech\/mda\/wp-content\/uploads\/2025\/09\/crbst_import51.jpg","contentUrl":"https:\/\/preprod.gmindia.tech\/mda\/wp-content\/uploads\/2025\/09\/crbst_import51.jpg"},{"@type":"BreadcrumbList","@id":"https:\/\/preprod.gmindia.tech\/mda\/en\/partenaires_en\/#breadcrumb","itemListElement":[{"@type":"ListItem","position":1,"name":"Home","item":"https:\/\/preprod.gmindia.tech\/mda\/en\/"},{"@type":"ListItem","position":2,"name":"NOS PARTENAIRES"}]},{"@type":"WebSite","@id":"https:\/\/preprod.gmindia.tech\/mda\/en\/#website","url":"https:\/\/preprod.gmindia.tech\/mda\/en\/","name":"Memory of the Future","description":"","publisher":{"@id":"https:\/\/preprod.gmindia.tech\/mda\/en\/#organization"},"potentialAction":[{"@type":"SearchAction","target":{"@type":"EntryPoint","urlTemplate":"https:\/\/preprod.gmindia.tech\/mda\/en\/?s={search_term_string}"},"query-input":{"@type":"PropertyValueSpecification","valueRequired":true,"valueName":"search_term_string"}}],"inLanguage":"en-GB"},{"@type":"Organization","@id":"https:\/\/preprod.gmindia.tech\/mda\/en\/#organization","name":"Memory of the Future","url":"https:\/\/preprod.gmindia.tech\/mda\/en\/","logo":{"@type":"ImageObject","inLanguage":"en-GB","@id":"https:\/\/preprod.gmindia.tech\/mda\/en\/#\/schema\/logo\/image\/","url":"https:\/\/preprod.gmindia.tech\/mda\/en\/wp-content\/uploads\/sites\/2\/2024\/01\/logo_20mda_2010202000.png","contentUrl":"https:\/\/preprod.gmindia.tech\/mda\/en\/wp-content\/uploads\/sites\/2\/2024\/01\/logo_20mda_2010202000.png","width":123,"height":220,"caption":"Memory of the Future"},"image":{"@id":"https:\/\/preprod.gmindia.tech\/mda\/en\/#\/schema\/logo\/image\/"}}]}},"_links":{"self":[{"href":"https:\/\/preprod.gmindia.tech\/mda\/en\/wp-json\/wp\/v2\/pages\/2665","targetHints":{"allow":["GET"]}}],"collection":[{"href":"https:\/\/preprod.gmindia.tech\/mda\/en\/wp-json\/wp\/v2\/pages"}],"about":[{"href":"https:\/\/preprod.gmindia.tech\/mda\/en\/wp-json\/wp\/v2\/types\/page"}],"author":[{"embeddable":true,"href":"https:\/\/preprod.gmindia.tech\/mda\/en\/wp-json\/wp\/v2\/users\/1"}],"replies":[{"embeddable":true,"href":"https:\/\/preprod.gmindia.tech\/mda\/en\/wp-json\/wp\/v2\/comments?post=2665"}],"version-history":[{"count":7,"href":"https:\/\/preprod.gmindia.tech\/mda\/en\/wp-json\/wp\/v2\/pages\/2665\/revisions"}],"predecessor-version":[{"id":6810,"href":"https:\/\/preprod.gmindia.tech\/mda\/en\/wp-json\/wp\/v2\/pages\/2665\/revisions\/6810"}],"wp:attachment":[{"href":"https:\/\/preprod.gmindia.tech\/mda\/en\/wp-json\/wp\/v2\/media?parent=2665"}],"curies":[{"name":"wp","href":"https:\/\/api.w.org\/{rel}","templated":true}]}}