{"id":2710,"date":"2024-01-11T11:56:32","date_gmt":"2024-01-11T11:56:32","guid":{"rendered":"http:\/\/localhost\/mdamulti\/?page_id=2710"},"modified":"2025-08-12T09:59:15","modified_gmt":"2025-08-12T09:59:15","slug":"dudessinausymbole_en","status":"publish","type":"page","link":"https:\/\/preprod.gmindia.tech\/mda\/en\/dudessinausymbole_en\/","title":{"rendered":"LE LIVRE"},"content":{"rendered":"\n<div class=\"wp-block-group alignwide eplus-wrapper has-global-padding is-layout-constrained wp-block-group-is-layout-constrained\">\n<div class=\"wp-block-columns alignwide eplus-wrapper is-layout-flex wp-container-core-columns-is-layout-803121f9 wp-block-columns-is-layout-flex\" style=\"margin-top:7.01rem;margin-bottom:2.01rem\">\n<div class=\"wp-block-column eplus-wrapper is-layout-flow wp-block-column-is-layout-flow\" style=\"flex-basis:100%\">\n<h4 class=\"gb-headline gb-headline-09abaa94 gb-headline-text\"><strong>LE LIVRE<\/strong><br><strong>DU DESSIN AU SYMBOLE<\/strong><\/h4>\n\n\n\n<div class=\"wp-block-columns eplus-wrapper is-layout-flex wp-container-core-columns-is-layout-28f84493 wp-block-columns-is-layout-flex\">\n<div class=\"wp-block-column eplus-wrapper is-layout-flow wp-block-column-is-layout-flow\" style=\"flex-basis:75%\">\n<div style=\"height:100px\" aria-hidden=\"true\" class=\"wp-block-spacer eplus-wrapper\"><\/div>\n\n\n\n<p class=\"eplus-wrapper\">Cet ouvrage a pour but de sensibiliser le lecteur aux liens entre les cultures, \u00e0 nos origines, \u00e0 notre futur, \u00e0 notre \u00ab M\u00e9moire de l\u2019Avenir \u00bb&#8230; par le biais d&#8217;une analyse de<br>dessins, symboles, des geste communs \u00e0 des cultures qui semblent pourtant \u00e9loign\u00e9es les unes des autres aujourd&#8217;hui. Ce LIVRE est au croisement de ces chemins, de ce tissage symbolique universel.<\/p>\n\n\n\n<p class=\"eplus-wrapper\">Si vous d\u00e9sirez porter votre regard sur ces pages&#8230; jetez-y un \u0153il&#8230;<br>&#8220;<em>Les yeux mat\u00e9rialisent le point de rencontre entre le monde ext\u00e9rieur et l&#8217;int\u00e9riorit\u00e9 de chaque \u00eatre. Ce sont les fen\u00eatres de l&#8217;esprit&nbsp;<\/em>&#8220;[&#8230;]&#8221; (extrait de Du Dessin au Symbole, p.26)<\/p>\n\n\n\n<div style=\"height:30px\" aria-hidden=\"true\" class=\"wp-block-spacer eplus-wrapper\"><\/div>\n<\/div>\n\n\n\n<div class=\"wp-block-column eplus-wrapper is-layout-flow wp-block-column-is-layout-flow\" style=\"flex-basis:25%\">\n<figure class=\"wp-block-gallery has-nested-images columns-default is-cropped eplus-wrapper wp-block-gallery-1 is-layout-flex wp-block-gallery-is-layout-flex\"><\/figure>\n<\/div>\n<\/div>\n\n\n\n<div class=\"wp-block-columns eplus-wrapper is-layout-flex wp-container-core-columns-is-layout-28f84493 wp-block-columns-is-layout-flex\">\n<div class=\"wp-block-column eplus-wrapper is-layout-flow wp-block-column-is-layout-flow\" style=\"flex-basis:75%\">\t\t<div class=\"fotorama responsive-image-silder\" \n\t\t\tdata-width=\"100%\" \n\t\t\tdata-height=\"\" \n\t\t\tdata-nav=\"dots\"\n\t\t\tdata-navwidth=\"\"\t\t\n\t\t\tdata-allowfullscreen=\"true\" \n\t\t\tdata-fit=\"cover\" \n\t\t\tdata-transitionduration=\"300\" \n\t\t\tdata-autoplay=\"true\" \n\t\t\tdata-loop=\"true\" \n\t\t\tdata-arrows=\"true\" \n\t\t\tdata-swipe=\"true\" \n\t\t\tdata-spinner=\"true\" \n\t\t\tdata-transition=\"slide\" \n\t\t>\n\t\t\t\t\t\t\t\t<img decoding=\"async\" src=\"https:\/\/preprod.gmindia.tech\/mda\/en\/wp-content\/uploads\/sites\/2\/2024\/01\/sl_IMG_0513.jpg\" data-caption=\"\">\n\t\t\t\t\t\t\t\t\t\t \t\t\t\t\t<img decoding=\"async\" src=\"https:\/\/preprod.gmindia.tech\/mda\/en\/wp-content\/uploads\/sites\/2\/2025\/08\/sl_IMG_0503.jpg\" data-caption=\"\">\n\t\t\t\t\t\t\t\t\t\t \t\t\t\t\t<img decoding=\"async\" src=\"https:\/\/preprod.gmindia.tech\/mda\/en\/wp-content\/uploads\/sites\/2\/2025\/08\/sl_IMG_0504.jpg\" data-caption=\"\">\n\t\t\t\t\t\t\t\t\t\t \t\t\t\t\t<img decoding=\"async\" src=\"https:\/\/preprod.gmindia.tech\/mda\/en\/wp-content\/uploads\/sites\/2\/2025\/08\/sl_IMG_0505.jpg\" data-caption=\"\">\n\t\t\t\t\t\t\t\t\t\t \t\t\t\t\t<img decoding=\"async\" src=\"https:\/\/preprod.gmindia.tech\/mda\/en\/wp-content\/uploads\/sites\/2\/2025\/08\/sl_IMG_0506.jpg\" data-caption=\"\">\n\t\t\t\t\t\t\t\t\t\t \t\t\t\t\t<img decoding=\"async\" src=\"https:\/\/preprod.gmindia.tech\/mda\/en\/wp-content\/uploads\/sites\/2\/2025\/08\/sl_IMG_0507.jpg\" data-caption=\"\">\n\t\t\t\t\t\t\t\t\t\t \t\t<\/div>\n\t\t\n<\/div>\n\n\n\n<div class=\"wp-block-column eplus-wrapper is-layout-flow wp-block-column-is-layout-flow\" style=\"flex-basis:25%\"><\/div>\n<\/div>\n\n\n\n<div style=\"height:36px\" aria-hidden=\"true\" class=\"wp-block-spacer eplus-wrapper\"><\/div>\n\n\n\n<div class=\"wp-block-buttons eplus-wrapper is-content-justification-left is-layout-flex wp-container-core-buttons-is-layout-fc4fd283 wp-block-buttons-is-layout-flex\">\n<div class=\"wp-block-button has-custom-width wp-block-button__width-50 is-style-outline eplus-wrapper is-style-outline--2\"><a class=\"wp-block-button__link has-text-color has-link-color wp-element-button\" href=\"https:\/\/preprod.gmindia.tech\/mda\/en\/wp-content\/uploads\/sites\/2\/2024\/02\/EXTRAITS_20LA_20MAIN.pdf\" style=\"border-width:1px;border-radius:0px;color:#080808;padding-top:3px;padding-right:3px;padding-bottom:3px;padding-left:3px\" target=\"_blank\" rel=\"noreferrer noopener\">EXTRAITS<\/a><\/div>\n<\/div>\n\n\n\n<div class=\"wp-block-buttons eplus-wrapper is-content-justification-left is-layout-flex wp-container-core-buttons-is-layout-fc4fd283 wp-block-buttons-is-layout-flex\">\n<div class=\"wp-block-button has-custom-width wp-block-button__width-50 is-style-outline eplus-wrapper is-style-outline--3\"><a class=\"wp-block-button__link has-text-color has-link-color wp-element-button\" href=\"https:\/\/preprod.gmindia.tech\/mda\/en\/wp-content\/uploads\/sites\/2\/2024\/02\/Couverture-Du-dessin-au-Symbole.pdf\" style=\"border-width:1px;border-radius:0px;color:#080808;padding-top:3px;padding-right:3px;padding-bottom:3px;padding-left:3px\" target=\"_blank\" rel=\"noreferrer noopener\">COUVERTURE ET SOMMAIRE<\/a><\/div>\n<\/div>\n\n\n\n<div class=\"wp-block-buttons eplus-wrapper is-content-justification-left is-layout-flex wp-container-core-buttons-is-layout-fc4fd283 wp-block-buttons-is-layout-flex\">\n<div class=\"wp-block-button has-custom-width wp-block-button__width-50 is-style-outline eplus-wrapper is-style-outline--4\"><a class=\"wp-block-button__link has-text-color has-link-color wp-element-button\" href=\"https:\/\/preprod.gmindia.tech\/mda\/en\/wp-content\/uploads\/sites\/2\/2024\/02\/bon_20de_20commande-1.pdf\" style=\"border-width:1px;border-radius:0px;color:#080808;padding-top:3px;padding-right:3px;padding-bottom:3px;padding-left:3px\" target=\"_blank\" rel=\"noreferrer noopener\">BON DE COMMANDE<\/a><\/div>\n<\/div>\n<\/div>\n<\/div>\n<\/div>\n","protected":false},"excerpt":{"rendered":"<p>LE LIVREDU DESSIN AU SYMBOLE Cet ouvrage a pour but de sensibiliser le lecteur aux liens entre les cultures, \u00e0 nos origines, \u00e0 notre futur, \u00e0 notre \u00ab M\u00e9moire de l\u2019Avenir \u00bb&#8230; par le biais d&#8217;une analyse dedessins, symboles, des geste communs \u00e0 des cultures qui semblent pourtant \u00e9loign\u00e9es les unes des autres aujourd&#8217;hui. Ce [&hellip;]<\/p>\n","protected":false},"author":1,"featured_media":0,"parent":0,"menu_order":0,"comment_status":"closed","ping_status":"closed","template":"wp-custom-template-page-with-sidebar","meta":{"footnotes":""},"class_list":["post-2710","page","type-page","status-publish","hentry"],"yoast_head":"<!-- This site is optimized with the Yoast SEO plugin v23.9 - https:\/\/yoast.com\/wordpress\/plugins\/seo\/ -->\n<title>LE LIVRE - Memory of the Future<\/title>\n<meta name=\"robots\" content=\"index, follow, max-snippet:-1, max-image-preview:large, max-video-preview:-1\" \/>\n<link rel=\"canonical\" href=\"https:\/\/preprod.gmindia.tech\/mda\/en\/dudessinausymbole_en\/\" \/>\n<meta property=\"og:locale\" content=\"en_GB\" \/>\n<meta property=\"og:type\" content=\"article\" \/>\n<meta property=\"og:title\" content=\"LE LIVRE - Memory of the Future\" \/>\n<meta property=\"og:description\" content=\"LE LIVREDU DESSIN AU SYMBOLE Cet ouvrage a pour but de sensibiliser le lecteur aux liens entre les cultures, \u00e0 nos origines, \u00e0 notre futur, \u00e0 notre \u00ab M\u00e9moire de l\u2019Avenir \u00bb&#8230; par le biais d&#8217;une analyse dedessins, symboles, des geste communs \u00e0 des cultures qui semblent pourtant \u00e9loign\u00e9es les unes des autres aujourd&#8217;hui. Ce [&hellip;]\" \/>\n<meta property=\"og:url\" content=\"https:\/\/preprod.gmindia.tech\/mda\/en\/dudessinausymbole_en\/\" \/>\n<meta property=\"og:site_name\" content=\"Memory of the Future\" \/>\n<meta property=\"article:modified_time\" content=\"2025-08-12T09:59:15+00:00\" \/>\n<meta name=\"twitter:card\" content=\"summary_large_image\" \/>\n<meta name=\"twitter:label1\" content=\"Estimated reading time\" \/>\n\t<meta name=\"twitter:data1\" content=\"1 minute\" \/>\n<script type=\"application\/ld+json\" class=\"yoast-schema-graph\">{\"@context\":\"https:\/\/schema.org\",\"@graph\":[{\"@type\":\"WebPage\",\"@id\":\"https:\/\/preprod.gmindia.tech\/mda\/en\/dudessinausymbole_en\/\",\"url\":\"https:\/\/preprod.gmindia.tech\/mda\/en\/dudessinausymbole_en\/\",\"name\":\"LE LIVRE - Memory of the Future\",\"isPartOf\":{\"@id\":\"https:\/\/preprod.gmindia.tech\/mda\/en\/#website\"},\"datePublished\":\"2024-01-11T11:56:32+00:00\",\"dateModified\":\"2025-08-12T09:59:15+00:00\",\"breadcrumb\":{\"@id\":\"https:\/\/preprod.gmindia.tech\/mda\/en\/dudessinausymbole_en\/#breadcrumb\"},\"inLanguage\":\"en-GB\",\"potentialAction\":[{\"@type\":\"ReadAction\",\"target\":[\"https:\/\/preprod.gmindia.tech\/mda\/en\/dudessinausymbole_en\/\"]}]},{\"@type\":\"BreadcrumbList\",\"@id\":\"https:\/\/preprod.gmindia.tech\/mda\/en\/dudessinausymbole_en\/#breadcrumb\",\"itemListElement\":[{\"@type\":\"ListItem\",\"position\":1,\"name\":\"Home\",\"item\":\"https:\/\/preprod.gmindia.tech\/mda\/en\/\"},{\"@type\":\"ListItem\",\"position\":2,\"name\":\"LE LIVRE\"}]},{\"@type\":\"WebSite\",\"@id\":\"https:\/\/preprod.gmindia.tech\/mda\/en\/#website\",\"url\":\"https:\/\/preprod.gmindia.tech\/mda\/en\/\",\"name\":\"Memory of the Future\",\"description\":\"\",\"publisher\":{\"@id\":\"https:\/\/preprod.gmindia.tech\/mda\/en\/#organization\"},\"potentialAction\":[{\"@type\":\"SearchAction\",\"target\":{\"@type\":\"EntryPoint\",\"urlTemplate\":\"https:\/\/preprod.gmindia.tech\/mda\/en\/?s={search_term_string}\"},\"query-input\":{\"@type\":\"PropertyValueSpecification\",\"valueRequired\":true,\"valueName\":\"search_term_string\"}}],\"inLanguage\":\"en-GB\"},{\"@type\":\"Organization\",\"@id\":\"https:\/\/preprod.gmindia.tech\/mda\/en\/#organization\",\"name\":\"Memory of the Future\",\"url\":\"https:\/\/preprod.gmindia.tech\/mda\/en\/\",\"logo\":{\"@type\":\"ImageObject\",\"inLanguage\":\"en-GB\",\"@id\":\"https:\/\/preprod.gmindia.tech\/mda\/en\/#\/schema\/logo\/image\/\",\"url\":\"https:\/\/preprod.gmindia.tech\/mda\/en\/wp-content\/uploads\/sites\/2\/2024\/01\/logo_20mda_2010202000.png\",\"contentUrl\":\"https:\/\/preprod.gmindia.tech\/mda\/en\/wp-content\/uploads\/sites\/2\/2024\/01\/logo_20mda_2010202000.png\",\"width\":123,\"height\":220,\"caption\":\"Memory of the Future\"},\"image\":{\"@id\":\"https:\/\/preprod.gmindia.tech\/mda\/en\/#\/schema\/logo\/image\/\"}}]}<\/script>\n<!-- \/ Yoast SEO plugin. -->","yoast_head_json":{"title":"LE LIVRE - Memory of the Future","robots":{"index":"index","follow":"follow","max-snippet":"max-snippet:-1","max-image-preview":"max-image-preview:large","max-video-preview":"max-video-preview:-1"},"canonical":"https:\/\/preprod.gmindia.tech\/mda\/en\/dudessinausymbole_en\/","og_locale":"en_GB","og_type":"article","og_title":"LE LIVRE - Memory of the Future","og_description":"LE LIVREDU DESSIN AU SYMBOLE Cet ouvrage a pour but de sensibiliser le lecteur aux liens entre les cultures, \u00e0 nos origines, \u00e0 notre futur, \u00e0 notre \u00ab M\u00e9moire de l\u2019Avenir \u00bb&#8230; par le biais d&#8217;une analyse dedessins, symboles, des geste communs \u00e0 des cultures qui semblent pourtant \u00e9loign\u00e9es les unes des autres aujourd&#8217;hui. Ce [&hellip;]","og_url":"https:\/\/preprod.gmindia.tech\/mda\/en\/dudessinausymbole_en\/","og_site_name":"Memory of the Future","article_modified_time":"2025-08-12T09:59:15+00:00","twitter_card":"summary_large_image","twitter_misc":{"Estimated reading time":"1 minute"},"schema":{"@context":"https:\/\/schema.org","@graph":[{"@type":"WebPage","@id":"https:\/\/preprod.gmindia.tech\/mda\/en\/dudessinausymbole_en\/","url":"https:\/\/preprod.gmindia.tech\/mda\/en\/dudessinausymbole_en\/","name":"LE LIVRE - Memory of the Future","isPartOf":{"@id":"https:\/\/preprod.gmindia.tech\/mda\/en\/#website"},"datePublished":"2024-01-11T11:56:32+00:00","dateModified":"2025-08-12T09:59:15+00:00","breadcrumb":{"@id":"https:\/\/preprod.gmindia.tech\/mda\/en\/dudessinausymbole_en\/#breadcrumb"},"inLanguage":"en-GB","potentialAction":[{"@type":"ReadAction","target":["https:\/\/preprod.gmindia.tech\/mda\/en\/dudessinausymbole_en\/"]}]},{"@type":"BreadcrumbList","@id":"https:\/\/preprod.gmindia.tech\/mda\/en\/dudessinausymbole_en\/#breadcrumb","itemListElement":[{"@type":"ListItem","position":1,"name":"Home","item":"https:\/\/preprod.gmindia.tech\/mda\/en\/"},{"@type":"ListItem","position":2,"name":"LE LIVRE"}]},{"@type":"WebSite","@id":"https:\/\/preprod.gmindia.tech\/mda\/en\/#website","url":"https:\/\/preprod.gmindia.tech\/mda\/en\/","name":"Memory of the Future","description":"","publisher":{"@id":"https:\/\/preprod.gmindia.tech\/mda\/en\/#organization"},"potentialAction":[{"@type":"SearchAction","target":{"@type":"EntryPoint","urlTemplate":"https:\/\/preprod.gmindia.tech\/mda\/en\/?s={search_term_string}"},"query-input":{"@type":"PropertyValueSpecification","valueRequired":true,"valueName":"search_term_string"}}],"inLanguage":"en-GB"},{"@type":"Organization","@id":"https:\/\/preprod.gmindia.tech\/mda\/en\/#organization","name":"Memory of the Future","url":"https:\/\/preprod.gmindia.tech\/mda\/en\/","logo":{"@type":"ImageObject","inLanguage":"en-GB","@id":"https:\/\/preprod.gmindia.tech\/mda\/en\/#\/schema\/logo\/image\/","url":"https:\/\/preprod.gmindia.tech\/mda\/en\/wp-content\/uploads\/sites\/2\/2024\/01\/logo_20mda_2010202000.png","contentUrl":"https:\/\/preprod.gmindia.tech\/mda\/en\/wp-content\/uploads\/sites\/2\/2024\/01\/logo_20mda_2010202000.png","width":123,"height":220,"caption":"Memory of the Future"},"image":{"@id":"https:\/\/preprod.gmindia.tech\/mda\/en\/#\/schema\/logo\/image\/"}}]}},"_links":{"self":[{"href":"https:\/\/preprod.gmindia.tech\/mda\/en\/wp-json\/wp\/v2\/pages\/2710","targetHints":{"allow":["GET"]}}],"collection":[{"href":"https:\/\/preprod.gmindia.tech\/mda\/en\/wp-json\/wp\/v2\/pages"}],"about":[{"href":"https:\/\/preprod.gmindia.tech\/mda\/en\/wp-json\/wp\/v2\/types\/page"}],"author":[{"embeddable":true,"href":"https:\/\/preprod.gmindia.tech\/mda\/en\/wp-json\/wp\/v2\/users\/1"}],"replies":[{"embeddable":true,"href":"https:\/\/preprod.gmindia.tech\/mda\/en\/wp-json\/wp\/v2\/comments?post=2710"}],"version-history":[{"count":4,"href":"https:\/\/preprod.gmindia.tech\/mda\/en\/wp-json\/wp\/v2\/pages\/2710\/revisions"}],"predecessor-version":[{"id":6737,"href":"https:\/\/preprod.gmindia.tech\/mda\/en\/wp-json\/wp\/v2\/pages\/2710\/revisions\/6737"}],"wp:attachment":[{"href":"https:\/\/preprod.gmindia.tech\/mda\/en\/wp-json\/wp\/v2\/media?parent=2710"}],"curies":[{"name":"wp","href":"https:\/\/api.w.org\/{rel}","templated":true}]}}