{"id":2720,"date":"2024-01-23T11:21:19","date_gmt":"2024-01-23T11:21:19","guid":{"rendered":"http:\/\/localhost\/mdamulti\/?page_id=2720"},"modified":"2024-03-05T05:05:54","modified_gmt":"2024-03-05T05:05:54","slug":"crbst_191_en","status":"publish","type":"page","link":"https:\/\/preprod.gmindia.tech\/mda\/en\/crbst_191_en\/","title":{"rendered":"PR\u00c9SENTATION"},"content":{"rendered":"\n<div class=\"eplus-wrapper wp-block-group alignwide has-global-padding is-layout-constrained wp-block-group-is-layout-constrained\">\n<div class=\"eplus-wrapper wp-block-columns alignwide is-layout-flex wp-container-core-columns-is-layout-803121f9 wp-block-columns-is-layout-flex\" style=\"margin-top:7.01rem;margin-bottom:2.01rem\">\n<div class=\"eplus-wrapper wp-block-column is-layout-flow wp-block-column-is-layout-flow\" style=\"flex-basis:100%\"><h2 class=\"fonts-plugin-block \" style=\"font-family: Ubuntu;font-weight: normal;font-size: 40px\">NOS ACTIONS<\/h2>\n\n\n<div class=\"eplus-wrapper  wp-block-buttons is-content-justification-left is-layout-flex wp-container-core-buttons-is-layout-fc4fd283 wp-block-buttons-is-layout-flex\">\n<div class=\"eplus-wrapper is-style-outline  wp-block-button has-custom-width wp-block-button__width-100 has-custom-font-size is-style-outline--1\" style=\"font-size:clamp(14px, 0.875rem + ((1vw - 3.2px) * 0.341), 17px);\"><a class=\"wp-block-button__link has-text-color has-link-color has-border-color wp-element-button\" href=\"https:\/\/preprod.gmindia.tech\/mda\/en\/wp-content\/uploads\/sites\/2\/2024\/02\/pre_CC_81sentation_20actions_20pe_CC_81dagogiques_.pdf\" style=\"border-color:#0645c9;border-width:1px;border-radius:0px;color:#080808;padding-top:10px;padding-right:10px;padding-bottom:10px;padding-left:10px\" target=\"_blank\" rel=\"noreferrer noopener\">CLIQUEZ\u00a0ICI\u00a0POUR\u00a0D\u00c9COUVRIR\u00a0LA\u00a0PR\u00c9SENTATION\u00a0DES\u00a0ARTS\u00a0EN\u00a0DIALOGUE<gwmw style=\"display:none;\"><\/gwmw><gwmw style=\"display:none;\"><\/gwmw><gwmw style=\"display:none;\"><\/gwmw><gwmw style=\"display:none;\"><\/gwmw><\/a><\/div>\n<\/div>\n\n\n\n<div style=\"height:52px\" aria-hidden=\"true\" class=\"eplus-wrapper wp-block-spacer\"><\/div>\n\n\n\n<div class=\"eplus-wrapper wp-block-columns is-layout-flex wp-container-core-columns-is-layout-28f84493 wp-block-columns-is-layout-flex\">\n<div class=\"eplus-wrapper  wp-block-column has-background is-layout-flow wp-container-core-column-is-layout-ee837bb3 wp-block-column-is-layout-flow\" style=\"border-width:1px;background-color:#4d464600;padding-top:100px;padding-right:50px;padding-bottom:100px;padding-left:50px\">\n<p class=\"eplus-wrapper has-text-align-center\" style=\"font-size:clamp(17.905px, 1.119rem + ((1vw - 3.2px) * 1.147), 28px);\"><a href=\"\/mda\/en\/crbst_112\/\">LES ARTS EN<br>P\u00c9DAGOGIE :<br>LA M\u00c9THODE<\/a><gwmw style=\"display:none;\"><\/gwmw><\/p>\n<\/div>\n\n\n\n<div class=\"eplus-wrapper wp-block-column is-layout-flow wp-block-column-is-layout-flow\" style=\"flex-basis:10px\"><\/div>\n\n\n\n<div class=\"eplus-wrapper  wp-block-column is-layout-flow wp-block-column-is-layout-flow\" style=\"border-width:1px;padding-top:100px;padding-right:50px;padding-bottom:100px;padding-left:50px\">\n<p class=\"eplus-wrapper  has-text-align-center\" style=\"font-size:clamp(17.905px, 1.119rem + ((1vw - 3.2px) * 1.147), 28px);\"><a href=\"\/mda\/en\/crbst_104\/\">LES PROJETS<br>PEDAGOGIQUES :<br>EXEMPLES<\/a><gwmw style=\"display:none;\"><\/gwmw><\/p>\n<\/div>\n<\/div>\n\n\n\n<div class=\"eplus-wrapper wp-block-columns is-layout-flex wp-container-core-columns-is-layout-28f84493 wp-block-columns-is-layout-flex\">\n<div class=\"eplus-wrapper  wp-block-column has-background is-layout-flow wp-container-core-column-is-layout-ee837bb3 wp-block-column-is-layout-flow\" style=\"border-width:1px;background-color:#4d464600;padding-top:100px;padding-right:50px;padding-bottom:100px;padding-left:50px\">\n<p class=\"eplus-wrapper has-text-align-center\" style=\"font-size:clamp(17.905px, 1.119rem + ((1vw - 3.2px) * 1.147), 28px);\"><a href=\"\/mda\/mediation\/\">M\u00c9DIATION<\/a><gwmw style=\"display:none;\"><\/gwmw><\/p>\n<\/div>\n\n\n\n<div class=\"eplus-wrapper wp-block-column is-layout-flow wp-block-column-is-layout-flow\" style=\"flex-basis:10px\"><\/div>\n\n\n\n<div class=\"eplus-wrapper  wp-block-column is-layout-flow wp-block-column-is-layout-flow\" style=\"border-width:1px;padding-top:100px;padding-right:50px;padding-bottom:100px;padding-left:50px\">\n<p class=\"eplus-wrapper has-text-align-center\" style=\"font-size:clamp(17.905px, 1.119rem + ((1vw - 3.2px) * 1.147), 28px);\"><a href=\"\/mda\/en\/international\/\">ACTIONS \u00c0<br>L&#8217;INTERNATIONNAL<\/a><gwmw style=\"display:none;\"><\/gwmw><\/p>\n<\/div>\n<\/div>\n\n\n\n<div class=\"eplus-wrapper wp-block-columns is-layout-flex wp-container-core-columns-is-layout-28f84493 wp-block-columns-is-layout-flex\">\n<div class=\"eplus-wrapper  wp-block-column has-background is-layout-flow wp-container-core-column-is-layout-ee837bb3 wp-block-column-is-layout-flow\" style=\"border-width:1px;background-color:#4d464600;padding-top:100px;padding-right:50px;padding-bottom:100px;padding-left:50px\">\n<p class=\"eplus-wrapper  has-text-align-center\" style=\"font-size:clamp(17.905px, 1.119rem + ((1vw - 3.2px) * 1.147), 28px);\"><a href=\"\/mda\/en\/formations\/\">FORMATION<\/a><gwmw style=\"display:none;\"><\/gwmw><\/p>\n<\/div>\n\n\n\n<div class=\"eplus-wrapper wp-block-column is-layout-flow wp-block-column-is-layout-flow\" style=\"flex-basis:10px\"><\/div>\n\n\n\n<div class=\"eplus-wrapper  wp-block-column is-layout-flow wp-block-column-is-layout-flow\" style=\"border-width:1px;padding-top:100px;padding-right:50px;padding-bottom:100px;padding-left:50px\">\n<p class=\"eplus-wrapper has-text-align-center\" style=\"font-size:clamp(17.905px, 1.119rem + ((1vw - 3.2px) * 1.147), 28px);\"><a href=\"\/mda\/en\/crbst_76\/\">LES PROJETS<br>EN VIDEO<\/a><gwmw style=\"display:none;\"><\/gwmw><\/p>\n<\/div>\n<\/div>\n\n\n\n<div class=\"eplus-wrapper wp-block-columns is-layout-flex wp-container-core-columns-is-layout-28f84493 wp-block-columns-is-layout-flex\">\n<div class=\"eplus-wrapper  wp-block-column has-background is-layout-flow wp-container-core-column-is-layout-ee837bb3 wp-block-column-is-layout-flow\" style=\"border-width:1px;background-color:#4d464600;padding-top:100px;padding-right:50px;padding-bottom:100px;padding-left:50px\">\n<p class=\"eplus-wrapper has-text-align-center\" style=\"font-size:clamp(17.905px, 1.119rem + ((1vw - 3.2px) * 1.147), 28px);\"><a href=\"\/mda\/bilans\/\">BILANS<\/a><gwmw style=\"display:none;\"><\/gwmw><\/p>\n<\/div>\n\n\n\n<div class=\"eplus-wrapper wp-block-column is-layout-flow wp-block-column-is-layout-flow\" style=\"flex-basis:10px\"><\/div>\n\n\n\n<div class=\"eplus-wrapper wp-block-column is-layout-flow wp-block-column-is-layout-flow\" style=\"padding-top:100px;padding-right:50px;padding-bottom:100px;padding-left:50px\"><\/div>\n<\/div>\n<\/div>\n<\/div>\n<\/div>\n","protected":false},"excerpt":{"rendered":"<p>LES ARTS ENP\u00c9DAGOGIE :LA M\u00c9THODE LES PROJETSPEDAGOGIQUES :EXEMPLES M\u00c9DIATION ACTIONS \u00c0L&#8217;INTERNATIONNAL FORMATION LES PROJETSEN VIDEO BILANS<\/p>\n","protected":false},"author":1,"featured_media":0,"parent":0,"menu_order":0,"comment_status":"closed","ping_status":"closed","template":"websites-island","meta":{"footnotes":""},"class_list":["post-2720","page","type-page","status-publish","hentry"],"yoast_head":"<!-- This site is optimized with the Yoast SEO plugin v23.9 - https:\/\/yoast.com\/wordpress\/plugins\/seo\/ -->\n<title>PR\u00c9SENTATION - Memory of the Future<\/title>\n<meta name=\"robots\" content=\"index, follow, max-snippet:-1, max-image-preview:large, max-video-preview:-1\" \/>\n<link rel=\"canonical\" href=\"https:\/\/preprod.gmindia.tech\/mda\/en\/crbst_191_en\/\" \/>\n<meta property=\"og:locale\" content=\"en_GB\" \/>\n<meta property=\"og:type\" content=\"article\" \/>\n<meta property=\"og:title\" content=\"PR\u00c9SENTATION - Memory of the Future\" \/>\n<meta property=\"og:description\" content=\"LES ARTS ENP\u00c9DAGOGIE :LA M\u00c9THODE LES PROJETSPEDAGOGIQUES :EXEMPLES M\u00c9DIATION ACTIONS \u00c0L&#8217;INTERNATIONNAL FORMATION LES PROJETSEN VIDEO BILANS\" \/>\n<meta property=\"og:url\" content=\"https:\/\/preprod.gmindia.tech\/mda\/en\/crbst_191_en\/\" \/>\n<meta property=\"og:site_name\" content=\"Memory of the Future\" \/>\n<meta property=\"article:modified_time\" content=\"2024-03-05T05:05:54+00:00\" \/>\n<meta name=\"twitter:card\" content=\"summary_large_image\" \/>\n<script type=\"application\/ld+json\" class=\"yoast-schema-graph\">{\"@context\":\"https:\/\/schema.org\",\"@graph\":[{\"@type\":\"WebPage\",\"@id\":\"https:\/\/preprod.gmindia.tech\/mda\/en\/crbst_191_en\/\",\"url\":\"https:\/\/preprod.gmindia.tech\/mda\/en\/crbst_191_en\/\",\"name\":\"PR\u00c9SENTATION - Memory of the Future\",\"isPartOf\":{\"@id\":\"https:\/\/preprod.gmindia.tech\/mda\/en\/#website\"},\"datePublished\":\"2024-01-23T11:21:19+00:00\",\"dateModified\":\"2024-03-05T05:05:54+00:00\",\"breadcrumb\":{\"@id\":\"https:\/\/preprod.gmindia.tech\/mda\/en\/crbst_191_en\/#breadcrumb\"},\"inLanguage\":\"en-GB\",\"potentialAction\":[{\"@type\":\"ReadAction\",\"target\":[\"https:\/\/preprod.gmindia.tech\/mda\/en\/crbst_191_en\/\"]}]},{\"@type\":\"BreadcrumbList\",\"@id\":\"https:\/\/preprod.gmindia.tech\/mda\/en\/crbst_191_en\/#breadcrumb\",\"itemListElement\":[{\"@type\":\"ListItem\",\"position\":1,\"name\":\"Home\",\"item\":\"https:\/\/preprod.gmindia.tech\/mda\/en\/\"},{\"@type\":\"ListItem\",\"position\":2,\"name\":\"PR\u00c9SENTATION\"}]},{\"@type\":\"WebSite\",\"@id\":\"https:\/\/preprod.gmindia.tech\/mda\/en\/#website\",\"url\":\"https:\/\/preprod.gmindia.tech\/mda\/en\/\",\"name\":\"Memory of the Future\",\"description\":\"\",\"publisher\":{\"@id\":\"https:\/\/preprod.gmindia.tech\/mda\/en\/#organization\"},\"potentialAction\":[{\"@type\":\"SearchAction\",\"target\":{\"@type\":\"EntryPoint\",\"urlTemplate\":\"https:\/\/preprod.gmindia.tech\/mda\/en\/?s={search_term_string}\"},\"query-input\":{\"@type\":\"PropertyValueSpecification\",\"valueRequired\":true,\"valueName\":\"search_term_string\"}}],\"inLanguage\":\"en-GB\"},{\"@type\":\"Organization\",\"@id\":\"https:\/\/preprod.gmindia.tech\/mda\/en\/#organization\",\"name\":\"Memory of the Future\",\"url\":\"https:\/\/preprod.gmindia.tech\/mda\/en\/\",\"logo\":{\"@type\":\"ImageObject\",\"inLanguage\":\"en-GB\",\"@id\":\"https:\/\/preprod.gmindia.tech\/mda\/en\/#\/schema\/logo\/image\/\",\"url\":\"https:\/\/preprod.gmindia.tech\/mda\/en\/wp-content\/uploads\/sites\/2\/2024\/01\/logo_20mda_2010202000.png\",\"contentUrl\":\"https:\/\/preprod.gmindia.tech\/mda\/en\/wp-content\/uploads\/sites\/2\/2024\/01\/logo_20mda_2010202000.png\",\"width\":123,\"height\":220,\"caption\":\"Memory of the Future\"},\"image\":{\"@id\":\"https:\/\/preprod.gmindia.tech\/mda\/en\/#\/schema\/logo\/image\/\"}}]}<\/script>\n<!-- \/ Yoast SEO plugin. -->","yoast_head_json":{"title":"PR\u00c9SENTATION - Memory of the Future","robots":{"index":"index","follow":"follow","max-snippet":"max-snippet:-1","max-image-preview":"max-image-preview:large","max-video-preview":"max-video-preview:-1"},"canonical":"https:\/\/preprod.gmindia.tech\/mda\/en\/crbst_191_en\/","og_locale":"en_GB","og_type":"article","og_title":"PR\u00c9SENTATION - Memory of the Future","og_description":"LES ARTS ENP\u00c9DAGOGIE :LA M\u00c9THODE LES PROJETSPEDAGOGIQUES :EXEMPLES M\u00c9DIATION ACTIONS \u00c0L&#8217;INTERNATIONNAL FORMATION LES PROJETSEN VIDEO BILANS","og_url":"https:\/\/preprod.gmindia.tech\/mda\/en\/crbst_191_en\/","og_site_name":"Memory of the Future","article_modified_time":"2024-03-05T05:05:54+00:00","twitter_card":"summary_large_image","schema":{"@context":"https:\/\/schema.org","@graph":[{"@type":"WebPage","@id":"https:\/\/preprod.gmindia.tech\/mda\/en\/crbst_191_en\/","url":"https:\/\/preprod.gmindia.tech\/mda\/en\/crbst_191_en\/","name":"PR\u00c9SENTATION - Memory of the Future","isPartOf":{"@id":"https:\/\/preprod.gmindia.tech\/mda\/en\/#website"},"datePublished":"2024-01-23T11:21:19+00:00","dateModified":"2024-03-05T05:05:54+00:00","breadcrumb":{"@id":"https:\/\/preprod.gmindia.tech\/mda\/en\/crbst_191_en\/#breadcrumb"},"inLanguage":"en-GB","potentialAction":[{"@type":"ReadAction","target":["https:\/\/preprod.gmindia.tech\/mda\/en\/crbst_191_en\/"]}]},{"@type":"BreadcrumbList","@id":"https:\/\/preprod.gmindia.tech\/mda\/en\/crbst_191_en\/#breadcrumb","itemListElement":[{"@type":"ListItem","position":1,"name":"Home","item":"https:\/\/preprod.gmindia.tech\/mda\/en\/"},{"@type":"ListItem","position":2,"name":"PR\u00c9SENTATION"}]},{"@type":"WebSite","@id":"https:\/\/preprod.gmindia.tech\/mda\/en\/#website","url":"https:\/\/preprod.gmindia.tech\/mda\/en\/","name":"Memory of the Future","description":"","publisher":{"@id":"https:\/\/preprod.gmindia.tech\/mda\/en\/#organization"},"potentialAction":[{"@type":"SearchAction","target":{"@type":"EntryPoint","urlTemplate":"https:\/\/preprod.gmindia.tech\/mda\/en\/?s={search_term_string}"},"query-input":{"@type":"PropertyValueSpecification","valueRequired":true,"valueName":"search_term_string"}}],"inLanguage":"en-GB"},{"@type":"Organization","@id":"https:\/\/preprod.gmindia.tech\/mda\/en\/#organization","name":"Memory of the Future","url":"https:\/\/preprod.gmindia.tech\/mda\/en\/","logo":{"@type":"ImageObject","inLanguage":"en-GB","@id":"https:\/\/preprod.gmindia.tech\/mda\/en\/#\/schema\/logo\/image\/","url":"https:\/\/preprod.gmindia.tech\/mda\/en\/wp-content\/uploads\/sites\/2\/2024\/01\/logo_20mda_2010202000.png","contentUrl":"https:\/\/preprod.gmindia.tech\/mda\/en\/wp-content\/uploads\/sites\/2\/2024\/01\/logo_20mda_2010202000.png","width":123,"height":220,"caption":"Memory of the Future"},"image":{"@id":"https:\/\/preprod.gmindia.tech\/mda\/en\/#\/schema\/logo\/image\/"}}]}},"_links":{"self":[{"href":"https:\/\/preprod.gmindia.tech\/mda\/en\/wp-json\/wp\/v2\/pages\/2720","targetHints":{"allow":["GET"]}}],"collection":[{"href":"https:\/\/preprod.gmindia.tech\/mda\/en\/wp-json\/wp\/v2\/pages"}],"about":[{"href":"https:\/\/preprod.gmindia.tech\/mda\/en\/wp-json\/wp\/v2\/types\/page"}],"author":[{"embeddable":true,"href":"https:\/\/preprod.gmindia.tech\/mda\/en\/wp-json\/wp\/v2\/users\/1"}],"replies":[{"embeddable":true,"href":"https:\/\/preprod.gmindia.tech\/mda\/en\/wp-json\/wp\/v2\/comments?post=2720"}],"version-history":[{"count":3,"href":"https:\/\/preprod.gmindia.tech\/mda\/en\/wp-json\/wp\/v2\/pages\/2720\/revisions"}],"predecessor-version":[{"id":3035,"href":"https:\/\/preprod.gmindia.tech\/mda\/en\/wp-json\/wp\/v2\/pages\/2720\/revisions\/3035"}],"wp:attachment":[{"href":"https:\/\/preprod.gmindia.tech\/mda\/en\/wp-json\/wp\/v2\/media?parent=2720"}],"curies":[{"name":"wp","href":"https:\/\/api.w.org\/{rel}","templated":true}]}}