{"id":534,"date":"2024-02-02T13:50:49","date_gmt":"2024-02-02T13:50:49","guid":{"rendered":"http:\/\/localhost\/mda-variations-plugin\/?page_id=534"},"modified":"2024-02-29T05:42:15","modified_gmt":"2024-02-29T05:42:15","slug":"crbst_76_en","status":"publish","type":"page","link":"https:\/\/preprod.gmindia.tech\/mda\/en\/crbst_76_en\/","title":{"rendered":"EN VID\u00c9O"},"content":{"rendered":"\n<div class=\"wp-block-columns eplus-wrapper is-layout-flex wp-container-core-columns-is-layout-28f84493 wp-block-columns-is-layout-flex\">\n<div class=\"wp-block-column eplus-wrapper is-layout-flow wp-block-column-is-layout-flow\" style=\"flex-basis:45%\">\n<figure class=\"wp-embed-aspect-4-3 wp-has-aspect-ratio wp-block-embed is-type-video is-provider-youtube wp-block-embed-youtube eplus-wrapper\"><div class=\"wp-block-embed__wrapper\">\n<iframe loading=\"lazy\" title=\"M\u00e9moire de l&#039;Avenir - TRACES &amp; EMPREINTES\" width=\"500\" height=\"375\" src=\"https:\/\/www.youtube.com\/embed\/QdfPrrFhP9s?feature=oembed\" frameborder=\"0\" allow=\"accelerometer; autoplay; clipboard-write; encrypted-media; gyroscope; picture-in-picture; web-share\" referrerpolicy=\"strict-origin-when-cross-origin\" allowfullscreen><\/iframe>\n<\/div><\/figure>\n\n\n\n<p class=\" eplus-wrapper\" style=\"font-size:11px\">COLLEGE CLEMENCEAU, 75018 6\u00e8me B &#8211; \u00ab Traces et empreintes \u00bb Artistes : Antonio Garcia, Jaime Jimenez, D\u00e9borah Zrihen<\/p>\n<\/div>\n\n\n\n<div class=\"wp-block-column eplus-wrapper is-layout-flow wp-block-column-is-layout-flow\" style=\"flex-basis:10%\"><\/div>\n\n\n\n<div class=\"wp-block-column eplus-wrapper is-layout-flow wp-block-column-is-layout-flow\" style=\"flex-basis:45%\">\n<figure class=\"wp-embed-aspect-4-3 wp-has-aspect-ratio wp-block-embed is-type-video is-provider-youtube wp-block-embed-youtube eplus-wrapper\"><div class=\"wp-block-embed__wrapper\">\n<iframe loading=\"lazy\" title=\"SLAM MORDACCHAMIGNY SUR MARNE\" width=\"500\" height=\"281\" src=\"https:\/\/www.youtube.com\/embed\/BZA5ODBocrg?feature=oembed\" frameborder=\"0\" allow=\"accelerometer; autoplay; clipboard-write; encrypted-media; gyroscope; picture-in-picture; web-share\" referrerpolicy=\"strict-origin-when-cross-origin\" allowfullscreen><\/iframe>\n<\/div><\/figure>\n\n\n\n<p class=\" eplus-wrapper\" style=\"font-size:11px\">SLAM MORDACS &#8211; CHAMPIGNY SUR MARNE Artistes intervenants : M\u00e9ziane El Mars (Slam) et Maxime Bessieres (Photographie). Structure : CLMO Ville de Champigny-sur-Marne (94) Public : adolescents &#8211; 11 et 15 ans<\/p>\n<\/div>\n<\/div>\n\n\n\n<div style=\"height:100px\" aria-hidden=\"true\" class=\" wp-block-spacer eplus-wrapper\"><\/div>\n\n\n\n<div class=\"wp-block-columns eplus-wrapper is-layout-flex wp-container-core-columns-is-layout-28f84493 wp-block-columns-is-layout-flex\">\n<div class=\"wp-block-column eplus-wrapper is-layout-flow wp-block-column-is-layout-flow\" style=\"flex-basis:45%\">\n<figure class=\"wp-embed-aspect-4-3 wp-has-aspect-ratio wp-block-embed is-type-video is-provider-youtube wp-block-embed-youtube eplus-wrapper\"><div class=\"wp-block-embed__wrapper\">\n<iframe loading=\"lazy\" title=\"M\u00e9moire de l&#039;avenir  - Vie d&#039;un homme -\" width=\"500\" height=\"281\" src=\"https:\/\/www.youtube.com\/embed\/w_ksB-NYdBI?feature=oembed\" frameborder=\"0\" allow=\"accelerometer; autoplay; clipboard-write; encrypted-media; gyroscope; picture-in-picture; web-share\" referrerpolicy=\"strict-origin-when-cross-origin\" allowfullscreen><\/iframe>\n<\/div><\/figure>\n\n\n\n<p class=\" eplus-wrapper\" style=\"font-size:11px\">M\u00e9moire de l&#8217;avenir &#8211; Vie d&#8217;un homme &#8211; M\u00e9moire de l&#8217;Avenir pour le Coll\u00e8ge Lenain de Tillemont &#8212; Montreuil Classe 5eme Artistes intervenants : Lydia Palais, plasticienne &#8212; D\u00e9borah Zrihen, expression corporelle et orale<\/p>\n<\/div>\n\n\n\n<div class=\"wp-block-column eplus-wrapper is-layout-flow wp-block-column-is-layout-flow\" style=\"flex-basis:10%\"><\/div>\n\n\n\n<div class=\"wp-block-column eplus-wrapper is-layout-flow wp-block-column-is-layout-flow\" style=\"flex-basis:45%\">\n<figure class=\"wp-embed-aspect-4-3 wp-has-aspect-ratio wp-block-embed is-type-video is-provider-youtube wp-block-embed-youtube eplus-wrapper\"><div class=\"wp-block-embed__wrapper\">\n<iframe loading=\"lazy\" title=\"M\u00e9moire de l&#039;avenir - Accueil Laghouat 18e Paris- Goutte d&#039;avril, VTS 01 1\" width=\"500\" height=\"375\" src=\"https:\/\/www.youtube.com\/embed\/j_LIlZXUxvM?feature=oembed\" frameborder=\"0\" allow=\"accelerometer; autoplay; clipboard-write; encrypted-media; gyroscope; picture-in-picture; web-share\" referrerpolicy=\"strict-origin-when-cross-origin\" allowfullscreen><\/iframe>\n<\/div><\/figure>\n\n\n\n<p class=\" eplus-wrapper\" style=\"font-size:11px\">M\u00e9moire de l&#8217;avenir &#8211; Accueil Laghouat 18e Paris- Goutte d&#8217;avril, VTS 01 1 M\u00e9moire de l&#8217;avenir &#8211; Accueil Laghouat 18e Paris- Goutte d&#8217;avril, Artistes ; Bruno Bianchi, musicien et D\u00e9borah Zrihen,com\u00e9dienne Un groupe de adolescents de 8 ans1\/2 \u00e0 13 ans<\/p>\n<\/div>\n<\/div>\n\n\n\n<div style=\"height:100px\" aria-hidden=\"true\" class=\" wp-block-spacer eplus-wrapper\"><\/div>\n\n\n\n<div class=\"wp-block-columns eplus-wrapper is-layout-flex wp-container-core-columns-is-layout-28f84493 wp-block-columns-is-layout-flex\">\n<div class=\"wp-block-column eplus-wrapper is-layout-flow wp-block-column-is-layout-flow\" style=\"flex-basis:45%\">\n<figure class=\"wp-embed-aspect-4-3 wp-has-aspect-ratio wp-block-embed is-type-video is-provider-youtube wp-block-embed-youtube eplus-wrapper\"><div class=\"wp-block-embed__wrapper\">\n<iframe loading=\"lazy\" title=\"MEMOIRE DE L&#039;AVENIR -  Emma\u00fcs Louvel-Tessier - UN INSTANT DE R\u00caVES- Temoignage\" width=\"500\" height=\"281\" src=\"https:\/\/www.youtube.com\/embed\/SdLUKBNyUQY?feature=oembed\" frameborder=\"0\" allow=\"accelerometer; autoplay; clipboard-write; encrypted-media; gyroscope; picture-in-picture; web-share\" referrerpolicy=\"strict-origin-when-cross-origin\" allowfullscreen><\/iframe>\n<\/div><\/figure>\n\n\n\n<p class=\" eplus-wrapper\" style=\"font-size:11px\">MEMOIRE DE L&#8217;AVENIR &#8211; Art agenda 2013 Emma\u00fcs Louvel-Tessier &#8211; UN INSTANT DE R\u00caVES- Temoignage<br>UN INSTANT DE R\u00caVES<br>Centre culturel et citoyen Emma\u00fcs Louvel-Tessier 75010 Paris<br>Artistes intervenants &#8211; S\u00e9lim Martin et Manuela T.W. de Knegt<\/p>\n<\/div>\n\n\n\n<div class=\"wp-block-column eplus-wrapper is-layout-flow wp-block-column-is-layout-flow\" style=\"flex-basis:10%\"><\/div>\n\n\n\n<div class=\"wp-block-column eplus-wrapper is-layout-flow wp-block-column-is-layout-flow\" style=\"flex-basis:45%\">\n<figure class=\"wp-embed-aspect-4-3 wp-has-aspect-ratio wp-block-embed is-type-video is-provider-youtube wp-block-embed-youtube eplus-wrapper\"><div class=\"wp-block-embed__wrapper\">\n<iframe loading=\"lazy\" title=\"monstres MARS 2014\" width=\"500\" height=\"375\" src=\"https:\/\/www.youtube.com\/embed\/ijQRA5QzL5E?feature=oembed\" frameborder=\"0\" allow=\"accelerometer; autoplay; clipboard-write; encrypted-media; gyroscope; picture-in-picture; web-share\" referrerpolicy=\"strict-origin-when-cross-origin\" allowfullscreen><\/iframe>\n<\/div><\/figure>\n\n\n\n<p class=\" eplus-wrapper\" style=\"font-size:11px\">Memoire de l&#8217;avenir -2014 &#8211; Passage<br>UN MONDE IMAGINAIRE<br>Structure: Maison du Bas Belleville &#8211; Paris 20eGroupe: Enfants<br>Artiste : Samuel Ab<\/p>\n<\/div>\n<\/div>\n\n\n\n<div style=\"height:100px\" aria-hidden=\"true\" class=\" wp-block-spacer eplus-wrapper\"><\/div>\n\n\n\n<div class=\"wp-block-columns eplus-wrapper is-layout-flex wp-container-core-columns-is-layout-28f84493 wp-block-columns-is-layout-flex\">\n<div class=\"wp-block-column eplus-wrapper is-layout-flow wp-block-column-is-layout-flow\" style=\"flex-basis:45%\">\n<figure class=\"wp-embed-aspect-4-3 wp-has-aspect-ratio wp-block-embed is-type-video is-provider-youtube wp-block-embed-youtube eplus-wrapper\"><div class=\"wp-block-embed__wrapper\">\n<iframe loading=\"lazy\" title=\"M\u00e9moire de l&#039;Avenir - Art Agenda\" width=\"500\" height=\"281\" src=\"https:\/\/www.youtube.com\/embed\/jxfuf_An2SM?feature=oembed\" frameborder=\"0\" allow=\"accelerometer; autoplay; clipboard-write; encrypted-media; gyroscope; picture-in-picture; web-share\" referrerpolicy=\"strict-origin-when-cross-origin\" allowfullscreen><\/iframe>\n<\/div><\/figure>\n\n\n\n<p class=\" eplus-wrapper\" style=\"font-size:11px\">M\u00e9moire de l&#8217;Avenir &#8211; Art Agenda 2013<br>STOP MOTION \u2013 PHOTOGRAPHIE ET VIDEO ARTISTE INTERVENANT : SELIM MARTIN et Julien Labrosse LES ENFANTS DU QUARTIER, MAISON DU BAS BELLEVILLE, PARIS, 20\u00e8me<\/p>\n<\/div>\n\n\n\n<div class=\"wp-block-column eplus-wrapper is-layout-flow wp-block-column-is-layout-flow\" style=\"flex-basis:10%\"><\/div>\n\n\n\n<div class=\"wp-block-column eplus-wrapper is-layout-flow wp-block-column-is-layout-flow\" style=\"flex-basis:45%\">\n<figure class=\"wp-embed-aspect-4-3 wp-has-aspect-ratio wp-block-embed is-type-video is-provider-youtube wp-block-embed-youtube eplus-wrapper\"><div class=\"wp-block-embed__wrapper\">\n<iframe loading=\"lazy\" title=\"M\u00e9moire de l&#039;Avenir - TRACES &amp; EMPREINTES\" width=\"500\" height=\"375\" src=\"https:\/\/www.youtube.com\/embed\/QdfPrrFhP9s?feature=oembed\" frameborder=\"0\" allow=\"accelerometer; autoplay; clipboard-write; encrypted-media; gyroscope; picture-in-picture; web-share\" referrerpolicy=\"strict-origin-when-cross-origin\" allowfullscreen><\/iframe>\n<\/div><\/figure>\n\n\n\n<p class=\" eplus-wrapper\" style=\"font-size:11px\">M\u00e9moire de l&#8217;Avenir &#8211; ART AGENDA 2013<br>Projet &#8220;Th\u00e9\u00e2tre dans la ville&#8221;<br>Coll\u00e8ge de la Grange aux Belles &#8211; 3e &#8211; Estelle Fenech et virginie Lasillier<\/p>\n<\/div>\n<\/div>\n","protected":false},"excerpt":{"rendered":"<p>COLLEGE CLEMENCEAU, 75018 6\u00e8me B &#8211; \u00ab Traces et empreintes \u00bb Artistes : Antonio Garcia, Jaime Jimenez, D\u00e9borah Zrihen SLAM MORDACS &#8211; CHAMPIGNY SUR MARNE Artistes intervenants : M\u00e9ziane El Mars (Slam) et Maxime Bessieres (Photographie). Structure : CLMO Ville de Champigny-sur-Marne (94) Public : adolescents &#8211; 11 et 15 ans M\u00e9moire de l&#8217;avenir &#8211; [&hellip;]<\/p>\n","protected":false},"author":1,"featured_media":0,"parent":0,"menu_order":0,"comment_status":"closed","ping_status":"closed","template":"websites-island","meta":{"footnotes":""},"class_list":["post-534","page","type-page","status-publish","hentry"],"yoast_head":"<!-- This site is optimized with the Yoast SEO plugin v23.9 - https:\/\/yoast.com\/wordpress\/plugins\/seo\/ -->\n<title>EN VID\u00c9O - Memory of the Future<\/title>\n<meta name=\"robots\" content=\"index, follow, max-snippet:-1, max-image-preview:large, max-video-preview:-1\" \/>\n<link rel=\"canonical\" href=\"https:\/\/preprod.gmindia.tech\/mda\/en\/crbst_76_en\/\" \/>\n<meta property=\"og:locale\" content=\"en_GB\" \/>\n<meta property=\"og:type\" content=\"article\" \/>\n<meta property=\"og:title\" content=\"EN VID\u00c9O - Memory of the Future\" \/>\n<meta property=\"og:description\" content=\"COLLEGE CLEMENCEAU, 75018 6\u00e8me B &#8211; \u00ab Traces et empreintes \u00bb Artistes : Antonio Garcia, Jaime Jimenez, D\u00e9borah Zrihen SLAM MORDACS &#8211; CHAMPIGNY SUR MARNE Artistes intervenants : M\u00e9ziane El Mars (Slam) et Maxime Bessieres (Photographie). Structure : CLMO Ville de Champigny-sur-Marne (94) Public : adolescents &#8211; 11 et 15 ans M\u00e9moire de l&#8217;avenir &#8211; [&hellip;]\" \/>\n<meta property=\"og:url\" content=\"https:\/\/preprod.gmindia.tech\/mda\/en\/crbst_76_en\/\" \/>\n<meta property=\"og:site_name\" content=\"Memory of the Future\" \/>\n<meta property=\"article:modified_time\" content=\"2024-02-29T05:42:15+00:00\" \/>\n<meta name=\"twitter:card\" content=\"summary_large_image\" \/>\n<meta name=\"twitter:label1\" content=\"Estimated reading time\" \/>\n\t<meta name=\"twitter:data1\" content=\"1 minute\" \/>\n<script type=\"application\/ld+json\" class=\"yoast-schema-graph\">{\"@context\":\"https:\/\/schema.org\",\"@graph\":[{\"@type\":\"WebPage\",\"@id\":\"https:\/\/preprod.gmindia.tech\/mda\/en\/crbst_76_en\/\",\"url\":\"https:\/\/preprod.gmindia.tech\/mda\/en\/crbst_76_en\/\",\"name\":\"EN VID\u00c9O - Memory of the Future\",\"isPartOf\":{\"@id\":\"https:\/\/preprod.gmindia.tech\/mda\/en\/#website\"},\"datePublished\":\"2024-02-02T13:50:49+00:00\",\"dateModified\":\"2024-02-29T05:42:15+00:00\",\"breadcrumb\":{\"@id\":\"https:\/\/preprod.gmindia.tech\/mda\/en\/crbst_76_en\/#breadcrumb\"},\"inLanguage\":\"en-GB\",\"potentialAction\":[{\"@type\":\"ReadAction\",\"target\":[\"https:\/\/preprod.gmindia.tech\/mda\/en\/crbst_76_en\/\"]}]},{\"@type\":\"BreadcrumbList\",\"@id\":\"https:\/\/preprod.gmindia.tech\/mda\/en\/crbst_76_en\/#breadcrumb\",\"itemListElement\":[{\"@type\":\"ListItem\",\"position\":1,\"name\":\"Home\",\"item\":\"https:\/\/preprod.gmindia.tech\/mda\/en\/\"},{\"@type\":\"ListItem\",\"position\":2,\"name\":\"EN VID\u00c9O\"}]},{\"@type\":\"WebSite\",\"@id\":\"https:\/\/preprod.gmindia.tech\/mda\/en\/#website\",\"url\":\"https:\/\/preprod.gmindia.tech\/mda\/en\/\",\"name\":\"Memory of the Future\",\"description\":\"\",\"publisher\":{\"@id\":\"https:\/\/preprod.gmindia.tech\/mda\/en\/#organization\"},\"potentialAction\":[{\"@type\":\"SearchAction\",\"target\":{\"@type\":\"EntryPoint\",\"urlTemplate\":\"https:\/\/preprod.gmindia.tech\/mda\/en\/?s={search_term_string}\"},\"query-input\":{\"@type\":\"PropertyValueSpecification\",\"valueRequired\":true,\"valueName\":\"search_term_string\"}}],\"inLanguage\":\"en-GB\"},{\"@type\":\"Organization\",\"@id\":\"https:\/\/preprod.gmindia.tech\/mda\/en\/#organization\",\"name\":\"Memory of the Future\",\"url\":\"https:\/\/preprod.gmindia.tech\/mda\/en\/\",\"logo\":{\"@type\":\"ImageObject\",\"inLanguage\":\"en-GB\",\"@id\":\"https:\/\/preprod.gmindia.tech\/mda\/en\/#\/schema\/logo\/image\/\",\"url\":\"https:\/\/preprod.gmindia.tech\/mda\/en\/wp-content\/uploads\/sites\/2\/2024\/01\/logo_20mda_2010202000.png\",\"contentUrl\":\"https:\/\/preprod.gmindia.tech\/mda\/en\/wp-content\/uploads\/sites\/2\/2024\/01\/logo_20mda_2010202000.png\",\"width\":123,\"height\":220,\"caption\":\"Memory of the Future\"},\"image\":{\"@id\":\"https:\/\/preprod.gmindia.tech\/mda\/en\/#\/schema\/logo\/image\/\"}}]}<\/script>\n<!-- \/ Yoast SEO plugin. -->","yoast_head_json":{"title":"EN VID\u00c9O - Memory of the Future","robots":{"index":"index","follow":"follow","max-snippet":"max-snippet:-1","max-image-preview":"max-image-preview:large","max-video-preview":"max-video-preview:-1"},"canonical":"https:\/\/preprod.gmindia.tech\/mda\/en\/crbst_76_en\/","og_locale":"en_GB","og_type":"article","og_title":"EN VID\u00c9O - Memory of the Future","og_description":"COLLEGE CLEMENCEAU, 75018 6\u00e8me B &#8211; \u00ab Traces et empreintes \u00bb Artistes : Antonio Garcia, Jaime Jimenez, D\u00e9borah Zrihen SLAM MORDACS &#8211; CHAMPIGNY SUR MARNE Artistes intervenants : M\u00e9ziane El Mars (Slam) et Maxime Bessieres (Photographie). Structure : CLMO Ville de Champigny-sur-Marne (94) Public : adolescents &#8211; 11 et 15 ans M\u00e9moire de l&#8217;avenir &#8211; [&hellip;]","og_url":"https:\/\/preprod.gmindia.tech\/mda\/en\/crbst_76_en\/","og_site_name":"Memory of the Future","article_modified_time":"2024-02-29T05:42:15+00:00","twitter_card":"summary_large_image","twitter_misc":{"Estimated reading time":"1 minute"},"schema":{"@context":"https:\/\/schema.org","@graph":[{"@type":"WebPage","@id":"https:\/\/preprod.gmindia.tech\/mda\/en\/crbst_76_en\/","url":"https:\/\/preprod.gmindia.tech\/mda\/en\/crbst_76_en\/","name":"EN VID\u00c9O - Memory of the Future","isPartOf":{"@id":"https:\/\/preprod.gmindia.tech\/mda\/en\/#website"},"datePublished":"2024-02-02T13:50:49+00:00","dateModified":"2024-02-29T05:42:15+00:00","breadcrumb":{"@id":"https:\/\/preprod.gmindia.tech\/mda\/en\/crbst_76_en\/#breadcrumb"},"inLanguage":"en-GB","potentialAction":[{"@type":"ReadAction","target":["https:\/\/preprod.gmindia.tech\/mda\/en\/crbst_76_en\/"]}]},{"@type":"BreadcrumbList","@id":"https:\/\/preprod.gmindia.tech\/mda\/en\/crbst_76_en\/#breadcrumb","itemListElement":[{"@type":"ListItem","position":1,"name":"Home","item":"https:\/\/preprod.gmindia.tech\/mda\/en\/"},{"@type":"ListItem","position":2,"name":"EN VID\u00c9O"}]},{"@type":"WebSite","@id":"https:\/\/preprod.gmindia.tech\/mda\/en\/#website","url":"https:\/\/preprod.gmindia.tech\/mda\/en\/","name":"Memory of the Future","description":"","publisher":{"@id":"https:\/\/preprod.gmindia.tech\/mda\/en\/#organization"},"potentialAction":[{"@type":"SearchAction","target":{"@type":"EntryPoint","urlTemplate":"https:\/\/preprod.gmindia.tech\/mda\/en\/?s={search_term_string}"},"query-input":{"@type":"PropertyValueSpecification","valueRequired":true,"valueName":"search_term_string"}}],"inLanguage":"en-GB"},{"@type":"Organization","@id":"https:\/\/preprod.gmindia.tech\/mda\/en\/#organization","name":"Memory of the Future","url":"https:\/\/preprod.gmindia.tech\/mda\/en\/","logo":{"@type":"ImageObject","inLanguage":"en-GB","@id":"https:\/\/preprod.gmindia.tech\/mda\/en\/#\/schema\/logo\/image\/","url":"https:\/\/preprod.gmindia.tech\/mda\/en\/wp-content\/uploads\/sites\/2\/2024\/01\/logo_20mda_2010202000.png","contentUrl":"https:\/\/preprod.gmindia.tech\/mda\/en\/wp-content\/uploads\/sites\/2\/2024\/01\/logo_20mda_2010202000.png","width":123,"height":220,"caption":"Memory of the Future"},"image":{"@id":"https:\/\/preprod.gmindia.tech\/mda\/en\/#\/schema\/logo\/image\/"}}]}},"_links":{"self":[{"href":"https:\/\/preprod.gmindia.tech\/mda\/en\/wp-json\/wp\/v2\/pages\/534","targetHints":{"allow":["GET"]}}],"collection":[{"href":"https:\/\/preprod.gmindia.tech\/mda\/en\/wp-json\/wp\/v2\/pages"}],"about":[{"href":"https:\/\/preprod.gmindia.tech\/mda\/en\/wp-json\/wp\/v2\/types\/page"}],"author":[{"embeddable":true,"href":"https:\/\/preprod.gmindia.tech\/mda\/en\/wp-json\/wp\/v2\/users\/1"}],"replies":[{"embeddable":true,"href":"https:\/\/preprod.gmindia.tech\/mda\/en\/wp-json\/wp\/v2\/comments?post=534"}],"version-history":[{"count":2,"href":"https:\/\/preprod.gmindia.tech\/mda\/en\/wp-json\/wp\/v2\/pages\/534\/revisions"}],"predecessor-version":[{"id":2885,"href":"https:\/\/preprod.gmindia.tech\/mda\/en\/wp-json\/wp\/v2\/pages\/534\/revisions\/2885"}],"wp:attachment":[{"href":"https:\/\/preprod.gmindia.tech\/mda\/en\/wp-json\/wp\/v2\/media?parent=534"}],"curies":[{"name":"wp","href":"https:\/\/api.w.org\/{rel}","templated":true}]}}