{"id":600,"date":"2024-02-03T06:17:36","date_gmt":"2024-02-03T06:17:36","guid":{"rendered":"http:\/\/localhost\/mda-variations-plugin\/?page_id=600"},"modified":"2024-03-01T05:41:30","modified_gmt":"2024-03-01T05:41:30","slug":"secret_en","status":"publish","type":"page","link":"https:\/\/preprod.gmindia.tech\/mda\/en\/secret_en\/","title":{"rendered":"secret_en"},"content":{"rendered":"\n<h2 class=\" wp-block-heading eplus-wrapper\"><strong>DISCUSSION <span style=\"color:#0856fb;\">THE SECRET<\/span><\/strong><\/h2>\n\n\n\n<h3 class=\" wp-block-heading eplus-wrapper\"><strong>30.01.2021 &#8211; 6:30PM<\/strong><gwmw style=\"display:none;\"><\/gwmw><gwmw style=\"display:none;\"><\/gwmw><\/h3>\n\n\n\n<figure class=\"wp-embed-aspect-16-9 wp-has-aspect-ratio wp-block-embed is-type-video is-provider-youtube wp-block-embed-youtube eplus-wrapper\"><div class=\"wp-block-embed__wrapper\">\n<iframe loading=\"lazy\" title=\"LE SECRET - Webinaire de M\u00e9moire de l&#039;Avenir\" width=\"500\" height=\"281\" src=\"https:\/\/www.youtube.com\/embed\/SF5KMHyfIDc?feature=oembed\" frameborder=\"0\" allow=\"accelerometer; autoplay; clipboard-write; encrypted-media; gyroscope; picture-in-picture; web-share\" referrerpolicy=\"strict-origin-when-cross-origin\" allowfullscreen><\/iframe>\n<\/div><\/figure>\n\n\n\n<p class=\" has-small-font-size eplus-wrapper\">Recording of the discussion that took place on 30.01.2021 &#8211; 18H30 on the ZOOM platform<gwmw style=\"display:none;\"><\/gwmw><gwmw style=\"display:none;\"><\/gwmw><\/p>\n\n\n\n<div class=\"wp-block-columns eplus-wrapper is-layout-flex wp-container-core-columns-is-layout-28f84493 wp-block-columns-is-layout-flex\">\n<div class=\"wp-block-column is-vertically-aligned-center eplus-wrapper is-layout-flow wp-block-column-is-layout-flow\" style=\"flex-basis:66.66%\">\n<h4 class=\" wp-block-heading eplus-wrapper\" style=\"font-size:clamp(17.371px, 1.086rem + ((1vw - 3.2px) * 1.094), 27px);\"><strong>In the frame of the exhibition&nbsp;<\/strong><br><strong><em><a href=\"\/mda\/souslepli-underwraps\/\">Sous le pli \/ Under Wraps<\/a><\/em><\/strong><gwmw style=\"display: none; background-color: transparent;\"><\/gwmw><\/h4>\n<\/div>\n\n\n\n<div class=\"wp-block-column eplus-wrapper is-layout-flow wp-block-column-is-layout-flow\" style=\"flex-basis:33.33%\">\n<figure class=\" wp-block-image size-full eplus-wrapper\"><img loading=\"lazy\" decoding=\"async\" width=\"120\" height=\"120\" src=\"https:\/\/preprod.gmindia.tech\/mda\/en\/wp-content\/uploads\/sites\/2\/2024\/02\/TEST_20EXPO_20SUKI21.jpg\" alt=\"\" class=\"wp-image-603\"\/><\/figure>\n<\/div>\n<\/div>\n\n\n\n<p class=\" eplus-wrapper\" style=\"font-size:clamp(14px, 0.875rem + ((1vw - 3.2px) * 0.114), 15px);\"><gwmw style=\"display:none;\"><\/gwmw><gwmw style=\"display:none;\"><\/gwmw><gwmw style=\"display:none;\"><\/gwmw>This discussion around the theme of Secret is part of a project and an exhibition of the American artist Suki Valentine, titled Sous le Pli \/ Under wraps, currently presented&nbsp; online on M\u00e9moire de l&#8217;Avenir&#8217;s website.<gwmw style=\"display:none;\"><\/gwmw><\/p>\n\n\n\n<p class=\" eplus-wrapper\" style=\"font-size:clamp(14px, 0.875rem + ((1vw - 3.2px) * 0.114), 15px);\">Over the last two years, through her project Under Wraps, Suki Valentine has been questioning the significance of Secrets &#8211; Based on her research, Suki has produced two bodies of work; one is linked to history of a country, the other is associated to history of an individual, or of one\u2019s family \u2013 contributing to one\u2019s personal or collective (multi) structures.<\/p>\n\n\n\n<p class=\" eplus-wrapper\" style=\"font-size:clamp(14px, 0.875rem + ((1vw - 3.2px) * 0.114), 15px);\">The secret carries within it many aspects and functions. In the private sphere, if it is at times necessary for the construction of a person or for his or her protection, it can also go as far as to decay generations with it.<\/p>\n\n\n\n<p class=\" eplus-wrapper\" style=\"font-size:clamp(14px, 0.875rem + ((1vw - 3.2px) * 0.114), 15px);\">The same is true in the social, economic or political sphere. This protective function can be also found there: we could cite medical secrecy, industrial secrecy, voting secrecy, defence secrecy&#8230; But when it turns into concealment, and is detrimental or unfavourable to the other or to society, it must be exposed.<\/p>\n\n\n\n<p class=\" eplus-wrapper\" style=\"font-size:clamp(14px, 0.875rem + ((1vw - 3.2px) * 0.114), 15px);\">The question of its disclosure arises when it exercises a disproportionate form of constitutional or social power, when it contravenes the law, when it produces injustices or inequalities, when it prevents citizens from being informed about facts or about decisions they have to take.<\/p>\n\n\n\n<p class=\" eplus-wrapper\" style=\"font-size:clamp(14px, 0.875rem + ((1vw - 3.2px) * 0.114), 15px);\">Today, secrecy, particularly in relation to the exercise of power, is not well known and is being tested by an ever-increasing demand for transparency on the part of citizens. The precarious balance that it is in use, requires, in fact, one of the major democratic and political challenges, joined by that connection to the liberation of speech movements facilitated by certain public actions like the Meetoo movement.<\/p>\n\n\n\n<p class=\" eplus-wrapper\" style=\"font-size:clamp(14px, 0.875rem + ((1vw - 3.2px) * 0.114), 15px);\">To address the different aspects of secrecy and its functions and implications, M\u00e9moire de l&#8217;Avenir invited:<\/p>\n\n\n\n<p class=\" eplus-wrapper\" style=\"font-size:clamp(14px, 0.875rem + ((1vw - 3.2px) * 0.114), 15px);\"><strong>Suki Valentine<\/strong>, visual artist, activist, writer and poet. After obtaining a BFA in Metallurgy at the Pratt Institute in New York, she obtained an MFA &#8211; Studio Art at the Moore College of Art and Design in Philadelphia, where she received the MCAD Grad Fellowship Grant; She is particularly interested in issues of equality in society. In recent years her work has focused on questions related to the inequalities and violence experienced by women and minorities in the United States as well as the dominant history.&nbsp;<strong>[from 7&#8242; ]<\/strong><\/p>\n\n\n\n<p class=\" eplus-wrapper\" style=\"font-size:clamp(14px, 0.875rem + ((1vw - 3.2px) * 0.114), 15px);\"><strong>Estelle Gioan,<\/strong>&nbsp;psychotherapist at the transcultural consultation&nbsp;founded in 1994&nbsp;in the Bordeaux University Hospital . She explains to us the impact of secrecy on migrants, who are the patients of this specialized consultation. She explains also&nbsp; the methodologies of work they use, especially with the arts.<strong>&nbsp;[from 19&#8217;30].<\/strong><\/p>\n\n\n\n<p class=\" eplus-wrapper\" style=\"font-size:clamp(14px, 0.875rem + ((1vw - 3.2px) * 0.114), 15px);\"><strong>Sabine Marbat:&nbsp;<\/strong>Hypnotherapist &#8211; Why do we hide things? What impact does secrecy have on the individual and the family?<strong>&nbsp;[from 38&#8217;50]<\/strong><\/p>\n\n\n\n<p class=\" eplus-wrapper\" style=\"font-size:clamp(14px, 0.875rem + ((1vw - 3.2px) * 0.114), 15px);\"><strong>Florence Levi<\/strong>, editor-in-chief of the French-Portuguese transdisciplinary journal&nbsp;<a href=\"http:\/\/www.sigila.msh-paris.fr\/-Les-Numeros-.html\" target=\"_blank\">Sigila<\/a>. The journal aims to take into account and encourage multidisciplinary approaches to secrecy, and to highlight, thanks to the confrontation between various fields, convergences or gaps between the issues presented. The journal endeavours to sketch the boundaries, relationships, exchanges and interferences between secrecy, enigma, mystery, concealment, lies, intimacy, silence, mutism, confession, denial&#8230;&nbsp;<strong>[from 53&#8217;07]<\/strong><\/p>\n\n\n\n<p class=\" eplus-wrapper\" style=\"font-size:clamp(14px, 0.875rem + ((1vw - 3.2px) * 0.114), 15px);\"><strong>Jean-Philippe Foegle<\/strong>, doctoral student in public law specialising in the legal status of the whistleblower, and coordinator of the&nbsp;<a href=\"https:\/\/mlalerte.org\/\" target=\"_blank\">Maison des Lanceurs d&#8217;Alerte<\/a>. He is also interested in the notion of transparency in our democracies.<\/p>\n\n\n\n<p class=\" eplus-wrapper\" style=\"font-size:clamp(14px, 0.875rem + ((1vw - 3.2px) * 0.114), 15px);\"><strong>[from 1h08]<\/strong><\/p>\n\n\n\n<p class=\" eplus-wrapper\" style=\"font-size:clamp(14px, 0.875rem + ((1vw - 3.2px) * 0.114), 15px);\"><strong>Guy Girard<\/strong>, filmmaker and photographer. This film takes the fold as a red thread and obsession deployed through plastic art, music, science, fashion or the flamboyant expressions of nature, and strives to decipher what the fold in its form hides or reveals.&nbsp;<strong>[was not able to talk because of technical problems]<\/strong><\/p>\n\n\n\n<p class=\" eplus-wrapper\" style=\"font-size:clamp(14px, 0.875rem + ((1vw - 3.2px) * 0.114), 15px);\"><strong>LINKS<\/strong><\/p>\n\n\n\n<p class=\" eplus-wrapper\" style=\"font-size:clamp(14px, 0.875rem + ((1vw - 3.2px) * 0.114), 15px);\">Links related to the topics raised during this discussion:<\/p>\n\n\n\n<p class=\" eplus-wrapper\" style=\"font-size:clamp(14px, 0.875rem + ((1vw - 3.2px) * 0.114), 15px);\">64,000 to 75,000 African-American women and girls are now missing in the United States.<\/p>\n\n\n\n<p class=\" eplus-wrapper\" style=\"font-size:clamp(14px, 0.875rem + ((1vw - 3.2px) * 0.114), 15px);\"><a href=\"https:\/\/womensmediacenter.com\/news-features\/the-urgent-crisis-of-missing-black-women-and-girls\" target=\"_blank\">https:\/\/womensmediacenter.com\/news-features\/the-urgent-crisis-of-missing-black-women-and-girls<\/a><gwmw style=\"display:none;\"><\/gwmw><\/p>\n\n\n\n<p class=\" eplus-wrapper\" style=\"font-size:clamp(14px, 0.875rem + ((1vw - 3.2px) * 0.114), 15px);\">350,000 persons of minority backgrounds are missing in the USA.<\/p>\n\n\n\n<p class=\" eplus-wrapper\" style=\"font-size:clamp(14px, 0.875rem + ((1vw - 3.2px) * 0.114), 15px);\"><a href=\"https:\/\/www.montgomeryadvertiser.com\/story\/news\/2019\/11\/15\/unsolved-missing-black-girls-women-cases-underreported-montgomery-county\/4165154002\/\" target=\"_blank\">https:\/\/www.montgomeryadvertiser.com\/story\/news\/2019\/11\/15\/unsolved-missing-black-girls-women-cases-underreported-montgomery-county\/4165154002\/<\/a><gwmw style=\"display:none;\"><\/gwmw><\/p>\n\n\n\n<p class=\" eplus-wrapper\" style=\"font-size:clamp(14px, 0.875rem + ((1vw - 3.2px) * 0.114), 15px);\">Revue l&#8217;Autre https:\/\/revuelautre.com\/<\/p>\n\n\n\n<p class=\" eplus-wrapper\" style=\"font-size:clamp(14px, 0.875rem + ((1vw - 3.2px) * 0.114), 15px);\">association Ethnotopies https:\/\/www.facebook.com\/associationethnotopies<\/p>\n\n\n\n<p class=\" eplus-wrapper\" style=\"font-size:clamp(14px, 0.875rem + ((1vw - 3.2px) * 0.114), 15px);\">1 example of a mediation around dance:<\/p>\n\n\n\n<p class=\" eplus-wrapper\" style=\"font-size:clamp(14px, 0.875rem + ((1vw - 3.2px) * 0.114), 15px);\"><a href=\"https:\/\/vimeo.com\/327327295?fbclid=IwAR3_6oug0EmFdRbEJqLXI8Dt2HKELSqIjlAuJrn80RxRd-xaJAn8e3H7sgA\" target=\"_blank\">https:\/\/vimeo.com\/327327295?fbclid=IwAR3_6oug0EmFdRbEJqLXI8Dt2HKELSqIjlAuJrn80RxRd-xaJAn8e3H7sgA<\/a><gwmw style=\"display:none;\"><\/gwmw><\/p>\n\n\n\n<p class=\" eplus-wrapper\" style=\"font-size:clamp(14px, 0.875rem + ((1vw - 3.2px) * 0.114), 15px);\">SIGILA magazine on secrecy http:\/\/www.sigila.msh-paris.fr\/-Les-Numeros-.html<gwmw style=\"display:none;\"><\/gwmw><\/p>\n\n\n\n<p class=\" eplus-wrapper\" style=\"font-size:clamp(14px, 0.875rem + ((1vw - 3.2px) * 0.114), 15px);\">Whistleblower&#8217;s house: https:\/\/mlalerte.org\/<\/p>\n\n\n\n<p class=\" eplus-wrapper\" style=\"font-size:clamp(14px, 0.875rem + ((1vw - 3.2px) * 0.114), 15px);\">Article by Jean-Philippe Foegle &#8220;Democracy, transparency and secrecy&#8221; https:\/\/www.cairn.info\/revue-esprit-2019-4-page-103.htm?contenu=article<\/p>\n\n\n\n<p class=\" eplus-wrapper\" style=\"font-size:clamp(14px, 0.875rem + ((1vw - 3.2px) * 0.114), 15px);\">Appeals by associations to the Council of State concerning archive documents classified as secret\/defense documents<\/p>\n\n\n\n<p class=\" eplus-wrapper\" style=\"font-size:clamp(14px, 0.875rem + ((1vw - 3.2px) * 0.114), 15px);\"><a href=\"https:\/\/www.archivistes.org\/Acces-aux-archives-classifiees-secret-defense-Un-collectif-d-associations-et-de\" target=\"_blank\">https:\/\/www.archivistes.org\/Acces-aux-archives-classifiees-secret-defense-Un-collectif-d-associations-et-de<\/a><gwmw style=\"display:none;\"><\/gwmw><\/p>\n\n\n\n<p class=\" eplus-wrapper\" style=\"font-size:clamp(14px, 0.875rem + ((1vw - 3.2px) * 0.114), 15px);\">secrecy and collective construction:<\/p>\n\n\n\n<p class=\" eplus-wrapper\" style=\"font-size:clamp(14px, 0.875rem + ((1vw - 3.2px) * 0.114), 15px);\"><a href=\"https:\/\/www.courrierinternational.com\/article\/histoire-france-algerie-peut-construire-une-memoire-commune-sans-repentance-ni-excuses\" target=\"_blank\">https:\/\/www.courrierinternational.com\/article\/histoire-france-algerie-peut-construire-une-memoire-commune-sans-repentance-ni-excuses<\/a><gwmw style=\"display:none;\"><\/gwmw><\/p>\n\n\n\n<div class=\"wp-block-columns eplus-wrapper is-layout-flex wp-container-core-columns-is-layout-28f84493 wp-block-columns-is-layout-flex\">\n<div class=\"wp-block-column eplus-wrapper is-layout-flow wp-block-column-is-layout-flow\" style=\"flex-basis:33.33%\">\n<h4 class=\" wp-block-heading eplus-wrapper\"><strong><a href=\"\/mda\/souslepli-underwraps\/\" target=\"_blank\" rel=\"noreferrer noopener\">L&#8217;EXPOSITION<\/a><\/strong><\/h4>\n<\/div>\n\n\n\n<div class=\"wp-block-column is-vertically-aligned-center eplus-wrapper is-layout-flow wp-block-column-is-layout-flow\" style=\"flex-basis:66.66%\">\n<hr class=\"is-style-wide wp-block-separator has-text-color has-alpha-channel-opacity has-background eplus-wrapper\" style=\"margin-top:10px;margin-bottom:10px;background-color:#000000;color:#000000\"\/>\n<\/div>\n<\/div>\n\n\n\n<div class=\"wp-block-columns eplus-wrapper is-layout-flex wp-container-core-columns-is-layout-28f84493 wp-block-columns-is-layout-flex\">\n<div class=\"wp-block-column eplus-wrapper is-layout-flow wp-block-column-is-layout-flow\" style=\"flex-basis:66.66%\">\n<figure class=\" wp-block-image size-full is-resized eplus-wrapper\"><img loading=\"lazy\" decoding=\"async\" width=\"725\" height=\"725\" src=\"https:\/\/preprod.gmindia.tech\/mda\/en\/wp-content\/uploads\/sites\/2\/2024\/02\/TEST_20EXPO_20SUKI2-1.jpg\" alt=\"\" class=\"wp-image-803\" style=\"width:616px;height:auto\"\/><\/figure>\n<\/div>\n\n\n\n<div class=\"wp-block-column is-vertically-aligned-center eplus-wrapper is-layout-flow wp-block-column-is-layout-flow\" style=\"flex-basis:33.33%\">\n<p class=\" eplus-wrapper\" style=\"font-size:clamp(18.959px, 1.185rem + ((1vw - 3.2px) * 1.255), 30px);\"><strong><em>SOUS<\/em><\/strong><br><strong><em>LE PLI<\/em><\/strong><br><strong><em>&#8211;<\/em><\/strong><br><strong><em>UNDER WRAPS<\/em><\/strong><\/p>\n\n\n\n<h3 class=\" wp-block-heading has-medium-font-size eplus-wrapper\"><strong>Suki Valentine<\/strong><\/h3>\n\n\n\n<h3 class=\" wp-block-heading has-medium-font-size eplus-wrapper\"><strong>15.12.2020-30.01.2021<\/strong><\/h3>\n<\/div>\n<\/div>\n\n\n\n<div class=\"wp-block-columns eplus-wrapper is-layout-flex wp-container-core-columns-is-layout-28f84493 wp-block-columns-is-layout-flex\">\n<div class=\"wp-block-column eplus-wrapper is-layout-flow wp-block-column-is-layout-flow\" style=\"padding-right:25px;flex-basis:66.66%\">\n<p class=\" has-small-font-size eplus-wrapper\"><strong>M\u00e9moire de l\u2019Avenir pr\u00e9sente \u00ab Sous le Pli \u00bb \/ \u00ab Under Wraps \u00bb&nbsp; une exposition de l\u2019artiste am\u00e9ricaine Suki Valentine qui explore \u00e0 travers son dernier projet les r\u00e9cits cach\u00e9s, personnels et collectifs en interrogeant leur impact sur la construction de l\u2019identit\u00e9 de soi et du groupe social.&nbsp;&nbsp;<\/strong><\/p>\n\n\n\n<p class=\" has-small-font-size eplus-wrapper\">\u00ab Sous le Pli \u00bb \/ \u00ab Under Wraps \u00bb&nbsp; se d\u00e9ploie autour de 2 corpus d\u2019\u0153uvres et de recherche de l\u2019artiste, l\u2019un li\u00e9 au silence de l\u2019Histoire et l\u2019autre au silence de l\u2019individu ou de la famille.<\/p>\n<\/div>\n\n\n\n<div class=\"wp-block-column is-vertically-aligned-center eplus-wrapper is-layout-flow wp-block-column-is-layout-flow\" style=\"flex-basis:33.33%\">\n<div class=\"wp-block-buttons eplus-wrapper is-layout-flex wp-block-buttons-is-layout-flex\">\n<div class=\"is-style-outline wp-block-button has-custom-width wp-block-button__width-100 has-custom-font-size eplus-wrapper is-style-outline--1\" style=\"font-size:clamp(14px, 0.875rem + ((1vw - 3.2px) * 0.114), 15px);\"><a class=\"wp-block-button__link has-border-color wp-element-button\" href=\"\/mda\/souslepli-underwraps\/\" style=\"border-color:#000000;border-width:1px;border-radius:0px\">D\u00e9couvrir l&#8217;exposition en ligne<\/a><\/div>\n<\/div>\n<\/div>\n<\/div>\n","protected":false},"excerpt":{"rendered":"<p>DISCUSSION THE SECRET 30.01.2021 &#8211; 6:30PM Recording of the discussion that took place on 30.01.2021 &#8211; 18H30 on the ZOOM platform In the frame of the exhibition&nbsp;Sous le pli \/ Under Wraps This discussion around the theme of Secret is part of a project and an exhibition of the American artist Suki Valentine, titled Sous [&hellip;]<\/p>\n","protected":false},"author":1,"featured_media":0,"parent":0,"menu_order":0,"comment_status":"closed","ping_status":"closed","template":"wp-custom-template-page-with-sidebar","meta":{"footnotes":""},"class_list":["post-600","page","type-page","status-publish","hentry"],"yoast_head":"<!-- This site is optimized with the Yoast SEO plugin v23.9 - https:\/\/yoast.com\/wordpress\/plugins\/seo\/ -->\n<title>secret_en - Memory of the Future<\/title>\n<meta name=\"robots\" content=\"index, follow, max-snippet:-1, max-image-preview:large, max-video-preview:-1\" \/>\n<link rel=\"canonical\" href=\"https:\/\/preprod.gmindia.tech\/mda\/en\/secret_en\/\" \/>\n<meta property=\"og:locale\" content=\"en_GB\" \/>\n<meta property=\"og:type\" content=\"article\" \/>\n<meta property=\"og:title\" content=\"secret_en - Memory of the Future\" \/>\n<meta property=\"og:description\" content=\"DISCUSSION THE SECRET 30.01.2021 &#8211; 6:30PM Recording of the discussion that took place on 30.01.2021 &#8211; 18H30 on the ZOOM platform In the frame of the exhibition&nbsp;Sous le pli \/ Under Wraps This discussion around the theme of Secret is part of a project and an exhibition of the American artist Suki Valentine, titled Sous [&hellip;]\" \/>\n<meta property=\"og:url\" content=\"https:\/\/preprod.gmindia.tech\/mda\/en\/secret_en\/\" \/>\n<meta property=\"og:site_name\" content=\"Memory of the Future\" \/>\n<meta property=\"article:modified_time\" content=\"2024-03-01T05:41:30+00:00\" \/>\n<meta property=\"og:image\" content=\"https:\/\/preprod.gmindia.tech\/mda\/en\/wp-content\/uploads\/sites\/2\/2024\/02\/TEST_20EXPO_20SUKI21.jpg\" \/>\n\t<meta property=\"og:image:width\" content=\"120\" \/>\n\t<meta property=\"og:image:height\" content=\"120\" \/>\n\t<meta property=\"og:image:type\" content=\"image\/jpeg\" \/>\n<meta name=\"twitter:card\" content=\"summary_large_image\" \/>\n<meta name=\"twitter:label1\" content=\"Estimated reading time\" \/>\n\t<meta name=\"twitter:data1\" content=\"5 minutes\" \/>\n<script type=\"application\/ld+json\" class=\"yoast-schema-graph\">{\"@context\":\"https:\/\/schema.org\",\"@graph\":[{\"@type\":\"WebPage\",\"@id\":\"https:\/\/preprod.gmindia.tech\/mda\/en\/secret_en\/\",\"url\":\"https:\/\/preprod.gmindia.tech\/mda\/en\/secret_en\/\",\"name\":\"secret_en - Memory of the Future\",\"isPartOf\":{\"@id\":\"https:\/\/preprod.gmindia.tech\/mda\/en\/#website\"},\"primaryImageOfPage\":{\"@id\":\"https:\/\/preprod.gmindia.tech\/mda\/en\/secret_en\/#primaryimage\"},\"image\":{\"@id\":\"https:\/\/preprod.gmindia.tech\/mda\/en\/secret_en\/#primaryimage\"},\"thumbnailUrl\":\"https:\/\/preprod.gmindia.tech\/mda\/en\/wp-content\/uploads\/sites\/2\/2024\/02\/TEST_20EXPO_20SUKI21.jpg\",\"datePublished\":\"2024-02-03T06:17:36+00:00\",\"dateModified\":\"2024-03-01T05:41:30+00:00\",\"breadcrumb\":{\"@id\":\"https:\/\/preprod.gmindia.tech\/mda\/en\/secret_en\/#breadcrumb\"},\"inLanguage\":\"en-GB\",\"potentialAction\":[{\"@type\":\"ReadAction\",\"target\":[\"https:\/\/preprod.gmindia.tech\/mda\/en\/secret_en\/\"]}]},{\"@type\":\"ImageObject\",\"inLanguage\":\"en-GB\",\"@id\":\"https:\/\/preprod.gmindia.tech\/mda\/en\/secret_en\/#primaryimage\",\"url\":\"https:\/\/preprod.gmindia.tech\/mda\/en\/wp-content\/uploads\/sites\/2\/2024\/02\/TEST_20EXPO_20SUKI21.jpg\",\"contentUrl\":\"https:\/\/preprod.gmindia.tech\/mda\/en\/wp-content\/uploads\/sites\/2\/2024\/02\/TEST_20EXPO_20SUKI21.jpg\",\"width\":120,\"height\":120},{\"@type\":\"BreadcrumbList\",\"@id\":\"https:\/\/preprod.gmindia.tech\/mda\/en\/secret_en\/#breadcrumb\",\"itemListElement\":[{\"@type\":\"ListItem\",\"position\":1,\"name\":\"Home\",\"item\":\"https:\/\/preprod.gmindia.tech\/mda\/en\/\"},{\"@type\":\"ListItem\",\"position\":2,\"name\":\"secret_en\"}]},{\"@type\":\"WebSite\",\"@id\":\"https:\/\/preprod.gmindia.tech\/mda\/en\/#website\",\"url\":\"https:\/\/preprod.gmindia.tech\/mda\/en\/\",\"name\":\"Memory of the Future\",\"description\":\"\",\"publisher\":{\"@id\":\"https:\/\/preprod.gmindia.tech\/mda\/en\/#organization\"},\"potentialAction\":[{\"@type\":\"SearchAction\",\"target\":{\"@type\":\"EntryPoint\",\"urlTemplate\":\"https:\/\/preprod.gmindia.tech\/mda\/en\/?s={search_term_string}\"},\"query-input\":{\"@type\":\"PropertyValueSpecification\",\"valueRequired\":true,\"valueName\":\"search_term_string\"}}],\"inLanguage\":\"en-GB\"},{\"@type\":\"Organization\",\"@id\":\"https:\/\/preprod.gmindia.tech\/mda\/en\/#organization\",\"name\":\"Memory of the Future\",\"url\":\"https:\/\/preprod.gmindia.tech\/mda\/en\/\",\"logo\":{\"@type\":\"ImageObject\",\"inLanguage\":\"en-GB\",\"@id\":\"https:\/\/preprod.gmindia.tech\/mda\/en\/#\/schema\/logo\/image\/\",\"url\":\"https:\/\/preprod.gmindia.tech\/mda\/en\/wp-content\/uploads\/sites\/2\/2024\/01\/logo_20mda_2010202000.png\",\"contentUrl\":\"https:\/\/preprod.gmindia.tech\/mda\/en\/wp-content\/uploads\/sites\/2\/2024\/01\/logo_20mda_2010202000.png\",\"width\":123,\"height\":220,\"caption\":\"Memory of the Future\"},\"image\":{\"@id\":\"https:\/\/preprod.gmindia.tech\/mda\/en\/#\/schema\/logo\/image\/\"}}]}<\/script>\n<!-- \/ Yoast SEO plugin. -->","yoast_head_json":{"title":"secret_en - Memory of the Future","robots":{"index":"index","follow":"follow","max-snippet":"max-snippet:-1","max-image-preview":"max-image-preview:large","max-video-preview":"max-video-preview:-1"},"canonical":"https:\/\/preprod.gmindia.tech\/mda\/en\/secret_en\/","og_locale":"en_GB","og_type":"article","og_title":"secret_en - Memory of the Future","og_description":"DISCUSSION THE SECRET 30.01.2021 &#8211; 6:30PM Recording of the discussion that took place on 30.01.2021 &#8211; 18H30 on the ZOOM platform In the frame of the exhibition&nbsp;Sous le pli \/ Under Wraps This discussion around the theme of Secret is part of a project and an exhibition of the American artist Suki Valentine, titled Sous [&hellip;]","og_url":"https:\/\/preprod.gmindia.tech\/mda\/en\/secret_en\/","og_site_name":"Memory of the Future","article_modified_time":"2024-03-01T05:41:30+00:00","og_image":[{"width":120,"height":120,"url":"https:\/\/preprod.gmindia.tech\/mda\/en\/wp-content\/uploads\/sites\/2\/2024\/02\/TEST_20EXPO_20SUKI21.jpg","type":"image\/jpeg"}],"twitter_card":"summary_large_image","twitter_misc":{"Estimated reading time":"5 minutes"},"schema":{"@context":"https:\/\/schema.org","@graph":[{"@type":"WebPage","@id":"https:\/\/preprod.gmindia.tech\/mda\/en\/secret_en\/","url":"https:\/\/preprod.gmindia.tech\/mda\/en\/secret_en\/","name":"secret_en - Memory of the Future","isPartOf":{"@id":"https:\/\/preprod.gmindia.tech\/mda\/en\/#website"},"primaryImageOfPage":{"@id":"https:\/\/preprod.gmindia.tech\/mda\/en\/secret_en\/#primaryimage"},"image":{"@id":"https:\/\/preprod.gmindia.tech\/mda\/en\/secret_en\/#primaryimage"},"thumbnailUrl":"https:\/\/preprod.gmindia.tech\/mda\/en\/wp-content\/uploads\/sites\/2\/2024\/02\/TEST_20EXPO_20SUKI21.jpg","datePublished":"2024-02-03T06:17:36+00:00","dateModified":"2024-03-01T05:41:30+00:00","breadcrumb":{"@id":"https:\/\/preprod.gmindia.tech\/mda\/en\/secret_en\/#breadcrumb"},"inLanguage":"en-GB","potentialAction":[{"@type":"ReadAction","target":["https:\/\/preprod.gmindia.tech\/mda\/en\/secret_en\/"]}]},{"@type":"ImageObject","inLanguage":"en-GB","@id":"https:\/\/preprod.gmindia.tech\/mda\/en\/secret_en\/#primaryimage","url":"https:\/\/preprod.gmindia.tech\/mda\/en\/wp-content\/uploads\/sites\/2\/2024\/02\/TEST_20EXPO_20SUKI21.jpg","contentUrl":"https:\/\/preprod.gmindia.tech\/mda\/en\/wp-content\/uploads\/sites\/2\/2024\/02\/TEST_20EXPO_20SUKI21.jpg","width":120,"height":120},{"@type":"BreadcrumbList","@id":"https:\/\/preprod.gmindia.tech\/mda\/en\/secret_en\/#breadcrumb","itemListElement":[{"@type":"ListItem","position":1,"name":"Home","item":"https:\/\/preprod.gmindia.tech\/mda\/en\/"},{"@type":"ListItem","position":2,"name":"secret_en"}]},{"@type":"WebSite","@id":"https:\/\/preprod.gmindia.tech\/mda\/en\/#website","url":"https:\/\/preprod.gmindia.tech\/mda\/en\/","name":"Memory of the Future","description":"","publisher":{"@id":"https:\/\/preprod.gmindia.tech\/mda\/en\/#organization"},"potentialAction":[{"@type":"SearchAction","target":{"@type":"EntryPoint","urlTemplate":"https:\/\/preprod.gmindia.tech\/mda\/en\/?s={search_term_string}"},"query-input":{"@type":"PropertyValueSpecification","valueRequired":true,"valueName":"search_term_string"}}],"inLanguage":"en-GB"},{"@type":"Organization","@id":"https:\/\/preprod.gmindia.tech\/mda\/en\/#organization","name":"Memory of the Future","url":"https:\/\/preprod.gmindia.tech\/mda\/en\/","logo":{"@type":"ImageObject","inLanguage":"en-GB","@id":"https:\/\/preprod.gmindia.tech\/mda\/en\/#\/schema\/logo\/image\/","url":"https:\/\/preprod.gmindia.tech\/mda\/en\/wp-content\/uploads\/sites\/2\/2024\/01\/logo_20mda_2010202000.png","contentUrl":"https:\/\/preprod.gmindia.tech\/mda\/en\/wp-content\/uploads\/sites\/2\/2024\/01\/logo_20mda_2010202000.png","width":123,"height":220,"caption":"Memory of the Future"},"image":{"@id":"https:\/\/preprod.gmindia.tech\/mda\/en\/#\/schema\/logo\/image\/"}}]}},"_links":{"self":[{"href":"https:\/\/preprod.gmindia.tech\/mda\/en\/wp-json\/wp\/v2\/pages\/600","targetHints":{"allow":["GET"]}}],"collection":[{"href":"https:\/\/preprod.gmindia.tech\/mda\/en\/wp-json\/wp\/v2\/pages"}],"about":[{"href":"https:\/\/preprod.gmindia.tech\/mda\/en\/wp-json\/wp\/v2\/types\/page"}],"author":[{"embeddable":true,"href":"https:\/\/preprod.gmindia.tech\/mda\/en\/wp-json\/wp\/v2\/users\/1"}],"replies":[{"embeddable":true,"href":"https:\/\/preprod.gmindia.tech\/mda\/en\/wp-json\/wp\/v2\/comments?post=600"}],"version-history":[{"count":6,"href":"https:\/\/preprod.gmindia.tech\/mda\/en\/wp-json\/wp\/v2\/pages\/600\/revisions"}],"predecessor-version":[{"id":2951,"href":"https:\/\/preprod.gmindia.tech\/mda\/en\/wp-json\/wp\/v2\/pages\/600\/revisions\/2951"}],"wp:attachment":[{"href":"https:\/\/preprod.gmindia.tech\/mda\/en\/wp-json\/wp\/v2\/media?parent=600"}],"curies":[{"name":"wp","href":"https:\/\/api.w.org\/{rel}","templated":true}]}}