{"id":6484,"date":"2025-08-05T06:21:35","date_gmt":"2025-08-05T06:21:35","guid":{"rendered":"https:\/\/preprod.gmindia.tech\/mda\/en\/?page_id=6484"},"modified":"2025-08-05T10:57:22","modified_gmt":"2025-08-05T10:57:22","slug":"crbst_315_en","status":"publish","type":"page","link":"https:\/\/preprod.gmindia.tech\/mda\/en\/crbst_315_en\/","title":{"rendered":"HORS MUR + INTERNATIONAL"},"content":{"rendered":"\n<div class=\"wp-block-group has-global-padding is-layout-constrained wp-container-core-group-is-layout-ae02faf7 wp-block-group-is-layout-constrained\" style=\"border-width:1px;margin-top:0px;margin-bottom:0px;padding-top:0px;padding-right:0px;padding-bottom:0px;padding-left:0px\">\n<p class=\"has-text-align-center has-verdana-font-family\" style=\"font-size:11px\">M\u00e9moire de l&#8217;Avenir<\/p>\n\n\n\n<p class=\"has-text-align-center has-verdana-font-family\" style=\"font-size:11px\">une organization apolitique et aconfessionnelle, fid\u00e8le \u00e0 sa charte \u00e9thique<br>elle utilise les arts et les cultures comme outils de dialogue et de compr\u00e9hension.<\/p>\n\n\n\n<p class=\"has-text-align-center has-verdana-font-family\" style=\"font-size:11px\">A non-political, non-religious organization guided by its ethical charter,<br>using arts and culture as tools for dialogue and understanding.<\/p>\n<\/div>\n\n\n\n<div style=\"height:50px\" aria-hidden=\"true\" class=\"wp-block-spacer\"><\/div>\n\n\n\n<div class=\"wp-block-group has-border-color has-global-padding is-layout-constrained wp-container-core-group-is-layout-ae02faf7 wp-block-group-is-layout-constrained\" style=\"border-color:#f89522;border-width:1px;margin-top:0px;margin-bottom:0px;padding-top:0px;padding-right:0px;padding-bottom:0px;padding-left:0px\">\n<p class=\"has-text-align-center has-text-color has-link-color has-verdana-font-family wp-elements-d3c17d604721af7d90725fe87389b795\" style=\"color:#f89522;margin-top:0px;margin-right:0px;margin-bottom:0px;margin-left:0px;padding-top:0px;padding-right:0px;padding-bottom:0px;padding-left:0px;font-size:clamp(22.041px, 1.378rem + ((1vw - 3.2px) * 1.586), 36px);\"><strong>HORS MUR<\/strong><\/p>\n\n\n\n<p class=\"has-text-align-center has-verdana-font-family\" style=\"margin-top:0px;margin-right:0px;margin-bottom:0px;margin-left:0px;padding-top:0px;padding-right:0px;padding-bottom:0px;padding-left:0px;font-size:clamp(14px, 0.875rem + ((1vw - 3.2px) * 0.568), 19px);\">&#8211;&nbsp;EXHIBITIONS<\/p>\n\n\n\n<p class=\"has-text-align-center has-verdana-font-family\" style=\"margin-top:0px;margin-right:0px;margin-bottom:0px;margin-left:0px;padding-top:0px;padding-right:0px;padding-bottom:0px;padding-left:0px;font-size:clamp(14px, 0.875rem + ((1vw - 3.2px) * 0.568), 19px);\">&#8211; SHARINGS<\/p>\n\n\n\n<p class=\"has-text-align-center has-verdana-font-family\" style=\"margin-top:0px;margin-right:0px;margin-bottom:0px;margin-left:0px;padding-top:0px;padding-right:0px;padding-bottom:0px;padding-left:0px;font-size:clamp(14px, 0.875rem + ((1vw - 3.2px) * 0.114), 15px);\">Methods &amp; Tools<\/p>\n\n\n\n<p class=\"has-text-align-center has-verdana-font-family\" style=\"margin-top:0px;margin-right:0px;margin-bottom:0px;margin-left:0px;padding-top:0px;padding-right:0px;padding-bottom:0px;padding-left:0px;font-size:clamp(14px, 0.875rem + ((1vw - 3.2px) * 0.568), 19px);\">&#8211; ARTS in DIALOUGE<\/p>\n\n\n\n<p class=\"has-text-align-center has-verdana-font-family\" style=\"margin-top:0px;margin-right:0px;margin-bottom:0px;margin-left:0px;padding-top:0px;padding-right:0px;padding-bottom:0px;padding-left:0px;font-size:clamp(14px, 0.875rem + ((1vw - 3.2px) * 0.114), 15px);\">Projects<\/p>\n\n\n\n<p class=\"has-text-align-center has-verdana-font-family\" style=\"margin-top:0px;margin-right:0px;margin-bottom:0px;margin-left:0px;padding-top:0px;padding-right:0px;padding-bottom:0px;padding-left:0px;font-size:clamp(14px, 0.875rem + ((1vw - 3.2px) * 0.568), 19px);\">&#8211; SYMPOSIUMS<\/p>\n\n\n\n<p class=\"has-text-align-center has-text-color has-link-color has-verdana-font-family wp-elements-a72dcce5ba1be7242f7fce89371178f7\" style=\"color:#f7814a;font-size:clamp(14px, 0.875rem + ((1vw - 3.2px) * 0.568), 19px);\">SELECTION<\/p>\n<\/div>\n\n\n\n<div style=\"height:50px\" aria-hidden=\"true\" class=\"wp-block-spacer\"><\/div>\n\n\n\n<div class=\"wp-block-columns is-layout-flex wp-container-core-columns-is-layout-28f84493 wp-block-columns-is-layout-flex\">\n<div class=\"wp-block-column is-layout-flow wp-block-column-is-layout-flow\" style=\"padding-right:20px;padding-left:20px\">\n<div class=\"wp-block-group has-border-color has-global-padding is-layout-constrained wp-container-core-group-is-layout-3a02abfb wp-block-group-is-layout-constrained\" style=\"border-color:#f56181;border-width:1px;padding-top:20px;padding-right:20px;padding-bottom:20px;padding-left:20px\">\n<p class=\"has-text-align-center\"><a href=\"\/mda\/en\/crbst_311_en\/\">FRANCE &#8211; PORTUGAL<\/a><\/p>\n\n\n\n<p class=\"has-text-align-center\" style=\"margin-top:0px;margin-right:0px;margin-bottom:0px;margin-left:0px;padding-top:0px;padding-right:0px;padding-bottom:0px;padding-left:0px;font-size:clamp(14px, 0.875rem + ((1vw - 3.2px) * 0.682), 20px);line-height:1.2\"><a href=\"\/mda\/en\/crbst_311_en\/\">INSTITUTE FRANCAISE<\/a><\/p>\n\n\n\n<p class=\"has-text-align-center\" style=\"margin-top:0px;margin-right:0px;margin-bottom:0px;margin-left:0px;padding-top:0px;padding-right:0px;padding-bottom:0px;padding-left:0px;font-size:clamp(14px, 0.875rem + ((1vw - 3.2px) * 0.682), 20px);line-height:1.2\"><a href=\"\/mda\/en\/crbst_311_en\/\">2022<\/a><\/p>\n\n\n\n<p class=\"has-text-align-center\" style=\"margin-top:0px;margin-right:0px;margin-bottom:0px;margin-left:0px;padding-top:0px;padding-right:0px;padding-bottom:0px;padding-left:0px;font-size:clamp(14px, 0.875rem + ((1vw - 3.2px) * 0.682), 20px);line-height:1.2\"><a href=\"\/mda\/en\/crbst_311_en\/\"><strong>BEING \u2013 LA TERRE COMME<\/strong><\/a><a href=\"https:\/\/www.memoire-a-venir.org\/crbst_311_en.html\" target=\"_blank\"><\/a><\/p>\n\n\n\n<p class=\"has-text-align-center\"><a href=\"\/mda\/en\/crbst_311_en\/\">\u00c9V\u00c9NEMENT &#8211; BEING<\/a><\/p>\n<\/div>\n<\/div>\n\n\n\n<div class=\"wp-block-column is-layout-flow wp-block-column-is-layout-flow\" style=\"padding-right:20px;padding-left:20px\">\n<div class=\"wp-block-group has-border-color has-global-padding is-layout-constrained wp-container-core-group-is-layout-3a02abfb wp-block-group-is-layout-constrained\" style=\"border-color:#f56181;border-width:1px;padding-top:20px;padding-right:20px;padding-bottom:20px;padding-left:20px\">\n<p class=\"has-text-align-center\"><a href=\"\/mda\/en\/crbst_61_en\/\">ISRAEL-PALESTINE<\/a><\/p>\n\n\n\n<p class=\"has-text-align-center\" style=\"margin-top:0px;margin-right:0px;margin-bottom:0px;margin-left:0px;padding-top:0px;padding-right:0px;padding-bottom:0px;padding-left:0px;font-size:clamp(14px, 0.875rem + ((1vw - 3.2px) * 0.682), 20px);line-height:1.2\"><a href=\"\/mda\/en\/crbst_61_en\/\">INSTITUTE FRANCAIS<\/a><\/p>\n\n\n\n<p class=\"has-text-align-center\" style=\"margin-top:0px;margin-right:0px;margin-bottom:0px;margin-left:0px;padding-top:0px;padding-right:0px;padding-bottom:0px;padding-left:0px;font-size:clamp(14px, 0.875rem + ((1vw - 3.2px) * 0.682), 20px);line-height:1.2\"><a href=\"\/mda\/en\/crbst_61_en\/\">2013-2014<\/a><\/p>\n\n\n\n<p class=\"has-text-align-center\" style=\"margin-top:0px;margin-right:0px;margin-bottom:0px;margin-left:0px;padding-top:0px;padding-right:0px;padding-bottom:0px;padding-left:0px;font-size:clamp(14px, 0.875rem + ((1vw - 3.2px) * 0.682), 20px);line-height:1.2\"><a href=\"\/mda\/en\/crbst_61_en\/\">HAIFA &#8211; NAZERETH<\/a><\/p>\n\n\n\n<p class=\"has-text-align-center\"><a href=\"\/mda\/en\/crbst_61_en\/\"><strong>@ YOUR TABLE<\/strong><\/a><\/p>\n<\/div>\n<\/div>\n<\/div>\n\n\n\n<div class=\"wp-block-columns is-layout-flex wp-container-core-columns-is-layout-28f84493 wp-block-columns-is-layout-flex\">\n<div class=\"wp-block-column is-layout-flow wp-block-column-is-layout-flow\" style=\"padding-right:20px;padding-left:20px\">\n<div class=\"wp-block-group has-border-color has-global-padding is-layout-constrained wp-container-core-group-is-layout-3a02abfb wp-block-group-is-layout-constrained\" style=\"border-color:#f56181;border-width:1px;padding-top:20px;padding-right:20px;padding-bottom:20px;padding-left:20px\">\n<div style=\"height:20px\" aria-hidden=\"true\" class=\"wp-block-spacer\"><\/div>\n\n\n\n<p class=\"has-text-align-center\" style=\"margin-top:0px;margin-right:0px;margin-bottom:0px;margin-left:0px;padding-top:0px;padding-right:0px;padding-bottom:0px;padding-left:0px;font-size:clamp(14px, 0.875rem + ((1vw - 3.2px) * 0.682), 20px);line-height:1.2\"><a href=\"\/mda\/en\/crbst_317_en\/\"><strong>MUSEE DE l&#8217;HOMME<\/strong><\/a><\/p>\n\n\n\n<p class=\"has-text-align-center\" style=\"margin-top:0px;margin-right:0px;margin-bottom:0px;margin-left:0px;padding-top:0px;padding-right:0px;padding-bottom:0px;padding-left:0px;font-size:clamp(14px, 0.875rem + ((1vw - 3.2px) * 0.682), 20px);line-height:1.2\"><a href=\"\/mda\/en\/crbst_317_en\/\">PARIS<\/a><\/p>\n\n\n\n<p class=\"has-text-align-center\" style=\"margin-top:0px;margin-right:0px;margin-bottom:0px;margin-left:0px;padding-top:0px;padding-right:0px;padding-bottom:0px;padding-left:0px;font-size:clamp(14px, 0.875rem + ((1vw - 3.2px) * 0.682), 20px);line-height:1.2\"><a href=\"\/mda\/en\/crbst_317_en\/\">2007<\/a><\/p>\n\n\n\n<div style=\"height:20px\" aria-hidden=\"true\" class=\"wp-block-spacer\"><\/div>\n<\/div>\n<\/div>\n\n\n\n<div class=\"wp-block-column is-layout-flow wp-block-column-is-layout-flow\" style=\"padding-right:20px;padding-left:20px\">\n<div class=\"wp-block-group has-border-color has-global-padding is-layout-constrained wp-container-core-group-is-layout-3a02abfb wp-block-group-is-layout-constrained\" style=\"border-color:#f56181;border-width:1px;padding-top:20px;padding-right:20px;padding-bottom:20px;padding-left:20px\">\n<div style=\"height:20px\" aria-hidden=\"true\" class=\"wp-block-spacer\"><\/div>\n\n\n\n<p class=\"has-text-align-center\" style=\"margin-top:0px;margin-right:0px;margin-bottom:0px;margin-left:0px;padding-top:0px;padding-right:0px;padding-bottom:0px;padding-left:0px;font-size:clamp(14px, 0.875rem + ((1vw - 3.2px) * 0.682), 20px);line-height:1.2\"><a href=\"\/mda\/en\/crbst_316_en\/\"><strong>MAKING SENSE<\/strong><\/a><\/p>\n\n\n\n<p class=\"has-text-align-center\" style=\"margin-top:0px;margin-right:0px;margin-bottom:0px;margin-left:0px;padding-top:0px;padding-right:0px;padding-bottom:0px;padding-left:0px;font-size:clamp(14px, 0.875rem + ((1vw - 3.2px) * 0.682), 20px);line-height:1.2\">CAMBRIDGE<\/p>\n\n\n\n<p class=\"has-text-align-center\" style=\"margin-top:0px;margin-right:0px;margin-bottom:0px;margin-left:0px;padding-top:0px;padding-right:0px;padding-bottom:0px;padding-left:0px;font-size:clamp(14px, 0.875rem + ((1vw - 3.2px) * 0.682), 20px);line-height:1.2\"><a href=\"\/mda\/en\/crbst_316_en\/\">Centre George Pompidou<\/a><\/p>\n\n\n\n<div style=\"height:20px\" aria-hidden=\"true\" class=\"wp-block-spacer\"><\/div>\n<\/div>\n<\/div>\n<\/div>\n","protected":false},"excerpt":{"rendered":"<p>M\u00e9moire de l&#8217;Avenir une organization apolitique et aconfessionnelle, fid\u00e8le \u00e0 sa charte \u00e9thiqueelle utilise les arts et les cultures comme outils de dialogue et de compr\u00e9hension. A non-political, non-religious organization guided by its ethical charter,using arts and culture as tools for dialogue and understanding. HORS MUR &#8211;&nbsp;EXHIBITIONS &#8211; SHARINGS Methods &amp; Tools &#8211; ARTS in [&hellip;]<\/p>\n","protected":false},"author":1,"featured_media":0,"parent":0,"menu_order":0,"comment_status":"closed","ping_status":"closed","template":"wp-custom-template-page-with-sidebar","meta":{"footnotes":""},"class_list":["post-6484","page","type-page","status-publish","hentry"],"yoast_head":"<!-- This site is optimized with the Yoast SEO plugin v23.9 - https:\/\/yoast.com\/wordpress\/plugins\/seo\/ -->\n<title>HORS MUR + INTERNATIONAL - Memory of the Future<\/title>\n<meta name=\"robots\" content=\"index, follow, max-snippet:-1, max-image-preview:large, max-video-preview:-1\" \/>\n<link rel=\"canonical\" href=\"https:\/\/preprod.gmindia.tech\/mda\/en\/crbst_315_en\/\" \/>\n<meta property=\"og:locale\" content=\"en_GB\" \/>\n<meta property=\"og:type\" content=\"article\" \/>\n<meta property=\"og:title\" content=\"HORS MUR + INTERNATIONAL - Memory of the Future\" \/>\n<meta property=\"og:description\" content=\"M\u00e9moire de l&#8217;Avenir une organization apolitique et aconfessionnelle, fid\u00e8le \u00e0 sa charte \u00e9thiqueelle utilise les arts et les cultures comme outils de dialogue et de compr\u00e9hension. A non-political, non-religious organization guided by its ethical charter,using arts and culture as tools for dialogue and understanding. HORS MUR &#8211;&nbsp;EXHIBITIONS &#8211; SHARINGS Methods &amp; Tools &#8211; ARTS in [&hellip;]\" \/>\n<meta property=\"og:url\" content=\"https:\/\/preprod.gmindia.tech\/mda\/en\/crbst_315_en\/\" \/>\n<meta property=\"og:site_name\" content=\"Memory of the Future\" \/>\n<meta property=\"article:modified_time\" content=\"2025-08-05T10:57:22+00:00\" \/>\n<meta name=\"twitter:card\" content=\"summary_large_image\" \/>\n<meta name=\"twitter:label1\" content=\"Estimated reading time\" \/>\n\t<meta name=\"twitter:data1\" content=\"1 minute\" \/>\n<script type=\"application\/ld+json\" class=\"yoast-schema-graph\">{\"@context\":\"https:\/\/schema.org\",\"@graph\":[{\"@type\":\"WebPage\",\"@id\":\"https:\/\/preprod.gmindia.tech\/mda\/en\/crbst_315_en\/\",\"url\":\"https:\/\/preprod.gmindia.tech\/mda\/en\/crbst_315_en\/\",\"name\":\"HORS MUR + INTERNATIONAL - Memory of the Future\",\"isPartOf\":{\"@id\":\"https:\/\/preprod.gmindia.tech\/mda\/en\/#website\"},\"datePublished\":\"2025-08-05T06:21:35+00:00\",\"dateModified\":\"2025-08-05T10:57:22+00:00\",\"breadcrumb\":{\"@id\":\"https:\/\/preprod.gmindia.tech\/mda\/en\/crbst_315_en\/#breadcrumb\"},\"inLanguage\":\"en-GB\",\"potentialAction\":[{\"@type\":\"ReadAction\",\"target\":[\"https:\/\/preprod.gmindia.tech\/mda\/en\/crbst_315_en\/\"]}]},{\"@type\":\"BreadcrumbList\",\"@id\":\"https:\/\/preprod.gmindia.tech\/mda\/en\/crbst_315_en\/#breadcrumb\",\"itemListElement\":[{\"@type\":\"ListItem\",\"position\":1,\"name\":\"Home\",\"item\":\"https:\/\/preprod.gmindia.tech\/mda\/en\/\"},{\"@type\":\"ListItem\",\"position\":2,\"name\":\"HORS MUR + INTERNATIONAL\"}]},{\"@type\":\"WebSite\",\"@id\":\"https:\/\/preprod.gmindia.tech\/mda\/en\/#website\",\"url\":\"https:\/\/preprod.gmindia.tech\/mda\/en\/\",\"name\":\"Memory of the Future\",\"description\":\"\",\"publisher\":{\"@id\":\"https:\/\/preprod.gmindia.tech\/mda\/en\/#organization\"},\"potentialAction\":[{\"@type\":\"SearchAction\",\"target\":{\"@type\":\"EntryPoint\",\"urlTemplate\":\"https:\/\/preprod.gmindia.tech\/mda\/en\/?s={search_term_string}\"},\"query-input\":{\"@type\":\"PropertyValueSpecification\",\"valueRequired\":true,\"valueName\":\"search_term_string\"}}],\"inLanguage\":\"en-GB\"},{\"@type\":\"Organization\",\"@id\":\"https:\/\/preprod.gmindia.tech\/mda\/en\/#organization\",\"name\":\"Memory of the Future\",\"url\":\"https:\/\/preprod.gmindia.tech\/mda\/en\/\",\"logo\":{\"@type\":\"ImageObject\",\"inLanguage\":\"en-GB\",\"@id\":\"https:\/\/preprod.gmindia.tech\/mda\/en\/#\/schema\/logo\/image\/\",\"url\":\"https:\/\/preprod.gmindia.tech\/mda\/en\/wp-content\/uploads\/sites\/2\/2024\/01\/logo_20mda_2010202000.png\",\"contentUrl\":\"https:\/\/preprod.gmindia.tech\/mda\/en\/wp-content\/uploads\/sites\/2\/2024\/01\/logo_20mda_2010202000.png\",\"width\":123,\"height\":220,\"caption\":\"Memory of the Future\"},\"image\":{\"@id\":\"https:\/\/preprod.gmindia.tech\/mda\/en\/#\/schema\/logo\/image\/\"}}]}<\/script>\n<!-- \/ Yoast SEO plugin. -->","yoast_head_json":{"title":"HORS MUR + INTERNATIONAL - Memory of the Future","robots":{"index":"index","follow":"follow","max-snippet":"max-snippet:-1","max-image-preview":"max-image-preview:large","max-video-preview":"max-video-preview:-1"},"canonical":"https:\/\/preprod.gmindia.tech\/mda\/en\/crbst_315_en\/","og_locale":"en_GB","og_type":"article","og_title":"HORS MUR + INTERNATIONAL - Memory of the Future","og_description":"M\u00e9moire de l&#8217;Avenir une organization apolitique et aconfessionnelle, fid\u00e8le \u00e0 sa charte \u00e9thiqueelle utilise les arts et les cultures comme outils de dialogue et de compr\u00e9hension. A non-political, non-religious organization guided by its ethical charter,using arts and culture as tools for dialogue and understanding. HORS MUR &#8211;&nbsp;EXHIBITIONS &#8211; SHARINGS Methods &amp; Tools &#8211; ARTS in [&hellip;]","og_url":"https:\/\/preprod.gmindia.tech\/mda\/en\/crbst_315_en\/","og_site_name":"Memory of the Future","article_modified_time":"2025-08-05T10:57:22+00:00","twitter_card":"summary_large_image","twitter_misc":{"Estimated reading time":"1 minute"},"schema":{"@context":"https:\/\/schema.org","@graph":[{"@type":"WebPage","@id":"https:\/\/preprod.gmindia.tech\/mda\/en\/crbst_315_en\/","url":"https:\/\/preprod.gmindia.tech\/mda\/en\/crbst_315_en\/","name":"HORS MUR + INTERNATIONAL - Memory of the Future","isPartOf":{"@id":"https:\/\/preprod.gmindia.tech\/mda\/en\/#website"},"datePublished":"2025-08-05T06:21:35+00:00","dateModified":"2025-08-05T10:57:22+00:00","breadcrumb":{"@id":"https:\/\/preprod.gmindia.tech\/mda\/en\/crbst_315_en\/#breadcrumb"},"inLanguage":"en-GB","potentialAction":[{"@type":"ReadAction","target":["https:\/\/preprod.gmindia.tech\/mda\/en\/crbst_315_en\/"]}]},{"@type":"BreadcrumbList","@id":"https:\/\/preprod.gmindia.tech\/mda\/en\/crbst_315_en\/#breadcrumb","itemListElement":[{"@type":"ListItem","position":1,"name":"Home","item":"https:\/\/preprod.gmindia.tech\/mda\/en\/"},{"@type":"ListItem","position":2,"name":"HORS MUR + INTERNATIONAL"}]},{"@type":"WebSite","@id":"https:\/\/preprod.gmindia.tech\/mda\/en\/#website","url":"https:\/\/preprod.gmindia.tech\/mda\/en\/","name":"Memory of the Future","description":"","publisher":{"@id":"https:\/\/preprod.gmindia.tech\/mda\/en\/#organization"},"potentialAction":[{"@type":"SearchAction","target":{"@type":"EntryPoint","urlTemplate":"https:\/\/preprod.gmindia.tech\/mda\/en\/?s={search_term_string}"},"query-input":{"@type":"PropertyValueSpecification","valueRequired":true,"valueName":"search_term_string"}}],"inLanguage":"en-GB"},{"@type":"Organization","@id":"https:\/\/preprod.gmindia.tech\/mda\/en\/#organization","name":"Memory of the Future","url":"https:\/\/preprod.gmindia.tech\/mda\/en\/","logo":{"@type":"ImageObject","inLanguage":"en-GB","@id":"https:\/\/preprod.gmindia.tech\/mda\/en\/#\/schema\/logo\/image\/","url":"https:\/\/preprod.gmindia.tech\/mda\/en\/wp-content\/uploads\/sites\/2\/2024\/01\/logo_20mda_2010202000.png","contentUrl":"https:\/\/preprod.gmindia.tech\/mda\/en\/wp-content\/uploads\/sites\/2\/2024\/01\/logo_20mda_2010202000.png","width":123,"height":220,"caption":"Memory of the Future"},"image":{"@id":"https:\/\/preprod.gmindia.tech\/mda\/en\/#\/schema\/logo\/image\/"}}]}},"_links":{"self":[{"href":"https:\/\/preprod.gmindia.tech\/mda\/en\/wp-json\/wp\/v2\/pages\/6484","targetHints":{"allow":["GET"]}}],"collection":[{"href":"https:\/\/preprod.gmindia.tech\/mda\/en\/wp-json\/wp\/v2\/pages"}],"about":[{"href":"https:\/\/preprod.gmindia.tech\/mda\/en\/wp-json\/wp\/v2\/types\/page"}],"author":[{"embeddable":true,"href":"https:\/\/preprod.gmindia.tech\/mda\/en\/wp-json\/wp\/v2\/users\/1"}],"replies":[{"embeddable":true,"href":"https:\/\/preprod.gmindia.tech\/mda\/en\/wp-json\/wp\/v2\/comments?post=6484"}],"version-history":[{"count":14,"href":"https:\/\/preprod.gmindia.tech\/mda\/en\/wp-json\/wp\/v2\/pages\/6484\/revisions"}],"predecessor-version":[{"id":6526,"href":"https:\/\/preprod.gmindia.tech\/mda\/en\/wp-json\/wp\/v2\/pages\/6484\/revisions\/6526"}],"wp:attachment":[{"href":"https:\/\/preprod.gmindia.tech\/mda\/en\/wp-json\/wp\/v2\/media?parent=6484"}],"curies":[{"name":"wp","href":"https:\/\/api.w.org\/{rel}","templated":true}]}}