{"id":6504,"date":"2025-08-05T09:57:20","date_gmt":"2025-08-05T09:57:20","guid":{"rendered":"https:\/\/preprod.gmindia.tech\/mda\/en\/?page_id=6504"},"modified":"2025-08-05T09:57:22","modified_gmt":"2025-08-05T09:57:22","slug":"crbst_316_en","status":"publish","type":"page","link":"https:\/\/preprod.gmindia.tech\/mda\/en\/crbst_316_en\/","title":{"rendered":"MAKING SENSE"},"content":{"rendered":"\n<p class=\"has-text-align-center has-verdana-font-family\" style=\"margin-top:0px;margin-right:0px;margin-bottom:0px;margin-left:0px;padding-top:0px;padding-right:0px;padding-bottom:0px;padding-left:0px;font-size:clamp(14.082px, 0.88rem + ((1vw - 3.2px) * 0.786), 21px);\">CAMBRIDGE&nbsp; &nbsp; 2009<\/p>\n\n\n\n<p class=\"has-text-align-center has-verdana-font-family\" style=\"margin-top:0px;margin-right:0px;margin-bottom:0px;margin-left:0px;padding-top:0px;padding-right:0px;padding-bottom:0px;padding-left:0px;font-size:clamp(14.082px, 0.88rem + ((1vw - 3.2px) * 0.786), 21px);\">&#8211; CENTRE GEORGE POMPIDOU&nbsp;&nbsp; 2010<\/p>\n\n\n\n<p class=\"has-text-align-center has-text-color has-link-color has-verdana-font-family wp-elements-5d8d22bfab615dab635ee5ec1d17eda5\" style=\"color:#f43319;margin-top:0px;margin-right:0px;margin-bottom:0px;margin-left:0px;padding-top:0px;padding-right:0px;padding-bottom:0px;padding-left:0px;font-size:clamp(24.034px, 1.502rem + ((1vw - 3.2px) * 1.814), 40px);\">MAKING SENSE<\/p>\n\n\n\n<figure class=\"wp-block-image aligncenter size-full\"><img decoding=\"async\" src=\"https:\/\/preprod.gmindia.tech\/mda\/wp-content\/uploads\/2025\/08\/MS3_4_20p.jpg\" alt=\"\" class=\"wp-image-5953\"\/><\/figure>\n\n\n\n<p class=\"has-verdana-font-family\" style=\"font-size:clamp(14px, 0.875rem + ((1vw - 3.2px) * 0.114), 15px);\">FR<\/p>\n\n\n\n<p class=\"has-verdana-font-family\" style=\"margin-top:0px;margin-right:0px;margin-bottom:0px;margin-left:0px;padding-top:0px;padding-right:0px;padding-bottom:0px;padding-left:0px;font-size:clamp(14px, 0.875rem + ((1vw - 3.2px) * 0.114), 15px);\"><strong>Making Sense (concept originale &#8211;&nbsp;<\/strong><a href=\"https:\/\/lornacollins.com\/cv\/\" target=\"_blank\"><strong>Lorna Collins<\/strong><\/a><strong>)<\/strong><\/p>\n\n\n\n<p class=\"has-verdana-font-family\" style=\"margin-top:0px;margin-right:0px;margin-bottom:0px;margin-left:0px;padding-top:0px;padding-right:0px;padding-bottom:0px;padding-left:0px;font-size:clamp(14px, 0.875rem + ((1vw - 3.2px) * 0.114), 15px);\">regroupe des artistes et penseurs de tous bords qui se donnent pour objectif&nbsp; d\u2019ouvrir des voies de recherche et de dialogue entre les modes de faire et de penser, en art et en philosophie. Tel que nous l\u2019entendons, Making sense (\u00ab faire sens \u00bb) se pose comme un acte de r\u00e9flexion qui engage autant les sens que la raison et qui embrasse des pratiques vari\u00e9es, inscrites dans le contexte contemporain.<\/p>\n\n\n\n<p class=\"has-verdana-font-family\" style=\"font-size:clamp(14px, 0.875rem + ((1vw - 3.2px) * 0.114), 15px);\">Notre colloque inaugural, qui s\u2019est tenu \u00e0 Cambridge en septembre 2009 \u00e0 partir de textes de Jean-Luc Nancy, a r\u00e9uni une quarantaine d\u2019artistes et de th\u00e9oriciens qui ont pr\u00e9sent\u00e9 des interventions orales, des vid\u00e9os et des performances de th\u00e9\u00e2tre ou de danse. Devant le succ\u00e8s de cette initiative, nous avons d\u00e9cid\u00e9 de renouveler l\u2019exp\u00e9rience en nous retrouvant en 2010 \u00e0 Paris.<\/p>\n\n\n\n<p class=\"has-verdana-font-family\" style=\"font-size:clamp(14px, 0.875rem + ((1vw - 3.2px) * 0.114), 15px);\"><a href=\"https:\/\/www.instagram.com\/sensinglorna\/?hl=en\" target=\"_blank\">@sensinglorna<\/a><\/p>\n\n\n\n<p class=\"has-verdana-font-family\" style=\"font-size:clamp(14px, 0.875rem + ((1vw - 3.2px) * 0.114), 15px);\">ENG<\/p>\n\n\n\n<p class=\"has-verdana-font-family\" style=\"margin-top:0px;margin-right:0px;margin-bottom:0px;margin-left:0px;padding-top:0px;padding-right:0px;padding-bottom:0px;padding-left:0px;font-size:clamp(14px, 0.875rem + ((1vw - 3.2px) * 0.114), 15px);\"><strong>Making Sense ( Original Concept &#8211;&nbsp;<\/strong><a href=\"https:\/\/lornacollins.com\/cv\/\" target=\"_blank\"><strong>Lorna Collins&nbsp;<\/strong><\/a><strong>)<\/strong>&nbsp;is a loose and expanding collective of artists and thinkers engaged in &#8216;making sense&#8217;, which, as we conceive it, denotes an act of reflection that is at once theoretical and practical, accessible, and inclusive.&nbsp; While diverse in our practices and our disciplines, we have a common striving to cross between modes of doing and thinking art and philosophy, especially within the contemporary context.&nbsp; We held our inaugural colloquium in September 2009 in collaboration with Jean-Luc Nancy at the University of Cambridge.&nbsp; The event drew together about forty artists and theoreticians who brought forward interventions in the form of oral presentations, video, performance, theatre and dance. In the face of the success of this initiative, we meet again in 2010 in Paris.<\/p>\n\n\n\n<p class=\"has-verdana-font-family\" style=\"font-size:clamp(14px, 0.875rem + ((1vw - 3.2px) * 0.114), 15px);\"><a href=\"https:\/\/www.instagram.com\/sensinglorna\/?hl=en\" target=\"_blank\">@sensinglorna<\/a><\/p>\n\n\n\n<div class=\"wp-block-buttons is-content-justification-center is-layout-flex wp-container-core-buttons-is-layout-a89b3969 wp-block-buttons-is-layout-flex\">\n<div class=\"wp-block-button is-style-outline is-style-outline--1\"><a class=\"wp-block-button__link has-verdana-font-family has-text-align-center has-custom-font-size wp-element-button\" href=\"\/mda\/wp-content\/uploads\/2025\/08\/2010_20MAKING_20SENSE_20CAMBRIDGE_20_CONCEPT_20__20FR_2B_20English.pdf\" style=\"border-width:1px;border-radius:0px;font-size:clamp(16.834px, 1.052rem + ((1vw - 3.2px) * 1.042), 26px);\" target=\"_blank\" rel=\"noreferrer noopener\">CONCEPT<br>FR | ENG<\/a><\/div>\n<\/div>\n\n\n\n<div class=\"wp-block-buttons is-content-justification-center is-layout-flex wp-container-core-buttons-is-layout-a89b3969 wp-block-buttons-is-layout-flex\">\n<div class=\"wp-block-button is-style-outline is-style-outline--2\"><a class=\"wp-block-button__link has-arial-font-family has-text-align-center has-custom-font-size wp-element-button\" href=\"\/mda\/wp-content\/uploads\/2025\/08\/2010_MAKING_20SENSE_202010_20_40_E2_97_8BCGP_20_20.pdf\" style=\"border-width:1px;border-radius:0px;font-size:14px\" target=\"_blank\" rel=\"noreferrer noopener\">emtaral&nbsp; CENTRE GEORGE POMPIDOU<br>MORE ABOUT<br>EN SAVOIR PLUS<\/a><\/div>\n<\/div>\n\n\n\n<div class=\"wp-block-columns is-layout-flex wp-container-core-columns-is-layout-28f84493 wp-block-columns-is-layout-flex\">\n<div class=\"wp-block-column is-layout-flow wp-block-column-is-layout-flow\" style=\"flex-basis:90%\">\n<figure class=\"wp-block-image size-full\"><img decoding=\"async\" src=\"https:\/\/preprod.gmindia.tech\/mda\/wp-content\/uploads\/2025\/08\/DSC_7656.jpg\" alt=\"\" class=\"wp-image-5967\"\/><\/figure>\n\n\n\n<p class=\"has-verdana-font-family\" style=\"font-size:11px\">Tapis du Dialogue \u2013 \u00c9l\u00e8ves du Coll\u00e8ge Clemenceau, 2010<br>Linogravure sur papier de riz, (c) M\u00e9moire de l\u2019Avenir<br>@ Centre Georges Pompidou<\/p>\n\n\n\n<p class=\"has-text-align-right has-verdana-font-family\" style=\"font-size:11px\">Carpet of Dialogue \u2013 Clemenceau Middle School Students, 2010<br>Linocut on rice paper, (c) M\u00e9moire de l\u2019Avenir<br>@ Centre Georges Pompidou<\/p>\n<\/div>\n\n\n\n<div class=\"wp-block-column is-layout-flow wp-block-column-is-layout-flow\" style=\"flex-basis:10%\"><\/div>\n<\/div>\n\n\n\n<div class=\"wp-block-columns is-layout-flex wp-container-core-columns-is-layout-28f84493 wp-block-columns-is-layout-flex\">\n<div class=\"wp-block-column is-layout-flow wp-block-column-is-layout-flow\" style=\"flex-basis:90%\">\n<figure class=\"wp-block-image size-full\"><img decoding=\"async\" src=\"https:\/\/preprod.gmindia.tech\/mda\/wp-content\/uploads\/2025\/08\/DSC_7657.jpg\" alt=\"\" class=\"wp-image-5972\"\/><\/figure>\n\n\n\n<p class=\"has-verdana-font-family\" style=\"font-size:clamp(14px, 0.875rem + ((1vw - 3.2px) * 0.114), 15px);\">Didier Gouduchaux, Photo sur film, 2010<br>(c) M\u00e9moire de l\u2019Avenir<br>@ Centre Georges Pompidou<\/p>\n\n\n\n<p class=\"has-text-align-right has-verdana-font-family\" style=\"margin-top:-50px;font-size:clamp(14px, 0.875rem + ((1vw - 3.2px) * 0.114), 15px);\"><a href=\"https:\/\/www.didiergauducheau.com\/\" target=\"_blank\">didiergauducheau.com<\/a><\/p>\n\n\n\n<p class=\"has-text-align-right has-verdana-font-family\" style=\"font-size:clamp(14px, 0.875rem + ((1vw - 3.2px) * 0.114), 15px);\">Didier Goudechaux, Photo on film, 2010<br>(c) M\u00e9moire de l\u2019Avenir<br>@ Centre Georges Pompidou<\/p>\n<\/div>\n\n\n\n<div class=\"wp-block-column is-layout-flow wp-block-column-is-layout-flow\" style=\"flex-basis:10%\"><\/div>\n<\/div>\n\n\n\n<div class=\"wp-block-columns is-layout-flex wp-container-core-columns-is-layout-28f84493 wp-block-columns-is-layout-flex\">\n<div class=\"wp-block-column is-layout-flow wp-block-column-is-layout-flow\" style=\"flex-basis:60%\">\n<figure class=\"wp-block-image size-full\"><img decoding=\"async\" src=\"https:\/\/preprod.gmindia.tech\/mda\/wp-content\/uploads\/2025\/08\/DSC_7703-e1754379992802.jpg\" alt=\"\" class=\"wp-image-5976\"\/><\/figure>\n<\/div>\n\n\n\n<div class=\"wp-block-column is-layout-flow wp-block-column-is-layout-flow\" style=\"flex-basis:40%\">\n<figure class=\"wp-block-image size-full\"><img decoding=\"async\" src=\"https:\/\/preprod.gmindia.tech\/mda\/wp-content\/uploads\/2025\/08\/20CUT_20DSC_7669.jpg\" alt=\"\" class=\"wp-image-5977\"\/><\/figure>\n\n\n\n<p class=\"has-verdana-font-family\" style=\"margin-top:0px;margin-right:0px;margin-bottom:0px;margin-left:0px;padding-top:0px;padding-right:0px;padding-bottom:0px;padding-left:0px;font-size:11px\">College Clemenceau, Identies,<br>\u00a9 M\u00e9moire de l\u2019Avenir<\/p>\n<\/div>\n<\/div>\n\n\n\n<div class=\"wp-block-columns is-layout-flex wp-container-core-columns-is-layout-28f84493 wp-block-columns-is-layout-flex\">\n<div class=\"wp-block-column is-layout-flow wp-block-column-is-layout-flow\" style=\"flex-basis:40%\"><\/div>\n\n\n\n<div class=\"wp-block-column is-layout-flow wp-block-column-is-layout-flow\" style=\"flex-basis:70%\">\n<figure class=\"wp-block-image alignright size-full\"><img decoding=\"async\" src=\"https:\/\/preprod.gmindia.tech\/mda\/wp-content\/uploads\/2025\/08\/DSC_7728.jpg\" alt=\"\" class=\"wp-image-5979\"\/><\/figure>\n\n\n\n<p class=\"has-text-align-right has-verdana-font-family\" style=\"margin-top:0px;margin-right:0px;margin-bottom:0px;margin-left:0px;padding-top:0px;padding-right:0px;padding-bottom:0px;padding-left:0px;font-size:11px\">\u00a9 Amelie Cabocel<\/p>\n\n\n\n<p class=\"has-text-align-right has-verdana-font-family\" style=\"margin-top:0px;margin-right:0px;margin-bottom:0px;margin-left:0px;padding-top:0px;padding-right:0px;padding-bottom:0px;padding-left:0px;font-size:11px\"><a href=\"https:\/\/www.ameliecabocel.com\/\" target=\"_blank\">www.ameliecabocel.com<\/a><\/p>\n<\/div>\n\n\n\n<div class=\"wp-block-column is-layout-flow wp-block-column-is-layout-flow\" style=\"flex-basis:13%\"><\/div>\n<\/div>\n\n\n\n<div class=\"wp-block-columns is-layout-flex wp-container-core-columns-is-layout-28f84493 wp-block-columns-is-layout-flex\">\n<div class=\"wp-block-column is-layout-flow wp-block-column-is-layout-flow\" style=\"flex-basis:60%\"><\/div>\n\n\n\n<div class=\"wp-block-column is-layout-flow wp-block-column-is-layout-flow\" style=\"flex-basis:60%\">\n<figure class=\"wp-block-image alignright size-full\"><img decoding=\"async\" src=\"https:\/\/preprod.gmindia.tech\/mda\/wp-content\/uploads\/2025\/08\/DSC_7686-e1754380462947.jpg\" alt=\"\" class=\"wp-image-5987\"\/><\/figure>\n\n\n\n<p class=\"has-text-align-right has-verdana-font-family\" style=\"margin-top:0px;margin-right:0px;margin-bottom:0px;margin-left:0px;padding-top:0px;padding-right:0px;padding-bottom:0px;padding-left:0px;font-size:11px\">\u00a9 Lya Garcia<\/p>\n\n\n\n<p class=\"has-text-align-right has-verdana-font-family\" style=\"margin-top:0px;margin-right:0px;margin-bottom:0px;margin-left:0px;padding-top:0px;padding-right:0px;padding-bottom:0px;padding-left:0px;font-size:11px\"><a href=\"https:\/\/lyagarcia.blogspot.com\/\" target=\"_blank\">lyagarcia.blogspot.com<\/a><\/p>\n<\/div>\n\n\n\n<div class=\"wp-block-column is-layout-flow wp-block-column-is-layout-flow\" style=\"flex-basis:13%\"><\/div>\n<\/div>\n","protected":false},"excerpt":{"rendered":"<p>CAMBRIDGE&nbsp; &nbsp; 2009 &#8211; CENTRE GEORGE POMPIDOU&nbsp;&nbsp; 2010 MAKING SENSE FR Making Sense (concept originale &#8211;&nbsp;Lorna Collins) regroupe des artistes et penseurs de tous bords qui se donnent pour objectif&nbsp; d\u2019ouvrir des voies de recherche et de dialogue entre les modes de faire et de penser, en art et en philosophie. Tel que nous l\u2019entendons, [&hellip;]<\/p>\n","protected":false},"author":1,"featured_media":0,"parent":0,"menu_order":0,"comment_status":"closed","ping_status":"closed","template":"wp-custom-template-page-with-sidebar","meta":{"footnotes":""},"class_list":["post-6504","page","type-page","status-publish","hentry"],"yoast_head":"<!-- This site is optimized with the Yoast SEO plugin v23.9 - https:\/\/yoast.com\/wordpress\/plugins\/seo\/ -->\n<title>MAKING SENSE - Memory of the Future<\/title>\n<meta name=\"robots\" content=\"index, follow, max-snippet:-1, max-image-preview:large, max-video-preview:-1\" \/>\n<link rel=\"canonical\" href=\"https:\/\/preprod.gmindia.tech\/mda\/en\/crbst_316_en\/\" \/>\n<meta property=\"og:locale\" content=\"en_GB\" \/>\n<meta property=\"og:type\" content=\"article\" \/>\n<meta property=\"og:title\" content=\"MAKING SENSE - Memory of the Future\" \/>\n<meta property=\"og:description\" content=\"CAMBRIDGE&nbsp; &nbsp; 2009 &#8211; CENTRE GEORGE POMPIDOU&nbsp;&nbsp; 2010 MAKING SENSE FR Making Sense (concept originale &#8211;&nbsp;Lorna Collins) regroupe des artistes et penseurs de tous bords qui se donnent pour objectif&nbsp; d\u2019ouvrir des voies de recherche et de dialogue entre les modes de faire et de penser, en art et en philosophie. Tel que nous l\u2019entendons, [&hellip;]\" \/>\n<meta property=\"og:url\" content=\"https:\/\/preprod.gmindia.tech\/mda\/en\/crbst_316_en\/\" \/>\n<meta property=\"og:site_name\" content=\"Memory of the Future\" \/>\n<meta property=\"article:modified_time\" content=\"2025-08-05T09:57:22+00:00\" \/>\n<meta property=\"og:image\" content=\"https:\/\/preprod.gmindia.tech\/mda\/en\/wp-content\/uploads\/sites\/2\/2024\/11\/sl_02.jpg\" \/>\n\t<meta property=\"og:image:width\" content=\"516\" \/>\n\t<meta property=\"og:image:height\" content=\"527\" \/>\n\t<meta property=\"og:image:type\" content=\"image\/jpeg\" \/>\n<meta name=\"twitter:card\" content=\"summary_large_image\" \/>\n<meta name=\"twitter:label1\" content=\"Estimated reading time\" \/>\n\t<meta name=\"twitter:data1\" content=\"4 minutes\" \/>\n<script type=\"application\/ld+json\" class=\"yoast-schema-graph\">{\"@context\":\"https:\/\/schema.org\",\"@graph\":[{\"@type\":\"WebPage\",\"@id\":\"https:\/\/preprod.gmindia.tech\/mda\/en\/crbst_316_en\/\",\"url\":\"https:\/\/preprod.gmindia.tech\/mda\/en\/crbst_316_en\/\",\"name\":\"MAKING SENSE - Memory of the Future\",\"isPartOf\":{\"@id\":\"https:\/\/preprod.gmindia.tech\/mda\/en\/#website\"},\"primaryImageOfPage\":{\"@id\":\"https:\/\/preprod.gmindia.tech\/mda\/en\/crbst_316_en\/#primaryimage\"},\"image\":{\"@id\":\"https:\/\/preprod.gmindia.tech\/mda\/en\/crbst_316_en\/#primaryimage\"},\"thumbnailUrl\":\"https:\/\/preprod.gmindia.tech\/mda\/wp-content\/uploads\/2025\/08\/MS3_4_20p.jpg\",\"datePublished\":\"2025-08-05T09:57:20+00:00\",\"dateModified\":\"2025-08-05T09:57:22+00:00\",\"breadcrumb\":{\"@id\":\"https:\/\/preprod.gmindia.tech\/mda\/en\/crbst_316_en\/#breadcrumb\"},\"inLanguage\":\"en-GB\",\"potentialAction\":[{\"@type\":\"ReadAction\",\"target\":[\"https:\/\/preprod.gmindia.tech\/mda\/en\/crbst_316_en\/\"]}]},{\"@type\":\"ImageObject\",\"inLanguage\":\"en-GB\",\"@id\":\"https:\/\/preprod.gmindia.tech\/mda\/en\/crbst_316_en\/#primaryimage\",\"url\":\"https:\/\/preprod.gmindia.tech\/mda\/wp-content\/uploads\/2025\/08\/MS3_4_20p.jpg\",\"contentUrl\":\"https:\/\/preprod.gmindia.tech\/mda\/wp-content\/uploads\/2025\/08\/MS3_4_20p.jpg\"},{\"@type\":\"BreadcrumbList\",\"@id\":\"https:\/\/preprod.gmindia.tech\/mda\/en\/crbst_316_en\/#breadcrumb\",\"itemListElement\":[{\"@type\":\"ListItem\",\"position\":1,\"name\":\"Home\",\"item\":\"https:\/\/preprod.gmindia.tech\/mda\/en\/\"},{\"@type\":\"ListItem\",\"position\":2,\"name\":\"MAKING SENSE\"}]},{\"@type\":\"WebSite\",\"@id\":\"https:\/\/preprod.gmindia.tech\/mda\/en\/#website\",\"url\":\"https:\/\/preprod.gmindia.tech\/mda\/en\/\",\"name\":\"Memory of the Future\",\"description\":\"\",\"publisher\":{\"@id\":\"https:\/\/preprod.gmindia.tech\/mda\/en\/#organization\"},\"potentialAction\":[{\"@type\":\"SearchAction\",\"target\":{\"@type\":\"EntryPoint\",\"urlTemplate\":\"https:\/\/preprod.gmindia.tech\/mda\/en\/?s={search_term_string}\"},\"query-input\":{\"@type\":\"PropertyValueSpecification\",\"valueRequired\":true,\"valueName\":\"search_term_string\"}}],\"inLanguage\":\"en-GB\"},{\"@type\":\"Organization\",\"@id\":\"https:\/\/preprod.gmindia.tech\/mda\/en\/#organization\",\"name\":\"Memory of the Future\",\"url\":\"https:\/\/preprod.gmindia.tech\/mda\/en\/\",\"logo\":{\"@type\":\"ImageObject\",\"inLanguage\":\"en-GB\",\"@id\":\"https:\/\/preprod.gmindia.tech\/mda\/en\/#\/schema\/logo\/image\/\",\"url\":\"https:\/\/preprod.gmindia.tech\/mda\/en\/wp-content\/uploads\/sites\/2\/2024\/01\/logo_20mda_2010202000.png\",\"contentUrl\":\"https:\/\/preprod.gmindia.tech\/mda\/en\/wp-content\/uploads\/sites\/2\/2024\/01\/logo_20mda_2010202000.png\",\"width\":123,\"height\":220,\"caption\":\"Memory of the Future\"},\"image\":{\"@id\":\"https:\/\/preprod.gmindia.tech\/mda\/en\/#\/schema\/logo\/image\/\"}}]}<\/script>\n<!-- \/ Yoast SEO plugin. -->","yoast_head_json":{"title":"MAKING SENSE - Memory of the Future","robots":{"index":"index","follow":"follow","max-snippet":"max-snippet:-1","max-image-preview":"max-image-preview:large","max-video-preview":"max-video-preview:-1"},"canonical":"https:\/\/preprod.gmindia.tech\/mda\/en\/crbst_316_en\/","og_locale":"en_GB","og_type":"article","og_title":"MAKING SENSE - Memory of the Future","og_description":"CAMBRIDGE&nbsp; &nbsp; 2009 &#8211; CENTRE GEORGE POMPIDOU&nbsp;&nbsp; 2010 MAKING SENSE FR Making Sense (concept originale &#8211;&nbsp;Lorna Collins) regroupe des artistes et penseurs de tous bords qui se donnent pour objectif&nbsp; d\u2019ouvrir des voies de recherche et de dialogue entre les modes de faire et de penser, en art et en philosophie. Tel que nous l\u2019entendons, [&hellip;]","og_url":"https:\/\/preprod.gmindia.tech\/mda\/en\/crbst_316_en\/","og_site_name":"Memory of the Future","article_modified_time":"2025-08-05T09:57:22+00:00","og_image":[{"width":516,"height":527,"url":"https:\/\/preprod.gmindia.tech\/mda\/en\/wp-content\/uploads\/sites\/2\/2024\/11\/sl_02.jpg","type":"image\/jpeg"}],"twitter_card":"summary_large_image","twitter_misc":{"Estimated reading time":"4 minutes"},"schema":{"@context":"https:\/\/schema.org","@graph":[{"@type":"WebPage","@id":"https:\/\/preprod.gmindia.tech\/mda\/en\/crbst_316_en\/","url":"https:\/\/preprod.gmindia.tech\/mda\/en\/crbst_316_en\/","name":"MAKING SENSE - Memory of the Future","isPartOf":{"@id":"https:\/\/preprod.gmindia.tech\/mda\/en\/#website"},"primaryImageOfPage":{"@id":"https:\/\/preprod.gmindia.tech\/mda\/en\/crbst_316_en\/#primaryimage"},"image":{"@id":"https:\/\/preprod.gmindia.tech\/mda\/en\/crbst_316_en\/#primaryimage"},"thumbnailUrl":"https:\/\/preprod.gmindia.tech\/mda\/wp-content\/uploads\/2025\/08\/MS3_4_20p.jpg","datePublished":"2025-08-05T09:57:20+00:00","dateModified":"2025-08-05T09:57:22+00:00","breadcrumb":{"@id":"https:\/\/preprod.gmindia.tech\/mda\/en\/crbst_316_en\/#breadcrumb"},"inLanguage":"en-GB","potentialAction":[{"@type":"ReadAction","target":["https:\/\/preprod.gmindia.tech\/mda\/en\/crbst_316_en\/"]}]},{"@type":"ImageObject","inLanguage":"en-GB","@id":"https:\/\/preprod.gmindia.tech\/mda\/en\/crbst_316_en\/#primaryimage","url":"https:\/\/preprod.gmindia.tech\/mda\/wp-content\/uploads\/2025\/08\/MS3_4_20p.jpg","contentUrl":"https:\/\/preprod.gmindia.tech\/mda\/wp-content\/uploads\/2025\/08\/MS3_4_20p.jpg"},{"@type":"BreadcrumbList","@id":"https:\/\/preprod.gmindia.tech\/mda\/en\/crbst_316_en\/#breadcrumb","itemListElement":[{"@type":"ListItem","position":1,"name":"Home","item":"https:\/\/preprod.gmindia.tech\/mda\/en\/"},{"@type":"ListItem","position":2,"name":"MAKING SENSE"}]},{"@type":"WebSite","@id":"https:\/\/preprod.gmindia.tech\/mda\/en\/#website","url":"https:\/\/preprod.gmindia.tech\/mda\/en\/","name":"Memory of the Future","description":"","publisher":{"@id":"https:\/\/preprod.gmindia.tech\/mda\/en\/#organization"},"potentialAction":[{"@type":"SearchAction","target":{"@type":"EntryPoint","urlTemplate":"https:\/\/preprod.gmindia.tech\/mda\/en\/?s={search_term_string}"},"query-input":{"@type":"PropertyValueSpecification","valueRequired":true,"valueName":"search_term_string"}}],"inLanguage":"en-GB"},{"@type":"Organization","@id":"https:\/\/preprod.gmindia.tech\/mda\/en\/#organization","name":"Memory of the Future","url":"https:\/\/preprod.gmindia.tech\/mda\/en\/","logo":{"@type":"ImageObject","inLanguage":"en-GB","@id":"https:\/\/preprod.gmindia.tech\/mda\/en\/#\/schema\/logo\/image\/","url":"https:\/\/preprod.gmindia.tech\/mda\/en\/wp-content\/uploads\/sites\/2\/2024\/01\/logo_20mda_2010202000.png","contentUrl":"https:\/\/preprod.gmindia.tech\/mda\/en\/wp-content\/uploads\/sites\/2\/2024\/01\/logo_20mda_2010202000.png","width":123,"height":220,"caption":"Memory of the Future"},"image":{"@id":"https:\/\/preprod.gmindia.tech\/mda\/en\/#\/schema\/logo\/image\/"}}]}},"_links":{"self":[{"href":"https:\/\/preprod.gmindia.tech\/mda\/en\/wp-json\/wp\/v2\/pages\/6504","targetHints":{"allow":["GET"]}}],"collection":[{"href":"https:\/\/preprod.gmindia.tech\/mda\/en\/wp-json\/wp\/v2\/pages"}],"about":[{"href":"https:\/\/preprod.gmindia.tech\/mda\/en\/wp-json\/wp\/v2\/types\/page"}],"author":[{"embeddable":true,"href":"https:\/\/preprod.gmindia.tech\/mda\/en\/wp-json\/wp\/v2\/users\/1"}],"replies":[{"embeddable":true,"href":"https:\/\/preprod.gmindia.tech\/mda\/en\/wp-json\/wp\/v2\/comments?post=6504"}],"version-history":[{"count":1,"href":"https:\/\/preprod.gmindia.tech\/mda\/en\/wp-json\/wp\/v2\/pages\/6504\/revisions"}],"predecessor-version":[{"id":6505,"href":"https:\/\/preprod.gmindia.tech\/mda\/en\/wp-json\/wp\/v2\/pages\/6504\/revisions\/6505"}],"wp:attachment":[{"href":"https:\/\/preprod.gmindia.tech\/mda\/en\/wp-json\/wp\/v2\/media?parent=6504"}],"curies":[{"name":"wp","href":"https:\/\/api.w.org\/{rel}","templated":true}]}}