{"id":1212,"date":"2024-02-15T07:53:04","date_gmt":"2024-02-15T07:53:04","guid":{"rendered":"http:\/\/localhost\/mdamulti\/?page_id=1212"},"modified":"2025-07-29T05:13:46","modified_gmt":"2025-07-29T05:13:46","slug":"crbst_27","status":"publish","type":"page","link":"https:\/\/preprod.gmindia.tech\/mda\/crbst_27\/","title":{"rendered":"REJOINDRE LES AMI.E.S DE MDA"},"content":{"rendered":"\n<h2 class=\"wp-block-heading eplus-wrapper\" style=\"font-size:clamp(24.034px, 1.502rem + ((1vw - 3.2px) * 1.814), 40px);\"><strong>REJOINDRE LES AMI.E.S DE MDA<\/strong><\/h2>\n\n\n\n<div style=\"height:40px\" aria-hidden=\"true\" class=\"wp-block-spacer eplus-wrapper\"><\/div>\n\n\n\n<figure class=\"wp-block-image size-full eplus-wrapper\"><img loading=\"lazy\" decoding=\"async\" width=\"751\" height=\"350\" src=\"https:\/\/preprod.gmindia.tech\/mda\/wp-content\/uploads\/2024\/02\/Capture19.jpg\" alt=\"\" class=\"wp-image-1216\" srcset=\"https:\/\/preprod.gmindia.tech\/mda\/wp-content\/uploads\/2024\/02\/Capture19.jpg 751w, https:\/\/preprod.gmindia.tech\/mda\/wp-content\/uploads\/2024\/02\/Capture19-300x140.jpg 300w\" sizes=\"auto, (max-width: 751px) 100vw, 751px\" \/><\/figure>\n\n\n\n<div style=\"height:40px\" aria-hidden=\"true\" class=\"wp-block-spacer eplus-wrapper\"><\/div>\n\n\n\n<div class=\"wp-block-columns eplus-wrapper is-layout-flex wp-container-core-columns-is-layout-28f84493 wp-block-columns-is-layout-flex\">\n<div class=\"wp-block-column eplus-wrapper has-border-color is-layout-flow wp-block-column-is-layout-flow\" style=\"border-color:#f33428;border-width:2px;padding-top:15px;padding-right:15px;padding-bottom:15px;padding-left:15px;flex-basis:40%\">\n<p class=\"eplus-wrapper\" style=\"font-size:clamp(14px, 0.875rem + ((1vw - 3.2px) * 0.227), 16px);\"><strong>\u00ab\u00a0En tant qu\u2019association d\u2019int\u00e9r\u00eat g\u00e9n\u00e9ral, M\u00e9moire de l\u2019Avenir est habilit\u00e9e \u00e0 \u00e9mettre aux particuliers et aux entreprises qui leur font un don, un re\u00e7u fiscal permettant au donateur de b\u00e9n\u00e9ficier d\u2019une r\u00e9duction d\u2019imp\u00f4ts.<\/strong><\/p>\n\n\n\n<p class=\"eplus-wrapper\" style=\"font-size:clamp(14px, 0.875rem + ((1vw - 3.2px) * 0.227), 16px);\">Pour les particuliers, cette r\u00e9duction est \u00e9gale \u00e0 66% du montant de la donation dans la limite de 20% du revenu imposable. Par exemple un don de 100\u20ac ne revient qu\u2019\u00e0 34\u20ac au donateur apr\u00e8s r\u00e9duction fiscale.<\/p>\n\n\n\n<p class=\"eplus-wrapper\" style=\"font-size:clamp(14px, 0.875rem + ((1vw - 3.2px) * 0.227), 16px);\">Pour les entreprises, cette r\u00e9duction est \u00e9gale \u00e0 60% du montant de la donation dans la limite de 20 000 \u20ac ou 5 \u2030 (5 pour mille) du chiffre d&rsquo;affaires annuel hors taxe (plafond appliqu\u00e9 \u00e0 l&rsquo;ensemble des versements effectu\u00e9s).<\/p>\n<\/div>\n\n\n\n<div class=\"wp-block-column eplus-wrapper is-layout-flow wp-block-column-is-layout-flow\" style=\"padding-left:15px;flex-basis:60%\">\n<p class=\"eplus-wrapper\" style=\"font-size:clamp(14px, 0.875rem + ((1vw - 3.2px) * 0.227), 16px);\"><a href=\"https:\/\/www.helloasso.com\/associations\/association-memoire-de-l-avenir\/formulaires\/2\/widget\" target=\"_blank\"><strong>DEVENEZ AMI.E.S OU REJOIGNEZ LE CERCLE DES M\u00c9C\u00c8NES DE MDA<\/strong><\/a><gwmw style=\"display:none;\"><\/gwmw><\/p>\n\n\n\n<p class=\"eplus-wrapper\" style=\"font-size:clamp(14px, 0.875rem + ((1vw - 3.2px) * 0.227), 16px);\"><strong><a href=\"https:\/\/www.paypal.com\/paypalme\/Memoireavenirhas?country.x=FR&amp;locale.x=fr_FR%20%20\" target=\"_blank\" target=\"_blank\" rel=\"noreferrer noopener\">via PAYPAL en cliquant ici.<\/a><\/strong><\/p>\n\n\n\n<figure class=\"wp-block-image size-full\"><img loading=\"lazy\" decoding=\"async\" width=\"100\" height=\"100\" src=\"https:\/\/preprod.gmindia.tech\/mda\/wp-content\/uploads\/2024\/08\/20M_C3_A9moire_20de_20l_27A-qrcode.png\" alt=\"\" class=\"wp-image-3072\"\/><\/figure>\n\n\n\n<p class=\"eplus-wrapper\" style=\"font-size:clamp(14px, 0.875rem + ((1vw - 3.2px) * 0.227), 16px);\"><a href=\"https:\/\/www.helloasso.com\/associations\/association-memoire-de-l-avenir\/formulaires\/2\/widget\" target=\"_blank\"><strong>via HelloAsso en cliquant ici.<\/strong><\/a><gwmw style=\"display:none;\"><\/gwmw><\/p>\n\n\n\n<p class=\"eplus-wrapper\" style=\"font-size:clamp(14px, 0.875rem + ((1vw - 3.2px) * 0.227), 16px);\">Depuis 2003, l&rsquo;<strong>association d&rsquo;inter\u00eat g\u00e9n\u00e9ral&nbsp;&nbsp;<\/strong><a href=\"\/mda\/leprojet\/\" target=\"_blank\" rel=\"noreferrer noopener\">M\u00c9MOIRE DE L&rsquo;AVENIR<\/a>&nbsp; oeuvre sans rel\u00e2che pour promouvoir la&nbsp; &nbsp;&nbsp;&nbsp;<strong>cr\u00e9ation artistique en tant qu&rsquo;outil de dialogue et de vivre ensemble<\/strong>. Agissant aux c\u00f4t\u00e9s<strong>&nbsp;d&rsquo;artistes engag\u00e9.e.s aupr\u00e8s de publics en tous genres,<\/strong>&nbsp;M\u00e9moire de l&rsquo;Avenir pers\u00e9v\u00e8re dans ces missions forte de la conviction que l&rsquo;art n&rsquo;est \u00e0 sa place qu&rsquo;au centre de la soci\u00e9t\u00e9, au service&nbsp; du devenir humain.<\/p>\n\n\n\n<p class=\"eplus-wrapper\" style=\"font-size:clamp(14px, 0.875rem + ((1vw - 3.2px) * 0.227), 16px);\">Que ce soit au sein de l&rsquo;espace d&rsquo;exposition, des structures partenaires ou avec le projet&nbsp;<a href=\"https:\/\/humanitiesartsandsociety.org\/\" target=\"_blank\">HUMANITIES, ARTS AND SOCIETY<\/a>,&nbsp; M\u00e9moire de l&rsquo;Avenir fa\u00e7onne chaque ann\u00e9e de nouveaux projets pour le rayonnement de pratiques artistiques engag\u00e9es.<\/p>\n\n\n\n<p class=\"eplus-wrapper\" style=\"font-size:clamp(14px, 0.875rem + ((1vw - 3.2px) * 0.227), 16px);\"><strong>Nous remercions tous ceux qui le souhaitent et le peuvent de continuer \u00e0 accompagner M\u00c9MOIRE DE L&rsquo;AVENIR dans ces efforts.<\/strong><\/p>\n\n\n\n<p class=\"has-text-align-right eplus-wrapper\" style=\"font-size:clamp(14px, 0.875rem + ((1vw - 3.2px) * 0.227), 16px);\"><strong>vous pouvez nous contacter via<\/strong><br>margalit.berriet@memoire-a-venir.org<br>direction@memoire-a-venir.org<\/p>\n<\/div>\n<\/div>\n\n\n\n<div style=\"height:50px\" aria-hidden=\"true\" class=\"wp-block-spacer eplus-wrapper\"><\/div>\n\n\n\n<div class=\"wp-block-buttons eplus-wrapper is-layout-flex wp-block-buttons-is-layout-flex\">\n<div class=\"wp-block-button is-style-outline eplus-wrapper is-style-outline--1\"><a class=\"wp-block-button__link has-custom-font-size wp-element-button\" href=\"\/mda\/wp-content\/uploads\/2024\/02\/bulletin_20d_27adh_C3_A9sion_20MEMOIRE_20DE_20L_27AVENIR_202018.pdf\" style=\"border-width:1px;border-radius:0px;padding-top:5px;padding-right:5px;padding-bottom:5px;padding-left:5px;font-size:clamp(14px, 0.875rem + ((1vw - 3.2px) * 0.227), 16px);\" target=\"_blank\" rel=\"noreferrer noopener\"><strong>T\u00e9l\u00e9charger&nbsp;le&nbsp;bulletin&nbsp;d&rsquo;adh\u00e9sion<\/strong><\/a><\/div>\n<\/div>\n\n\n\n<div class=\"wp-block-buttons eplus-wrapper is-layout-flex wp-block-buttons-is-layout-flex\">\n<div class=\"wp-block-button is-style-outline eplus-wrapper is-style-outline--2\"><a class=\"wp-block-button__link has-custom-font-size wp-element-button\" href=\"\/mda\/wp-content\/uploads\/2024\/02\/membership_20bulletin_20Memoire_20de_20l_20Avenir_202018_20_20anglais.pdf\" style=\"border-width:1px;border-radius:0px;padding-top:5px;padding-right:5px;padding-bottom:5px;padding-left:5px;font-size:clamp(14px, 0.875rem + ((1vw - 3.2px) * 0.227), 16px);\" target=\"_blank\" rel=\"noreferrer noopener\"><strong>&nbsp;Download&nbsp;the&nbsp;membership&nbsp;bulletin<\/strong><\/a><\/div>\n<\/div>\n","protected":false},"excerpt":{"rendered":"<p>REJOINDRE LES AMI.E.S DE MDA \u00ab\u00a0En tant qu\u2019association d\u2019int\u00e9r\u00eat g\u00e9n\u00e9ral, M\u00e9moire de l\u2019Avenir est habilit\u00e9e \u00e0 \u00e9mettre aux particuliers et aux entreprises qui leur font un don, un re\u00e7u fiscal permettant au donateur de b\u00e9n\u00e9ficier d\u2019une r\u00e9duction d\u2019imp\u00f4ts. Pour les particuliers, cette r\u00e9duction est \u00e9gale \u00e0 66% du montant de la donation dans la limite [&hellip;]<\/p>\n","protected":false},"author":1,"featured_media":0,"parent":0,"menu_order":0,"comment_status":"closed","ping_status":"closed","template":"wp-custom-template-page-with-sidebar","meta":{"footnotes":""},"class_list":["post-1212","page","type-page","status-publish","hentry"],"yoast_head":"<!-- This site is optimized with the Yoast SEO plugin v23.9 - https:\/\/yoast.com\/wordpress\/plugins\/seo\/ -->\n<title>REJOINDRE LES AMI.E.S DE MDA - M\u00e9moire de l&#039;Avenir<\/title>\n<meta name=\"robots\" content=\"index, follow, max-snippet:-1, max-image-preview:large, max-video-preview:-1\" \/>\n<link rel=\"canonical\" href=\"https:\/\/preprod.gmindia.tech\/mda\/crbst_27\/\" \/>\n<meta property=\"og:locale\" content=\"fr_FR\" \/>\n<meta property=\"og:type\" content=\"article\" \/>\n<meta property=\"og:title\" content=\"REJOINDRE LES AMI.E.S DE MDA - M\u00e9moire de l&#039;Avenir\" \/>\n<meta property=\"og:description\" content=\"REJOINDRE LES AMI.E.S DE MDA \u00ab\u00a0En tant qu\u2019association d\u2019int\u00e9r\u00eat g\u00e9n\u00e9ral, M\u00e9moire de l\u2019Avenir est habilit\u00e9e \u00e0 \u00e9mettre aux particuliers et aux entreprises qui leur font un don, un re\u00e7u fiscal permettant au donateur de b\u00e9n\u00e9ficier d\u2019une r\u00e9duction d\u2019imp\u00f4ts. Pour les particuliers, cette r\u00e9duction est \u00e9gale \u00e0 66% du montant de la donation dans la limite [&hellip;]\" \/>\n<meta property=\"og:url\" content=\"https:\/\/preprod.gmindia.tech\/mda\/crbst_27\/\" \/>\n<meta property=\"og:site_name\" content=\"M\u00e9moire de l&#039;Avenir\" \/>\n<meta property=\"article:modified_time\" content=\"2025-07-29T05:13:46+00:00\" \/>\n<meta property=\"og:image\" content=\"https:\/\/preprod.gmindia.tech\/mda\/wp-content\/uploads\/2024\/02\/Capture19.jpg\" \/>\n\t<meta property=\"og:image:width\" content=\"751\" \/>\n\t<meta property=\"og:image:height\" content=\"350\" \/>\n\t<meta property=\"og:image:type\" content=\"image\/jpeg\" \/>\n<meta name=\"twitter:card\" content=\"summary_large_image\" \/>\n<meta name=\"twitter:label1\" content=\"Dur\u00e9e de lecture estim\u00e9e\" \/>\n\t<meta name=\"twitter:data1\" content=\"2 minutes\" \/>\n<script type=\"application\/ld+json\" class=\"yoast-schema-graph\">{\"@context\":\"https:\/\/schema.org\",\"@graph\":[{\"@type\":\"WebPage\",\"@id\":\"https:\/\/preprod.gmindia.tech\/mda\/crbst_27\/\",\"url\":\"https:\/\/preprod.gmindia.tech\/mda\/crbst_27\/\",\"name\":\"REJOINDRE LES AMI.E.S DE MDA - M\u00e9moire de l&#039;Avenir\",\"isPartOf\":{\"@id\":\"https:\/\/preprod.gmindia.tech\/mda\/#website\"},\"primaryImageOfPage\":{\"@id\":\"https:\/\/preprod.gmindia.tech\/mda\/crbst_27\/#primaryimage\"},\"image\":{\"@id\":\"https:\/\/preprod.gmindia.tech\/mda\/crbst_27\/#primaryimage\"},\"thumbnailUrl\":\"https:\/\/preprod.gmindia.tech\/mda\/wp-content\/uploads\/2024\/02\/Capture19.jpg\",\"datePublished\":\"2024-02-15T07:53:04+00:00\",\"dateModified\":\"2025-07-29T05:13:46+00:00\",\"breadcrumb\":{\"@id\":\"https:\/\/preprod.gmindia.tech\/mda\/crbst_27\/#breadcrumb\"},\"inLanguage\":\"fr-FR\",\"potentialAction\":[{\"@type\":\"ReadAction\",\"target\":[\"https:\/\/preprod.gmindia.tech\/mda\/crbst_27\/\"]}]},{\"@type\":\"ImageObject\",\"inLanguage\":\"fr-FR\",\"@id\":\"https:\/\/preprod.gmindia.tech\/mda\/crbst_27\/#primaryimage\",\"url\":\"https:\/\/preprod.gmindia.tech\/mda\/wp-content\/uploads\/2024\/02\/Capture19.jpg\",\"contentUrl\":\"https:\/\/preprod.gmindia.tech\/mda\/wp-content\/uploads\/2024\/02\/Capture19.jpg\",\"width\":751,\"height\":350},{\"@type\":\"BreadcrumbList\",\"@id\":\"https:\/\/preprod.gmindia.tech\/mda\/crbst_27\/#breadcrumb\",\"itemListElement\":[{\"@type\":\"ListItem\",\"position\":1,\"name\":\"Home\",\"item\":\"https:\/\/preprod.gmindia.tech\/mda\/\"},{\"@type\":\"ListItem\",\"position\":2,\"name\":\"REJOINDRE LES AMI.E.S DE MDA\"}]},{\"@type\":\"WebSite\",\"@id\":\"https:\/\/preprod.gmindia.tech\/mda\/#website\",\"url\":\"https:\/\/preprod.gmindia.tech\/mda\/\",\"name\":\"M\u00e9moire de l&#039;Avenir\",\"description\":\"\",\"publisher\":{\"@id\":\"https:\/\/preprod.gmindia.tech\/mda\/#organization\"},\"potentialAction\":[{\"@type\":\"SearchAction\",\"target\":{\"@type\":\"EntryPoint\",\"urlTemplate\":\"https:\/\/preprod.gmindia.tech\/mda\/?s={search_term_string}\"},\"query-input\":{\"@type\":\"PropertyValueSpecification\",\"valueRequired\":true,\"valueName\":\"search_term_string\"}}],\"inLanguage\":\"fr-FR\"},{\"@type\":\"Organization\",\"@id\":\"https:\/\/preprod.gmindia.tech\/mda\/#organization\",\"name\":\"M\u00e9moire de l&#039;Avenir\",\"url\":\"https:\/\/preprod.gmindia.tech\/mda\/\",\"logo\":{\"@type\":\"ImageObject\",\"inLanguage\":\"fr-FR\",\"@id\":\"https:\/\/preprod.gmindia.tech\/mda\/#\/schema\/logo\/image\/\",\"url\":\"https:\/\/preprod.gmindia.tech\/mda\/wp-content\/uploads\/2024\/01\/logo_20mda_2010202000.png\",\"contentUrl\":\"https:\/\/preprod.gmindia.tech\/mda\/wp-content\/uploads\/2024\/01\/logo_20mda_2010202000.png\",\"width\":123,\"height\":220,\"caption\":\"M\u00e9moire de l&#039;Avenir\"},\"image\":{\"@id\":\"https:\/\/preprod.gmindia.tech\/mda\/#\/schema\/logo\/image\/\"}}]}<\/script>\n<!-- \/ Yoast SEO plugin. -->","yoast_head_json":{"title":"REJOINDRE LES AMI.E.S DE MDA - M\u00e9moire de l&#039;Avenir","robots":{"index":"index","follow":"follow","max-snippet":"max-snippet:-1","max-image-preview":"max-image-preview:large","max-video-preview":"max-video-preview:-1"},"canonical":"https:\/\/preprod.gmindia.tech\/mda\/crbst_27\/","og_locale":"fr_FR","og_type":"article","og_title":"REJOINDRE LES AMI.E.S DE MDA - M\u00e9moire de l&#039;Avenir","og_description":"REJOINDRE LES AMI.E.S DE MDA \u00ab\u00a0En tant qu\u2019association d\u2019int\u00e9r\u00eat g\u00e9n\u00e9ral, M\u00e9moire de l\u2019Avenir est habilit\u00e9e \u00e0 \u00e9mettre aux particuliers et aux entreprises qui leur font un don, un re\u00e7u fiscal permettant au donateur de b\u00e9n\u00e9ficier d\u2019une r\u00e9duction d\u2019imp\u00f4ts. Pour les particuliers, cette r\u00e9duction est \u00e9gale \u00e0 66% du montant de la donation dans la limite [&hellip;]","og_url":"https:\/\/preprod.gmindia.tech\/mda\/crbst_27\/","og_site_name":"M\u00e9moire de l&#039;Avenir","article_modified_time":"2025-07-29T05:13:46+00:00","og_image":[{"width":751,"height":350,"url":"https:\/\/preprod.gmindia.tech\/mda\/wp-content\/uploads\/2024\/02\/Capture19.jpg","type":"image\/jpeg"}],"twitter_card":"summary_large_image","twitter_misc":{"Dur\u00e9e de lecture estim\u00e9e":"2 minutes"},"schema":{"@context":"https:\/\/schema.org","@graph":[{"@type":"WebPage","@id":"https:\/\/preprod.gmindia.tech\/mda\/crbst_27\/","url":"https:\/\/preprod.gmindia.tech\/mda\/crbst_27\/","name":"REJOINDRE LES AMI.E.S DE MDA - M\u00e9moire de l&#039;Avenir","isPartOf":{"@id":"https:\/\/preprod.gmindia.tech\/mda\/#website"},"primaryImageOfPage":{"@id":"https:\/\/preprod.gmindia.tech\/mda\/crbst_27\/#primaryimage"},"image":{"@id":"https:\/\/preprod.gmindia.tech\/mda\/crbst_27\/#primaryimage"},"thumbnailUrl":"https:\/\/preprod.gmindia.tech\/mda\/wp-content\/uploads\/2024\/02\/Capture19.jpg","datePublished":"2024-02-15T07:53:04+00:00","dateModified":"2025-07-29T05:13:46+00:00","breadcrumb":{"@id":"https:\/\/preprod.gmindia.tech\/mda\/crbst_27\/#breadcrumb"},"inLanguage":"fr-FR","potentialAction":[{"@type":"ReadAction","target":["https:\/\/preprod.gmindia.tech\/mda\/crbst_27\/"]}]},{"@type":"ImageObject","inLanguage":"fr-FR","@id":"https:\/\/preprod.gmindia.tech\/mda\/crbst_27\/#primaryimage","url":"https:\/\/preprod.gmindia.tech\/mda\/wp-content\/uploads\/2024\/02\/Capture19.jpg","contentUrl":"https:\/\/preprod.gmindia.tech\/mda\/wp-content\/uploads\/2024\/02\/Capture19.jpg","width":751,"height":350},{"@type":"BreadcrumbList","@id":"https:\/\/preprod.gmindia.tech\/mda\/crbst_27\/#breadcrumb","itemListElement":[{"@type":"ListItem","position":1,"name":"Home","item":"https:\/\/preprod.gmindia.tech\/mda\/"},{"@type":"ListItem","position":2,"name":"REJOINDRE LES AMI.E.S DE MDA"}]},{"@type":"WebSite","@id":"https:\/\/preprod.gmindia.tech\/mda\/#website","url":"https:\/\/preprod.gmindia.tech\/mda\/","name":"M\u00e9moire de l&#039;Avenir","description":"","publisher":{"@id":"https:\/\/preprod.gmindia.tech\/mda\/#organization"},"potentialAction":[{"@type":"SearchAction","target":{"@type":"EntryPoint","urlTemplate":"https:\/\/preprod.gmindia.tech\/mda\/?s={search_term_string}"},"query-input":{"@type":"PropertyValueSpecification","valueRequired":true,"valueName":"search_term_string"}}],"inLanguage":"fr-FR"},{"@type":"Organization","@id":"https:\/\/preprod.gmindia.tech\/mda\/#organization","name":"M\u00e9moire de l&#039;Avenir","url":"https:\/\/preprod.gmindia.tech\/mda\/","logo":{"@type":"ImageObject","inLanguage":"fr-FR","@id":"https:\/\/preprod.gmindia.tech\/mda\/#\/schema\/logo\/image\/","url":"https:\/\/preprod.gmindia.tech\/mda\/wp-content\/uploads\/2024\/01\/logo_20mda_2010202000.png","contentUrl":"https:\/\/preprod.gmindia.tech\/mda\/wp-content\/uploads\/2024\/01\/logo_20mda_2010202000.png","width":123,"height":220,"caption":"M\u00e9moire de l&#039;Avenir"},"image":{"@id":"https:\/\/preprod.gmindia.tech\/mda\/#\/schema\/logo\/image\/"}}]}},"_links":{"self":[{"href":"https:\/\/preprod.gmindia.tech\/mda\/wp-json\/wp\/v2\/pages\/1212","targetHints":{"allow":["GET"]}}],"collection":[{"href":"https:\/\/preprod.gmindia.tech\/mda\/wp-json\/wp\/v2\/pages"}],"about":[{"href":"https:\/\/preprod.gmindia.tech\/mda\/wp-json\/wp\/v2\/types\/page"}],"author":[{"embeddable":true,"href":"https:\/\/preprod.gmindia.tech\/mda\/wp-json\/wp\/v2\/users\/1"}],"replies":[{"embeddable":true,"href":"https:\/\/preprod.gmindia.tech\/mda\/wp-json\/wp\/v2\/comments?post=1212"}],"version-history":[{"count":14,"href":"https:\/\/preprod.gmindia.tech\/mda\/wp-json\/wp\/v2\/pages\/1212\/revisions"}],"predecessor-version":[{"id":5518,"href":"https:\/\/preprod.gmindia.tech\/mda\/wp-json\/wp\/v2\/pages\/1212\/revisions\/5518"}],"wp:attachment":[{"href":"https:\/\/preprod.gmindia.tech\/mda\/wp-json\/wp\/v2\/media?parent=1212"}],"curies":[{"name":"wp","href":"https:\/\/api.w.org\/{rel}","templated":true}]}}