{"id":161,"date":"2024-01-23T11:21:19","date_gmt":"2024-01-23T11:21:19","guid":{"rendered":"http:\/\/localhost\/mda-variations-plugin\/?page_id=161"},"modified":"2025-09-26T12:43:20","modified_gmt":"2025-09-26T12:43:20","slug":"crbst_191","status":"publish","type":"page","link":"https:\/\/preprod.gmindia.tech\/mda\/crbst_191\/","title":{"rendered":"PR\u00c9SENTATION"},"content":{"rendered":"\n<div class=\"wp-block-group alignwide eplus-wrapper has-global-padding is-layout-constrained wp-block-group-is-layout-constrained\">\n<div class=\"wp-block-columns alignwide eplus-wrapper is-layout-flex wp-container-core-columns-is-layout-803121f9 wp-block-columns-is-layout-flex\" style=\"margin-top:7.01rem;margin-bottom:2.01rem\">\n<div class=\"wp-block-column eplus-wrapper is-layout-flow wp-block-column-is-layout-flow\" style=\"flex-basis:100%\"><h2 class=\"fonts-plugin-block \" style=\"font-family: Ubuntu;font-weight: normal;font-size: 40px\">NOS ACTIONS<\/h2>\n\n\n<div class=\"wp-block-buttons eplus-wrapper is-content-justification-left is-layout-flex wp-container-core-buttons-is-layout-fc4fd283 wp-block-buttons-is-layout-flex\">\n<div class=\"wp-block-button has-custom-width wp-block-button__width-100 eplus-wrapper is-style-outline is-style-outline--1\"><a class=\"wp-block-button__link has-text-color has-link-color has-border-color has-custom-font-size wp-element-button\" href=\"https:\/\/preprod.gmindia.tech\/mda\/wp-content\/uploads\/2024\/02\/pre_CC_81sentation_20actions_20pe_CC_81dagogiques_.pdf\" style=\"border-color:#0645c9;border-width:1px;border-radius:0px;color:#080808;padding-top:10px;padding-right:10px;padding-bottom:10px;padding-left:10px;font-size:clamp(14px, 0.875rem + ((1vw - 3.2px) * 0.341), 17px);\" target=\"_blank\" rel=\"noreferrer noopener\">CLIQUEZ&nbsp;ICI&nbsp;POUR&nbsp;D\u00c9COUVRIR&nbsp;LA&nbsp;PR\u00c9SENTATION&nbsp;DES&nbsp;ARTS&nbsp;EN&nbsp;DIALOGUE<\/a><\/div>\n<\/div>\n\n\n\n<div style=\"height:52px\" aria-hidden=\"true\" class=\"wp-block-spacer eplus-wrapper\"><\/div>\n\n\n\n<div class=\"wp-block-columns eplus-wrapper is-layout-flex wp-container-core-columns-is-layout-28f84493 wp-block-columns-is-layout-flex\">\n<div class=\"wp-block-column eplus-wrapper has-background is-layout-flow wp-container-core-column-is-layout-ee837bb3 wp-block-column-is-layout-flow\" style=\"border-width:1px;background-color:#4d464600;padding-top:100px;padding-right:50px;padding-bottom:100px;padding-left:50px\">\n<p class=\"has-text-align-center eplus-wrapper\" style=\"font-size:clamp(17.905px, 1.119rem + ((1vw - 3.2px) * 1.147), 28px);\"><a href=\"\/mda\/crbst_112\/\">LES ARTS EN<br>P\u00c9DAGOGIE :<br>LA M\u00c9THODE<\/a><\/p>\n<\/div>\n\n\n\n<div class=\"wp-block-column eplus-wrapper is-layout-flow wp-block-column-is-layout-flow\" style=\"flex-basis:10px\"><\/div>\n\n\n\n<div class=\"wp-block-column eplus-wrapper is-layout-flow wp-block-column-is-layout-flow\" style=\"border-width:1px;padding-top:100px;padding-right:50px;padding-bottom:100px;padding-left:50px\">\n<p class=\"has-text-align-center eplus-wrapper\" style=\"font-size:clamp(17.905px, 1.119rem + ((1vw - 3.2px) * 1.147), 28px);\"><a href=\"\/mda\/crbst_104\/\">LES PROJETS<br>PEDAGOGIQUES :<br>EXEMPLES<\/a><\/p>\n<\/div>\n<\/div>\n\n\n\n<div class=\"wp-block-columns eplus-wrapper is-layout-flex wp-container-core-columns-is-layout-28f84493 wp-block-columns-is-layout-flex\">\n<div class=\"wp-block-column eplus-wrapper has-background is-layout-flow wp-container-core-column-is-layout-ee837bb3 wp-block-column-is-layout-flow\" style=\"border-width:1px;background-color:#4d464600;padding-top:100px;padding-right:50px;padding-bottom:100px;padding-left:50px\">\n<p class=\"has-text-align-center eplus-wrapper\" style=\"font-size:clamp(17.905px, 1.119rem + ((1vw - 3.2px) * 1.147), 28px);\"><a href=\"\/mda\/mediation\/\">M\u00c9DIATION<\/a><\/p>\n<\/div>\n\n\n\n<div class=\"wp-block-column eplus-wrapper is-layout-flow wp-block-column-is-layout-flow\" style=\"flex-basis:10px\"><\/div>\n\n\n\n<div class=\"wp-block-column eplus-wrapper is-layout-flow wp-block-column-is-layout-flow\" style=\"border-width:1px;padding-top:100px;padding-right:50px;padding-bottom:100px;padding-left:50px\">\n<p class=\"has-text-align-center eplus-wrapper\" style=\"font-size:clamp(17.905px, 1.119rem + ((1vw - 3.2px) * 1.147), 28px);\"><a href=\"\/mda\/international\/\">ACTIONS \u00c0<br>L&rsquo;INTERNATIONNAL<\/a><\/p>\n<\/div>\n<\/div>\n\n\n\n<div class=\"wp-block-columns eplus-wrapper is-layout-flex wp-container-core-columns-is-layout-28f84493 wp-block-columns-is-layout-flex\">\n<div class=\"wp-block-column eplus-wrapper has-background is-layout-flow wp-container-core-column-is-layout-ee837bb3 wp-block-column-is-layout-flow\" style=\"border-width:1px;background-color:#4d464600;padding-top:100px;padding-right:50px;padding-bottom:100px;padding-left:50px\">\n<p class=\"has-text-align-center eplus-wrapper\" style=\"font-size:clamp(17.905px, 1.119rem + ((1vw - 3.2px) * 1.147), 28px);\"><a href=\"\/mda\/formations\/\">FORMATION<\/a><\/p>\n<\/div>\n\n\n\n<div class=\"wp-block-column eplus-wrapper is-layout-flow wp-block-column-is-layout-flow\" style=\"flex-basis:10px\"><\/div>\n\n\n\n<div class=\"wp-block-column eplus-wrapper is-layout-flow wp-block-column-is-layout-flow\" style=\"border-width:1px;padding-top:100px;padding-right:50px;padding-bottom:100px;padding-left:50px\">\n<p class=\"has-text-align-center eplus-wrapper\" style=\"font-size:clamp(17.905px, 1.119rem + ((1vw - 3.2px) * 1.147), 28px);\"><a href=\"\/mda\/crbst_76\/\">LES PROJETS<br>EN VIDEO<\/a><\/p>\n<\/div>\n<\/div>\n\n\n\n<div class=\"wp-block-columns eplus-wrapper is-layout-flex wp-container-core-columns-is-layout-28f84493 wp-block-columns-is-layout-flex\">\n<div class=\"wp-block-column eplus-wrapper has-background is-layout-flow wp-container-core-column-is-layout-ee837bb3 wp-block-column-is-layout-flow\" style=\"border-width:1px;background-color:#4d464600;padding-top:100px;padding-right:50px;padding-bottom:100px;padding-left:50px\">\n<p class=\"has-text-align-center eplus-wrapper\" style=\"font-size:clamp(17.905px, 1.119rem + ((1vw - 3.2px) * 1.147), 28px);\"><a href=\"\/mda\/bilans\/\">BILANS<\/a><\/p>\n<\/div>\n\n\n\n<div class=\"wp-block-column eplus-wrapper is-layout-flow wp-block-column-is-layout-flow\" style=\"flex-basis:10px\"><\/div>\n\n\n\n<div class=\"wp-block-column eplus-wrapper is-layout-flow wp-block-column-is-layout-flow\" style=\"padding-top:100px;padding-right:50px;padding-bottom:100px;padding-left:50px\"><\/div>\n<\/div>\n<\/div>\n<\/div>\n<\/div>\n","protected":false},"excerpt":{"rendered":"<p>LES ARTS ENP\u00c9DAGOGIE :LA M\u00c9THODE LES PROJETSPEDAGOGIQUES :EXEMPLES M\u00c9DIATION ACTIONS \u00c0L&rsquo;INTERNATIONNAL FORMATION LES PROJETSEN VIDEO BILANS<\/p>\n","protected":false},"author":1,"featured_media":0,"parent":0,"menu_order":0,"comment_status":"closed","ping_status":"closed","template":"websites-island","meta":{"footnotes":""},"class_list":["post-161","page","type-page","status-publish","hentry"],"yoast_head":"<!-- This site is optimized with the Yoast SEO plugin v23.9 - https:\/\/yoast.com\/wordpress\/plugins\/seo\/ -->\n<title>PR\u00c9SENTATION - M\u00e9moire de l&#039;Avenir<\/title>\n<meta name=\"robots\" content=\"index, follow, max-snippet:-1, max-image-preview:large, max-video-preview:-1\" \/>\n<link rel=\"canonical\" href=\"https:\/\/preprod.gmindia.tech\/mda\/crbst_191\/\" \/>\n<meta property=\"og:locale\" content=\"fr_FR\" \/>\n<meta property=\"og:type\" content=\"article\" \/>\n<meta property=\"og:title\" content=\"PR\u00c9SENTATION - M\u00e9moire de l&#039;Avenir\" \/>\n<meta property=\"og:description\" content=\"LES ARTS ENP\u00c9DAGOGIE :LA M\u00c9THODE LES PROJETSPEDAGOGIQUES :EXEMPLES M\u00c9DIATION ACTIONS \u00c0L&rsquo;INTERNATIONNAL FORMATION LES PROJETSEN VIDEO BILANS\" \/>\n<meta property=\"og:url\" content=\"https:\/\/preprod.gmindia.tech\/mda\/crbst_191\/\" \/>\n<meta property=\"og:site_name\" content=\"M\u00e9moire de l&#039;Avenir\" \/>\n<meta property=\"article:modified_time\" content=\"2025-09-26T12:43:20+00:00\" \/>\n<meta name=\"twitter:card\" content=\"summary_large_image\" \/>\n<meta name=\"twitter:label1\" content=\"Dur\u00e9e de lecture estim\u00e9e\" \/>\n\t<meta name=\"twitter:data1\" content=\"1 minute\" \/>\n<script type=\"application\/ld+json\" class=\"yoast-schema-graph\">{\"@context\":\"https:\/\/schema.org\",\"@graph\":[{\"@type\":\"WebPage\",\"@id\":\"https:\/\/preprod.gmindia.tech\/mda\/crbst_191\/\",\"url\":\"https:\/\/preprod.gmindia.tech\/mda\/crbst_191\/\",\"name\":\"PR\u00c9SENTATION - M\u00e9moire de l&#039;Avenir\",\"isPartOf\":{\"@id\":\"https:\/\/preprod.gmindia.tech\/mda\/#website\"},\"datePublished\":\"2024-01-23T11:21:19+00:00\",\"dateModified\":\"2025-09-26T12:43:20+00:00\",\"breadcrumb\":{\"@id\":\"https:\/\/preprod.gmindia.tech\/mda\/crbst_191\/#breadcrumb\"},\"inLanguage\":\"fr-FR\",\"potentialAction\":[{\"@type\":\"ReadAction\",\"target\":[\"https:\/\/preprod.gmindia.tech\/mda\/crbst_191\/\"]}]},{\"@type\":\"BreadcrumbList\",\"@id\":\"https:\/\/preprod.gmindia.tech\/mda\/crbst_191\/#breadcrumb\",\"itemListElement\":[{\"@type\":\"ListItem\",\"position\":1,\"name\":\"Home\",\"item\":\"https:\/\/preprod.gmindia.tech\/mda\/\"},{\"@type\":\"ListItem\",\"position\":2,\"name\":\"PR\u00c9SENTATION\"}]},{\"@type\":\"WebSite\",\"@id\":\"https:\/\/preprod.gmindia.tech\/mda\/#website\",\"url\":\"https:\/\/preprod.gmindia.tech\/mda\/\",\"name\":\"M\u00e9moire de l&#039;Avenir\",\"description\":\"\",\"publisher\":{\"@id\":\"https:\/\/preprod.gmindia.tech\/mda\/#organization\"},\"potentialAction\":[{\"@type\":\"SearchAction\",\"target\":{\"@type\":\"EntryPoint\",\"urlTemplate\":\"https:\/\/preprod.gmindia.tech\/mda\/?s={search_term_string}\"},\"query-input\":{\"@type\":\"PropertyValueSpecification\",\"valueRequired\":true,\"valueName\":\"search_term_string\"}}],\"inLanguage\":\"fr-FR\"},{\"@type\":\"Organization\",\"@id\":\"https:\/\/preprod.gmindia.tech\/mda\/#organization\",\"name\":\"M\u00e9moire de l&#039;Avenir\",\"url\":\"https:\/\/preprod.gmindia.tech\/mda\/\",\"logo\":{\"@type\":\"ImageObject\",\"inLanguage\":\"fr-FR\",\"@id\":\"https:\/\/preprod.gmindia.tech\/mda\/#\/schema\/logo\/image\/\",\"url\":\"https:\/\/preprod.gmindia.tech\/mda\/wp-content\/uploads\/2024\/01\/logo_20mda_2010202000.png\",\"contentUrl\":\"https:\/\/preprod.gmindia.tech\/mda\/wp-content\/uploads\/2024\/01\/logo_20mda_2010202000.png\",\"width\":123,\"height\":220,\"caption\":\"M\u00e9moire de l&#039;Avenir\"},\"image\":{\"@id\":\"https:\/\/preprod.gmindia.tech\/mda\/#\/schema\/logo\/image\/\"}}]}<\/script>\n<!-- \/ Yoast SEO plugin. -->","yoast_head_json":{"title":"PR\u00c9SENTATION - M\u00e9moire de l&#039;Avenir","robots":{"index":"index","follow":"follow","max-snippet":"max-snippet:-1","max-image-preview":"max-image-preview:large","max-video-preview":"max-video-preview:-1"},"canonical":"https:\/\/preprod.gmindia.tech\/mda\/crbst_191\/","og_locale":"fr_FR","og_type":"article","og_title":"PR\u00c9SENTATION - M\u00e9moire de l&#039;Avenir","og_description":"LES ARTS ENP\u00c9DAGOGIE :LA M\u00c9THODE LES PROJETSPEDAGOGIQUES :EXEMPLES M\u00c9DIATION ACTIONS \u00c0L&rsquo;INTERNATIONNAL FORMATION LES PROJETSEN VIDEO BILANS","og_url":"https:\/\/preprod.gmindia.tech\/mda\/crbst_191\/","og_site_name":"M\u00e9moire de l&#039;Avenir","article_modified_time":"2025-09-26T12:43:20+00:00","twitter_card":"summary_large_image","twitter_misc":{"Dur\u00e9e de lecture estim\u00e9e":"1 minute"},"schema":{"@context":"https:\/\/schema.org","@graph":[{"@type":"WebPage","@id":"https:\/\/preprod.gmindia.tech\/mda\/crbst_191\/","url":"https:\/\/preprod.gmindia.tech\/mda\/crbst_191\/","name":"PR\u00c9SENTATION - M\u00e9moire de l&#039;Avenir","isPartOf":{"@id":"https:\/\/preprod.gmindia.tech\/mda\/#website"},"datePublished":"2024-01-23T11:21:19+00:00","dateModified":"2025-09-26T12:43:20+00:00","breadcrumb":{"@id":"https:\/\/preprod.gmindia.tech\/mda\/crbst_191\/#breadcrumb"},"inLanguage":"fr-FR","potentialAction":[{"@type":"ReadAction","target":["https:\/\/preprod.gmindia.tech\/mda\/crbst_191\/"]}]},{"@type":"BreadcrumbList","@id":"https:\/\/preprod.gmindia.tech\/mda\/crbst_191\/#breadcrumb","itemListElement":[{"@type":"ListItem","position":1,"name":"Home","item":"https:\/\/preprod.gmindia.tech\/mda\/"},{"@type":"ListItem","position":2,"name":"PR\u00c9SENTATION"}]},{"@type":"WebSite","@id":"https:\/\/preprod.gmindia.tech\/mda\/#website","url":"https:\/\/preprod.gmindia.tech\/mda\/","name":"M\u00e9moire de l&#039;Avenir","description":"","publisher":{"@id":"https:\/\/preprod.gmindia.tech\/mda\/#organization"},"potentialAction":[{"@type":"SearchAction","target":{"@type":"EntryPoint","urlTemplate":"https:\/\/preprod.gmindia.tech\/mda\/?s={search_term_string}"},"query-input":{"@type":"PropertyValueSpecification","valueRequired":true,"valueName":"search_term_string"}}],"inLanguage":"fr-FR"},{"@type":"Organization","@id":"https:\/\/preprod.gmindia.tech\/mda\/#organization","name":"M\u00e9moire de l&#039;Avenir","url":"https:\/\/preprod.gmindia.tech\/mda\/","logo":{"@type":"ImageObject","inLanguage":"fr-FR","@id":"https:\/\/preprod.gmindia.tech\/mda\/#\/schema\/logo\/image\/","url":"https:\/\/preprod.gmindia.tech\/mda\/wp-content\/uploads\/2024\/01\/logo_20mda_2010202000.png","contentUrl":"https:\/\/preprod.gmindia.tech\/mda\/wp-content\/uploads\/2024\/01\/logo_20mda_2010202000.png","width":123,"height":220,"caption":"M\u00e9moire de l&#039;Avenir"},"image":{"@id":"https:\/\/preprod.gmindia.tech\/mda\/#\/schema\/logo\/image\/"}}]}},"_links":{"self":[{"href":"https:\/\/preprod.gmindia.tech\/mda\/wp-json\/wp\/v2\/pages\/161","targetHints":{"allow":["GET"]}}],"collection":[{"href":"https:\/\/preprod.gmindia.tech\/mda\/wp-json\/wp\/v2\/pages"}],"about":[{"href":"https:\/\/preprod.gmindia.tech\/mda\/wp-json\/wp\/v2\/types\/page"}],"author":[{"embeddable":true,"href":"https:\/\/preprod.gmindia.tech\/mda\/wp-json\/wp\/v2\/users\/1"}],"replies":[{"embeddable":true,"href":"https:\/\/preprod.gmindia.tech\/mda\/wp-json\/wp\/v2\/comments?post=161"}],"version-history":[{"count":39,"href":"https:\/\/preprod.gmindia.tech\/mda\/wp-json\/wp\/v2\/pages\/161\/revisions"}],"predecessor-version":[{"id":6767,"href":"https:\/\/preprod.gmindia.tech\/mda\/wp-json\/wp\/v2\/pages\/161\/revisions\/6767"}],"wp:attachment":[{"href":"https:\/\/preprod.gmindia.tech\/mda\/wp-json\/wp\/v2\/media?parent=161"}],"curies":[{"name":"wp","href":"https:\/\/api.w.org\/{rel}","templated":true}]}}