{"id":1756,"date":"2024-02-19T05:47:08","date_gmt":"2024-02-19T05:47:08","guid":{"rendered":"http:\/\/localhost\/mdamulti\/?page_id=1756"},"modified":"2024-02-19T05:49:38","modified_gmt":"2024-02-19T05:49:38","slug":"crbst_128","status":"publish","type":"page","link":"https:\/\/preprod.gmindia.tech\/mda\/crbst_128\/","title":{"rendered":"HORS LIMITES \/\/ OUT OF LIMITS"},"content":{"rendered":"\n<h4 class=\" wp-block-heading eplus-wrapper\" style=\"padding-top:0px;padding-right:40px;padding-bottom:0px;padding-left:0px;font-size:clamp(24.034px, 1.502rem + ((1vw - 3.2px) * 1.814), 40px);\">2017<\/h4>\n\n\n\n<h4 class=\" wp-block-heading eplus-wrapper\" style=\"padding-top:0px;padding-bottom:0px;padding-left:180px;font-size:clamp(15.197px, 0.95rem + ((1vw - 3.2px) * 0.887), 23px);\">Th\u00e9matique des projets artistiques 2016-2017<\/h4>\n\n\n\n<hr class=\"is-style-wide wp-block-separator has-text-color has-alpha-channel-opacity has-background eplus-wrapper\" style=\"margin-top:0px;margin-bottom:0px;background-color:#000000;color:#000000\"\/>\n\n\n\n<h1 class=\" wp-block-heading eplus-wrapper\" style=\"padding-top:10px;padding-left:50px;font-size:clamp(42.068px, 2.629rem + ((1vw - 3.2px) * 4.31), 80px);\">HORS<\/h1>\n\n\n\n<h1 class=\" wp-block-heading eplus-wrapper\" style=\"padding-left:50px;font-size:clamp(42.068px, 2.629rem + ((1vw - 3.2px) * 4.31), 80px);\">LIMITES \/\/ <\/h1>\n\n\n\n<h1 class=\" wp-block-heading eplus-wrapper\" style=\"padding-left:50px;font-size:clamp(42.068px, 2.629rem + ((1vw - 3.2px) * 4.31), 80px);\">OUT OF <\/h1>\n\n\n\n<h1 class=\" wp-block-heading eplus-wrapper\" style=\"padding-bottom:10px;padding-left:50px;font-size:clamp(42.068px, 2.629rem + ((1vw - 3.2px) * 4.31), 80px);\">LIMITS<\/h1>\n\n\n\n<div style=\"height:35px\" aria-hidden=\"true\" class=\" wp-block-spacer eplus-wrapper\"><\/div>\n\n\n\n<p class=\" has-medium-font-size eplus-wrapper\">\u00ab\u00a0Hors-limites\u00a0\u00bb<\/p>\n\n\n\n<div style=\"height:40px\" aria-hidden=\"true\" class=\" wp-block-spacer eplus-wrapper\"><\/div>\n\n\n\n<p class=\" has-medium-font-size eplus-wrapper\">Que sont les fronti\u00e8res? Etymologiquement, la fronti\u00e8re renvoie au \u00ab front d&rsquo;une arm\u00e9e \u00bb, \u00e0 une \u00ab place fortifi\u00e9e faisant face \u00e0 l&rsquo;ennemi \u00bb. La r\u00e9f\u00e9rence premi\u00e8re est donc issue du vocabulaire guerrier. Dans tous les cas, elles traduisent la notion de limite : g\u00e9ographiques ou territoriales, politiques, culturelles, identitaires : elles rendent l\u2019imaginaire concret et visible.<\/p>\n\n\n\n<div style=\"height:40px\" aria-hidden=\"true\" class=\" wp-block-spacer eplus-wrapper\"><\/div>\n\n\n\n<p class=\" has-medium-font-size eplus-wrapper\">Mais les fronti\u00e8res rel\u00e8vent avant tout de la confrontation \u00e0 l&rsquo;alt\u00e9rit\u00e9, \u00e0 la particularit\u00e9, et \u00e0 la diff\u00e9rence. Elles interrogent notre rapport \u00e9thique \u00e0 l\u2019autre et \u00e0 la soci\u00e9t\u00e9 ? Comment accueillir l\u2019autre, dans la perspective d\u2019un enrichissement commun ? Comment aborder l\u2019id\u00e9e de la fronti\u00e8re sans parler de citoyennet\u00e9, de l\u2019exil et de l\u2019actualit\u00e9 douloureuse des r\u00e9fugi\u00e9s ? Un monde sans fronti\u00e8res est-il possible? Ou cela rel\u00e8ve-t-il de l&rsquo;utopie d&rsquo;une humanit\u00e9 enfin rassembl\u00e9e, qui vivrait sans conflit? N\u2019est-ce pas aussi ce fantasme qui a donn\u00e9 naissance \u00e0 l\u2019imp\u00e9rialisme et au colonialisme, tentation de la normalisation guidant la mondialisation ? D\u00e8s lors, les fronti\u00e8res sont-elles responsables des guerres et des violences ? Peut-\u00eatre qu\u2019elles expriment aussi, au-del\u00e0 de ces contingences politiques et \u00e9conomiques, le droit \u00e0 l\u2019individualit\u00e9 et \u00e0 la diff\u00e9rence.<\/p>\n\n\n\n<div style=\"height:40px\" aria-hidden=\"true\" class=\" wp-block-spacer eplus-wrapper\"><\/div>\n\n\n\n<p class=\" has-medium-font-size eplus-wrapper\">Car la fronti\u00e8re est avant tout symbolique : il s\u2019agit avant tout de nos propres limites int\u00e9rieures, de notre finitude. La fronti\u00e8re-limite est ce qui nous r\u00e9siste, ce qu\u2019il est difficile \u2013 mais pas impossible \u2013 \u00e0 d\u00e9passer, \u00e0 penser. Mais c\u2019est cet \u00e9lan m\u00eame qui pousse l\u2019Homme \u00e0 la cr\u00e9ativit\u00e9, \u00e0 l\u2019art, \u00e0 l\u2019inventivit\u00e9, appel\u00e9 \u00e0 toujours se surmonter lui-m\u00eame. \u00ab En art point de fronti\u00e8re \u00bb, \u00e9crivait Victor Hugo, \u00e0 raison.<\/p>\n\n\n\n<div style=\"height:40px\" aria-hidden=\"true\" class=\" wp-block-spacer eplus-wrapper\"><\/div>\n\n\n\n<p class=\" has-medium-font-size eplus-wrapper\">L\u2019Homme est amen\u00e9, sans cesse, \u00e0 exp\u00e9rimenter sa libert\u00e9 et ses limites : tant dans sa vie personnelle, que dans la collectivit\u00e9 et la soci\u00e9t\u00e9. Individuellement, les limites sont tout autant physiques qu\u2019immat\u00e9rielles, \u00e9motionnelles ou culturelles. Elles peuvent g\u00e9n\u00e9rer un sentiment de s\u00e9curit\u00e9 ou encore d\u2019exasp\u00e9ration ou de frustration. Qu\u2019arrive-t-il, d\u00e8s lors, lorsque nous sommes hors limites ? Nous pouvons d\u00e9couvrir un nouveau champ de libert\u00e9, cr\u00e9er de nouveaux territoires, de nouvelles relations. Mais en aucun cas, la libert\u00e9 ne peut se d\u00e9solidariser des notions d\u2019\u00e9galit\u00e9 et de fraternit\u00e9, qui lui donnent sens. Qui en sont les garants et les gardiens, aussi.<\/p>\n\n\n\n<div style=\"height:40px\" aria-hidden=\"true\" class=\" wp-block-spacer eplus-wrapper\"><\/div>\n\n\n\n<p class=\" has-medium-font-size eplus-wrapper\">Il faut donc relever toute l\u2019ambigu\u00eft\u00e9 qui r\u00f4de autour de la notion de fronti\u00e8re : elle interdit en m\u00eame temps qu\u2019elle prot\u00e8ge. Et m\u00eame, elle invite au d\u00e9passement, car toujours, elle demande \u00e0 \u00eatre travers\u00e9e, \u00e0 ouvrir de nouveaux territoires jamais imagin\u00e9s, int\u00e9rieurs comme ext\u00e9rieurs. L\u2019Homme est, fondamentalement, un \u00eatre aspirant \u00e0 la libert\u00e9, tendu sur le fil du \u00ab dedans\/dehors \u00bb, du \u00ab fini\/infini \u00bb, entre les marges, tendu vers l\u2019horizon.<\/p>\n\n\n\n<div style=\"height:40px\" aria-hidden=\"true\" class=\" wp-block-spacer eplus-wrapper\"><\/div>\n\n\n\n<p class=\" has-medium-font-size eplus-wrapper\">Jusqu\u2019o\u00f9 ira-t-il ?<\/p>\n","protected":false},"excerpt":{"rendered":"<p>2017 Th\u00e9matique des projets artistiques 2016-2017 HORS LIMITES \/\/ OUT OF LIMITS \u00ab\u00a0Hors-limites\u00a0\u00bb Que sont les fronti\u00e8res? Etymologiquement, la fronti\u00e8re renvoie au \u00ab front d&rsquo;une arm\u00e9e \u00bb, \u00e0 une \u00ab place fortifi\u00e9e faisant face \u00e0 l&rsquo;ennemi \u00bb. La r\u00e9f\u00e9rence premi\u00e8re est donc issue du vocabulaire guerrier. Dans tous les cas, elles traduisent la notion de [&hellip;]<\/p>\n","protected":false},"author":1,"featured_media":0,"parent":0,"menu_order":0,"comment_status":"closed","ping_status":"closed","template":"websites-island","meta":{"footnotes":""},"class_list":["post-1756","page","type-page","status-publish","hentry"],"yoast_head":"<!-- This site is optimized with the Yoast SEO plugin v23.9 - https:\/\/yoast.com\/wordpress\/plugins\/seo\/ -->\n<title>HORS LIMITES \/\/ OUT OF LIMITS - M\u00e9moire de l&#039;Avenir<\/title>\n<meta name=\"robots\" content=\"index, follow, max-snippet:-1, max-image-preview:large, max-video-preview:-1\" \/>\n<link rel=\"canonical\" href=\"https:\/\/preprod.gmindia.tech\/mda\/crbst_128\/\" \/>\n<meta property=\"og:locale\" content=\"fr_FR\" \/>\n<meta property=\"og:type\" content=\"article\" \/>\n<meta property=\"og:title\" content=\"HORS LIMITES \/\/ OUT OF LIMITS - M\u00e9moire de l&#039;Avenir\" \/>\n<meta property=\"og:description\" content=\"2017 Th\u00e9matique des projets artistiques 2016-2017 HORS LIMITES \/\/ OUT OF LIMITS \u00ab\u00a0Hors-limites\u00a0\u00bb Que sont les fronti\u00e8res? Etymologiquement, la fronti\u00e8re renvoie au \u00ab front d&rsquo;une arm\u00e9e \u00bb, \u00e0 une \u00ab place fortifi\u00e9e faisant face \u00e0 l&rsquo;ennemi \u00bb. La r\u00e9f\u00e9rence premi\u00e8re est donc issue du vocabulaire guerrier. Dans tous les cas, elles traduisent la notion de [&hellip;]\" \/>\n<meta property=\"og:url\" content=\"https:\/\/preprod.gmindia.tech\/mda\/crbst_128\/\" \/>\n<meta property=\"og:site_name\" content=\"M\u00e9moire de l&#039;Avenir\" \/>\n<meta property=\"article:modified_time\" content=\"2024-02-19T05:49:38+00:00\" \/>\n<meta name=\"twitter:card\" content=\"summary_large_image\" \/>\n<meta name=\"twitter:label1\" content=\"Dur\u00e9e de lecture estim\u00e9e\" \/>\n\t<meta name=\"twitter:data1\" content=\"2 minutes\" \/>\n<script type=\"application\/ld+json\" class=\"yoast-schema-graph\">{\"@context\":\"https:\/\/schema.org\",\"@graph\":[{\"@type\":\"WebPage\",\"@id\":\"https:\/\/preprod.gmindia.tech\/mda\/crbst_128\/\",\"url\":\"https:\/\/preprod.gmindia.tech\/mda\/crbst_128\/\",\"name\":\"HORS LIMITES \/\/ OUT OF LIMITS - M\u00e9moire de l&#039;Avenir\",\"isPartOf\":{\"@id\":\"https:\/\/preprod.gmindia.tech\/mda\/#website\"},\"datePublished\":\"2024-02-19T05:47:08+00:00\",\"dateModified\":\"2024-02-19T05:49:38+00:00\",\"breadcrumb\":{\"@id\":\"https:\/\/preprod.gmindia.tech\/mda\/crbst_128\/#breadcrumb\"},\"inLanguage\":\"fr-FR\",\"potentialAction\":[{\"@type\":\"ReadAction\",\"target\":[\"https:\/\/preprod.gmindia.tech\/mda\/crbst_128\/\"]}]},{\"@type\":\"BreadcrumbList\",\"@id\":\"https:\/\/preprod.gmindia.tech\/mda\/crbst_128\/#breadcrumb\",\"itemListElement\":[{\"@type\":\"ListItem\",\"position\":1,\"name\":\"Home\",\"item\":\"https:\/\/preprod.gmindia.tech\/mda\/\"},{\"@type\":\"ListItem\",\"position\":2,\"name\":\"HORS LIMITES \/\/ OUT OF LIMITS\"}]},{\"@type\":\"WebSite\",\"@id\":\"https:\/\/preprod.gmindia.tech\/mda\/#website\",\"url\":\"https:\/\/preprod.gmindia.tech\/mda\/\",\"name\":\"M\u00e9moire de l&#039;Avenir\",\"description\":\"\",\"publisher\":{\"@id\":\"https:\/\/preprod.gmindia.tech\/mda\/#organization\"},\"potentialAction\":[{\"@type\":\"SearchAction\",\"target\":{\"@type\":\"EntryPoint\",\"urlTemplate\":\"https:\/\/preprod.gmindia.tech\/mda\/?s={search_term_string}\"},\"query-input\":{\"@type\":\"PropertyValueSpecification\",\"valueRequired\":true,\"valueName\":\"search_term_string\"}}],\"inLanguage\":\"fr-FR\"},{\"@type\":\"Organization\",\"@id\":\"https:\/\/preprod.gmindia.tech\/mda\/#organization\",\"name\":\"M\u00e9moire de l&#039;Avenir\",\"url\":\"https:\/\/preprod.gmindia.tech\/mda\/\",\"logo\":{\"@type\":\"ImageObject\",\"inLanguage\":\"fr-FR\",\"@id\":\"https:\/\/preprod.gmindia.tech\/mda\/#\/schema\/logo\/image\/\",\"url\":\"https:\/\/preprod.gmindia.tech\/mda\/wp-content\/uploads\/2024\/01\/logo_20mda_2010202000.png\",\"contentUrl\":\"https:\/\/preprod.gmindia.tech\/mda\/wp-content\/uploads\/2024\/01\/logo_20mda_2010202000.png\",\"width\":123,\"height\":220,\"caption\":\"M\u00e9moire de l&#039;Avenir\"},\"image\":{\"@id\":\"https:\/\/preprod.gmindia.tech\/mda\/#\/schema\/logo\/image\/\"}}]}<\/script>\n<!-- \/ Yoast SEO plugin. -->","yoast_head_json":{"title":"HORS LIMITES \/\/ OUT OF LIMITS - M\u00e9moire de l&#039;Avenir","robots":{"index":"index","follow":"follow","max-snippet":"max-snippet:-1","max-image-preview":"max-image-preview:large","max-video-preview":"max-video-preview:-1"},"canonical":"https:\/\/preprod.gmindia.tech\/mda\/crbst_128\/","og_locale":"fr_FR","og_type":"article","og_title":"HORS LIMITES \/\/ OUT OF LIMITS - M\u00e9moire de l&#039;Avenir","og_description":"2017 Th\u00e9matique des projets artistiques 2016-2017 HORS LIMITES \/\/ OUT OF LIMITS \u00ab\u00a0Hors-limites\u00a0\u00bb Que sont les fronti\u00e8res? Etymologiquement, la fronti\u00e8re renvoie au \u00ab front d&rsquo;une arm\u00e9e \u00bb, \u00e0 une \u00ab place fortifi\u00e9e faisant face \u00e0 l&rsquo;ennemi \u00bb. La r\u00e9f\u00e9rence premi\u00e8re est donc issue du vocabulaire guerrier. Dans tous les cas, elles traduisent la notion de [&hellip;]","og_url":"https:\/\/preprod.gmindia.tech\/mda\/crbst_128\/","og_site_name":"M\u00e9moire de l&#039;Avenir","article_modified_time":"2024-02-19T05:49:38+00:00","twitter_card":"summary_large_image","twitter_misc":{"Dur\u00e9e de lecture estim\u00e9e":"2 minutes"},"schema":{"@context":"https:\/\/schema.org","@graph":[{"@type":"WebPage","@id":"https:\/\/preprod.gmindia.tech\/mda\/crbst_128\/","url":"https:\/\/preprod.gmindia.tech\/mda\/crbst_128\/","name":"HORS LIMITES \/\/ OUT OF LIMITS - M\u00e9moire de l&#039;Avenir","isPartOf":{"@id":"https:\/\/preprod.gmindia.tech\/mda\/#website"},"datePublished":"2024-02-19T05:47:08+00:00","dateModified":"2024-02-19T05:49:38+00:00","breadcrumb":{"@id":"https:\/\/preprod.gmindia.tech\/mda\/crbst_128\/#breadcrumb"},"inLanguage":"fr-FR","potentialAction":[{"@type":"ReadAction","target":["https:\/\/preprod.gmindia.tech\/mda\/crbst_128\/"]}]},{"@type":"BreadcrumbList","@id":"https:\/\/preprod.gmindia.tech\/mda\/crbst_128\/#breadcrumb","itemListElement":[{"@type":"ListItem","position":1,"name":"Home","item":"https:\/\/preprod.gmindia.tech\/mda\/"},{"@type":"ListItem","position":2,"name":"HORS LIMITES \/\/ OUT OF LIMITS"}]},{"@type":"WebSite","@id":"https:\/\/preprod.gmindia.tech\/mda\/#website","url":"https:\/\/preprod.gmindia.tech\/mda\/","name":"M\u00e9moire de l&#039;Avenir","description":"","publisher":{"@id":"https:\/\/preprod.gmindia.tech\/mda\/#organization"},"potentialAction":[{"@type":"SearchAction","target":{"@type":"EntryPoint","urlTemplate":"https:\/\/preprod.gmindia.tech\/mda\/?s={search_term_string}"},"query-input":{"@type":"PropertyValueSpecification","valueRequired":true,"valueName":"search_term_string"}}],"inLanguage":"fr-FR"},{"@type":"Organization","@id":"https:\/\/preprod.gmindia.tech\/mda\/#organization","name":"M\u00e9moire de l&#039;Avenir","url":"https:\/\/preprod.gmindia.tech\/mda\/","logo":{"@type":"ImageObject","inLanguage":"fr-FR","@id":"https:\/\/preprod.gmindia.tech\/mda\/#\/schema\/logo\/image\/","url":"https:\/\/preprod.gmindia.tech\/mda\/wp-content\/uploads\/2024\/01\/logo_20mda_2010202000.png","contentUrl":"https:\/\/preprod.gmindia.tech\/mda\/wp-content\/uploads\/2024\/01\/logo_20mda_2010202000.png","width":123,"height":220,"caption":"M\u00e9moire de l&#039;Avenir"},"image":{"@id":"https:\/\/preprod.gmindia.tech\/mda\/#\/schema\/logo\/image\/"}}]}},"_links":{"self":[{"href":"https:\/\/preprod.gmindia.tech\/mda\/wp-json\/wp\/v2\/pages\/1756","targetHints":{"allow":["GET"]}}],"collection":[{"href":"https:\/\/preprod.gmindia.tech\/mda\/wp-json\/wp\/v2\/pages"}],"about":[{"href":"https:\/\/preprod.gmindia.tech\/mda\/wp-json\/wp\/v2\/types\/page"}],"author":[{"embeddable":true,"href":"https:\/\/preprod.gmindia.tech\/mda\/wp-json\/wp\/v2\/users\/1"}],"replies":[{"embeddable":true,"href":"https:\/\/preprod.gmindia.tech\/mda\/wp-json\/wp\/v2\/comments?post=1756"}],"version-history":[{"count":2,"href":"https:\/\/preprod.gmindia.tech\/mda\/wp-json\/wp\/v2\/pages\/1756\/revisions"}],"predecessor-version":[{"id":1760,"href":"https:\/\/preprod.gmindia.tech\/mda\/wp-json\/wp\/v2\/pages\/1756\/revisions\/1760"}],"wp:attachment":[{"href":"https:\/\/preprod.gmindia.tech\/mda\/wp-json\/wp\/v2\/media?parent=1756"}],"curies":[{"name":"wp","href":"https:\/\/api.w.org\/{rel}","templated":true}]}}