{"id":1889,"date":"2024-02-19T10:11:11","date_gmt":"2024-02-19T10:11:11","guid":{"rendered":"http:\/\/localhost\/mdamulti\/?page_id=1889"},"modified":"2024-02-22T06:44:12","modified_gmt":"2024-02-22T06:44:12","slug":"crbst_185","status":"publish","type":"page","link":"https:\/\/preprod.gmindia.tech\/mda\/crbst_185\/","title":{"rendered":"Formation L&rsquo;art comme outil de dialogue"},"content":{"rendered":"\n<p class=\" eplus-wrapper\" style=\"font-size:clamp(24.034px, 1.502rem + ((1vw - 3.2px) * 1.814), 40px);\"><strong>Formation<\/strong><br><strong><em>L&rsquo;art comme outil de dialogue<\/em><\/strong><\/p>\n\n\n\n<div style=\"height:40px\" aria-hidden=\"true\" class=\" wp-block-spacer eplus-wrapper\"><\/div>\n\n\n\n<p class=\"has-text-color has-link-color eplus-wrapper wp-elements-6e3414934ec6aca1721777d8a4d6cb55\" style=\"color:#0000ff;font-size:clamp(33.419px, 2.089rem + ((1vw - 3.2px) * 3.021), 60px);\"><strong>2019<\/strong><\/p>\n\n\n\n<div style=\"height:40px\" aria-hidden=\"true\" class=\" wp-block-spacer eplus-wrapper\"><\/div>\n\n\n\n<figure class=\" wp-block-image size-full eplus-wrapper\"><img loading=\"lazy\" decoding=\"async\" width=\"640\" height=\"355\" src=\"https:\/\/preprod.gmindia.tech\/mda\/wp-content\/uploads\/2024\/02\/guy_debord_depassement_de_lart_1963-826x459_20_281_29.jpg\" alt=\"\" class=\"wp-image-1891\" srcset=\"https:\/\/preprod.gmindia.tech\/mda\/wp-content\/uploads\/2024\/02\/guy_debord_depassement_de_lart_1963-826x459_20_281_29.jpg 640w, https:\/\/preprod.gmindia.tech\/mda\/wp-content\/uploads\/2024\/02\/guy_debord_depassement_de_lart_1963-826x459_20_281_29-300x166.jpg 300w\" sizes=\"auto, (max-width: 640px) 100vw, 640px\" \/><\/figure>\n\n\n\n<p class=\" eplus-wrapper\" style=\"font-size:11px\">Guy Debord, Directive n\u00b01: \u00abD\u00e9passement de l\u2019Art\u00bb, huile sur toile, 17 juin 1963<br>(reproduction d\u2019un ektachrome BnF, dpt. Manuscrits, fonds Guy Debord).<\/p>\n\n\n\n<div style=\"height:40px\" aria-hidden=\"true\" class=\" wp-block-spacer eplus-wrapper\"><\/div>\n\n\n\n<p class=\" has-medium-font-size eplus-wrapper\"><strong>DUR\u00c9E DE LA FORMATION : 2 Jours, 16h<\/strong><\/p>\n\n\n\n<p class=\"has-text-color has-link-color has-medium-font-size eplus-wrapper wp-elements-be87e33ea5a95f0d74ab21c2bd073a8a\" style=\"color:#0000ff\"><strong>DATES ET HORAIRES : 24 et 25 octobre 2019 \/ de 9h \u00e0 18h<\/strong><\/p>\n\n\n\n<p class=\" has-medium-font-size eplus-wrapper\"><strong>LIEU : M\u00e9moire de l\u2019Avenir, 45\/47 rue Ramponeau Paris 20e<\/strong><br><strong>(Metro Belleville &#8211; lignes 2 et 11)<\/strong><\/p>\n\n\n\n<div style=\"height:40px\" aria-hidden=\"true\" class=\" wp-block-spacer eplus-wrapper\"><\/div>\n\n\n\n<p class=\" eplus-wrapper\" style=\"font-size:clamp(14px, 0.875rem + ((1vw - 3.2px) * 0.114), 15px);\"><strong>M\u00e9moire de l\u2019Avenir forme des artistes, des enseignants et des acteurs sociaux aux probl\u00e9matiques li\u00e9es \u00e0 la discrimination et au vivre-ensemble au c\u0153ur de soci\u00e9t\u00e9s multiculturelles. Cette formation a pour objectif de transmettre un bagage th\u00e9orique ainsi que des outils concrets et pratiques, tout en s&rsquo;appuyant sur l&rsquo;exp\u00e9rience de l&rsquo;association sur le terrain aupr\u00e8s de publics du champ social.<\/strong><\/p>\n\n\n\n<div style=\"height:30px\" aria-hidden=\"true\" class=\" wp-block-spacer eplus-wrapper\"><\/div>\n\n\n\n<p class=\" eplus-wrapper\" style=\"font-size:clamp(14px, 0.875rem + ((1vw - 3.2px) * 0.114), 15px);\"><strong>PUBLICS : Cette formation est destin\u00e9e aux artistes mais \u00e9galement aux enseignants, charg\u00e9s de mission, intervenants et m\u00e9diateurs culturels, responsables associatifs ou travailleurs sociaux, b\u00e9n\u00e9voles, et toute personne d\u00e9sireuse de construire des projets p\u00e9dagogiques culturels et artistiques.&nbsp; Cette formation ne n\u00e9cessite aucun pr\u00e9requis.<\/strong><\/p>\n\n\n\n<div style=\"height:40px\" aria-hidden=\"true\" class=\" wp-block-spacer eplus-wrapper\"><\/div>\n\n\n\n<hr class=\"is-style-wide wp-block-separator has-text-color has-alpha-channel-opacity has-background eplus-wrapper\" style=\"background-color:#000000;color:#000000\"\/>\n\n\n\n<div style=\"height:40px\" aria-hidden=\"true\" class=\" wp-block-spacer eplus-wrapper\"><\/div>\n\n\n\n<p class=\" eplus-wrapper\" style=\"font-size:clamp(14px, 0.875rem + ((1vw - 3.2px) * 0.682), 20px);\"><strong>TARIF<\/strong><strong>&nbsp;(repas, h\u00e9bergement et transport non inclus) :&nbsp;<\/strong><strong>300 \u20ac TTC \/ stagiaire<\/strong><\/p>\n\n\n\n<div style=\"height:30px\" aria-hidden=\"true\" class=\" wp-block-spacer eplus-wrapper\"><\/div>\n\n\n\n<p class=\" eplus-wrapper\" style=\"font-size:clamp(14px, 0.875rem + ((1vw - 3.2px) * 0.114), 15px);\"><strong>Si vous \u00eates demandeur d\u2019emploi, le co\u00fbt de cette formation peut-\u00eatre pris en charge par P\u00f4le-Emploi. Si vous \u00eates concern\u00e9, contactez votre conseiller p\u00f4le emploi afin qu\u2019il puisse vous accompagner dans votre d\u00e9marche et valider la prise en charge. Les informations p\u00f4le emploi pour cette formation sont&nbsp;<\/strong><a href=\"https:\/\/candidat.pole-emploi.fr\/formations\/detail\/2786687\/true\" target=\"_blank\"><strong>disponible ICI<\/strong><\/a><\/p>\n\n\n\n<div style=\"height:30px\" aria-hidden=\"true\" class=\" wp-block-spacer eplus-wrapper\"><\/div>\n\n\n\n<p class=\" eplus-wrapper\" style=\"font-size:clamp(14px, 0.875rem + ((1vw - 3.2px) * 0.114), 15px);\"><strong>Contact et informations :<\/strong><br><strong>Administration@memoire-a-venir.org<\/strong><br><strong>09 51 17 18 75<\/strong><\/p>\n\n\n\n<div style=\"height:100px\" aria-hidden=\"true\" class=\" wp-block-spacer eplus-wrapper\"><\/div>\n\n\n\n<div class=\"wp-block-buttons eplus-wrapper is-layout-flex wp-block-buttons-is-layout-flex\">\n<div class=\"is-style-outline  wp-block-button has-custom-width wp-block-button__width-100 has-custom-font-size eplus-wrapper is-style-outline--1\" style=\"font-size:clamp(14px, 0.875rem + ((1vw - 3.2px) * 0.114), 15px);\"><a class=\"wp-block-button__link wp-element-button\" href=\"\/mda\/wp-content\/uploads\/2024\/02\/l_27Art_20outil_20de_20dialogue_20-_20plaquette_20de_20la_20formation.pdf\" style=\"border-style:none;border-width:0px;border-radius:0px\" target=\"_blank\" rel=\"noreferrer noopener\"><strong>T\u00e9l\u00e9charger&nbsp;la&nbsp;plaquette&nbsp;de&nbsp;pr\u00e9sentation<\/strong><\/a><\/div>\n<\/div>\n","protected":false},"excerpt":{"rendered":"<p>FormationL&rsquo;art comme outil de dialogue 2019 Guy Debord, Directive n\u00b01: \u00abD\u00e9passement de l\u2019Art\u00bb, huile sur toile, 17 juin 1963(reproduction d\u2019un ektachrome BnF, dpt. Manuscrits, fonds Guy Debord). DUR\u00c9E DE LA FORMATION : 2 Jours, 16h DATES ET HORAIRES : 24 et 25 octobre 2019 \/ de 9h \u00e0 18h LIEU : M\u00e9moire de l\u2019Avenir, 45\/47 [&hellip;]<\/p>\n","protected":false},"author":1,"featured_media":0,"parent":0,"menu_order":0,"comment_status":"closed","ping_status":"closed","template":"websites-island","meta":{"footnotes":""},"class_list":["post-1889","page","type-page","status-publish","hentry"],"yoast_head":"<!-- This site is optimized with the Yoast SEO plugin v23.9 - https:\/\/yoast.com\/wordpress\/plugins\/seo\/ -->\n<title>Formation L&#039;art comme outil de dialogue - M\u00e9moire de l&#039;Avenir<\/title>\n<meta name=\"robots\" content=\"index, follow, max-snippet:-1, max-image-preview:large, max-video-preview:-1\" \/>\n<link rel=\"canonical\" href=\"https:\/\/preprod.gmindia.tech\/mda\/crbst_185\/\" \/>\n<meta property=\"og:locale\" content=\"fr_FR\" \/>\n<meta property=\"og:type\" content=\"article\" \/>\n<meta property=\"og:title\" content=\"Formation L&#039;art comme outil de dialogue - M\u00e9moire de l&#039;Avenir\" \/>\n<meta property=\"og:description\" content=\"FormationL&rsquo;art comme outil de dialogue 2019 Guy Debord, Directive n\u00b01: \u00abD\u00e9passement de l\u2019Art\u00bb, huile sur toile, 17 juin 1963(reproduction d\u2019un ektachrome BnF, dpt. Manuscrits, fonds Guy Debord). DUR\u00c9E DE LA FORMATION : 2 Jours, 16h DATES ET HORAIRES : 24 et 25 octobre 2019 \/ de 9h \u00e0 18h LIEU : M\u00e9moire de l\u2019Avenir, 45\/47 [&hellip;]\" \/>\n<meta property=\"og:url\" content=\"https:\/\/preprod.gmindia.tech\/mda\/crbst_185\/\" \/>\n<meta property=\"og:site_name\" content=\"M\u00e9moire de l&#039;Avenir\" \/>\n<meta property=\"article:modified_time\" content=\"2024-02-22T06:44:12+00:00\" \/>\n<meta property=\"og:image\" content=\"https:\/\/preprod.gmindia.tech\/mda\/wp-content\/uploads\/2024\/02\/guy_debord_depassement_de_lart_1963-826x459_20_281_29.jpg\" \/>\n\t<meta property=\"og:image:width\" content=\"640\" \/>\n\t<meta property=\"og:image:height\" content=\"355\" \/>\n\t<meta property=\"og:image:type\" content=\"image\/jpeg\" \/>\n<meta name=\"twitter:card\" content=\"summary_large_image\" \/>\n<meta name=\"twitter:label1\" content=\"Dur\u00e9e de lecture estim\u00e9e\" \/>\n\t<meta name=\"twitter:data1\" content=\"1 minute\" \/>\n<script type=\"application\/ld+json\" class=\"yoast-schema-graph\">{\"@context\":\"https:\/\/schema.org\",\"@graph\":[{\"@type\":\"WebPage\",\"@id\":\"https:\/\/preprod.gmindia.tech\/mda\/crbst_185\/\",\"url\":\"https:\/\/preprod.gmindia.tech\/mda\/crbst_185\/\",\"name\":\"Formation L'art comme outil de dialogue - M\u00e9moire de l&#039;Avenir\",\"isPartOf\":{\"@id\":\"https:\/\/preprod.gmindia.tech\/mda\/#website\"},\"primaryImageOfPage\":{\"@id\":\"https:\/\/preprod.gmindia.tech\/mda\/crbst_185\/#primaryimage\"},\"image\":{\"@id\":\"https:\/\/preprod.gmindia.tech\/mda\/crbst_185\/#primaryimage\"},\"thumbnailUrl\":\"https:\/\/preprod.gmindia.tech\/mda\/wp-content\/uploads\/2024\/02\/guy_debord_depassement_de_lart_1963-826x459_20_281_29.jpg\",\"datePublished\":\"2024-02-19T10:11:11+00:00\",\"dateModified\":\"2024-02-22T06:44:12+00:00\",\"breadcrumb\":{\"@id\":\"https:\/\/preprod.gmindia.tech\/mda\/crbst_185\/#breadcrumb\"},\"inLanguage\":\"fr-FR\",\"potentialAction\":[{\"@type\":\"ReadAction\",\"target\":[\"https:\/\/preprod.gmindia.tech\/mda\/crbst_185\/\"]}]},{\"@type\":\"ImageObject\",\"inLanguage\":\"fr-FR\",\"@id\":\"https:\/\/preprod.gmindia.tech\/mda\/crbst_185\/#primaryimage\",\"url\":\"https:\/\/preprod.gmindia.tech\/mda\/wp-content\/uploads\/2024\/02\/guy_debord_depassement_de_lart_1963-826x459_20_281_29.jpg\",\"contentUrl\":\"https:\/\/preprod.gmindia.tech\/mda\/wp-content\/uploads\/2024\/02\/guy_debord_depassement_de_lart_1963-826x459_20_281_29.jpg\",\"width\":640,\"height\":355},{\"@type\":\"BreadcrumbList\",\"@id\":\"https:\/\/preprod.gmindia.tech\/mda\/crbst_185\/#breadcrumb\",\"itemListElement\":[{\"@type\":\"ListItem\",\"position\":1,\"name\":\"Home\",\"item\":\"https:\/\/preprod.gmindia.tech\/mda\/\"},{\"@type\":\"ListItem\",\"position\":2,\"name\":\"Formation L&#8217;art comme outil de dialogue\"}]},{\"@type\":\"WebSite\",\"@id\":\"https:\/\/preprod.gmindia.tech\/mda\/#website\",\"url\":\"https:\/\/preprod.gmindia.tech\/mda\/\",\"name\":\"M\u00e9moire de l&#039;Avenir\",\"description\":\"\",\"publisher\":{\"@id\":\"https:\/\/preprod.gmindia.tech\/mda\/#organization\"},\"potentialAction\":[{\"@type\":\"SearchAction\",\"target\":{\"@type\":\"EntryPoint\",\"urlTemplate\":\"https:\/\/preprod.gmindia.tech\/mda\/?s={search_term_string}\"},\"query-input\":{\"@type\":\"PropertyValueSpecification\",\"valueRequired\":true,\"valueName\":\"search_term_string\"}}],\"inLanguage\":\"fr-FR\"},{\"@type\":\"Organization\",\"@id\":\"https:\/\/preprod.gmindia.tech\/mda\/#organization\",\"name\":\"M\u00e9moire de l&#039;Avenir\",\"url\":\"https:\/\/preprod.gmindia.tech\/mda\/\",\"logo\":{\"@type\":\"ImageObject\",\"inLanguage\":\"fr-FR\",\"@id\":\"https:\/\/preprod.gmindia.tech\/mda\/#\/schema\/logo\/image\/\",\"url\":\"https:\/\/preprod.gmindia.tech\/mda\/wp-content\/uploads\/2024\/01\/logo_20mda_2010202000.png\",\"contentUrl\":\"https:\/\/preprod.gmindia.tech\/mda\/wp-content\/uploads\/2024\/01\/logo_20mda_2010202000.png\",\"width\":123,\"height\":220,\"caption\":\"M\u00e9moire de l&#039;Avenir\"},\"image\":{\"@id\":\"https:\/\/preprod.gmindia.tech\/mda\/#\/schema\/logo\/image\/\"}}]}<\/script>\n<!-- \/ Yoast SEO plugin. -->","yoast_head_json":{"title":"Formation L'art comme outil de dialogue - M\u00e9moire de l&#039;Avenir","robots":{"index":"index","follow":"follow","max-snippet":"max-snippet:-1","max-image-preview":"max-image-preview:large","max-video-preview":"max-video-preview:-1"},"canonical":"https:\/\/preprod.gmindia.tech\/mda\/crbst_185\/","og_locale":"fr_FR","og_type":"article","og_title":"Formation L'art comme outil de dialogue - M\u00e9moire de l&#039;Avenir","og_description":"FormationL&rsquo;art comme outil de dialogue 2019 Guy Debord, Directive n\u00b01: \u00abD\u00e9passement de l\u2019Art\u00bb, huile sur toile, 17 juin 1963(reproduction d\u2019un ektachrome BnF, dpt. Manuscrits, fonds Guy Debord). DUR\u00c9E DE LA FORMATION : 2 Jours, 16h DATES ET HORAIRES : 24 et 25 octobre 2019 \/ de 9h \u00e0 18h LIEU : M\u00e9moire de l\u2019Avenir, 45\/47 [&hellip;]","og_url":"https:\/\/preprod.gmindia.tech\/mda\/crbst_185\/","og_site_name":"M\u00e9moire de l&#039;Avenir","article_modified_time":"2024-02-22T06:44:12+00:00","og_image":[{"width":640,"height":355,"url":"https:\/\/preprod.gmindia.tech\/mda\/wp-content\/uploads\/2024\/02\/guy_debord_depassement_de_lart_1963-826x459_20_281_29.jpg","type":"image\/jpeg"}],"twitter_card":"summary_large_image","twitter_misc":{"Dur\u00e9e de lecture estim\u00e9e":"1 minute"},"schema":{"@context":"https:\/\/schema.org","@graph":[{"@type":"WebPage","@id":"https:\/\/preprod.gmindia.tech\/mda\/crbst_185\/","url":"https:\/\/preprod.gmindia.tech\/mda\/crbst_185\/","name":"Formation L'art comme outil de dialogue - M\u00e9moire de l&#039;Avenir","isPartOf":{"@id":"https:\/\/preprod.gmindia.tech\/mda\/#website"},"primaryImageOfPage":{"@id":"https:\/\/preprod.gmindia.tech\/mda\/crbst_185\/#primaryimage"},"image":{"@id":"https:\/\/preprod.gmindia.tech\/mda\/crbst_185\/#primaryimage"},"thumbnailUrl":"https:\/\/preprod.gmindia.tech\/mda\/wp-content\/uploads\/2024\/02\/guy_debord_depassement_de_lart_1963-826x459_20_281_29.jpg","datePublished":"2024-02-19T10:11:11+00:00","dateModified":"2024-02-22T06:44:12+00:00","breadcrumb":{"@id":"https:\/\/preprod.gmindia.tech\/mda\/crbst_185\/#breadcrumb"},"inLanguage":"fr-FR","potentialAction":[{"@type":"ReadAction","target":["https:\/\/preprod.gmindia.tech\/mda\/crbst_185\/"]}]},{"@type":"ImageObject","inLanguage":"fr-FR","@id":"https:\/\/preprod.gmindia.tech\/mda\/crbst_185\/#primaryimage","url":"https:\/\/preprod.gmindia.tech\/mda\/wp-content\/uploads\/2024\/02\/guy_debord_depassement_de_lart_1963-826x459_20_281_29.jpg","contentUrl":"https:\/\/preprod.gmindia.tech\/mda\/wp-content\/uploads\/2024\/02\/guy_debord_depassement_de_lart_1963-826x459_20_281_29.jpg","width":640,"height":355},{"@type":"BreadcrumbList","@id":"https:\/\/preprod.gmindia.tech\/mda\/crbst_185\/#breadcrumb","itemListElement":[{"@type":"ListItem","position":1,"name":"Home","item":"https:\/\/preprod.gmindia.tech\/mda\/"},{"@type":"ListItem","position":2,"name":"Formation L&#8217;art comme outil de dialogue"}]},{"@type":"WebSite","@id":"https:\/\/preprod.gmindia.tech\/mda\/#website","url":"https:\/\/preprod.gmindia.tech\/mda\/","name":"M\u00e9moire de l&#039;Avenir","description":"","publisher":{"@id":"https:\/\/preprod.gmindia.tech\/mda\/#organization"},"potentialAction":[{"@type":"SearchAction","target":{"@type":"EntryPoint","urlTemplate":"https:\/\/preprod.gmindia.tech\/mda\/?s={search_term_string}"},"query-input":{"@type":"PropertyValueSpecification","valueRequired":true,"valueName":"search_term_string"}}],"inLanguage":"fr-FR"},{"@type":"Organization","@id":"https:\/\/preprod.gmindia.tech\/mda\/#organization","name":"M\u00e9moire de l&#039;Avenir","url":"https:\/\/preprod.gmindia.tech\/mda\/","logo":{"@type":"ImageObject","inLanguage":"fr-FR","@id":"https:\/\/preprod.gmindia.tech\/mda\/#\/schema\/logo\/image\/","url":"https:\/\/preprod.gmindia.tech\/mda\/wp-content\/uploads\/2024\/01\/logo_20mda_2010202000.png","contentUrl":"https:\/\/preprod.gmindia.tech\/mda\/wp-content\/uploads\/2024\/01\/logo_20mda_2010202000.png","width":123,"height":220,"caption":"M\u00e9moire de l&#039;Avenir"},"image":{"@id":"https:\/\/preprod.gmindia.tech\/mda\/#\/schema\/logo\/image\/"}}]}},"_links":{"self":[{"href":"https:\/\/preprod.gmindia.tech\/mda\/wp-json\/wp\/v2\/pages\/1889","targetHints":{"allow":["GET"]}}],"collection":[{"href":"https:\/\/preprod.gmindia.tech\/mda\/wp-json\/wp\/v2\/pages"}],"about":[{"href":"https:\/\/preprod.gmindia.tech\/mda\/wp-json\/wp\/v2\/types\/page"}],"author":[{"embeddable":true,"href":"https:\/\/preprod.gmindia.tech\/mda\/wp-json\/wp\/v2\/users\/1"}],"replies":[{"embeddable":true,"href":"https:\/\/preprod.gmindia.tech\/mda\/wp-json\/wp\/v2\/comments?post=1889"}],"version-history":[{"count":9,"href":"https:\/\/preprod.gmindia.tech\/mda\/wp-json\/wp\/v2\/pages\/1889\/revisions"}],"predecessor-version":[{"id":2477,"href":"https:\/\/preprod.gmindia.tech\/mda\/wp-json\/wp\/v2\/pages\/1889\/revisions\/2477"}],"wp:attachment":[{"href":"https:\/\/preprod.gmindia.tech\/mda\/wp-json\/wp\/v2\/media?parent=1889"}],"curies":[{"name":"wp","href":"https:\/\/api.w.org\/{rel}","templated":true}]}}