{"id":1917,"date":"2024-02-19T11:06:51","date_gmt":"2024-02-19T11:06:51","guid":{"rendered":"http:\/\/localhost\/mdamulti\/?page_id=1917"},"modified":"2024-02-19T11:09:02","modified_gmt":"2024-02-19T11:09:02","slug":"secretbox-underwraps","status":"publish","type":"page","link":"https:\/\/preprod.gmindia.tech\/mda\/secretbox-underwraps\/","title":{"rendered":"secretbox-underwraps"},"content":{"rendered":"\n<div class=\"wp-block-columns eplus-wrapper is-layout-flex wp-container-core-columns-is-layout-28f84493 wp-block-columns-is-layout-flex\">\n<div class=\"wp-block-column eplus-wrapper is-layout-flow wp-block-column-is-layout-flow\">\n<p class=\" eplus-wrapper\" style=\"font-size:clamp(17.905px, 1.119rem + ((1vw - 3.2px) * 1.147), 28px);\"><strong>PARTICIPEZ<\/strong><br><strong>AU PROJET <em><a href=\"\/mda\/souslepli-underwraps\/\">UNDER WRAPS<\/a><\/em><\/strong><\/p>\n<\/div>\n\n\n\n<div class=\"wp-block-column is-vertically-aligned-center eplus-wrapper is-layout-flow wp-block-column-is-layout-flow\">\n<hr class=\"is-style-wide wp-block-separator has-text-color has-alpha-channel-opacity has-background eplus-wrapper\" style=\"background-color:#000000;color:#000000\"\/>\n<\/div>\n<\/div>\n\n\n\n<div style=\"height:40px\" aria-hidden=\"true\" class=\" wp-block-spacer eplus-wrapper\"><\/div>\n\n\n\n<div class=\"wpcf7 no-js\" id=\"wpcf7-f1862-o1\" lang=\"en-US\" dir=\"ltr\">\n<div class=\"screen-reader-response\"><p role=\"status\" aria-live=\"polite\" aria-atomic=\"true\"><\/p> <ul><\/ul><\/div>\n<form action=\"\/mda\/wp-json\/wp\/v2\/pages\/1917#wpcf7-f1862-o1\" method=\"post\" class=\"wpcf7-form init\" aria-label=\"Contact form\" novalidate=\"novalidate\" data-status=\"init\">\n<div style=\"display: none;\">\n<input type=\"hidden\" name=\"_wpcf7\" value=\"1862\" \/>\n<input type=\"hidden\" name=\"_wpcf7_version\" value=\"5.9\" \/>\n<input type=\"hidden\" name=\"_wpcf7_locale\" value=\"en_US\" \/>\n<input type=\"hidden\" name=\"_wpcf7_unit_tag\" value=\"wpcf7-f1862-o1\" \/>\n<input type=\"hidden\" name=\"_wpcf7_container_post\" value=\"0\" \/>\n<input type=\"hidden\" name=\"_wpcf7_posted_data_hash\" value=\"\" \/>\n<\/div>\n<p><label>CONFIEZ UNE HISTOIRE PERSONNELLE \u00c0 L'ARTISTE<br \/>\n<span class=\"wpcf7-form-control-wrap\" data-name=\"your-message\"><textarea cols=\"40\" rows=\"10\" class=\"wpcf7-form-control wpcf7-textarea my-textarea\" aria-invalid=\"false\" name=\"your-message\"><\/textarea><\/span><\/label>\n<\/p>\n<p style=\"margin-block-start: 0em; margin-block-end: 0em;\"><input type=\"reset\" value=\"Effacer\" \/>\n<\/p>\n<p style=\"margin-block-start: 0em; margin-block-end: 0em;\"><input class=\"wpcf7-form-control wpcf7-submit has-spinner\" type=\"submit\" value=\"Envoyer\" \/>\n<\/p><div class=\"wpcf7-response-output\" aria-hidden=\"true\"><\/div>\n<\/form>\n<\/div>\n\n\n\n\n<div style=\"height:40px\" aria-hidden=\"true\" class=\" wp-block-spacer eplus-wrapper\"><\/div>\n\n\n\n<div class=\"wp-block-columns eplus-wrapper is-layout-flex wp-container-core-columns-is-layout-28f84493 wp-block-columns-is-layout-flex\">\n<div class=\"wp-block-column eplus-wrapper is-layout-flow wp-block-column-is-layout-flow\" style=\"flex-basis:66.66%\">\n<figure class=\" wp-block-image size-full is-resized eplus-wrapper\"><img loading=\"lazy\" decoding=\"async\" width=\"725\" height=\"725\" src=\"https:\/\/preprod.gmindia.tech\/mda\/wp-content\/uploads\/2024\/02\/TEST_20EXPO_20SUKI2-1.jpg\" alt=\"\" class=\"wp-image-803\" style=\"width:616px;height:auto\"\/><\/figure>\n<\/div>\n\n\n\n<div class=\"wp-block-column is-vertically-aligned-center eplus-wrapper is-layout-flow wp-block-column-is-layout-flow\" style=\"flex-basis:33.33%\">\n<p class=\" eplus-wrapper\" style=\"font-size:clamp(18.959px, 1.185rem + ((1vw - 3.2px) * 1.255), 30px);\"><strong><em>SOUS<\/em><\/strong><br><strong><em>LE PLI<\/em><\/strong><br><strong><em>&#8211;<\/em><\/strong><br><strong><em>UNDER WRAPS<\/em><\/strong><\/p>\n\n\n\n<h3 class=\" wp-block-heading has-medium-font-size eplus-wrapper\"><strong>Suki Valentine<\/strong><\/h3>\n\n\n\n<h3 class=\" wp-block-heading has-medium-font-size eplus-wrapper\"><strong>15.12.2020-30.01.2021<\/strong><\/h3>\n<\/div>\n<\/div>\n\n\n\n<div style=\"height:40px\" aria-hidden=\"true\" class=\" wp-block-spacer eplus-wrapper\"><\/div>\n\n\n\n<p class=\" eplus-wrapper\" style=\"font-size:clamp(14px, 0.875rem + ((1vw - 3.2px) * 0.114), 15px);\">Pour transmettre la vuln\u00e9rabilit\u00e9 des histoires et des secrets intimes, que j\u2019ai collect\u00e9 aupr\u00e8s de mes amis ou d\u2019inconnus ces derni\u00e8res ann\u00e9es, j\u2019ai pass\u00e9 environ trois ans \u00e0 collectionner des sous-v\u00eatements anciens et vintage. Il s\u2019agissait de tout, des culottes bouffantes de l\u2019\u00e9poque victorienne aux pantoufles en lambeaux des ann\u00e9es 1920, en passant par les gaines des ann\u00e9es 1950 et autres sous-v\u00eatements de ce type, provenant aussi bien de boutiques sp\u00e9cialis\u00e9es qui ont parfois fourni l\u2019histoire du v\u00eatement (une camisole datant de 1890, par exemple) que de friperies r\u00e9gionales et nationales situ\u00e9es aussi pr\u00e8s de chez moi que 10 rues plus loin, d\u2019articles obtenus dans des magasins de Seattle, de Chicago et de certaines r\u00e9gions de Floride, ainsi que de quelques objets sp\u00e9ciaux obtenus dans des boutiques londoniennes et parisiennes.<\/p>\n\n\n\n<div style=\"height:40px\" aria-hidden=\"true\" class=\" wp-block-spacer eplus-wrapper\"><\/div>\n\n\n\n<p class=\" eplus-wrapper\" style=\"font-size:clamp(14px, 0.875rem + ((1vw - 3.2px) * 0.114), 15px);\">Une fois en ma possession, j\u2019ai manipul\u00e9 ces effets les plus personnels en utilisant des colorants r\u00e9actifs aux fibres, en les d\u00e9coupant et en les cousant \u00e0 nouveau, en les s\u00e9rigraphiant, en ajoutant des embellissements&nbsp; m\u00e9talliques et textiles, en les imprimant \u00e0 la cire et en utilisant diverses autres techniques pour rendre les pi\u00e8ces individuelles \u00e0 la fois reconnaissables et compl\u00e8tement transform\u00e9es.<\/p>\n\n\n\n<div style=\"height:40px\" aria-hidden=\"true\" class=\" wp-block-spacer eplus-wrapper\"><\/div>\n\n\n\n<p class=\" eplus-wrapper\" style=\"font-size:clamp(14px, 0.875rem + ((1vw - 3.2px) * 0.114), 15px);\">Dans les plis et les jupes de ces pi\u00e8ces, j\u2019ai cousu \u00e0 la main des mouchoirs en tissu sur lesquels les secrets recueillis ont \u00e9t\u00e9 brod\u00e9s. J\u2019invite et j\u2019encourage les spectateurs \u00e0 \u00eatre suffisamment enhardis pour explorer physiquement les pi\u00e8ces et d\u00e9couvrir par eux-m\u00eames les secrets cach\u00e9s \u00e0 l\u2019int\u00e9rieur des v\u00eatements. De telles explorations directes jouent sur l\u2019id\u00e9e de \u00ablinge sale\u00bb : les \u00abtaches\u00bb que nous essayons de cacher aux autres, de peur qu\u2019elles ne d\u00e9couvrent quelque chose \u00e0 notre sujet que nous pr\u00e9f\u00e9rons rester cach\u00e9s.<\/p>\n\n\n\n<div style=\"height:40px\" aria-hidden=\"true\" class=\" wp-block-spacer eplus-wrapper\"><\/div>\n\n\n\n<p class=\" eplus-wrapper\" style=\"font-size:clamp(14px, 0.875rem + ((1vw - 3.2px) * 0.114), 15px);\">Suki Valentine &#8211; oct 2020<\/p>\n","protected":false},"excerpt":{"rendered":"<p>PARTICIPEZAU PROJET UNDER WRAPS SOUSLE PLI&#8211;UNDER WRAPS Suki Valentine 15.12.2020-30.01.2021 Pour transmettre la vuln\u00e9rabilit\u00e9 des histoires et des secrets intimes, que j\u2019ai collect\u00e9 aupr\u00e8s de mes amis ou d\u2019inconnus ces derni\u00e8res ann\u00e9es, j\u2019ai pass\u00e9 environ trois ans \u00e0 collectionner des sous-v\u00eatements anciens et vintage. Il s\u2019agissait de tout, des culottes bouffantes de l\u2019\u00e9poque victorienne aux [&hellip;]<\/p>\n","protected":false},"author":1,"featured_media":0,"parent":0,"menu_order":0,"comment_status":"closed","ping_status":"closed","template":"websites-island","meta":{"footnotes":""},"class_list":["post-1917","page","type-page","status-publish","hentry"],"yoast_head":"<!-- This site is optimized with the Yoast SEO plugin v23.9 - https:\/\/yoast.com\/wordpress\/plugins\/seo\/ -->\n<title>secretbox-underwraps - M\u00e9moire de l&#039;Avenir<\/title>\n<meta name=\"robots\" content=\"index, follow, max-snippet:-1, max-image-preview:large, max-video-preview:-1\" \/>\n<link rel=\"canonical\" href=\"https:\/\/preprod.gmindia.tech\/mda\/secretbox-underwraps\/\" \/>\n<meta property=\"og:locale\" content=\"fr_FR\" \/>\n<meta property=\"og:type\" content=\"article\" \/>\n<meta property=\"og:title\" content=\"secretbox-underwraps - M\u00e9moire de l&#039;Avenir\" \/>\n<meta property=\"og:description\" content=\"PARTICIPEZAU PROJET UNDER WRAPS SOUSLE PLI&#8211;UNDER WRAPS Suki Valentine 15.12.2020-30.01.2021 Pour transmettre la vuln\u00e9rabilit\u00e9 des histoires et des secrets intimes, que j\u2019ai collect\u00e9 aupr\u00e8s de mes amis ou d\u2019inconnus ces derni\u00e8res ann\u00e9es, j\u2019ai pass\u00e9 environ trois ans \u00e0 collectionner des sous-v\u00eatements anciens et vintage. Il s\u2019agissait de tout, des culottes bouffantes de l\u2019\u00e9poque victorienne aux [&hellip;]\" \/>\n<meta property=\"og:url\" content=\"https:\/\/preprod.gmindia.tech\/mda\/secretbox-underwraps\/\" \/>\n<meta property=\"og:site_name\" content=\"M\u00e9moire de l&#039;Avenir\" \/>\n<meta property=\"article:modified_time\" content=\"2024-02-19T11:09:02+00:00\" \/>\n<meta property=\"og:image\" content=\"https:\/\/preprod.gmindia.tech\/mda\/wp-content\/uploads\/2024\/02\/TEST_20EXPO_20SUKI2-1.jpg\" \/>\n\t<meta property=\"og:image:width\" content=\"725\" \/>\n\t<meta property=\"og:image:height\" content=\"725\" \/>\n\t<meta property=\"og:image:type\" content=\"image\/jpeg\" \/>\n<meta name=\"twitter:card\" content=\"summary_large_image\" \/>\n<meta name=\"twitter:label1\" content=\"Dur\u00e9e de lecture estim\u00e9e\" \/>\n\t<meta name=\"twitter:data1\" content=\"2 minutes\" \/>\n<script type=\"application\/ld+json\" class=\"yoast-schema-graph\">{\"@context\":\"https:\/\/schema.org\",\"@graph\":[{\"@type\":\"WebPage\",\"@id\":\"https:\/\/preprod.gmindia.tech\/mda\/secretbox-underwraps\/\",\"url\":\"https:\/\/preprod.gmindia.tech\/mda\/secretbox-underwraps\/\",\"name\":\"secretbox-underwraps - M\u00e9moire de l&#039;Avenir\",\"isPartOf\":{\"@id\":\"https:\/\/preprod.gmindia.tech\/mda\/#website\"},\"primaryImageOfPage\":{\"@id\":\"https:\/\/preprod.gmindia.tech\/mda\/secretbox-underwraps\/#primaryimage\"},\"image\":{\"@id\":\"https:\/\/preprod.gmindia.tech\/mda\/secretbox-underwraps\/#primaryimage\"},\"thumbnailUrl\":\"https:\/\/preprod.gmindia.tech\/mda\/wp-content\/uploads\/2024\/02\/TEST_20EXPO_20SUKI2-1.jpg\",\"datePublished\":\"2024-02-19T11:06:51+00:00\",\"dateModified\":\"2024-02-19T11:09:02+00:00\",\"breadcrumb\":{\"@id\":\"https:\/\/preprod.gmindia.tech\/mda\/secretbox-underwraps\/#breadcrumb\"},\"inLanguage\":\"fr-FR\",\"potentialAction\":[{\"@type\":\"ReadAction\",\"target\":[\"https:\/\/preprod.gmindia.tech\/mda\/secretbox-underwraps\/\"]}]},{\"@type\":\"ImageObject\",\"inLanguage\":\"fr-FR\",\"@id\":\"https:\/\/preprod.gmindia.tech\/mda\/secretbox-underwraps\/#primaryimage\",\"url\":\"https:\/\/preprod.gmindia.tech\/mda\/wp-content\/uploads\/2024\/02\/TEST_20EXPO_20SUKI2-1.jpg\",\"contentUrl\":\"https:\/\/preprod.gmindia.tech\/mda\/wp-content\/uploads\/2024\/02\/TEST_20EXPO_20SUKI2-1.jpg\",\"width\":725,\"height\":725},{\"@type\":\"BreadcrumbList\",\"@id\":\"https:\/\/preprod.gmindia.tech\/mda\/secretbox-underwraps\/#breadcrumb\",\"itemListElement\":[{\"@type\":\"ListItem\",\"position\":1,\"name\":\"Home\",\"item\":\"https:\/\/preprod.gmindia.tech\/mda\/\"},{\"@type\":\"ListItem\",\"position\":2,\"name\":\"secretbox-underwraps\"}]},{\"@type\":\"WebSite\",\"@id\":\"https:\/\/preprod.gmindia.tech\/mda\/#website\",\"url\":\"https:\/\/preprod.gmindia.tech\/mda\/\",\"name\":\"M\u00e9moire de l&#039;Avenir\",\"description\":\"\",\"publisher\":{\"@id\":\"https:\/\/preprod.gmindia.tech\/mda\/#organization\"},\"potentialAction\":[{\"@type\":\"SearchAction\",\"target\":{\"@type\":\"EntryPoint\",\"urlTemplate\":\"https:\/\/preprod.gmindia.tech\/mda\/?s={search_term_string}\"},\"query-input\":{\"@type\":\"PropertyValueSpecification\",\"valueRequired\":true,\"valueName\":\"search_term_string\"}}],\"inLanguage\":\"fr-FR\"},{\"@type\":\"Organization\",\"@id\":\"https:\/\/preprod.gmindia.tech\/mda\/#organization\",\"name\":\"M\u00e9moire de l&#039;Avenir\",\"url\":\"https:\/\/preprod.gmindia.tech\/mda\/\",\"logo\":{\"@type\":\"ImageObject\",\"inLanguage\":\"fr-FR\",\"@id\":\"https:\/\/preprod.gmindia.tech\/mda\/#\/schema\/logo\/image\/\",\"url\":\"https:\/\/preprod.gmindia.tech\/mda\/wp-content\/uploads\/2024\/01\/logo_20mda_2010202000.png\",\"contentUrl\":\"https:\/\/preprod.gmindia.tech\/mda\/wp-content\/uploads\/2024\/01\/logo_20mda_2010202000.png\",\"width\":123,\"height\":220,\"caption\":\"M\u00e9moire de l&#039;Avenir\"},\"image\":{\"@id\":\"https:\/\/preprod.gmindia.tech\/mda\/#\/schema\/logo\/image\/\"}}]}<\/script>\n<!-- \/ Yoast SEO plugin. -->","yoast_head_json":{"title":"secretbox-underwraps - M\u00e9moire de l&#039;Avenir","robots":{"index":"index","follow":"follow","max-snippet":"max-snippet:-1","max-image-preview":"max-image-preview:large","max-video-preview":"max-video-preview:-1"},"canonical":"https:\/\/preprod.gmindia.tech\/mda\/secretbox-underwraps\/","og_locale":"fr_FR","og_type":"article","og_title":"secretbox-underwraps - M\u00e9moire de l&#039;Avenir","og_description":"PARTICIPEZAU PROJET UNDER WRAPS SOUSLE PLI&#8211;UNDER WRAPS Suki Valentine 15.12.2020-30.01.2021 Pour transmettre la vuln\u00e9rabilit\u00e9 des histoires et des secrets intimes, que j\u2019ai collect\u00e9 aupr\u00e8s de mes amis ou d\u2019inconnus ces derni\u00e8res ann\u00e9es, j\u2019ai pass\u00e9 environ trois ans \u00e0 collectionner des sous-v\u00eatements anciens et vintage. Il s\u2019agissait de tout, des culottes bouffantes de l\u2019\u00e9poque victorienne aux [&hellip;]","og_url":"https:\/\/preprod.gmindia.tech\/mda\/secretbox-underwraps\/","og_site_name":"M\u00e9moire de l&#039;Avenir","article_modified_time":"2024-02-19T11:09:02+00:00","og_image":[{"width":725,"height":725,"url":"https:\/\/preprod.gmindia.tech\/mda\/wp-content\/uploads\/2024\/02\/TEST_20EXPO_20SUKI2-1.jpg","type":"image\/jpeg"}],"twitter_card":"summary_large_image","twitter_misc":{"Dur\u00e9e de lecture estim\u00e9e":"2 minutes"},"schema":{"@context":"https:\/\/schema.org","@graph":[{"@type":"WebPage","@id":"https:\/\/preprod.gmindia.tech\/mda\/secretbox-underwraps\/","url":"https:\/\/preprod.gmindia.tech\/mda\/secretbox-underwraps\/","name":"secretbox-underwraps - M\u00e9moire de l&#039;Avenir","isPartOf":{"@id":"https:\/\/preprod.gmindia.tech\/mda\/#website"},"primaryImageOfPage":{"@id":"https:\/\/preprod.gmindia.tech\/mda\/secretbox-underwraps\/#primaryimage"},"image":{"@id":"https:\/\/preprod.gmindia.tech\/mda\/secretbox-underwraps\/#primaryimage"},"thumbnailUrl":"https:\/\/preprod.gmindia.tech\/mda\/wp-content\/uploads\/2024\/02\/TEST_20EXPO_20SUKI2-1.jpg","datePublished":"2024-02-19T11:06:51+00:00","dateModified":"2024-02-19T11:09:02+00:00","breadcrumb":{"@id":"https:\/\/preprod.gmindia.tech\/mda\/secretbox-underwraps\/#breadcrumb"},"inLanguage":"fr-FR","potentialAction":[{"@type":"ReadAction","target":["https:\/\/preprod.gmindia.tech\/mda\/secretbox-underwraps\/"]}]},{"@type":"ImageObject","inLanguage":"fr-FR","@id":"https:\/\/preprod.gmindia.tech\/mda\/secretbox-underwraps\/#primaryimage","url":"https:\/\/preprod.gmindia.tech\/mda\/wp-content\/uploads\/2024\/02\/TEST_20EXPO_20SUKI2-1.jpg","contentUrl":"https:\/\/preprod.gmindia.tech\/mda\/wp-content\/uploads\/2024\/02\/TEST_20EXPO_20SUKI2-1.jpg","width":725,"height":725},{"@type":"BreadcrumbList","@id":"https:\/\/preprod.gmindia.tech\/mda\/secretbox-underwraps\/#breadcrumb","itemListElement":[{"@type":"ListItem","position":1,"name":"Home","item":"https:\/\/preprod.gmindia.tech\/mda\/"},{"@type":"ListItem","position":2,"name":"secretbox-underwraps"}]},{"@type":"WebSite","@id":"https:\/\/preprod.gmindia.tech\/mda\/#website","url":"https:\/\/preprod.gmindia.tech\/mda\/","name":"M\u00e9moire de l&#039;Avenir","description":"","publisher":{"@id":"https:\/\/preprod.gmindia.tech\/mda\/#organization"},"potentialAction":[{"@type":"SearchAction","target":{"@type":"EntryPoint","urlTemplate":"https:\/\/preprod.gmindia.tech\/mda\/?s={search_term_string}"},"query-input":{"@type":"PropertyValueSpecification","valueRequired":true,"valueName":"search_term_string"}}],"inLanguage":"fr-FR"},{"@type":"Organization","@id":"https:\/\/preprod.gmindia.tech\/mda\/#organization","name":"M\u00e9moire de l&#039;Avenir","url":"https:\/\/preprod.gmindia.tech\/mda\/","logo":{"@type":"ImageObject","inLanguage":"fr-FR","@id":"https:\/\/preprod.gmindia.tech\/mda\/#\/schema\/logo\/image\/","url":"https:\/\/preprod.gmindia.tech\/mda\/wp-content\/uploads\/2024\/01\/logo_20mda_2010202000.png","contentUrl":"https:\/\/preprod.gmindia.tech\/mda\/wp-content\/uploads\/2024\/01\/logo_20mda_2010202000.png","width":123,"height":220,"caption":"M\u00e9moire de l&#039;Avenir"},"image":{"@id":"https:\/\/preprod.gmindia.tech\/mda\/#\/schema\/logo\/image\/"}}]}},"_links":{"self":[{"href":"https:\/\/preprod.gmindia.tech\/mda\/wp-json\/wp\/v2\/pages\/1917","targetHints":{"allow":["GET"]}}],"collection":[{"href":"https:\/\/preprod.gmindia.tech\/mda\/wp-json\/wp\/v2\/pages"}],"about":[{"href":"https:\/\/preprod.gmindia.tech\/mda\/wp-json\/wp\/v2\/types\/page"}],"author":[{"embeddable":true,"href":"https:\/\/preprod.gmindia.tech\/mda\/wp-json\/wp\/v2\/users\/1"}],"replies":[{"embeddable":true,"href":"https:\/\/preprod.gmindia.tech\/mda\/wp-json\/wp\/v2\/comments?post=1917"}],"version-history":[{"count":4,"href":"https:\/\/preprod.gmindia.tech\/mda\/wp-json\/wp\/v2\/pages\/1917\/revisions"}],"predecessor-version":[{"id":1922,"href":"https:\/\/preprod.gmindia.tech\/mda\/wp-json\/wp\/v2\/pages\/1917\/revisions\/1922"}],"wp:attachment":[{"href":"https:\/\/preprod.gmindia.tech\/mda\/wp-json\/wp\/v2\/media?parent=1917"}],"curies":[{"name":"wp","href":"https:\/\/api.w.org\/{rel}","templated":true}]}}