{"id":1937,"date":"2024-02-19T12:46:09","date_gmt":"2024-02-19T12:46:09","guid":{"rendered":"http:\/\/localhost\/mdamulti\/?page_id=1937"},"modified":"2024-02-19T12:46:51","modified_gmt":"2024-02-19T12:46:51","slug":"ilvoitdesplispartout","status":"publish","type":"page","link":"https:\/\/preprod.gmindia.tech\/mda\/ilvoitdesplispartout\/","title":{"rendered":"ilvoitdesplispartout"},"content":{"rendered":"\n<div class=\"wp-block-columns eplus-wrapper is-layout-flex wp-container-core-columns-is-layout-28f84493 wp-block-columns-is-layout-flex\">\n<div class=\"wp-block-column is-vertically-aligned-center eplus-wrapper is-layout-flow wp-block-column-is-layout-flow\" style=\"flex-basis:66.66%\">\n<h4 class=\" wp-block-heading eplus-wrapper\" style=\"font-size:clamp(17.905px, 1.119rem + ((1vw - 3.2px) * 1.147), 28px);\"><strong>Dans le cadre de l&rsquo;exposition&nbsp;<\/strong><br><strong><em><a href=\"\/mda\/souslepli-underwraps\/\">Sous le pli \/ Under Wraps<\/a><\/em><\/strong><\/h4>\n<\/div>\n\n\n\n<div class=\"wp-block-column eplus-wrapper is-layout-flow wp-block-column-is-layout-flow\" style=\"flex-basis:33.33%\">\n<figure class=\" wp-block-image size-full eplus-wrapper\"><img loading=\"lazy\" decoding=\"async\" width=\"120\" height=\"120\" src=\"https:\/\/preprod.gmindia.tech\/mda\/wp-content\/uploads\/2024\/02\/TEST_20EXPO_20SUKI21.jpg\" alt=\"\" class=\"wp-image-603\"\/><\/figure>\n<\/div>\n<\/div>\n\n\n\n<div style=\"height:30px\" aria-hidden=\"true\" class=\" wp-block-spacer eplus-wrapper\"><\/div>\n\n\n\n<p class=\" eplus-wrapper\" style=\"font-size:clamp(17.905px, 1.119rem + ((1vw - 3.2px) * 1.147), 28px);\"><em>Il voit des plis partout<\/em>&nbsp;un film de&nbsp;<a href=\"http:\/\/www.film-documentaire.fr\/4DACTION\/w_liste_generique\/C_404_F\" target=\"_blank\">Guy Girard<\/a>&nbsp;&#8211; 1998<\/p>\n\n\n\n<div style=\"height:30px\" aria-hidden=\"true\" class=\" wp-block-spacer eplus-wrapper\"><\/div>\n\n\n\n<p class=\" has-medium-font-size eplus-wrapper\">Le pli d&rsquo;une robe ou le pli diplomatique, le pli de la chevelure ou le pli de la peau, le faux pli ou le mauvais pli&#8230; Apparemment, quoi de plus anecdotique ! Mais commencer \u00e0 les observer peut tourner \u00e0 l&rsquo;obsession, car les plis sont partout.<\/p>\n\n\n\n<div style=\"height:30px\" aria-hidden=\"true\" class=\" wp-block-spacer eplus-wrapper\"><\/div>\n\n\n\n<style>\n    .video-container {\n        position: relative;\n        padding-bottom: 56.25%; \/* 16:9 aspect ratio *\/\n        height: 0;\n        overflow: hidden;\n    }\n    \n    .video-container iframe {\n        position: absolute;\n        top: 0;\n        left: 0;\n        width: 100%;\n        height: 100%;\n    }\n<\/style>\n\n<div class=\"video-container\">\n    <iframe src=\"https:\/\/player.vimeo.com\/video\/489859943\" frameborder=\"0\" webkitallowfullscreen=\"\" mozallowfullscreen=\"\" allowfullscreen=\"\"><\/iframe>\n<\/div>\n\n\n\n<div style=\"height:30px\" aria-hidden=\"true\" class=\" wp-block-spacer eplus-wrapper\"><\/div>\n\n\n\n<p class=\" eplus-wrapper\" style=\"font-size:clamp(14px, 0.875rem + ((1vw - 3.2px) * 0.114), 15px);\">Guy Girard est r\u00e9alisateur et photographe. Il \u00e9volue dans le paysage&nbsp; culturel fran\u00e7ais et international depuis les ann\u00e9es 80. Il a notamment exerc\u00e9 les m\u00e9tiers d\u2019adjoint technique \u00e0 l\u2019Office HLM de Vitry-sur-Seine, de camionneur en Martinique, de p\u00eacheur de corail en M\u00e9diterran\u00e9e, de libraire \u00e0 Paris, de photographe, de monteur de film et, enfin, de r\u00e9alisateur. Il a r\u00e9alis\u00e9 plus de quatre vingt films de formats divers : des portraits d\u2019artistes; des documentaires historiques; des documentaires d\u2019observation qui explorent des institutions fran\u00e7aises; et des films exp\u00e9rimentaux.<\/p>\n\n\n\n<div style=\"height:30px\" aria-hidden=\"true\" class=\" wp-block-spacer eplus-wrapper\"><\/div>\n\n\n\n<div class=\"wp-block-columns eplus-wrapper is-layout-flex wp-container-core-columns-is-layout-28f84493 wp-block-columns-is-layout-flex\">\n<div class=\"wp-block-column eplus-wrapper is-layout-flow wp-block-column-is-layout-flow\" style=\"flex-basis:33.33%\">\n<h4 class=\" wp-block-heading eplus-wrapper\"><strong><a href=\"\/mda\/souslepli-underwraps\/\" target=\"_blank\" rel=\"noreferrer noopener\">L&rsquo;EXPOSITION<\/a><\/strong><\/h4>\n<\/div>\n\n\n\n<div class=\"wp-block-column is-vertically-aligned-center eplus-wrapper is-layout-flow wp-block-column-is-layout-flow\" style=\"flex-basis:66.66%\">\n<hr class=\"is-style-wide wp-block-separator has-text-color has-alpha-channel-opacity has-background eplus-wrapper\" style=\"margin-top:10px;margin-bottom:10px;background-color:#000000;color:#000000\"\/>\n<\/div>\n<\/div>\n\n\n\n<div class=\"wp-block-columns eplus-wrapper is-layout-flex wp-container-core-columns-is-layout-28f84493 wp-block-columns-is-layout-flex\">\n<div class=\"wp-block-column eplus-wrapper is-layout-flow wp-block-column-is-layout-flow\" style=\"flex-basis:66.66%\">\n<figure class=\" wp-block-image size-full is-resized eplus-wrapper\"><img loading=\"lazy\" decoding=\"async\" width=\"725\" height=\"725\" src=\"https:\/\/preprod.gmindia.tech\/mda\/wp-content\/uploads\/2024\/02\/TEST_20EXPO_20SUKI2-1.jpg\" alt=\"\" class=\"wp-image-803\" style=\"width:616px;height:auto\"\/><\/figure>\n<\/div>\n\n\n\n<div class=\"wp-block-column is-vertically-aligned-center eplus-wrapper is-layout-flow wp-block-column-is-layout-flow\" style=\"flex-basis:33.33%\">\n<p class=\" eplus-wrapper\" style=\"font-size:clamp(18.959px, 1.185rem + ((1vw - 3.2px) * 1.255), 30px);\"><strong><em>SOUS<\/em><\/strong><br><strong><em>LE PLI<\/em><\/strong><br><strong><em>&#8211;<\/em><\/strong><br><strong><em>UNDER WRAPS<\/em><\/strong><\/p>\n\n\n\n<h3 class=\" wp-block-heading has-medium-font-size eplus-wrapper\"><strong>Suki Valentine<\/strong><\/h3>\n\n\n\n<h3 class=\" wp-block-heading has-medium-font-size eplus-wrapper\"><strong>15.12.2020-30.01.2021<\/strong><\/h3>\n<\/div>\n<\/div>\n\n\n\n<div class=\"wp-block-columns eplus-wrapper is-layout-flex wp-container-core-columns-is-layout-28f84493 wp-block-columns-is-layout-flex\">\n<div class=\"wp-block-column eplus-wrapper is-layout-flow wp-block-column-is-layout-flow\" style=\"flex-basis:66.66%\">\n<p class=\" has-small-font-size eplus-wrapper\"><strong>M\u00e9moire de l\u2019Avenir pr\u00e9sente \u00ab Sous le Pli \u00bb \/ \u00ab Under Wraps \u00bb&nbsp; une exposition de l\u2019artiste am\u00e9ricaine Suki Valentine qui explore \u00e0 travers son dernier projet les r\u00e9cits cach\u00e9s, personnels et collectifs en interrogeant leur impact sur la construction de l\u2019identit\u00e9 de soi et du groupe social.&nbsp;&nbsp;<\/strong><\/p>\n\n\n\n<p class=\" has-small-font-size eplus-wrapper\">\u00ab Sous le Pli \u00bb \/ \u00ab Under Wraps \u00bb&nbsp; se d\u00e9ploie autour de 2 corpus d\u2019\u0153uvres et de recherche de l\u2019artiste, l\u2019un li\u00e9 au silence de l\u2019Histoire et l\u2019autre au silence de l\u2019individu ou de la famille.<\/p>\n<\/div>\n\n\n\n<div class=\"wp-block-column is-vertically-aligned-center eplus-wrapper is-layout-flow wp-block-column-is-layout-flow\" style=\"flex-basis:33.33%\">\n<div class=\"wp-block-buttons eplus-wrapper is-layout-flex wp-block-buttons-is-layout-flex\">\n<div class=\"is-style-outline wp-block-button has-custom-width wp-block-button__width-100 has-custom-font-size eplus-wrapper is-style-outline--1\" style=\"font-size:clamp(14px, 0.875rem + ((1vw - 3.2px) * 0.114), 15px);\"><a class=\"wp-block-button__link has-border-color wp-element-button\" href=\"\/mda\/souslepli-underwraps\/\" style=\"border-color:#000000;border-width:1px;border-radius:0px\">D\u00e9couvrir l&rsquo;exposition en ligne<\/a><\/div>\n<\/div>\n<\/div>\n<\/div>\n","protected":false},"excerpt":{"rendered":"<p>Dans le cadre de l&rsquo;exposition&nbsp;Sous le pli \/ Under Wraps Il voit des plis partout&nbsp;un film de&nbsp;Guy Girard&nbsp;&#8211; 1998 Le pli d&rsquo;une robe ou le pli diplomatique, le pli de la chevelure ou le pli de la peau, le faux pli ou le mauvais pli&#8230; Apparemment, quoi de plus anecdotique ! Mais commencer \u00e0 les [&hellip;]<\/p>\n","protected":false},"author":1,"featured_media":0,"parent":0,"menu_order":0,"comment_status":"closed","ping_status":"closed","template":"websites-island","meta":{"footnotes":""},"class_list":["post-1937","page","type-page","status-publish","hentry"],"yoast_head":"<!-- This site is optimized with the Yoast SEO plugin v23.9 - https:\/\/yoast.com\/wordpress\/plugins\/seo\/ -->\n<title>ilvoitdesplispartout - M\u00e9moire de l&#039;Avenir<\/title>\n<meta name=\"robots\" content=\"index, follow, max-snippet:-1, max-image-preview:large, max-video-preview:-1\" \/>\n<link rel=\"canonical\" href=\"https:\/\/preprod.gmindia.tech\/mda\/ilvoitdesplispartout\/\" \/>\n<meta property=\"og:locale\" content=\"fr_FR\" \/>\n<meta property=\"og:type\" content=\"article\" \/>\n<meta property=\"og:title\" content=\"ilvoitdesplispartout - M\u00e9moire de l&#039;Avenir\" \/>\n<meta property=\"og:description\" content=\"Dans le cadre de l&rsquo;exposition&nbsp;Sous le pli \/ Under Wraps Il voit des plis partout&nbsp;un film de&nbsp;Guy Girard&nbsp;&#8211; 1998 Le pli d&rsquo;une robe ou le pli diplomatique, le pli de la chevelure ou le pli de la peau, le faux pli ou le mauvais pli&#8230; Apparemment, quoi de plus anecdotique ! Mais commencer \u00e0 les [&hellip;]\" \/>\n<meta property=\"og:url\" content=\"https:\/\/preprod.gmindia.tech\/mda\/ilvoitdesplispartout\/\" \/>\n<meta property=\"og:site_name\" content=\"M\u00e9moire de l&#039;Avenir\" \/>\n<meta property=\"article:modified_time\" content=\"2024-02-19T12:46:51+00:00\" \/>\n<meta property=\"og:image\" content=\"https:\/\/preprod.gmindia.tech\/mda\/wp-content\/uploads\/2024\/02\/TEST_20EXPO_20SUKI21.jpg\" \/>\n\t<meta property=\"og:image:width\" content=\"120\" \/>\n\t<meta property=\"og:image:height\" content=\"120\" \/>\n\t<meta property=\"og:image:type\" content=\"image\/jpeg\" \/>\n<meta name=\"twitter:card\" content=\"summary_large_image\" \/>\n<meta name=\"twitter:label1\" content=\"Dur\u00e9e de lecture estim\u00e9e\" \/>\n\t<meta name=\"twitter:data1\" content=\"1 minute\" \/>\n<script type=\"application\/ld+json\" class=\"yoast-schema-graph\">{\"@context\":\"https:\/\/schema.org\",\"@graph\":[{\"@type\":\"WebPage\",\"@id\":\"https:\/\/preprod.gmindia.tech\/mda\/ilvoitdesplispartout\/\",\"url\":\"https:\/\/preprod.gmindia.tech\/mda\/ilvoitdesplispartout\/\",\"name\":\"ilvoitdesplispartout - M\u00e9moire de l&#039;Avenir\",\"isPartOf\":{\"@id\":\"https:\/\/preprod.gmindia.tech\/mda\/#website\"},\"primaryImageOfPage\":{\"@id\":\"https:\/\/preprod.gmindia.tech\/mda\/ilvoitdesplispartout\/#primaryimage\"},\"image\":{\"@id\":\"https:\/\/preprod.gmindia.tech\/mda\/ilvoitdesplispartout\/#primaryimage\"},\"thumbnailUrl\":\"https:\/\/preprod.gmindia.tech\/mda\/wp-content\/uploads\/2024\/02\/TEST_20EXPO_20SUKI21.jpg\",\"datePublished\":\"2024-02-19T12:46:09+00:00\",\"dateModified\":\"2024-02-19T12:46:51+00:00\",\"breadcrumb\":{\"@id\":\"https:\/\/preprod.gmindia.tech\/mda\/ilvoitdesplispartout\/#breadcrumb\"},\"inLanguage\":\"fr-FR\",\"potentialAction\":[{\"@type\":\"ReadAction\",\"target\":[\"https:\/\/preprod.gmindia.tech\/mda\/ilvoitdesplispartout\/\"]}]},{\"@type\":\"ImageObject\",\"inLanguage\":\"fr-FR\",\"@id\":\"https:\/\/preprod.gmindia.tech\/mda\/ilvoitdesplispartout\/#primaryimage\",\"url\":\"https:\/\/preprod.gmindia.tech\/mda\/wp-content\/uploads\/2024\/02\/TEST_20EXPO_20SUKI21.jpg\",\"contentUrl\":\"https:\/\/preprod.gmindia.tech\/mda\/wp-content\/uploads\/2024\/02\/TEST_20EXPO_20SUKI21.jpg\",\"width\":120,\"height\":120},{\"@type\":\"BreadcrumbList\",\"@id\":\"https:\/\/preprod.gmindia.tech\/mda\/ilvoitdesplispartout\/#breadcrumb\",\"itemListElement\":[{\"@type\":\"ListItem\",\"position\":1,\"name\":\"Home\",\"item\":\"https:\/\/preprod.gmindia.tech\/mda\/\"},{\"@type\":\"ListItem\",\"position\":2,\"name\":\"ilvoitdesplispartout\"}]},{\"@type\":\"WebSite\",\"@id\":\"https:\/\/preprod.gmindia.tech\/mda\/#website\",\"url\":\"https:\/\/preprod.gmindia.tech\/mda\/\",\"name\":\"M\u00e9moire de l&#039;Avenir\",\"description\":\"\",\"publisher\":{\"@id\":\"https:\/\/preprod.gmindia.tech\/mda\/#organization\"},\"potentialAction\":[{\"@type\":\"SearchAction\",\"target\":{\"@type\":\"EntryPoint\",\"urlTemplate\":\"https:\/\/preprod.gmindia.tech\/mda\/?s={search_term_string}\"},\"query-input\":{\"@type\":\"PropertyValueSpecification\",\"valueRequired\":true,\"valueName\":\"search_term_string\"}}],\"inLanguage\":\"fr-FR\"},{\"@type\":\"Organization\",\"@id\":\"https:\/\/preprod.gmindia.tech\/mda\/#organization\",\"name\":\"M\u00e9moire de l&#039;Avenir\",\"url\":\"https:\/\/preprod.gmindia.tech\/mda\/\",\"logo\":{\"@type\":\"ImageObject\",\"inLanguage\":\"fr-FR\",\"@id\":\"https:\/\/preprod.gmindia.tech\/mda\/#\/schema\/logo\/image\/\",\"url\":\"https:\/\/preprod.gmindia.tech\/mda\/wp-content\/uploads\/2024\/01\/logo_20mda_2010202000.png\",\"contentUrl\":\"https:\/\/preprod.gmindia.tech\/mda\/wp-content\/uploads\/2024\/01\/logo_20mda_2010202000.png\",\"width\":123,\"height\":220,\"caption\":\"M\u00e9moire de l&#039;Avenir\"},\"image\":{\"@id\":\"https:\/\/preprod.gmindia.tech\/mda\/#\/schema\/logo\/image\/\"}}]}<\/script>\n<!-- \/ Yoast SEO plugin. -->","yoast_head_json":{"title":"ilvoitdesplispartout - M\u00e9moire de l&#039;Avenir","robots":{"index":"index","follow":"follow","max-snippet":"max-snippet:-1","max-image-preview":"max-image-preview:large","max-video-preview":"max-video-preview:-1"},"canonical":"https:\/\/preprod.gmindia.tech\/mda\/ilvoitdesplispartout\/","og_locale":"fr_FR","og_type":"article","og_title":"ilvoitdesplispartout - M\u00e9moire de l&#039;Avenir","og_description":"Dans le cadre de l&rsquo;exposition&nbsp;Sous le pli \/ Under Wraps Il voit des plis partout&nbsp;un film de&nbsp;Guy Girard&nbsp;&#8211; 1998 Le pli d&rsquo;une robe ou le pli diplomatique, le pli de la chevelure ou le pli de la peau, le faux pli ou le mauvais pli&#8230; Apparemment, quoi de plus anecdotique ! Mais commencer \u00e0 les [&hellip;]","og_url":"https:\/\/preprod.gmindia.tech\/mda\/ilvoitdesplispartout\/","og_site_name":"M\u00e9moire de l&#039;Avenir","article_modified_time":"2024-02-19T12:46:51+00:00","og_image":[{"width":120,"height":120,"url":"https:\/\/preprod.gmindia.tech\/mda\/wp-content\/uploads\/2024\/02\/TEST_20EXPO_20SUKI21.jpg","type":"image\/jpeg"}],"twitter_card":"summary_large_image","twitter_misc":{"Dur\u00e9e de lecture estim\u00e9e":"1 minute"},"schema":{"@context":"https:\/\/schema.org","@graph":[{"@type":"WebPage","@id":"https:\/\/preprod.gmindia.tech\/mda\/ilvoitdesplispartout\/","url":"https:\/\/preprod.gmindia.tech\/mda\/ilvoitdesplispartout\/","name":"ilvoitdesplispartout - M\u00e9moire de l&#039;Avenir","isPartOf":{"@id":"https:\/\/preprod.gmindia.tech\/mda\/#website"},"primaryImageOfPage":{"@id":"https:\/\/preprod.gmindia.tech\/mda\/ilvoitdesplispartout\/#primaryimage"},"image":{"@id":"https:\/\/preprod.gmindia.tech\/mda\/ilvoitdesplispartout\/#primaryimage"},"thumbnailUrl":"https:\/\/preprod.gmindia.tech\/mda\/wp-content\/uploads\/2024\/02\/TEST_20EXPO_20SUKI21.jpg","datePublished":"2024-02-19T12:46:09+00:00","dateModified":"2024-02-19T12:46:51+00:00","breadcrumb":{"@id":"https:\/\/preprod.gmindia.tech\/mda\/ilvoitdesplispartout\/#breadcrumb"},"inLanguage":"fr-FR","potentialAction":[{"@type":"ReadAction","target":["https:\/\/preprod.gmindia.tech\/mda\/ilvoitdesplispartout\/"]}]},{"@type":"ImageObject","inLanguage":"fr-FR","@id":"https:\/\/preprod.gmindia.tech\/mda\/ilvoitdesplispartout\/#primaryimage","url":"https:\/\/preprod.gmindia.tech\/mda\/wp-content\/uploads\/2024\/02\/TEST_20EXPO_20SUKI21.jpg","contentUrl":"https:\/\/preprod.gmindia.tech\/mda\/wp-content\/uploads\/2024\/02\/TEST_20EXPO_20SUKI21.jpg","width":120,"height":120},{"@type":"BreadcrumbList","@id":"https:\/\/preprod.gmindia.tech\/mda\/ilvoitdesplispartout\/#breadcrumb","itemListElement":[{"@type":"ListItem","position":1,"name":"Home","item":"https:\/\/preprod.gmindia.tech\/mda\/"},{"@type":"ListItem","position":2,"name":"ilvoitdesplispartout"}]},{"@type":"WebSite","@id":"https:\/\/preprod.gmindia.tech\/mda\/#website","url":"https:\/\/preprod.gmindia.tech\/mda\/","name":"M\u00e9moire de l&#039;Avenir","description":"","publisher":{"@id":"https:\/\/preprod.gmindia.tech\/mda\/#organization"},"potentialAction":[{"@type":"SearchAction","target":{"@type":"EntryPoint","urlTemplate":"https:\/\/preprod.gmindia.tech\/mda\/?s={search_term_string}"},"query-input":{"@type":"PropertyValueSpecification","valueRequired":true,"valueName":"search_term_string"}}],"inLanguage":"fr-FR"},{"@type":"Organization","@id":"https:\/\/preprod.gmindia.tech\/mda\/#organization","name":"M\u00e9moire de l&#039;Avenir","url":"https:\/\/preprod.gmindia.tech\/mda\/","logo":{"@type":"ImageObject","inLanguage":"fr-FR","@id":"https:\/\/preprod.gmindia.tech\/mda\/#\/schema\/logo\/image\/","url":"https:\/\/preprod.gmindia.tech\/mda\/wp-content\/uploads\/2024\/01\/logo_20mda_2010202000.png","contentUrl":"https:\/\/preprod.gmindia.tech\/mda\/wp-content\/uploads\/2024\/01\/logo_20mda_2010202000.png","width":123,"height":220,"caption":"M\u00e9moire de l&#039;Avenir"},"image":{"@id":"https:\/\/preprod.gmindia.tech\/mda\/#\/schema\/logo\/image\/"}}]}},"_links":{"self":[{"href":"https:\/\/preprod.gmindia.tech\/mda\/wp-json\/wp\/v2\/pages\/1937","targetHints":{"allow":["GET"]}}],"collection":[{"href":"https:\/\/preprod.gmindia.tech\/mda\/wp-json\/wp\/v2\/pages"}],"about":[{"href":"https:\/\/preprod.gmindia.tech\/mda\/wp-json\/wp\/v2\/types\/page"}],"author":[{"embeddable":true,"href":"https:\/\/preprod.gmindia.tech\/mda\/wp-json\/wp\/v2\/users\/1"}],"replies":[{"embeddable":true,"href":"https:\/\/preprod.gmindia.tech\/mda\/wp-json\/wp\/v2\/comments?post=1937"}],"version-history":[{"count":2,"href":"https:\/\/preprod.gmindia.tech\/mda\/wp-json\/wp\/v2\/pages\/1937\/revisions"}],"predecessor-version":[{"id":1940,"href":"https:\/\/preprod.gmindia.tech\/mda\/wp-json\/wp\/v2\/pages\/1937\/revisions\/1940"}],"wp:attachment":[{"href":"https:\/\/preprod.gmindia.tech\/mda\/wp-json\/wp\/v2\/media?parent=1937"}],"curies":[{"name":"wp","href":"https:\/\/api.w.org\/{rel}","templated":true}]}}