{"id":407,"date":"2024-02-02T09:55:38","date_gmt":"2024-02-02T09:55:38","guid":{"rendered":"http:\/\/localhost\/mda-variations-plugin\/?page_id=407"},"modified":"2024-02-15T10:02:00","modified_gmt":"2024-02-15T10:02:00","slug":"crbst_17","status":"publish","type":"page","link":"https:\/\/preprod.gmindia.tech\/mda\/crbst_17\/","title":{"rendered":"R\u00c9F\u00c9RENCES"},"content":{"rendered":"\n<h3 class=\" wp-block-heading eplus-wrapper\"><strong>R\u00c9F\u00c9RENCES<\/strong><\/h3>\n\n\n\n<div style=\"height:50px\" aria-hidden=\"true\" class=\" wp-block-spacer eplus-wrapper\"><\/div>\n\n\n\n<p class=\" eplus-wrapper\" style=\"font-size:clamp(14px, 0.875rem + ((1vw - 3.2px) * 0.114), 15px);\"><strong>Agr\u00e9ment administratif \u2013 National<\/strong><br>&#8211; Agr\u00e9ment du rectorat de l&rsquo;Acad\u00e9mie de Paris &#8211; Minist\u00e8re de l&rsquo;Education nationale \u2013 Renouvellement de<br>l\u2019agr\u00e9ment le 14 mai 2008 pour cinq ans,<br>&#8211; Agr\u00e9ment des associations de jeunesse et d&rsquo;\u00e9ducation populaire &#8211; Minist\u00e8re de la jeunesse et des<br>sports &#8211; Demande en cours.<\/p>\n\n\n\n<div style=\"height:10px\" aria-hidden=\"true\" class=\" wp-block-spacer eplus-wrapper\"><\/div>\n\n\n\n<p class=\" eplus-wrapper\" style=\"font-size:clamp(14px, 0.875rem + ((1vw - 3.2px) * 0.114), 15px);\"><strong>Convention \u2013 Ville de Paris<\/strong><br>&#8211; Convention annuelle avec la Ville de Paris \u00ab Convention d\u2019Objectifs \/ sur Projets \u00bb,<br>&#8211; Convention avec la DPVI (D\u00e9l\u00e9gation \u00e0 la Politique de la Ville et \u00e0 l\u2019Int\u00e9gration) sur la probl\u00e9matique de l\u2019acc\u00e8s \u00e0 la culture pour les publics dits \u2018migrants\u2019.<\/p>\n\n\n\n<div style=\"height:10px\" aria-hidden=\"true\" class=\" wp-block-spacer eplus-wrapper\"><\/div>\n\n\n\n<p class=\" eplus-wrapper\" style=\"font-size:clamp(14px, 0.875rem + ((1vw - 3.2px) * 0.114), 15px);\"><strong>Etablissements scolaires et Centres sociaux partenaires depuis 2003 \u2013 Ile de France<\/strong><br>Ecole polyvalente Beauregard \u00e0 Paris (2\u00e8me Ardt) \u2013&nbsp;Ecole \u00e9l\u00e9mentaire de Louvois \u00e0 Paris (2\u00e8me Ardt)&nbsp;\u2013 Ecole \u00e9l\u00e9mentaire rue d\u2019Oran \u00e0 Paris (18\u00e8me Ardt) \u2013&nbsp;Coll\u00e8ge La Grange aux Belles \u00e0 Paris (10\u00e8me Ardt)&nbsp;\u2013 Coll\u00e8ge Vincent d\u2019Indy \u00e0 Paris (12\u00e8me Ardt) \u2013&nbsp;Coll\u00e8ge Elsa Triolet \u00e0 Paris (13\u00e8me Ardt)&nbsp;\u2013 Coll\u00e8ge Pierre et Marie Curie \u00e0 Paris (18\u00e8me Ardt) \u2013&nbsp;Coll\u00e8ge Cl\u00e9menceau \u00e0 Paris (18\u00e8me Ardt)&nbsp;\u2013 Coll\u00e8ge Aim\u00e9 C\u00e9saire-Pajol \u00e0 Paris (18\u00e8me Ardt) \u2013&nbsp;Coll\u00e8ge Robert Doisneau \u00e0 Paris (20\u00e8me Ardt)&nbsp;\u2013 Coll\u00e8ge Pierre Mend\u00e8s France \u00e0 Paris (20\u00e8me Ardt) \u2013&nbsp;Coll\u00e8ge Maurice Utrillo \u00e0 Montmagny&nbsp;\u2013 Coll\u00e8ge Eug\u00e9nie Cotton \u00e0 Argenteuil \u2013&nbsp;Coll\u00e8ge Langevin Wallon \u00e0 Saint Gratien&nbsp;\u2013 Coll\u00e8ge Georges Brassens \u00e0 Persan \u2013&nbsp;Coll\u00e8ge Jean-Fran\u00e7ois Clervoy \u00e0 Franconville&nbsp;\u2013 Coll\u00e8ge Lenain de Tillemont \u00e0 Montreuil \u2013&nbsp;Coll\u00e8ge Libert\u00e9 \u00e0 Drancy&nbsp;\u2013 Coll\u00e8ge Brossolette \u00e0 Bondy \u2013&nbsp;Coll\u00e8ge Pablo Picasso \u00e0 Garges-l\u00e8s-Gonesse&nbsp;\u2013 Coll\u00e8ge Paul Vaillant Couturier \u00e0 Argenteuil \u2013&nbsp;Coll\u00e8ge Saint-Exup\u00e9ry \u00e0 Ermont&nbsp;\u2013 Coll\u00e8ge Pierre-Andr\u00e9 Hou\u00ebl \u00e0 Romainville \u2013&nbsp;Coll\u00e8ge HenriGuillaumet \u00e0 Jouy-le-Moutier&nbsp;\u2013 Coll\u00e8ge Jean Bullant \u00e0 Ecouen \u2013&nbsp;Coll\u00e8ge Jean Lur\u00e7at \u00e0 Sarcelles&nbsp;\u2013Coll\u00e8ge La Justice \u00e0 Cergy \u2013&nbsp;Coll\u00e8ge Les Touleuses \u00e0 Cergy&nbsp;\u2013 Coll\u00e8ge Carr\u00e9 Ste Honorine \u00e0 Taverny \u2013&nbsp;Lyc\u00e9e Colbert \u00e0 Paris (10\u00e8me Ardt)&nbsp;\u2013 Centre social La Clairi\u00e8re \u00e0 Paris (2\u00e8me Ardt) \u2013&nbsp;SESSAD Parmentier \u00e0Paris (11\u00e8me Ardt)&nbsp;\u2013 Accueil Laghouat \u00e0 Paris (18\u00e8me Ardt) \u2013&nbsp;Centre social Elisabeth\/Maison du BasBelleville \u00e0 Paris (20\u00e8me Ardt)&nbsp;\u2013 Association Les enfants de la goutte d&rsquo;Or (18\u00e8me Ardt) \u2013&nbsp;Centre social de Moissy Cramayel&nbsp;\u2013 Association c\u2019noues \u00e0 Villiers-sur-Marne \u2013&nbsp;Adef H\u00e9bergement &#8211; Foyer Paris Troenes (20\u00e8me Ardt)&nbsp;\u2013 Arm\u00e9e du Salut (13\u00e8me Ardt)&#8230;.<\/p>\n\n\n\n<div style=\"height:10px\" aria-hidden=\"true\" class=\" wp-block-spacer eplus-wrapper\"><\/div>\n\n\n\n<p class=\" eplus-wrapper\" style=\"font-size:clamp(14px, 0.875rem + ((1vw - 3.2px) * 0.114), 15px);\"><strong>Membre du r\u00e9seau M\u00e9moires\/Histoires en Ile-de-France \u2013 Ile de France<\/strong><br>Participation, sur invitation de l\u2019ACSE et la R\u00e9gion Ile-de-France a particip\u00e9 aux r\u00e9unions de travailpr\u00e9liminaires \u00e0 la cr\u00e9ation du R\u00e9seau M\u00e9moires\/Histoire en Ile-de-France avec les autres associations dela r\u00e9gion travaillant sur le th\u00e8me des m\u00e9moires. Ce r\u00e9seau est une structure d\u2019appui et de coordinationvolontaire des associations, unions, f\u00e9d\u00e9rations et mouvements r\u00e9gionaux et nationaux oeuvrant dans lechamp de la m\u00e9moire et de l\u2019histoire sociale et culturelle en Ile-de-France.<\/p>\n\n\n\n<div style=\"height:10px\" aria-hidden=\"true\" class=\" wp-block-spacer eplus-wrapper\"><\/div>\n\n\n\n<p class=\" eplus-wrapper\" style=\"font-size:clamp(14px, 0.875rem + ((1vw - 3.2px) * 0.114), 15px);\"><strong>Membre du r\u00e9seau Anna Lindh \u2013 International<\/strong><br>La Fondation Anna Lindh est une institution partag\u00e9e par les quarante-trois pays de l\u2019Union pour la M\u00e9diterran\u00e9e dont le but est de contribuer au rapprochement des populations des deux c\u00f4t\u00e9s de laM\u00e9diterran\u00e9e afin d\u2019am\u00e9liorer le respect mutuel entre les cultures et de soutenir la soci\u00e9t\u00e9 civile quiconsacre ses efforts au d\u00e9veloppement d\u2019un avenir commun pour la R\u00e9gion.<\/p>\n\n\n\n<div style=\"height:10px\" aria-hidden=\"true\" class=\" wp-block-spacer eplus-wrapper\"><\/div>\n\n\n\n<p class=\" eplus-wrapper\" style=\"font-size:clamp(14px, 0.875rem + ((1vw - 3.2px) * 0.114), 15px);\"><strong>Membre du Groupe de travail \u00ab Making Sense \u00bb &#8211; International<\/strong><br>Ce groupe a pour ambition de cr\u00e9er un espace de rencontre et de discussion entre artistes,conservateurs et philosophes pour leur permettre d\u2019explorer ensemble de nouveaux modes de pens\u00e9e etd\u2019\u00e9change et d\u2019\u00e9laborer un langage commun pour mieux exprimer et expliquer la fa\u00e7on dont l\u2019artcontemporain nous permet de redonner un sens au monde qui nous entoure. M\u00e9moire de l\u2019Avenir a \u00e9t\u00e9invit\u00e9 pour apporter une contribution sur le th\u00e8me suivant : comment d\u00e9velopper le dialogue pour unmieux-vivre ensemble \u00e0 travers l\u2019art, les symboles dans l\u2019art comme langage universel.<\/p>\n\n\n\n<div style=\"height:10px\" aria-hidden=\"true\" class=\" wp-block-spacer eplus-wrapper\"><\/div>\n\n\n\n<p class=\" eplus-wrapper\" style=\"font-size:clamp(14px, 0.875rem + ((1vw - 3.2px) * 0.114), 15px);\"><strong>Associ\u00e9 au r\u00e9seau du syst\u00e8me des \u00e9coles associ\u00e9es de l\u2019UNESCO &#8211; UNESCO Allemagne<\/strong><br>Sur invitation du r\u00e9seau des \u00e9coles associ\u00e9es de l\u2019UNESCO en Allemagne, il a \u00e9t\u00e9 demand\u00e9 \u00e0 M\u00e9moirede l\u2019Avenir de pr\u00e9senter ses m\u00e9thodes. Margalit Berrier a donc conduit un atelier mod\u00e8le face \u00e0 uneclasse d\u2019\u00e9l\u00e8ve lyc\u00e9ens de Frankfort en pr\u00e9sence de professeurs avec lesquels ont ensuite \u00e9t\u00e9 am\u00e9nag\u00e9des temps de discussion-d\u00e9bats sur les pratiques artistiques dans un but interculturel.<\/p>\n","protected":false},"excerpt":{"rendered":"<p>R\u00c9F\u00c9RENCES Agr\u00e9ment administratif \u2013 National&#8211; Agr\u00e9ment du rectorat de l&rsquo;Acad\u00e9mie de Paris &#8211; Minist\u00e8re de l&rsquo;Education nationale \u2013 Renouvellement del\u2019agr\u00e9ment le 14 mai 2008 pour cinq ans,&#8211; Agr\u00e9ment des associations de jeunesse et d&rsquo;\u00e9ducation populaire &#8211; Minist\u00e8re de la jeunesse et dessports &#8211; Demande en cours. Convention \u2013 Ville de Paris&#8211; Convention annuelle avec la [&hellip;]<\/p>\n","protected":false},"author":1,"featured_media":0,"parent":0,"menu_order":0,"comment_status":"closed","ping_status":"closed","template":"websites-island","meta":{"footnotes":""},"class_list":["post-407","page","type-page","status-publish","hentry"],"yoast_head":"<!-- This site is optimized with the Yoast SEO plugin v23.9 - https:\/\/yoast.com\/wordpress\/plugins\/seo\/ -->\n<title>R\u00c9F\u00c9RENCES - M\u00e9moire de l&#039;Avenir<\/title>\n<meta name=\"robots\" content=\"index, follow, max-snippet:-1, max-image-preview:large, max-video-preview:-1\" \/>\n<link rel=\"canonical\" href=\"https:\/\/preprod.gmindia.tech\/mda\/crbst_17\/\" \/>\n<meta property=\"og:locale\" content=\"fr_FR\" \/>\n<meta property=\"og:type\" content=\"article\" \/>\n<meta property=\"og:title\" content=\"R\u00c9F\u00c9RENCES - M\u00e9moire de l&#039;Avenir\" \/>\n<meta property=\"og:description\" content=\"R\u00c9F\u00c9RENCES Agr\u00e9ment administratif \u2013 National&#8211; Agr\u00e9ment du rectorat de l&rsquo;Acad\u00e9mie de Paris &#8211; Minist\u00e8re de l&rsquo;Education nationale \u2013 Renouvellement del\u2019agr\u00e9ment le 14 mai 2008 pour cinq ans,&#8211; Agr\u00e9ment des associations de jeunesse et d&rsquo;\u00e9ducation populaire &#8211; Minist\u00e8re de la jeunesse et dessports &#8211; Demande en cours. Convention \u2013 Ville de Paris&#8211; Convention annuelle avec la [&hellip;]\" \/>\n<meta property=\"og:url\" content=\"https:\/\/preprod.gmindia.tech\/mda\/crbst_17\/\" \/>\n<meta property=\"og:site_name\" content=\"M\u00e9moire de l&#039;Avenir\" \/>\n<meta property=\"article:modified_time\" content=\"2024-02-15T10:02:00+00:00\" \/>\n<meta name=\"twitter:card\" content=\"summary_large_image\" \/>\n<meta name=\"twitter:label1\" content=\"Dur\u00e9e de lecture estim\u00e9e\" \/>\n\t<meta name=\"twitter:data1\" content=\"4 minutes\" \/>\n<script type=\"application\/ld+json\" class=\"yoast-schema-graph\">{\"@context\":\"https:\/\/schema.org\",\"@graph\":[{\"@type\":\"WebPage\",\"@id\":\"https:\/\/preprod.gmindia.tech\/mda\/crbst_17\/\",\"url\":\"https:\/\/preprod.gmindia.tech\/mda\/crbst_17\/\",\"name\":\"R\u00c9F\u00c9RENCES - M\u00e9moire de l&#039;Avenir\",\"isPartOf\":{\"@id\":\"https:\/\/preprod.gmindia.tech\/mda\/#website\"},\"datePublished\":\"2024-02-02T09:55:38+00:00\",\"dateModified\":\"2024-02-15T10:02:00+00:00\",\"breadcrumb\":{\"@id\":\"https:\/\/preprod.gmindia.tech\/mda\/crbst_17\/#breadcrumb\"},\"inLanguage\":\"fr-FR\",\"potentialAction\":[{\"@type\":\"ReadAction\",\"target\":[\"https:\/\/preprod.gmindia.tech\/mda\/crbst_17\/\"]}]},{\"@type\":\"BreadcrumbList\",\"@id\":\"https:\/\/preprod.gmindia.tech\/mda\/crbst_17\/#breadcrumb\",\"itemListElement\":[{\"@type\":\"ListItem\",\"position\":1,\"name\":\"Home\",\"item\":\"https:\/\/preprod.gmindia.tech\/mda\/\"},{\"@type\":\"ListItem\",\"position\":2,\"name\":\"R\u00c9F\u00c9RENCES\"}]},{\"@type\":\"WebSite\",\"@id\":\"https:\/\/preprod.gmindia.tech\/mda\/#website\",\"url\":\"https:\/\/preprod.gmindia.tech\/mda\/\",\"name\":\"M\u00e9moire de l&#039;Avenir\",\"description\":\"\",\"publisher\":{\"@id\":\"https:\/\/preprod.gmindia.tech\/mda\/#organization\"},\"potentialAction\":[{\"@type\":\"SearchAction\",\"target\":{\"@type\":\"EntryPoint\",\"urlTemplate\":\"https:\/\/preprod.gmindia.tech\/mda\/?s={search_term_string}\"},\"query-input\":{\"@type\":\"PropertyValueSpecification\",\"valueRequired\":true,\"valueName\":\"search_term_string\"}}],\"inLanguage\":\"fr-FR\"},{\"@type\":\"Organization\",\"@id\":\"https:\/\/preprod.gmindia.tech\/mda\/#organization\",\"name\":\"M\u00e9moire de l&#039;Avenir\",\"url\":\"https:\/\/preprod.gmindia.tech\/mda\/\",\"logo\":{\"@type\":\"ImageObject\",\"inLanguage\":\"fr-FR\",\"@id\":\"https:\/\/preprod.gmindia.tech\/mda\/#\/schema\/logo\/image\/\",\"url\":\"https:\/\/preprod.gmindia.tech\/mda\/wp-content\/uploads\/2024\/01\/logo_20mda_2010202000.png\",\"contentUrl\":\"https:\/\/preprod.gmindia.tech\/mda\/wp-content\/uploads\/2024\/01\/logo_20mda_2010202000.png\",\"width\":123,\"height\":220,\"caption\":\"M\u00e9moire de l&#039;Avenir\"},\"image\":{\"@id\":\"https:\/\/preprod.gmindia.tech\/mda\/#\/schema\/logo\/image\/\"}}]}<\/script>\n<!-- \/ Yoast SEO plugin. -->","yoast_head_json":{"title":"R\u00c9F\u00c9RENCES - M\u00e9moire de l&#039;Avenir","robots":{"index":"index","follow":"follow","max-snippet":"max-snippet:-1","max-image-preview":"max-image-preview:large","max-video-preview":"max-video-preview:-1"},"canonical":"https:\/\/preprod.gmindia.tech\/mda\/crbst_17\/","og_locale":"fr_FR","og_type":"article","og_title":"R\u00c9F\u00c9RENCES - M\u00e9moire de l&#039;Avenir","og_description":"R\u00c9F\u00c9RENCES Agr\u00e9ment administratif \u2013 National&#8211; Agr\u00e9ment du rectorat de l&rsquo;Acad\u00e9mie de Paris &#8211; Minist\u00e8re de l&rsquo;Education nationale \u2013 Renouvellement del\u2019agr\u00e9ment le 14 mai 2008 pour cinq ans,&#8211; Agr\u00e9ment des associations de jeunesse et d&rsquo;\u00e9ducation populaire &#8211; Minist\u00e8re de la jeunesse et dessports &#8211; Demande en cours. Convention \u2013 Ville de Paris&#8211; Convention annuelle avec la [&hellip;]","og_url":"https:\/\/preprod.gmindia.tech\/mda\/crbst_17\/","og_site_name":"M\u00e9moire de l&#039;Avenir","article_modified_time":"2024-02-15T10:02:00+00:00","twitter_card":"summary_large_image","twitter_misc":{"Dur\u00e9e de lecture estim\u00e9e":"4 minutes"},"schema":{"@context":"https:\/\/schema.org","@graph":[{"@type":"WebPage","@id":"https:\/\/preprod.gmindia.tech\/mda\/crbst_17\/","url":"https:\/\/preprod.gmindia.tech\/mda\/crbst_17\/","name":"R\u00c9F\u00c9RENCES - M\u00e9moire de l&#039;Avenir","isPartOf":{"@id":"https:\/\/preprod.gmindia.tech\/mda\/#website"},"datePublished":"2024-02-02T09:55:38+00:00","dateModified":"2024-02-15T10:02:00+00:00","breadcrumb":{"@id":"https:\/\/preprod.gmindia.tech\/mda\/crbst_17\/#breadcrumb"},"inLanguage":"fr-FR","potentialAction":[{"@type":"ReadAction","target":["https:\/\/preprod.gmindia.tech\/mda\/crbst_17\/"]}]},{"@type":"BreadcrumbList","@id":"https:\/\/preprod.gmindia.tech\/mda\/crbst_17\/#breadcrumb","itemListElement":[{"@type":"ListItem","position":1,"name":"Home","item":"https:\/\/preprod.gmindia.tech\/mda\/"},{"@type":"ListItem","position":2,"name":"R\u00c9F\u00c9RENCES"}]},{"@type":"WebSite","@id":"https:\/\/preprod.gmindia.tech\/mda\/#website","url":"https:\/\/preprod.gmindia.tech\/mda\/","name":"M\u00e9moire de l&#039;Avenir","description":"","publisher":{"@id":"https:\/\/preprod.gmindia.tech\/mda\/#organization"},"potentialAction":[{"@type":"SearchAction","target":{"@type":"EntryPoint","urlTemplate":"https:\/\/preprod.gmindia.tech\/mda\/?s={search_term_string}"},"query-input":{"@type":"PropertyValueSpecification","valueRequired":true,"valueName":"search_term_string"}}],"inLanguage":"fr-FR"},{"@type":"Organization","@id":"https:\/\/preprod.gmindia.tech\/mda\/#organization","name":"M\u00e9moire de l&#039;Avenir","url":"https:\/\/preprod.gmindia.tech\/mda\/","logo":{"@type":"ImageObject","inLanguage":"fr-FR","@id":"https:\/\/preprod.gmindia.tech\/mda\/#\/schema\/logo\/image\/","url":"https:\/\/preprod.gmindia.tech\/mda\/wp-content\/uploads\/2024\/01\/logo_20mda_2010202000.png","contentUrl":"https:\/\/preprod.gmindia.tech\/mda\/wp-content\/uploads\/2024\/01\/logo_20mda_2010202000.png","width":123,"height":220,"caption":"M\u00e9moire de l&#039;Avenir"},"image":{"@id":"https:\/\/preprod.gmindia.tech\/mda\/#\/schema\/logo\/image\/"}}]}},"_links":{"self":[{"href":"https:\/\/preprod.gmindia.tech\/mda\/wp-json\/wp\/v2\/pages\/407","targetHints":{"allow":["GET"]}}],"collection":[{"href":"https:\/\/preprod.gmindia.tech\/mda\/wp-json\/wp\/v2\/pages"}],"about":[{"href":"https:\/\/preprod.gmindia.tech\/mda\/wp-json\/wp\/v2\/types\/page"}],"author":[{"embeddable":true,"href":"https:\/\/preprod.gmindia.tech\/mda\/wp-json\/wp\/v2\/users\/1"}],"replies":[{"embeddable":true,"href":"https:\/\/preprod.gmindia.tech\/mda\/wp-json\/wp\/v2\/comments?post=407"}],"version-history":[{"count":10,"href":"https:\/\/preprod.gmindia.tech\/mda\/wp-json\/wp\/v2\/pages\/407\/revisions"}],"predecessor-version":[{"id":1299,"href":"https:\/\/preprod.gmindia.tech\/mda\/wp-json\/wp\/v2\/pages\/407\/revisions\/1299"}],"wp:attachment":[{"href":"https:\/\/preprod.gmindia.tech\/mda\/wp-json\/wp\/v2\/media?parent=407"}],"curies":[{"name":"wp","href":"https:\/\/api.w.org\/{rel}","templated":true}]}}