{"id":512,"date":"2024-02-02T12:58:04","date_gmt":"2024-02-02T12:58:04","guid":{"rendered":"http:\/\/localhost\/mda-variations-plugin\/?page_id=512"},"modified":"2024-08-28T08:10:52","modified_gmt":"2024-08-28T08:10:52","slug":"mediation","status":"publish","type":"page","link":"https:\/\/preprod.gmindia.tech\/mda\/mediation\/","title":{"rendered":"M\u00c9DIATION ET ENTREPRISE"},"content":{"rendered":"\n<h3 class=\" wp-block-heading eplus-wrapper\" style=\"font-size:clamp(24.034px, 1.502rem + ((1vw - 3.2px) * 1.814), 40px);\">Mediation<\/h3>\n\n\n\n<div style=\"height:20px\" aria-hidden=\"true\" class=\" wp-block-spacer eplus-wrapper\"><\/div>\n\n\n\n<figure class=\"gallery-block-slider dot edplus_anim-wXj3NJ wp-block-gallery has-nested-images columns-default is-cropped eplus-wrapper wp-block-gallery-1 is-layout-flex wp-block-gallery-is-layout-flex\">\n<figure class=\" wp-block-image size-full eplus-wrapper\"><img loading=\"lazy\" decoding=\"async\" width=\"740\" height=\"613\" data-id=\"513\" src=\"https:\/\/preprod.gmindia.tech\/mda\/wp-content\/uploads\/2024\/02\/sl_VISITE_20POMPIDOU.jpg\" alt=\"\" class=\"wp-image-513\"\/><\/figure>\n\n\n\n<figure class=\" wp-block-image size-full eplus-wrapper\"><img loading=\"lazy\" decoding=\"async\" width=\"740\" height=\"554\" data-id=\"515\" src=\"https:\/\/preprod.gmindia.tech\/mda\/wp-content\/uploads\/2024\/02\/sl_Pompidou_202.jpg\" alt=\"\" class=\"wp-image-515\"\/><\/figure>\n\n\n\n<figure class=\" wp-block-image size-full eplus-wrapper\"><img loading=\"lazy\" decoding=\"async\" width=\"740\" height=\"416\" data-id=\"1321\" src=\"https:\/\/preprod.gmindia.tech\/mda\/wp-content\/uploads\/2024\/02\/sl_71037553_2723282887715006_5438240019137429504_o-1.jpg\" alt=\"\" class=\"wp-image-1321\" srcset=\"https:\/\/preprod.gmindia.tech\/mda\/wp-content\/uploads\/2024\/02\/sl_71037553_2723282887715006_5438240019137429504_o-1.jpg 740w, https:\/\/preprod.gmindia.tech\/mda\/wp-content\/uploads\/2024\/02\/sl_71037553_2723282887715006_5438240019137429504_o-1-300x169.jpg 300w\" sizes=\"auto, (max-width: 740px) 100vw, 740px\" \/><\/figure>\n\n\n\n<figure class=\" wp-block-image size-full eplus-wrapper\"><img loading=\"lazy\" decoding=\"async\" width=\"332\" height=\"252\" data-id=\"967\" src=\"https:\/\/preprod.gmindia.tech\/mda\/wp-content\/uploads\/2024\/02\/Photo_20mus_C3_A9e_20de_20l_27H.jpg\" alt=\"\" class=\"wp-image-967\"\/><\/figure>\n<\/figure>\n\n\n\n<div style=\"height:20px\" aria-hidden=\"true\" class=\" wp-block-spacer eplus-wrapper\"><\/div>\n\n\n\n<p class=\" eplus-wrapper\" style=\"font-size:clamp(14px, 0.875rem + ((1vw - 3.2px) * 0.114), 15px);\"><strong>M\u00e9moire de l\u2019Avenir souhaite mener un projet d\u2019envergure : retracer l\u2019histoire de l\u2019humanit\u00e9 \u00e0 travers les mus\u00e9es.<\/strong><\/p>\n\n\n\n<p class=\" eplus-wrapper\" style=\"font-size:clamp(14px, 0.875rem + ((1vw - 3.2px) * 0.114), 15px);\">Il s\u2019agit l\u00e0 de parcours qui s&rsquo;articulent sur les th\u00e8mes de recherche et d&rsquo;action qui nous tiennent \u00e0 c\u0153ur : l\u2019alt\u00e9rit\u00e9 et la diff\u00e9rence, la lutte contre les pr\u00e9jug\u00e9s, les st\u00e9r\u00e9otypes et les discriminations, mais \u00e9galement la diversit\u00e9 et le vivre-ensemble.<\/p>\n\n\n\n<p class=\" eplus-wrapper\" style=\"font-size:clamp(14px, 0.875rem + ((1vw - 3.2px) * 0.114), 15px);\">Le mus\u00e9e remplit ainsi sa fonction \u00e9ducative, devenant un animateur de lien social, et l\u2019acteur essentiel d\u2019une politique de la diversit\u00e9 et du vivre-ensemble.<\/p>\n\n\n\n<div style=\"height:18px\" aria-hidden=\"true\" class=\" wp-block-spacer eplus-wrapper\"><\/div>\n\n\n\n<p class=\" eplus-wrapper\" style=\"font-size:clamp(14px, 0.875rem + ((1vw - 3.2px) * 0.114), 15px);\">L\u2019art et la culture offrent le reflet de la soci\u00e9t\u00e9 ; ils sont les \u00e9manations tangibles, les manifestations de contextes, de p\u00e9riodes, mettant en lumi\u00e8re des questions profondes. En tant que repr\u00e9sentations, ils questionnent la r\u00e9alit\u00e9 et les apparences, sollicitent la perception. A&nbsp; ce titre, ils peuvent \u00eatre utilis\u00e9s comme outils de dialogue, de d\u00e9bat, et de questionnement critique. Ils ont la capacit\u00e9 de remettre en question et de d\u00e9samorcer les pr\u00e9jug\u00e9s, les st\u00e9r\u00e9otypes, les discriminations de tout ordre. Ce travail permet \u00e9galement de se pencher sur l\u2019information et sur les th\u00e8mes de l\u2019actualit\u00e9, v\u00e9hicul\u00e9s notamment par les m\u00e9dias, et de les questionner. A travers une rencontre collective, l&rsquo;art et la culture rassemblent et favorisent la construction d\u2019une culture commune et la coh\u00e9sion sociale : il s\u2019agit de faire du savoir un lieu de partage, un lieu o\u00f9 l\u2019on a plaisir \u00e0 apprendre et \u00e0 donner ses connaissances.<\/p>\n\n\n\n<div style=\"height:18px\" aria-hidden=\"true\" class=\" wp-block-spacer eplus-wrapper\"><\/div>\n\n\n\n<p class=\" eplus-wrapper\" style=\"font-size:clamp(14px, 0.875rem + ((1vw - 3.2px) * 0.114), 15px);\">Aussi, afin de d\u00e9velopper au mieux la familiarit\u00e9 mus\u00e9ale de publics peu coutumiers des mus\u00e9es, il est n\u00e9cessaire de d\u00e9velopper une p\u00e9dagogie conforme aux besoins de ces derniers.<br>La m\u00e9diation est bas\u00e9e sur une approche participative, intuitive, sensible et sensorielle. Elle vise \u00e0 rendre les participants autonomes dans l\u2019espace mus\u00e9al. La m\u00e9diation accompagne chacun dans sa perception et compr\u00e9hension de l\u2019\u0153uvre, permet \u00e0 chacun de s\u2019exprimer, et de construire collectivement des connaissances et des savoirs.<\/p>\n\n\n\n<div style=\"height:18px\" aria-hidden=\"true\" class=\" wp-block-spacer eplus-wrapper\"><\/div>\n\n\n\n<p class=\" eplus-wrapper\" style=\"font-size:clamp(14px, 0.875rem + ((1vw - 3.2px) * 0.114), 15px);\">Aussi, cette approche du patrimoine et de la culture permet d\u2019offrir des espaces d\u2019expression et de dialogue dans lesquels les participants sont amen\u00e9s \u00e0 construire ensemble de la connaissance, individuellement, et collectivement. Le cheminement r\u00e9flexif au sein de cet espace de dialogue est \u00e0 la fois individuel et collectif. Chacun peut avoir le droit de vivre dans le respect de ses diverses identit\u00e9s, et de pouvoir se r\u00e9aliser pleinement.<\/p>\n\n\n\n<div class=\"wp-block-columns eplus-wrapper is-layout-flex wp-container-core-columns-is-layout-28f84493 wp-block-columns-is-layout-flex\">\n<div class=\"wp-block-column eplus-wrapper is-layout-flow wp-block-column-is-layout-flow\" style=\"border-width:1px;padding-top:100px;padding-right:50px;padding-bottom:100px;padding-left:50px;flex-basis:45%\">\n<p class=\" has-text-align-left eplus-wrapper\" style=\"font-size:clamp(14px, 0.875rem + ((1vw - 3.2px) * 0.568), 19px);\"><a href=\"https:\/\/preprod.gmindia.tech\/mda\/wp-content\/uploads\/2024\/02\/2022_MDA-HAS_20-_20PROPOSITION_20FORMATION_20.pdf\" target=\"_blank\" rel=\"noreferrer noopener\"><strong>FORMATION<\/strong><br><strong>MODULE<\/strong><\/a><\/p>\n<\/div>\n\n\n\n<div class=\"wp-block-column eplus-wrapper is-layout-flow wp-block-column-is-layout-flow\" style=\"flex-basis:10%\"><\/div>\n\n\n\n<div class=\"wp-block-column eplus-wrapper is-layout-flow wp-block-column-is-layout-flow\" style=\"border-width:1px;padding-top:100px;padding-right:50px;padding-bottom:100px;padding-left:50px;flex-basis:45%\">\n<p class=\" has-text-align-left eplus-wrapper\" style=\"font-size:clamp(14px, 0.875rem + ((1vw - 3.2px) * 0.568), 19px);\"><strong><a href=\"https:\/\/preprod.gmindia.tech\/mda\/wp-content\/uploads\/2024\/02\/1__20ENG__20WS_EP_THINK_20DIVERSITY.pdf\" target=\"_blank\" rel=\"noreferrer noopener\">EN ENTREPRISE<\/a><\/strong><\/p>\n<\/div>\n<\/div>\n\n\n\n<div class=\"wp-block-columns eplus-wrapper is-layout-flex wp-container-core-columns-is-layout-28f84493 wp-block-columns-is-layout-flex\">\n<div class=\"wp-block-column eplus-wrapper is-layout-flow wp-block-column-is-layout-flow\" style=\"border-width:1px;padding-top:100px;padding-right:50px;padding-bottom:100px;padding-left:50px;flex-basis:45%\">\n<p class=\" has-text-align-left eplus-wrapper\" style=\"font-size:clamp(14px, 0.875rem + ((1vw - 3.2px) * 0.568), 19px);\"><strong><a href=\"https:\/\/preprod.gmindia.tech\/mda\/wp-content\/uploads\/2024\/02\/3__20_20EN-CARTE-Musee-_20dialogue_20LD.pdf\" target=\"_blank\" rel=\"noreferrer noopener\">LES ARTS &#8211; OUTIL DE DIALOGUE<\/a><\/strong><\/p>\n<\/div>\n\n\n\n<div class=\"wp-block-column eplus-wrapper is-layout-flow wp-block-column-is-layout-flow\" style=\"flex-basis:10%\"><\/div>\n\n\n\n<div class=\"wp-block-column eplus-wrapper is-layout-flow wp-block-column-is-layout-flow\" style=\"border-width:1px;padding-top:100px;padding-right:50px;padding-bottom:100px;padding-left:50px;flex-basis:45%\">\n<p class=\" has-text-align-left eplus-wrapper\" style=\"font-size:clamp(14px, 0.875rem + ((1vw - 3.2px) * 0.568), 19px);\"><strong><a href=\"\/mda\/crbst_72\" target=\"_blank\" rel=\"noreferrer noopener\">FICHES PARCOURS<br>MUSEES &#8211; EXEMPLE<\/a><\/strong><\/p>\n<\/div>\n<\/div>\n\n\n\n<div class=\"wp-block-columns eplus-wrapper is-layout-flex wp-container-core-columns-is-layout-28f84493 wp-block-columns-is-layout-flex\">\n<div class=\"wp-block-column eplus-wrapper is-layout-flow wp-block-column-is-layout-flow\" style=\"border-width:1px;padding-top:100px;padding-right:50px;padding-bottom:100px;padding-left:50px;flex-basis:45%\">\n<p class=\" has-text-align-left eplus-wrapper\" style=\"font-size:clamp(14px, 0.875rem + ((1vw - 3.2px) * 0.568), 19px);\"><strong><a href=\"https:\/\/preprod.gmindia.tech\/mda\/wp-content\/uploads\/2024\/02\/2_PLAQUETTE_PARCOURS_INTERMUSEAL_MDA_28VERT_20P_29.pdf\" target=\"_blank\" rel=\"noreferrer noopener\">PARCOURS INTERMUSEAL<\/a><\/strong><\/p>\n<\/div>\n\n\n\n<div class=\"wp-block-column eplus-wrapper is-layout-flow wp-block-column-is-layout-flow\" style=\"flex-basis:10%\"><\/div>\n\n\n\n<div class=\"wp-block-column eplus-wrapper is-layout-flow wp-block-column-is-layout-flow\" style=\"border-width:1px;padding-top:100px;padding-right:50px;padding-bottom:100px;padding-left:50px;flex-basis:45%\">\n<p class=\" has-text-align-left eplus-wrapper\" style=\"font-size:clamp(14px, 0.875rem + ((1vw - 3.2px) * 0.568), 19px);\"><strong><a href=\"https:\/\/preprod.gmindia.tech\/mda\/wp-content\/uploads\/2024\/02\/4__20PLAQUETTE_RESIDENCE_MDA.pdf\" target=\"_blank\" rel=\"noreferrer noopener\">RESIDENCE D&rsquo;ARTISTES<\/a><\/strong><\/p>\n<\/div>\n<\/div>\n\n\n\n<div class=\"wp-block-columns eplus-wrapper is-layout-flex wp-container-core-columns-is-layout-28f84493 wp-block-columns-is-layout-flex\">\n<div class=\"wp-block-column eplus-wrapper is-layout-flow wp-block-column-is-layout-flow\" style=\"border-width:1px;padding-top:100px;padding-right:50px;padding-bottom:100px;padding-left:50px;flex-basis:45%\">\n<p class=\" has-text-align-left eplus-wrapper\" style=\"font-size:clamp(14px, 0.875rem + ((1vw - 3.2px) * 0.568), 19px);\"><strong><a href=\"https:\/\/preprod.gmindia.tech\/mda\/wp-content\/uploads\/2024\/02\/MEDIATION_20-_20REPERTOIRE_20MUSEES_202019-2020.pdf\" target=\"_blank\" rel=\"noreferrer noopener\">MEDIATIONS 2019-2020 EN \u00ceLE-DE-FRANCE<\/a><\/strong><\/p>\n<\/div>\n\n\n\n<div class=\"wp-block-column eplus-wrapper is-layout-flow wp-block-column-is-layout-flow\" style=\"flex-basis:10%\"><\/div>\n\n\n\n<div class=\"wp-block-column eplus-wrapper is-layout-flow wp-block-column-is-layout-flow\" style=\"border-width:1px;padding-top:100px;padding-right:50px;padding-bottom:100px;padding-left:50px;flex-basis:45%\">\n<p class=\" has-text-align-left eplus-wrapper\" style=\"font-size:clamp(14px, 0.875rem + ((1vw - 3.2px) * 0.568), 19px);\"><strong><a href=\"https:\/\/preprod.gmindia.tech\/mda\/wp-content\/uploads\/2024\/02\/mediation_202017-2018.pdf\" target=\"_blank\" rel=\"noreferrer noopener\">MEDIATIONS 2017-2018 EN \u00ceLE-DE-FRANCE<\/a><\/strong><\/p>\n<\/div>\n<\/div>\n\n\n\n<div class=\"wp-block-columns eplus-wrapper is-layout-flex wp-container-core-columns-is-layout-28f84493 wp-block-columns-is-layout-flex\">\n<div class=\"wp-block-column eplus-wrapper is-layout-flow wp-block-column-is-layout-flow\" style=\"border-width:1px;padding-top:100px;padding-right:50px;padding-bottom:100px;padding-left:50px;flex-basis:45%\">\n<p class=\" has-text-align-left eplus-wrapper\" style=\"font-size:clamp(14px, 0.875rem + ((1vw - 3.2px) * 0.568), 19px);\"><strong><a href=\"https:\/\/preprod.gmindia.tech\/mda\/wp-content\/uploads\/2024\/02\/mediation_202016-2017-.pdf\" target=\"_blank\" rel=\"noreferrer noopener\">MEDIATIONS 2016-2017 EN \u00ceLE-DE-FRANCE<\/a><\/strong><\/p>\n<\/div>\n\n\n\n<div class=\"wp-block-column eplus-wrapper is-layout-flow wp-block-column-is-layout-flow\" style=\"flex-basis:10%\"><\/div>\n\n\n\n<div class=\"wp-block-column eplus-wrapper is-layout-flow wp-block-column-is-layout-flow\" style=\"border-width:1px;padding-top:100px;padding-right:50px;padding-bottom:100px;padding-left:50px;flex-basis:45%\">\n<p class=\" has-text-align-left eplus-wrapper\" style=\"font-size:clamp(14px, 0.875rem + ((1vw - 3.2px) * 0.568), 19px);\"><strong><a href=\"https:\/\/preprod.gmindia.tech\/mda\/wp-content\/uploads\/2024\/02\/mediation_202015-2016.pdf\" target=\"_blank\" rel=\"noreferrer noopener\">MEDIATIONS 2015-2016 EN \u00ceLE-DE-FRANCE<\/a><\/strong><\/p>\n<\/div>\n<\/div>\n","protected":false},"excerpt":{"rendered":"<p>Mediation M\u00e9moire de l\u2019Avenir souhaite mener un projet d\u2019envergure : retracer l\u2019histoire de l\u2019humanit\u00e9 \u00e0 travers les mus\u00e9es. Il s\u2019agit l\u00e0 de parcours qui s&rsquo;articulent sur les th\u00e8mes de recherche et d&rsquo;action qui nous tiennent \u00e0 c\u0153ur : l\u2019alt\u00e9rit\u00e9 et la diff\u00e9rence, la lutte contre les pr\u00e9jug\u00e9s, les st\u00e9r\u00e9otypes et les discriminations, mais \u00e9galement la [&hellip;]<\/p>\n","protected":false},"author":1,"featured_media":0,"parent":0,"menu_order":0,"comment_status":"closed","ping_status":"closed","template":"wp-custom-template-page-with-sidebar","meta":{"footnotes":""},"class_list":["post-512","page","type-page","status-publish","hentry"],"yoast_head":"<!-- This site is optimized with the Yoast SEO plugin v23.9 - https:\/\/yoast.com\/wordpress\/plugins\/seo\/ -->\n<title>M\u00c9DIATION ET ENTREPRISE - M\u00e9moire de l&#039;Avenir<\/title>\n<meta name=\"robots\" content=\"index, follow, max-snippet:-1, max-image-preview:large, max-video-preview:-1\" \/>\n<link rel=\"canonical\" href=\"https:\/\/preprod.gmindia.tech\/mda\/mediation\/\" \/>\n<meta property=\"og:locale\" content=\"fr_FR\" \/>\n<meta property=\"og:type\" content=\"article\" \/>\n<meta property=\"og:title\" content=\"M\u00c9DIATION ET ENTREPRISE - M\u00e9moire de l&#039;Avenir\" \/>\n<meta property=\"og:description\" content=\"Mediation M\u00e9moire de l\u2019Avenir souhaite mener un projet d\u2019envergure : retracer l\u2019histoire de l\u2019humanit\u00e9 \u00e0 travers les mus\u00e9es. Il s\u2019agit l\u00e0 de parcours qui s&rsquo;articulent sur les th\u00e8mes de recherche et d&rsquo;action qui nous tiennent \u00e0 c\u0153ur : l\u2019alt\u00e9rit\u00e9 et la diff\u00e9rence, la lutte contre les pr\u00e9jug\u00e9s, les st\u00e9r\u00e9otypes et les discriminations, mais \u00e9galement la [&hellip;]\" \/>\n<meta property=\"og:url\" content=\"https:\/\/preprod.gmindia.tech\/mda\/mediation\/\" \/>\n<meta property=\"og:site_name\" content=\"M\u00e9moire de l&#039;Avenir\" \/>\n<meta property=\"article:modified_time\" content=\"2024-08-28T08:10:52+00:00\" \/>\n<meta property=\"og:image\" content=\"https:\/\/preprod.gmindia.tech\/mda\/wp-content\/uploads\/2024\/02\/sl_VISITE_20POMPIDOU.jpg\" \/>\n\t<meta property=\"og:image:width\" content=\"740\" \/>\n\t<meta property=\"og:image:height\" content=\"613\" \/>\n\t<meta property=\"og:image:type\" content=\"image\/jpeg\" \/>\n<meta name=\"twitter:card\" content=\"summary_large_image\" \/>\n<meta name=\"twitter:label1\" content=\"Dur\u00e9e de lecture estim\u00e9e\" \/>\n\t<meta name=\"twitter:data1\" content=\"2 minutes\" \/>\n<script type=\"application\/ld+json\" class=\"yoast-schema-graph\">{\"@context\":\"https:\/\/schema.org\",\"@graph\":[{\"@type\":\"WebPage\",\"@id\":\"https:\/\/preprod.gmindia.tech\/mda\/mediation\/\",\"url\":\"https:\/\/preprod.gmindia.tech\/mda\/mediation\/\",\"name\":\"M\u00c9DIATION ET ENTREPRISE - M\u00e9moire de l&#039;Avenir\",\"isPartOf\":{\"@id\":\"https:\/\/preprod.gmindia.tech\/mda\/#website\"},\"primaryImageOfPage\":{\"@id\":\"https:\/\/preprod.gmindia.tech\/mda\/mediation\/#primaryimage\"},\"image\":{\"@id\":\"https:\/\/preprod.gmindia.tech\/mda\/mediation\/#primaryimage\"},\"thumbnailUrl\":\"https:\/\/preprod.gmindia.tech\/mda\/wp-content\/uploads\/2024\/02\/sl_VISITE_20POMPIDOU.jpg\",\"datePublished\":\"2024-02-02T12:58:04+00:00\",\"dateModified\":\"2024-08-28T08:10:52+00:00\",\"breadcrumb\":{\"@id\":\"https:\/\/preprod.gmindia.tech\/mda\/mediation\/#breadcrumb\"},\"inLanguage\":\"fr-FR\",\"potentialAction\":[{\"@type\":\"ReadAction\",\"target\":[\"https:\/\/preprod.gmindia.tech\/mda\/mediation\/\"]}]},{\"@type\":\"ImageObject\",\"inLanguage\":\"fr-FR\",\"@id\":\"https:\/\/preprod.gmindia.tech\/mda\/mediation\/#primaryimage\",\"url\":\"https:\/\/preprod.gmindia.tech\/mda\/wp-content\/uploads\/2024\/02\/sl_VISITE_20POMPIDOU.jpg\",\"contentUrl\":\"https:\/\/preprod.gmindia.tech\/mda\/wp-content\/uploads\/2024\/02\/sl_VISITE_20POMPIDOU.jpg\",\"width\":740,\"height\":613},{\"@type\":\"BreadcrumbList\",\"@id\":\"https:\/\/preprod.gmindia.tech\/mda\/mediation\/#breadcrumb\",\"itemListElement\":[{\"@type\":\"ListItem\",\"position\":1,\"name\":\"Home\",\"item\":\"https:\/\/preprod.gmindia.tech\/mda\/\"},{\"@type\":\"ListItem\",\"position\":2,\"name\":\"M\u00c9DIATION ET ENTREPRISE\"}]},{\"@type\":\"WebSite\",\"@id\":\"https:\/\/preprod.gmindia.tech\/mda\/#website\",\"url\":\"https:\/\/preprod.gmindia.tech\/mda\/\",\"name\":\"M\u00e9moire de l&#039;Avenir\",\"description\":\"\",\"publisher\":{\"@id\":\"https:\/\/preprod.gmindia.tech\/mda\/#organization\"},\"potentialAction\":[{\"@type\":\"SearchAction\",\"target\":{\"@type\":\"EntryPoint\",\"urlTemplate\":\"https:\/\/preprod.gmindia.tech\/mda\/?s={search_term_string}\"},\"query-input\":{\"@type\":\"PropertyValueSpecification\",\"valueRequired\":true,\"valueName\":\"search_term_string\"}}],\"inLanguage\":\"fr-FR\"},{\"@type\":\"Organization\",\"@id\":\"https:\/\/preprod.gmindia.tech\/mda\/#organization\",\"name\":\"M\u00e9moire de l&#039;Avenir\",\"url\":\"https:\/\/preprod.gmindia.tech\/mda\/\",\"logo\":{\"@type\":\"ImageObject\",\"inLanguage\":\"fr-FR\",\"@id\":\"https:\/\/preprod.gmindia.tech\/mda\/#\/schema\/logo\/image\/\",\"url\":\"https:\/\/preprod.gmindia.tech\/mda\/wp-content\/uploads\/2024\/01\/logo_20mda_2010202000.png\",\"contentUrl\":\"https:\/\/preprod.gmindia.tech\/mda\/wp-content\/uploads\/2024\/01\/logo_20mda_2010202000.png\",\"width\":123,\"height\":220,\"caption\":\"M\u00e9moire de l&#039;Avenir\"},\"image\":{\"@id\":\"https:\/\/preprod.gmindia.tech\/mda\/#\/schema\/logo\/image\/\"}}]}<\/script>\n<!-- \/ Yoast SEO plugin. -->","yoast_head_json":{"title":"M\u00c9DIATION ET ENTREPRISE - M\u00e9moire de l&#039;Avenir","robots":{"index":"index","follow":"follow","max-snippet":"max-snippet:-1","max-image-preview":"max-image-preview:large","max-video-preview":"max-video-preview:-1"},"canonical":"https:\/\/preprod.gmindia.tech\/mda\/mediation\/","og_locale":"fr_FR","og_type":"article","og_title":"M\u00c9DIATION ET ENTREPRISE - M\u00e9moire de l&#039;Avenir","og_description":"Mediation M\u00e9moire de l\u2019Avenir souhaite mener un projet d\u2019envergure : retracer l\u2019histoire de l\u2019humanit\u00e9 \u00e0 travers les mus\u00e9es. Il s\u2019agit l\u00e0 de parcours qui s&rsquo;articulent sur les th\u00e8mes de recherche et d&rsquo;action qui nous tiennent \u00e0 c\u0153ur : l\u2019alt\u00e9rit\u00e9 et la diff\u00e9rence, la lutte contre les pr\u00e9jug\u00e9s, les st\u00e9r\u00e9otypes et les discriminations, mais \u00e9galement la [&hellip;]","og_url":"https:\/\/preprod.gmindia.tech\/mda\/mediation\/","og_site_name":"M\u00e9moire de l&#039;Avenir","article_modified_time":"2024-08-28T08:10:52+00:00","og_image":[{"width":740,"height":613,"url":"https:\/\/preprod.gmindia.tech\/mda\/wp-content\/uploads\/2024\/02\/sl_VISITE_20POMPIDOU.jpg","type":"image\/jpeg"}],"twitter_card":"summary_large_image","twitter_misc":{"Dur\u00e9e de lecture estim\u00e9e":"2 minutes"},"schema":{"@context":"https:\/\/schema.org","@graph":[{"@type":"WebPage","@id":"https:\/\/preprod.gmindia.tech\/mda\/mediation\/","url":"https:\/\/preprod.gmindia.tech\/mda\/mediation\/","name":"M\u00c9DIATION ET ENTREPRISE - M\u00e9moire de l&#039;Avenir","isPartOf":{"@id":"https:\/\/preprod.gmindia.tech\/mda\/#website"},"primaryImageOfPage":{"@id":"https:\/\/preprod.gmindia.tech\/mda\/mediation\/#primaryimage"},"image":{"@id":"https:\/\/preprod.gmindia.tech\/mda\/mediation\/#primaryimage"},"thumbnailUrl":"https:\/\/preprod.gmindia.tech\/mda\/wp-content\/uploads\/2024\/02\/sl_VISITE_20POMPIDOU.jpg","datePublished":"2024-02-02T12:58:04+00:00","dateModified":"2024-08-28T08:10:52+00:00","breadcrumb":{"@id":"https:\/\/preprod.gmindia.tech\/mda\/mediation\/#breadcrumb"},"inLanguage":"fr-FR","potentialAction":[{"@type":"ReadAction","target":["https:\/\/preprod.gmindia.tech\/mda\/mediation\/"]}]},{"@type":"ImageObject","inLanguage":"fr-FR","@id":"https:\/\/preprod.gmindia.tech\/mda\/mediation\/#primaryimage","url":"https:\/\/preprod.gmindia.tech\/mda\/wp-content\/uploads\/2024\/02\/sl_VISITE_20POMPIDOU.jpg","contentUrl":"https:\/\/preprod.gmindia.tech\/mda\/wp-content\/uploads\/2024\/02\/sl_VISITE_20POMPIDOU.jpg","width":740,"height":613},{"@type":"BreadcrumbList","@id":"https:\/\/preprod.gmindia.tech\/mda\/mediation\/#breadcrumb","itemListElement":[{"@type":"ListItem","position":1,"name":"Home","item":"https:\/\/preprod.gmindia.tech\/mda\/"},{"@type":"ListItem","position":2,"name":"M\u00c9DIATION ET ENTREPRISE"}]},{"@type":"WebSite","@id":"https:\/\/preprod.gmindia.tech\/mda\/#website","url":"https:\/\/preprod.gmindia.tech\/mda\/","name":"M\u00e9moire de l&#039;Avenir","description":"","publisher":{"@id":"https:\/\/preprod.gmindia.tech\/mda\/#organization"},"potentialAction":[{"@type":"SearchAction","target":{"@type":"EntryPoint","urlTemplate":"https:\/\/preprod.gmindia.tech\/mda\/?s={search_term_string}"},"query-input":{"@type":"PropertyValueSpecification","valueRequired":true,"valueName":"search_term_string"}}],"inLanguage":"fr-FR"},{"@type":"Organization","@id":"https:\/\/preprod.gmindia.tech\/mda\/#organization","name":"M\u00e9moire de l&#039;Avenir","url":"https:\/\/preprod.gmindia.tech\/mda\/","logo":{"@type":"ImageObject","inLanguage":"fr-FR","@id":"https:\/\/preprod.gmindia.tech\/mda\/#\/schema\/logo\/image\/","url":"https:\/\/preprod.gmindia.tech\/mda\/wp-content\/uploads\/2024\/01\/logo_20mda_2010202000.png","contentUrl":"https:\/\/preprod.gmindia.tech\/mda\/wp-content\/uploads\/2024\/01\/logo_20mda_2010202000.png","width":123,"height":220,"caption":"M\u00e9moire de l&#039;Avenir"},"image":{"@id":"https:\/\/preprod.gmindia.tech\/mda\/#\/schema\/logo\/image\/"}}]}},"_links":{"self":[{"href":"https:\/\/preprod.gmindia.tech\/mda\/wp-json\/wp\/v2\/pages\/512","targetHints":{"allow":["GET"]}}],"collection":[{"href":"https:\/\/preprod.gmindia.tech\/mda\/wp-json\/wp\/v2\/pages"}],"about":[{"href":"https:\/\/preprod.gmindia.tech\/mda\/wp-json\/wp\/v2\/types\/page"}],"author":[{"embeddable":true,"href":"https:\/\/preprod.gmindia.tech\/mda\/wp-json\/wp\/v2\/users\/1"}],"replies":[{"embeddable":true,"href":"https:\/\/preprod.gmindia.tech\/mda\/wp-json\/wp\/v2\/comments?post=512"}],"version-history":[{"count":23,"href":"https:\/\/preprod.gmindia.tech\/mda\/wp-json\/wp\/v2\/pages\/512\/revisions"}],"predecessor-version":[{"id":3134,"href":"https:\/\/preprod.gmindia.tech\/mda\/wp-json\/wp\/v2\/pages\/512\/revisions\/3134"}],"wp:attachment":[{"href":"https:\/\/preprod.gmindia.tech\/mda\/wp-json\/wp\/v2\/media?parent=512"}],"curies":[{"name":"wp","href":"https:\/\/api.w.org\/{rel}","templated":true}]}}