{"id":546,"date":"2024-02-03T05:15:54","date_gmt":"2024-02-03T05:15:54","guid":{"rendered":"http:\/\/localhost\/mda-variations-plugin\/?page_id=546"},"modified":"2025-10-09T11:10:41","modified_gmt":"2025-10-09T11:10:41","slug":"bilans","status":"publish","type":"page","link":"https:\/\/preprod.gmindia.tech\/mda\/bilans\/","title":{"rendered":"BILANS"},"content":{"rendered":"\n<p class=\"eplus-wrapper\" style=\"font-size:13px\">\u00a9 M\u00e9moire de l&rsquo;Avenir &#8211;&nbsp; all right reserved<\/p>\n\n\n\n<p class=\"eplus-wrapper\" style=\"padding-bottom:50px;font-size:13px\">Le contenu de ce site Internet est prot\u00e9g\u00e9 par le droit d&rsquo;auteur. Toute reproduction est interdite. The content of this web site is copyrighted. Any reproduction is strictly forbidden<\/p>\n\n\n\n<div class=\"wp-block-cover aligncenter is-light eplus-wrapper\" style=\"min-height:436px;aspect-ratio:unset;\"><img loading=\"lazy\" decoding=\"async\" width=\"715\" height=\"480\" class=\"wp-block-cover__image-background wp-image-1302\" alt=\"\" src=\"https:\/\/preprod.gmindia.tech\/mda\/wp-content\/uploads\/2024\/02\/crbst_MDA_Action_20culturelle-1.jpg\" data-object-fit=\"cover\" srcset=\"https:\/\/preprod.gmindia.tech\/mda\/wp-content\/uploads\/2024\/02\/crbst_MDA_Action_20culturelle-1.jpg 715w, https:\/\/preprod.gmindia.tech\/mda\/wp-content\/uploads\/2024\/02\/crbst_MDA_Action_20culturelle-1-300x201.jpg 300w\" sizes=\"auto, (max-width: 715px) 100vw, 715px\" \/><span aria-hidden=\"true\" class=\"wp-block-cover__background has-background-dim-0 has-background-dim\"><\/span><div class=\"wp-block-cover__inner-container is-layout-flow wp-block-cover-is-layout-flow\">\n<p class=\"has-text-align-center eplus-wrapper has-text-color has-background has-link-color wp-elements-fd7f3dffad729d8fa7319d881c7cf724\" style=\"color:#000000;background-color:#ffffff;margin-bottom:250px;font-size:clamp(17.371px, 1.086rem + ((1vw - 3.2px) * 1.094), 27px);\">BILANS<\/p>\n<\/div><\/div>\n\n\n\n<div style=\"height:30px\" aria-hidden=\"true\" class=\"wp-block-spacer eplus-wrapper\"><\/div>\n\n\n\n<div class=\"wp-block-columns eplus-wrapper is-layout-flex wp-container-core-columns-is-layout-28f84493 wp-block-columns-is-layout-flex\">\n<div class=\"wp-block-column eplus-wrapper is-layout-flow wp-block-column-is-layout-flow\">\n<p class=\"eplus-wrapper\" style=\"font-size:clamp(14px, 0.875rem + ((1vw - 3.2px) * 0.114), 15px);\"><a href=\"https:\/\/preprod.gmindia.tech\/mda\/wp-content\/uploads\/2025\/10\/2024_Bilan_20d_27activites.pdf\" target=\"_blank\" rel=\"noreferrer noopener\">Bilan 2024 en d\u00e9tais et en images<\/a><br><a href=\"https:\/\/preprod.gmindia.tech\/mda\/en\/wp-content\/uploads\/sites\/2\/2024\/08\/Bilan_20d_27activites_202023_20LD_4.pdf\" target=\"_blank\" rel=\"noreferrer noopener\">Bilan 2023 en d\u00e9tail et en images<\/a><br><a href=\"https:\/\/preprod.gmindia.tech\/mda\/wp-content\/uploads\/2024\/02\/Bilan_20d_27activites_202022_20LD-1.pdf\" target=\"_blank\" rel=\"noreferrer noopener\">Bilan 2022 en d\u00e9tail et en images<\/a><br><a data-type=\"link\" data-id=\"https:\/\/preprod.gmindia.tech\/mda\/wp-content\/uploads\/2024\/02\/BILAN_202021_20-_20MDA.pdf\" href=\"https:\/\/preprod.gmindia.tech\/mda\/wp-content\/uploads\/2024\/02\/BILAN_202021_20-_20MDA.pdf\" target=\"_blank\" rel=\"noreferrer noopener\">Bilan 2021 en d\u00e9tail et en images<br><\/a><a data-type=\"link\" data-id=\"https:\/\/preprod.gmindia.tech\/mda\/wp-content\/uploads\/2024\/02\/BILAN_20ACTIVITE_20S_202020_20MDA_20DEF.pdf\" href=\"https:\/\/preprod.gmindia.tech\/mda\/wp-content\/uploads\/2024\/02\/BILAN_20ACTIVITE_20S_202020_20MDA_20DEF.pdf\" target=\"_blank\" rel=\"noreferrer noopener\">Bilan 2020 en d\u00e9tail et en images<\/a><br><a data-type=\"link\" data-id=\"https:\/\/preprod.gmindia.tech\/mda\/wp-content\/uploads\/2024\/02\/BILAN_20D_27ACTIVITES_20MDA_202019.pdf\" href=\"https:\/\/preprod.gmindia.tech\/mda\/wp-content\/uploads\/2024\/02\/BILAN_20D_27ACTIVITES_20MDA_202019.pdf\" target=\"_blank\" rel=\"noreferrer noopener\">Bilan 2019 en d\u00e9tail et en images<\/a><br><a data-type=\"link\" data-id=\"https:\/\/preprod.gmindia.tech\/mda\/wp-content\/uploads\/2024\/02\/2017-18_20BILAN_20ACTIVITE_20sign_C3_A9_20DEF.pdf\" href=\"https:\/\/preprod.gmindia.tech\/mda\/wp-content\/uploads\/2024\/02\/2017-18_20BILAN_20ACTIVITE_20sign_C3_A9_20DEF.pdf\" target=\"_blank\" rel=\"noreferrer noopener\">Bilan 2017-2018 en d\u00e9tail et en images<\/a><br><a data-type=\"link\" data-id=\"https:\/\/preprod.gmindia.tech\/mda\/wp-content\/uploads\/2024\/02\/BILAN_20ACTIVITES_2016_202017_20sign_C3_A9_20BD_20p.pdf\" href=\"https:\/\/preprod.gmindia.tech\/mda\/wp-content\/uploads\/2024\/02\/BILAN_20ACTIVITES_2016_202017_20sign_C3_A9_20BD_20p.pdf\" target=\"_blank\" rel=\"noreferrer noopener\">Bilan 2016-2017 en d\u00e9tail et en images<\/a><br><a data-type=\"link\" data-id=\"https:\/\/preprod.gmindia.tech\/mda\/wp-content\/uploads\/2024\/02\/1_20Bilan_20Activit_C3_A9s_20DETAILS_202015-20162p.pdf\" href=\"https:\/\/preprod.gmindia.tech\/mda\/wp-content\/uploads\/2024\/02\/1_20Bilan_20Activit_C3_A9s_20DETAILS_202015-20162p.pdf\" target=\"_blank\" rel=\"noreferrer noopener\">Bilan 2015-2016 en d\u00e9tail et en images<\/a><br><a href=\"https:\/\/preprod.gmindia.tech\/mda\/wp-content\/uploads\/2024\/02\/academie_20bilan__20Detailes_20_2BIMAGE_20MDA_202014-15_20_282_29.pdf\" target=\"_blank\" rel=\"noreferrer noopener\">Bilan 2014-2015 en d\u00e9tail et en images<br><\/a><a href=\"https:\/\/preprod.gmindia.tech\/mda\/wp-content\/uploads\/2024\/02\/academieBilan_detaill_C3_83_2013_2014_finalC_20_282_29.pdf\" target=\"_blank\" rel=\"noreferrer noopener\">Bilan 2013-2014 en d\u00e9tail et en images<\/a><gwmw style=\"display:none;\"><\/gwmw><\/p>\n<\/div>\n\n\n\n<div class=\"wp-block-column is-vertically-aligned-center eplus-wrapper is-layout-flow wp-block-column-is-layout-flow\">\n<p class=\"eplus-wrapper\" style=\"font-size:clamp(14px, 0.875rem + ((1vw - 3.2px) * 0.114), 15px);\"><a href=\"https:\/\/preprod.gmindia.tech\/mda\/en\/wp-content\/uploads\/sites\/2\/2024\/08\/2003-2023_20_EXCEL_Les_20ateliers.xlsx\" target=\"_blank\" rel=\"noreferrer noopener\">2003-2023 MDA-HAS GLOBAL ACTIVITIES &#8211; -DETAIL REPORTS<\/a><gwmw style=\"display:none;\"><\/gwmw><\/p>\n\n\n\n<p class=\"eplus-wrapper\" style=\"font-size:clamp(14px, 0.875rem + ((1vw - 3.2px) * 0.114), 15px);\"><a href=\"https:\/\/preprod.gmindia.tech\/mda\/en\/wp-content\/uploads\/sites\/2\/2024\/08\/2003-2023_20_EXCEL_Les_20ateliers.xlsx\" target=\"_blank\" rel=\"noreferrer noopener\">2003-2023 MDA-HAS GLOBAL TABLE OF REPORTS<\/a><gwmw style=\"display:none;\"><\/gwmw><\/p>\n\n\n\n<p class=\"eplus-wrapper\" style=\"font-size:clamp(14px, 0.875rem + ((1vw - 3.2px) * 0.114), 15px);\"><a href=\"https:\/\/preprod.gmindia.tech\/mda\/en\/wp-content\/uploads\/sites\/2\/2024\/08\/2003-2023_TABLE_of_Reports_FR_2BGLOBAL.pdf\" target=\"_blank\" rel=\"noreferrer noopener\">2003-2023 MDA-HAS GLOBAL TABLE OF ACTIVITIES<\/a><gwmw style=\"display:none;\"><\/gwmw><\/p>\n\n\n\n<p class=\"eplus-wrapper\" style=\"font-size:clamp(14px, 0.875rem + ((1vw - 3.2px) * 0.114), 15px);\"><a href=\"https:\/\/preprod.gmindia.tech\/mda\/wp-content\/uploads\/2024\/02\/BILAN_ISRAEL_20PALESTINE_20versionMB2023.pdf\" target=\"_blank\" rel=\"noreferrer noopener\">Bilan Israel-Palestine 2005-2018<\/a><\/p>\n\n\n\n<p class=\"eplus-wrapper\" style=\"font-size:clamp(14px, 0.875rem + ((1vw - 3.2px) * 0.114), 15px);\"><a href=\"https:\/\/preprod.gmindia.tech\/mda\/wp-content\/uploads\/2024\/02\/TABLE_of_Reports_20_202005-2018_FR.pdf\" data-type=\"link\" data-id=\"https:\/\/preprod.gmindia.tech\/mda\/wp-content\/uploads\/2024\/02\/TABLE_of_Reports_20_202005-2018_FR.pdf\" target=\"_blank\" rel=\"noreferrer noopener\">Bilan d&rsquo;activit\u00e9s internationales 2005-2018<\/a><\/p>\n<\/div>\n<\/div>\n","protected":false},"excerpt":{"rendered":"<p>\u00a9 M\u00e9moire de l&rsquo;Avenir &#8211;&nbsp; all right reserved Le contenu de ce site Internet est prot\u00e9g\u00e9 par le droit d&rsquo;auteur. Toute reproduction est interdite. The content of this web site is copyrighted. Any reproduction is strictly forbidden Bilan 2024 en d\u00e9tais et en imagesBilan 2023 en d\u00e9tail et en imagesBilan 2022 en d\u00e9tail et en [&hellip;]<\/p>\n","protected":false},"author":1,"featured_media":0,"parent":0,"menu_order":0,"comment_status":"closed","ping_status":"closed","template":"websites-island","meta":{"footnotes":""},"class_list":["post-546","page","type-page","status-publish","hentry"],"yoast_head":"<!-- This site is optimized with the Yoast SEO plugin v23.9 - https:\/\/yoast.com\/wordpress\/plugins\/seo\/ -->\n<title>BILANS - M\u00e9moire de l&#039;Avenir<\/title>\n<meta name=\"robots\" content=\"index, follow, max-snippet:-1, max-image-preview:large, max-video-preview:-1\" \/>\n<link rel=\"canonical\" href=\"https:\/\/preprod.gmindia.tech\/mda\/bilans\/\" \/>\n<meta property=\"og:locale\" content=\"fr_FR\" \/>\n<meta property=\"og:type\" content=\"article\" \/>\n<meta property=\"og:title\" content=\"BILANS - M\u00e9moire de l&#039;Avenir\" \/>\n<meta property=\"og:description\" content=\"\u00a9 M\u00e9moire de l&rsquo;Avenir &#8211;&nbsp; all right reserved Le contenu de ce site Internet est prot\u00e9g\u00e9 par le droit d&rsquo;auteur. Toute reproduction est interdite. The content of this web site is copyrighted. Any reproduction is strictly forbidden Bilan 2024 en d\u00e9tais et en imagesBilan 2023 en d\u00e9tail et en imagesBilan 2022 en d\u00e9tail et en [&hellip;]\" \/>\n<meta property=\"og:url\" content=\"https:\/\/preprod.gmindia.tech\/mda\/bilans\/\" \/>\n<meta property=\"og:site_name\" content=\"M\u00e9moire de l&#039;Avenir\" \/>\n<meta property=\"article:modified_time\" content=\"2025-10-09T11:10:41+00:00\" \/>\n<meta property=\"og:image\" content=\"https:\/\/preprod.gmindia.tech\/mda\/wp-content\/uploads\/2024\/02\/crbst_MDA_Action_20culturelle-1.jpg\" \/>\n\t<meta property=\"og:image:width\" content=\"715\" \/>\n\t<meta property=\"og:image:height\" content=\"480\" \/>\n\t<meta property=\"og:image:type\" content=\"image\/jpeg\" \/>\n<meta name=\"twitter:card\" content=\"summary_large_image\" \/>\n<meta name=\"twitter:label1\" content=\"Dur\u00e9e de lecture estim\u00e9e\" \/>\n\t<meta name=\"twitter:data1\" content=\"1 minute\" \/>\n<script type=\"application\/ld+json\" class=\"yoast-schema-graph\">{\"@context\":\"https:\/\/schema.org\",\"@graph\":[{\"@type\":\"WebPage\",\"@id\":\"https:\/\/preprod.gmindia.tech\/mda\/bilans\/\",\"url\":\"https:\/\/preprod.gmindia.tech\/mda\/bilans\/\",\"name\":\"BILANS - M\u00e9moire de l&#039;Avenir\",\"isPartOf\":{\"@id\":\"https:\/\/preprod.gmindia.tech\/mda\/#website\"},\"primaryImageOfPage\":{\"@id\":\"https:\/\/preprod.gmindia.tech\/mda\/bilans\/#primaryimage\"},\"image\":{\"@id\":\"https:\/\/preprod.gmindia.tech\/mda\/bilans\/#primaryimage\"},\"thumbnailUrl\":\"https:\/\/preprod.gmindia.tech\/mda\/wp-content\/uploads\/2024\/02\/crbst_MDA_Action_20culturelle-1.jpg\",\"datePublished\":\"2024-02-03T05:15:54+00:00\",\"dateModified\":\"2025-10-09T11:10:41+00:00\",\"breadcrumb\":{\"@id\":\"https:\/\/preprod.gmindia.tech\/mda\/bilans\/#breadcrumb\"},\"inLanguage\":\"fr-FR\",\"potentialAction\":[{\"@type\":\"ReadAction\",\"target\":[\"https:\/\/preprod.gmindia.tech\/mda\/bilans\/\"]}]},{\"@type\":\"ImageObject\",\"inLanguage\":\"fr-FR\",\"@id\":\"https:\/\/preprod.gmindia.tech\/mda\/bilans\/#primaryimage\",\"url\":\"https:\/\/preprod.gmindia.tech\/mda\/wp-content\/uploads\/2024\/02\/crbst_MDA_Action_20culturelle-1.jpg\",\"contentUrl\":\"https:\/\/preprod.gmindia.tech\/mda\/wp-content\/uploads\/2024\/02\/crbst_MDA_Action_20culturelle-1.jpg\",\"width\":715,\"height\":480},{\"@type\":\"BreadcrumbList\",\"@id\":\"https:\/\/preprod.gmindia.tech\/mda\/bilans\/#breadcrumb\",\"itemListElement\":[{\"@type\":\"ListItem\",\"position\":1,\"name\":\"Home\",\"item\":\"https:\/\/preprod.gmindia.tech\/mda\/\"},{\"@type\":\"ListItem\",\"position\":2,\"name\":\"BILANS\"}]},{\"@type\":\"WebSite\",\"@id\":\"https:\/\/preprod.gmindia.tech\/mda\/#website\",\"url\":\"https:\/\/preprod.gmindia.tech\/mda\/\",\"name\":\"M\u00e9moire de l&#039;Avenir\",\"description\":\"\",\"publisher\":{\"@id\":\"https:\/\/preprod.gmindia.tech\/mda\/#organization\"},\"potentialAction\":[{\"@type\":\"SearchAction\",\"target\":{\"@type\":\"EntryPoint\",\"urlTemplate\":\"https:\/\/preprod.gmindia.tech\/mda\/?s={search_term_string}\"},\"query-input\":{\"@type\":\"PropertyValueSpecification\",\"valueRequired\":true,\"valueName\":\"search_term_string\"}}],\"inLanguage\":\"fr-FR\"},{\"@type\":\"Organization\",\"@id\":\"https:\/\/preprod.gmindia.tech\/mda\/#organization\",\"name\":\"M\u00e9moire de l&#039;Avenir\",\"url\":\"https:\/\/preprod.gmindia.tech\/mda\/\",\"logo\":{\"@type\":\"ImageObject\",\"inLanguage\":\"fr-FR\",\"@id\":\"https:\/\/preprod.gmindia.tech\/mda\/#\/schema\/logo\/image\/\",\"url\":\"https:\/\/preprod.gmindia.tech\/mda\/wp-content\/uploads\/2024\/01\/logo_20mda_2010202000.png\",\"contentUrl\":\"https:\/\/preprod.gmindia.tech\/mda\/wp-content\/uploads\/2024\/01\/logo_20mda_2010202000.png\",\"width\":123,\"height\":220,\"caption\":\"M\u00e9moire de l&#039;Avenir\"},\"image\":{\"@id\":\"https:\/\/preprod.gmindia.tech\/mda\/#\/schema\/logo\/image\/\"}}]}<\/script>\n<!-- \/ Yoast SEO plugin. -->","yoast_head_json":{"title":"BILANS - M\u00e9moire de l&#039;Avenir","robots":{"index":"index","follow":"follow","max-snippet":"max-snippet:-1","max-image-preview":"max-image-preview:large","max-video-preview":"max-video-preview:-1"},"canonical":"https:\/\/preprod.gmindia.tech\/mda\/bilans\/","og_locale":"fr_FR","og_type":"article","og_title":"BILANS - M\u00e9moire de l&#039;Avenir","og_description":"\u00a9 M\u00e9moire de l&rsquo;Avenir &#8211;&nbsp; all right reserved Le contenu de ce site Internet est prot\u00e9g\u00e9 par le droit d&rsquo;auteur. Toute reproduction est interdite. The content of this web site is copyrighted. Any reproduction is strictly forbidden Bilan 2024 en d\u00e9tais et en imagesBilan 2023 en d\u00e9tail et en imagesBilan 2022 en d\u00e9tail et en [&hellip;]","og_url":"https:\/\/preprod.gmindia.tech\/mda\/bilans\/","og_site_name":"M\u00e9moire de l&#039;Avenir","article_modified_time":"2025-10-09T11:10:41+00:00","og_image":[{"width":715,"height":480,"url":"https:\/\/preprod.gmindia.tech\/mda\/wp-content\/uploads\/2024\/02\/crbst_MDA_Action_20culturelle-1.jpg","type":"image\/jpeg"}],"twitter_card":"summary_large_image","twitter_misc":{"Dur\u00e9e de lecture estim\u00e9e":"1 minute"},"schema":{"@context":"https:\/\/schema.org","@graph":[{"@type":"WebPage","@id":"https:\/\/preprod.gmindia.tech\/mda\/bilans\/","url":"https:\/\/preprod.gmindia.tech\/mda\/bilans\/","name":"BILANS - M\u00e9moire de l&#039;Avenir","isPartOf":{"@id":"https:\/\/preprod.gmindia.tech\/mda\/#website"},"primaryImageOfPage":{"@id":"https:\/\/preprod.gmindia.tech\/mda\/bilans\/#primaryimage"},"image":{"@id":"https:\/\/preprod.gmindia.tech\/mda\/bilans\/#primaryimage"},"thumbnailUrl":"https:\/\/preprod.gmindia.tech\/mda\/wp-content\/uploads\/2024\/02\/crbst_MDA_Action_20culturelle-1.jpg","datePublished":"2024-02-03T05:15:54+00:00","dateModified":"2025-10-09T11:10:41+00:00","breadcrumb":{"@id":"https:\/\/preprod.gmindia.tech\/mda\/bilans\/#breadcrumb"},"inLanguage":"fr-FR","potentialAction":[{"@type":"ReadAction","target":["https:\/\/preprod.gmindia.tech\/mda\/bilans\/"]}]},{"@type":"ImageObject","inLanguage":"fr-FR","@id":"https:\/\/preprod.gmindia.tech\/mda\/bilans\/#primaryimage","url":"https:\/\/preprod.gmindia.tech\/mda\/wp-content\/uploads\/2024\/02\/crbst_MDA_Action_20culturelle-1.jpg","contentUrl":"https:\/\/preprod.gmindia.tech\/mda\/wp-content\/uploads\/2024\/02\/crbst_MDA_Action_20culturelle-1.jpg","width":715,"height":480},{"@type":"BreadcrumbList","@id":"https:\/\/preprod.gmindia.tech\/mda\/bilans\/#breadcrumb","itemListElement":[{"@type":"ListItem","position":1,"name":"Home","item":"https:\/\/preprod.gmindia.tech\/mda\/"},{"@type":"ListItem","position":2,"name":"BILANS"}]},{"@type":"WebSite","@id":"https:\/\/preprod.gmindia.tech\/mda\/#website","url":"https:\/\/preprod.gmindia.tech\/mda\/","name":"M\u00e9moire de l&#039;Avenir","description":"","publisher":{"@id":"https:\/\/preprod.gmindia.tech\/mda\/#organization"},"potentialAction":[{"@type":"SearchAction","target":{"@type":"EntryPoint","urlTemplate":"https:\/\/preprod.gmindia.tech\/mda\/?s={search_term_string}"},"query-input":{"@type":"PropertyValueSpecification","valueRequired":true,"valueName":"search_term_string"}}],"inLanguage":"fr-FR"},{"@type":"Organization","@id":"https:\/\/preprod.gmindia.tech\/mda\/#organization","name":"M\u00e9moire de l&#039;Avenir","url":"https:\/\/preprod.gmindia.tech\/mda\/","logo":{"@type":"ImageObject","inLanguage":"fr-FR","@id":"https:\/\/preprod.gmindia.tech\/mda\/#\/schema\/logo\/image\/","url":"https:\/\/preprod.gmindia.tech\/mda\/wp-content\/uploads\/2024\/01\/logo_20mda_2010202000.png","contentUrl":"https:\/\/preprod.gmindia.tech\/mda\/wp-content\/uploads\/2024\/01\/logo_20mda_2010202000.png","width":123,"height":220,"caption":"M\u00e9moire de l&#039;Avenir"},"image":{"@id":"https:\/\/preprod.gmindia.tech\/mda\/#\/schema\/logo\/image\/"}}]}},"_links":{"self":[{"href":"https:\/\/preprod.gmindia.tech\/mda\/wp-json\/wp\/v2\/pages\/546","targetHints":{"allow":["GET"]}}],"collection":[{"href":"https:\/\/preprod.gmindia.tech\/mda\/wp-json\/wp\/v2\/pages"}],"about":[{"href":"https:\/\/preprod.gmindia.tech\/mda\/wp-json\/wp\/v2\/types\/page"}],"author":[{"embeddable":true,"href":"https:\/\/preprod.gmindia.tech\/mda\/wp-json\/wp\/v2\/users\/1"}],"replies":[{"embeddable":true,"href":"https:\/\/preprod.gmindia.tech\/mda\/wp-json\/wp\/v2\/comments?post=546"}],"version-history":[{"count":20,"href":"https:\/\/preprod.gmindia.tech\/mda\/wp-json\/wp\/v2\/pages\/546\/revisions"}],"predecessor-version":[{"id":6799,"href":"https:\/\/preprod.gmindia.tech\/mda\/wp-json\/wp\/v2\/pages\/546\/revisions\/6799"}],"wp:attachment":[{"href":"https:\/\/preprod.gmindia.tech\/mda\/wp-json\/wp\/v2\/media?parent=546"}],"curies":[{"name":"wp","href":"https:\/\/api.w.org\/{rel}","templated":true}]}}