{"id":5624,"date":"2025-07-30T05:55:54","date_gmt":"2025-07-30T05:55:54","guid":{"rendered":"https:\/\/preprod.gmindia.tech\/mda\/?page_id=5624"},"modified":"2025-07-30T06:21:14","modified_gmt":"2025-07-30T06:21:14","slug":"crbst_311","status":"publish","type":"page","link":"https:\/\/preprod.gmindia.tech\/mda\/crbst_311\/","title":{"rendered":"LA TERRE COMME \u00c9V\u00c9NEMENT"},"content":{"rendered":"\n<p class=\"has-text-align-center has-text-color has-link-color wp-elements-c4df0a34e16d4061437484c3a88b7459\" style=\"color:#f9aa4e;font-size:clamp(31.152px, 1.947rem + ((1vw - 3.2px) * 2.71), 55px);\">FRANCE\u00a0 | PORTUGAL<\/p>\n\n\n\n<figure class=\"wp-block-image size-full\"><img loading=\"lazy\" decoding=\"async\" width=\"795\" height=\"923\" src=\"https:\/\/preprod.gmindia.tech\/mda\/wp-content\/uploads\/2025\/07\/BEING_20_E2_80_93_20LA_20TERRE_20COMME_20_C3_89V_C3_89NEMENT_20_E2_80_93_20Humanities_2C_20Arts_20an5.jpg\" alt=\"\" class=\"wp-image-5627\" srcset=\"https:\/\/preprod.gmindia.tech\/mda\/wp-content\/uploads\/2025\/07\/BEING_20_E2_80_93_20LA_20TERRE_20COMME_20_C3_89V_C3_89NEMENT_20_E2_80_93_20Humanities_2C_20Arts_20an5.jpg 795w, https:\/\/preprod.gmindia.tech\/mda\/wp-content\/uploads\/2025\/07\/BEING_20_E2_80_93_20LA_20TERRE_20COMME_20_C3_89V_C3_89NEMENT_20_E2_80_93_20Humanities_2C_20Arts_20an5-258x300.jpg 258w, https:\/\/preprod.gmindia.tech\/mda\/wp-content\/uploads\/2025\/07\/BEING_20_E2_80_93_20LA_20TERRE_20COMME_20_C3_89V_C3_89NEMENT_20_E2_80_93_20Humanities_2C_20Arts_20an5-768x892.jpg 768w\" sizes=\"auto, (max-width: 795px) 100vw, 795px\" \/><\/figure>\n\n\n\n<figure class=\"wp-block-image size-full\"><img loading=\"lazy\" decoding=\"async\" width=\"733\" height=\"1000\" src=\"https:\/\/preprod.gmindia.tech\/mda\/wp-content\/uploads\/2025\/07\/BEING_20_E2_80_93_20LA_20TERRE_20COMME_20_C3_89V_C3_89NEMENT_20_E2_80_93_20Humanities_2C_20Arts_20an2.jpg\" alt=\"\" class=\"wp-image-5629\" srcset=\"https:\/\/preprod.gmindia.tech\/mda\/wp-content\/uploads\/2025\/07\/BEING_20_E2_80_93_20LA_20TERRE_20COMME_20_C3_89V_C3_89NEMENT_20_E2_80_93_20Humanities_2C_20Arts_20an2.jpg 733w, https:\/\/preprod.gmindia.tech\/mda\/wp-content\/uploads\/2025\/07\/BEING_20_E2_80_93_20LA_20TERRE_20COMME_20_C3_89V_C3_89NEMENT_20_E2_80_93_20Humanities_2C_20Arts_20an2-220x300.jpg 220w\" sizes=\"auto, (max-width: 733px) 100vw, 733px\" \/><\/figure>\n\n\n\n<div class=\"wp-block-buttons is-layout-flex wp-block-buttons-is-layout-flex\">\n<div class=\"wp-block-button has-custom-width wp-block-button__width-100 is-style-outline is-style-outline--1\"><a class=\"wp-block-button__link has-custom-font-size wp-element-button\" href=\"https:\/\/preprod.gmindia.tech\/mda\/wp-content\/uploads\/2025\/07\/Dossier_20de_20presse_20def_20-_20ROMY_20CASTRO_202022.pdf\" style=\"border-width:1px;border-radius:0px;font-size:clamp(14px, 0.875rem + ((1vw - 3.2px) * 0.114), 15px);\" target=\"_blank\" rel=\"noreferrer noopener\"><strong>PRESS RELEASE<\/strong><\/a><\/div>\n<\/div>\n\n\n\n<div class=\"wp-block-buttons is-layout-flex wp-block-buttons-is-layout-flex\">\n<div class=\"wp-block-button has-custom-width wp-block-button__width-100 is-style-outline is-style-outline--2\"><a class=\"wp-block-button__link has-custom-font-size wp-element-button\" href=\"https:\/\/preprod.gmindia.tech\/mda\/wp-content\/uploads\/2025\/07\/BEING-CATALOGUE-FR-Saison-FRPT.pdf\" style=\"border-width:1px;border-radius:0px;font-size:clamp(14px, 0.875rem + ((1vw - 3.2px) * 0.114), 15px);\" target=\"_blank\" rel=\"noreferrer noopener\"><strong>CATALOGUE<\/strong><\/a><\/div>\n<\/div>\n\n\n\n<figure class=\"wp-block-image size-full\"><img loading=\"lazy\" decoding=\"async\" width=\"700\" height=\"957\" src=\"https:\/\/preprod.gmindia.tech\/mda\/wp-content\/uploads\/2025\/07\/BEING_20_E2_80_93_20LA_20TERRE_20COMME_20_C3_89V_C3_89NEMENT_20_E2_80_93_20Humanities_2C_20Arts_20an4.jpg\" alt=\"\" class=\"wp-image-5637\" srcset=\"https:\/\/preprod.gmindia.tech\/mda\/wp-content\/uploads\/2025\/07\/BEING_20_E2_80_93_20LA_20TERRE_20COMME_20_C3_89V_C3_89NEMENT_20_E2_80_93_20Humanities_2C_20Arts_20an4.jpg 700w, https:\/\/preprod.gmindia.tech\/mda\/wp-content\/uploads\/2025\/07\/BEING_20_E2_80_93_20LA_20TERRE_20COMME_20_C3_89V_C3_89NEMENT_20_E2_80_93_20Humanities_2C_20Arts_20an4-219x300.jpg 219w\" sizes=\"auto, (max-width: 700px) 100vw, 700px\" \/><\/figure>\n","protected":false},"excerpt":{"rendered":"<p>FRANCE\u00a0 | PORTUGAL<\/p>\n","protected":false},"author":1,"featured_media":0,"parent":0,"menu_order":0,"comment_status":"closed","ping_status":"closed","template":"wp-custom-template-page-with-sidebar","meta":{"footnotes":""},"class_list":["post-5624","page","type-page","status-publish","hentry"],"yoast_head":"<!-- This site is optimized with the Yoast SEO plugin v23.9 - https:\/\/yoast.com\/wordpress\/plugins\/seo\/ -->\n<title>LA TERRE COMME \u00c9V\u00c9NEMENT - M\u00e9moire de l&#039;Avenir<\/title>\n<meta name=\"robots\" content=\"index, follow, max-snippet:-1, max-image-preview:large, max-video-preview:-1\" \/>\n<link rel=\"canonical\" href=\"https:\/\/preprod.gmindia.tech\/mda\/crbst_311\/\" \/>\n<meta property=\"og:locale\" content=\"fr_FR\" \/>\n<meta property=\"og:type\" content=\"article\" \/>\n<meta property=\"og:title\" content=\"LA TERRE COMME \u00c9V\u00c9NEMENT - M\u00e9moire de l&#039;Avenir\" \/>\n<meta property=\"og:description\" content=\"FRANCE\u00a0 | PORTUGAL\" \/>\n<meta property=\"og:url\" content=\"https:\/\/preprod.gmindia.tech\/mda\/crbst_311\/\" \/>\n<meta property=\"og:site_name\" content=\"M\u00e9moire de l&#039;Avenir\" \/>\n<meta property=\"article:modified_time\" content=\"2025-07-30T06:21:14+00:00\" \/>\n<meta property=\"og:image\" content=\"https:\/\/preprod.gmindia.tech\/mda\/wp-content\/uploads\/2025\/07\/BEING_20_E2_80_93_20LA_20TERRE_20COMME_20_C3_89V_C3_89NEMENT_20_E2_80_93_20Humanities_2C_20Arts_20an5.jpg\" \/>\n\t<meta property=\"og:image:width\" content=\"795\" \/>\n\t<meta property=\"og:image:height\" content=\"923\" \/>\n\t<meta property=\"og:image:type\" content=\"image\/jpeg\" \/>\n<meta name=\"twitter:card\" content=\"summary_large_image\" \/>\n<meta name=\"twitter:label1\" content=\"Dur\u00e9e de lecture estim\u00e9e\" \/>\n\t<meta name=\"twitter:data1\" content=\"1 minute\" \/>\n<script type=\"application\/ld+json\" class=\"yoast-schema-graph\">{\"@context\":\"https:\/\/schema.org\",\"@graph\":[{\"@type\":\"WebPage\",\"@id\":\"https:\/\/preprod.gmindia.tech\/mda\/crbst_311\/\",\"url\":\"https:\/\/preprod.gmindia.tech\/mda\/crbst_311\/\",\"name\":\"LA TERRE COMME \u00c9V\u00c9NEMENT - M\u00e9moire de l&#039;Avenir\",\"isPartOf\":{\"@id\":\"https:\/\/preprod.gmindia.tech\/mda\/#website\"},\"primaryImageOfPage\":{\"@id\":\"https:\/\/preprod.gmindia.tech\/mda\/crbst_311\/#primaryimage\"},\"image\":{\"@id\":\"https:\/\/preprod.gmindia.tech\/mda\/crbst_311\/#primaryimage\"},\"thumbnailUrl\":\"https:\/\/preprod.gmindia.tech\/mda\/wp-content\/uploads\/2025\/07\/BEING_20_E2_80_93_20LA_20TERRE_20COMME_20_C3_89V_C3_89NEMENT_20_E2_80_93_20Humanities_2C_20Arts_20an5.jpg\",\"datePublished\":\"2025-07-30T05:55:54+00:00\",\"dateModified\":\"2025-07-30T06:21:14+00:00\",\"breadcrumb\":{\"@id\":\"https:\/\/preprod.gmindia.tech\/mda\/crbst_311\/#breadcrumb\"},\"inLanguage\":\"fr-FR\",\"potentialAction\":[{\"@type\":\"ReadAction\",\"target\":[\"https:\/\/preprod.gmindia.tech\/mda\/crbst_311\/\"]}]},{\"@type\":\"ImageObject\",\"inLanguage\":\"fr-FR\",\"@id\":\"https:\/\/preprod.gmindia.tech\/mda\/crbst_311\/#primaryimage\",\"url\":\"https:\/\/preprod.gmindia.tech\/mda\/wp-content\/uploads\/2025\/07\/BEING_20_E2_80_93_20LA_20TERRE_20COMME_20_C3_89V_C3_89NEMENT_20_E2_80_93_20Humanities_2C_20Arts_20an5.jpg\",\"contentUrl\":\"https:\/\/preprod.gmindia.tech\/mda\/wp-content\/uploads\/2025\/07\/BEING_20_E2_80_93_20LA_20TERRE_20COMME_20_C3_89V_C3_89NEMENT_20_E2_80_93_20Humanities_2C_20Arts_20an5.jpg\",\"width\":795,\"height\":923},{\"@type\":\"BreadcrumbList\",\"@id\":\"https:\/\/preprod.gmindia.tech\/mda\/crbst_311\/#breadcrumb\",\"itemListElement\":[{\"@type\":\"ListItem\",\"position\":1,\"name\":\"Home\",\"item\":\"https:\/\/preprod.gmindia.tech\/mda\/\"},{\"@type\":\"ListItem\",\"position\":2,\"name\":\"LA TERRE COMME \u00c9V\u00c9NEMENT\"}]},{\"@type\":\"WebSite\",\"@id\":\"https:\/\/preprod.gmindia.tech\/mda\/#website\",\"url\":\"https:\/\/preprod.gmindia.tech\/mda\/\",\"name\":\"M\u00e9moire de l&#039;Avenir\",\"description\":\"\",\"publisher\":{\"@id\":\"https:\/\/preprod.gmindia.tech\/mda\/#organization\"},\"potentialAction\":[{\"@type\":\"SearchAction\",\"target\":{\"@type\":\"EntryPoint\",\"urlTemplate\":\"https:\/\/preprod.gmindia.tech\/mda\/?s={search_term_string}\"},\"query-input\":{\"@type\":\"PropertyValueSpecification\",\"valueRequired\":true,\"valueName\":\"search_term_string\"}}],\"inLanguage\":\"fr-FR\"},{\"@type\":\"Organization\",\"@id\":\"https:\/\/preprod.gmindia.tech\/mda\/#organization\",\"name\":\"M\u00e9moire de l&#039;Avenir\",\"url\":\"https:\/\/preprod.gmindia.tech\/mda\/\",\"logo\":{\"@type\":\"ImageObject\",\"inLanguage\":\"fr-FR\",\"@id\":\"https:\/\/preprod.gmindia.tech\/mda\/#\/schema\/logo\/image\/\",\"url\":\"https:\/\/preprod.gmindia.tech\/mda\/wp-content\/uploads\/2024\/01\/logo_20mda_2010202000.png\",\"contentUrl\":\"https:\/\/preprod.gmindia.tech\/mda\/wp-content\/uploads\/2024\/01\/logo_20mda_2010202000.png\",\"width\":123,\"height\":220,\"caption\":\"M\u00e9moire de l&#039;Avenir\"},\"image\":{\"@id\":\"https:\/\/preprod.gmindia.tech\/mda\/#\/schema\/logo\/image\/\"}}]}<\/script>\n<!-- \/ Yoast SEO plugin. -->","yoast_head_json":{"title":"LA TERRE COMME \u00c9V\u00c9NEMENT - M\u00e9moire de l&#039;Avenir","robots":{"index":"index","follow":"follow","max-snippet":"max-snippet:-1","max-image-preview":"max-image-preview:large","max-video-preview":"max-video-preview:-1"},"canonical":"https:\/\/preprod.gmindia.tech\/mda\/crbst_311\/","og_locale":"fr_FR","og_type":"article","og_title":"LA TERRE COMME \u00c9V\u00c9NEMENT - M\u00e9moire de l&#039;Avenir","og_description":"FRANCE\u00a0 | PORTUGAL","og_url":"https:\/\/preprod.gmindia.tech\/mda\/crbst_311\/","og_site_name":"M\u00e9moire de l&#039;Avenir","article_modified_time":"2025-07-30T06:21:14+00:00","og_image":[{"width":795,"height":923,"url":"https:\/\/preprod.gmindia.tech\/mda\/wp-content\/uploads\/2025\/07\/BEING_20_E2_80_93_20LA_20TERRE_20COMME_20_C3_89V_C3_89NEMENT_20_E2_80_93_20Humanities_2C_20Arts_20an5.jpg","type":"image\/jpeg"}],"twitter_card":"summary_large_image","twitter_misc":{"Dur\u00e9e de lecture estim\u00e9e":"1 minute"},"schema":{"@context":"https:\/\/schema.org","@graph":[{"@type":"WebPage","@id":"https:\/\/preprod.gmindia.tech\/mda\/crbst_311\/","url":"https:\/\/preprod.gmindia.tech\/mda\/crbst_311\/","name":"LA TERRE COMME \u00c9V\u00c9NEMENT - M\u00e9moire de l&#039;Avenir","isPartOf":{"@id":"https:\/\/preprod.gmindia.tech\/mda\/#website"},"primaryImageOfPage":{"@id":"https:\/\/preprod.gmindia.tech\/mda\/crbst_311\/#primaryimage"},"image":{"@id":"https:\/\/preprod.gmindia.tech\/mda\/crbst_311\/#primaryimage"},"thumbnailUrl":"https:\/\/preprod.gmindia.tech\/mda\/wp-content\/uploads\/2025\/07\/BEING_20_E2_80_93_20LA_20TERRE_20COMME_20_C3_89V_C3_89NEMENT_20_E2_80_93_20Humanities_2C_20Arts_20an5.jpg","datePublished":"2025-07-30T05:55:54+00:00","dateModified":"2025-07-30T06:21:14+00:00","breadcrumb":{"@id":"https:\/\/preprod.gmindia.tech\/mda\/crbst_311\/#breadcrumb"},"inLanguage":"fr-FR","potentialAction":[{"@type":"ReadAction","target":["https:\/\/preprod.gmindia.tech\/mda\/crbst_311\/"]}]},{"@type":"ImageObject","inLanguage":"fr-FR","@id":"https:\/\/preprod.gmindia.tech\/mda\/crbst_311\/#primaryimage","url":"https:\/\/preprod.gmindia.tech\/mda\/wp-content\/uploads\/2025\/07\/BEING_20_E2_80_93_20LA_20TERRE_20COMME_20_C3_89V_C3_89NEMENT_20_E2_80_93_20Humanities_2C_20Arts_20an5.jpg","contentUrl":"https:\/\/preprod.gmindia.tech\/mda\/wp-content\/uploads\/2025\/07\/BEING_20_E2_80_93_20LA_20TERRE_20COMME_20_C3_89V_C3_89NEMENT_20_E2_80_93_20Humanities_2C_20Arts_20an5.jpg","width":795,"height":923},{"@type":"BreadcrumbList","@id":"https:\/\/preprod.gmindia.tech\/mda\/crbst_311\/#breadcrumb","itemListElement":[{"@type":"ListItem","position":1,"name":"Home","item":"https:\/\/preprod.gmindia.tech\/mda\/"},{"@type":"ListItem","position":2,"name":"LA TERRE COMME \u00c9V\u00c9NEMENT"}]},{"@type":"WebSite","@id":"https:\/\/preprod.gmindia.tech\/mda\/#website","url":"https:\/\/preprod.gmindia.tech\/mda\/","name":"M\u00e9moire de l&#039;Avenir","description":"","publisher":{"@id":"https:\/\/preprod.gmindia.tech\/mda\/#organization"},"potentialAction":[{"@type":"SearchAction","target":{"@type":"EntryPoint","urlTemplate":"https:\/\/preprod.gmindia.tech\/mda\/?s={search_term_string}"},"query-input":{"@type":"PropertyValueSpecification","valueRequired":true,"valueName":"search_term_string"}}],"inLanguage":"fr-FR"},{"@type":"Organization","@id":"https:\/\/preprod.gmindia.tech\/mda\/#organization","name":"M\u00e9moire de l&#039;Avenir","url":"https:\/\/preprod.gmindia.tech\/mda\/","logo":{"@type":"ImageObject","inLanguage":"fr-FR","@id":"https:\/\/preprod.gmindia.tech\/mda\/#\/schema\/logo\/image\/","url":"https:\/\/preprod.gmindia.tech\/mda\/wp-content\/uploads\/2024\/01\/logo_20mda_2010202000.png","contentUrl":"https:\/\/preprod.gmindia.tech\/mda\/wp-content\/uploads\/2024\/01\/logo_20mda_2010202000.png","width":123,"height":220,"caption":"M\u00e9moire de l&#039;Avenir"},"image":{"@id":"https:\/\/preprod.gmindia.tech\/mda\/#\/schema\/logo\/image\/"}}]}},"_links":{"self":[{"href":"https:\/\/preprod.gmindia.tech\/mda\/wp-json\/wp\/v2\/pages\/5624","targetHints":{"allow":["GET"]}}],"collection":[{"href":"https:\/\/preprod.gmindia.tech\/mda\/wp-json\/wp\/v2\/pages"}],"about":[{"href":"https:\/\/preprod.gmindia.tech\/mda\/wp-json\/wp\/v2\/types\/page"}],"author":[{"embeddable":true,"href":"https:\/\/preprod.gmindia.tech\/mda\/wp-json\/wp\/v2\/users\/1"}],"replies":[{"embeddable":true,"href":"https:\/\/preprod.gmindia.tech\/mda\/wp-json\/wp\/v2\/comments?post=5624"}],"version-history":[{"count":5,"href":"https:\/\/preprod.gmindia.tech\/mda\/wp-json\/wp\/v2\/pages\/5624\/revisions"}],"predecessor-version":[{"id":5638,"href":"https:\/\/preprod.gmindia.tech\/mda\/wp-json\/wp\/v2\/pages\/5624\/revisions\/5638"}],"wp:attachment":[{"href":"https:\/\/preprod.gmindia.tech\/mda\/wp-json\/wp\/v2\/media?parent=5624"}],"curies":[{"name":"wp","href":"https:\/\/api.w.org\/{rel}","templated":true}]}}