{"id":5639,"date":"2025-07-30T06:32:11","date_gmt":"2025-07-30T06:32:11","guid":{"rendered":"https:\/\/preprod.gmindia.tech\/mda\/?page_id=5639"},"modified":"2025-07-30T06:54:56","modified_gmt":"2025-07-30T06:54:56","slug":"crbst_61","status":"publish","type":"page","link":"https:\/\/preprod.gmindia.tech\/mda\/crbst_61\/","title":{"rendered":"ISRAEL &#8211; PALESTINE &#8211; \u00c0 VOTRE TABLE"},"content":{"rendered":"\n<div class=\"wp-block-columns is-layout-flex wp-container-core-columns-is-layout-28f84493 wp-block-columns-is-layout-flex\">\n<div class=\"wp-block-column is-layout-flow wp-block-column-is-layout-flow\" style=\"flex-basis:30%\">\n<p class=\"has-text-align-center has-verdana-font-family\" style=\"margin-top:0px;margin-right:0px;margin-bottom:0px;margin-left:0px;padding-top:0px;padding-right:0px;padding-bottom:0px;padding-left:0px;font-size:clamp(14px, 0.875rem + ((1vw - 3.2px) * 0.114), 15px);\">COORDINATRICE DU PROJET<\/p>\n\n\n\n<p class=\"has-text-align-center has-verdana-font-family\" style=\"margin-top:0px;margin-right:0px;margin-bottom:0px;margin-left:0px;padding-top:0px;padding-right:0px;padding-bottom:0px;padding-left:0px;font-size:clamp(14px, 0.875rem + ((1vw - 3.2px) * 0.114), 15px);\"><strong>Rebekka Windus<\/strong><\/p>\n\n\n\n<p class=\"has-text-align-center has-verdana-font-family\" style=\"margin-top:0px;margin-right:0px;margin-bottom:0px;margin-left:0px;padding-top:0px;padding-right:0px;padding-bottom:0px;padding-left:0px;font-size:clamp(14px, 0.875rem + ((1vw - 3.2px) * 0.114), 15px);\">En collaboration avec<\/p>\n\n\n\n<p class=\"has-text-align-center has-verdana-font-family\" style=\"margin-top:0px;margin-right:0px;margin-bottom:0px;margin-left:0px;padding-top:0px;padding-right:0px;padding-bottom:0px;padding-left:0px;font-size:clamp(14px, 0.875rem + ((1vw - 3.2px) * 0.114), 15px);\"><a href=\"https:\/\/www.doronpolak.com\/artistsmuseum.html\" target=\"_blank\">Doron Polak &#8211;&nbsp; le Mus\u00e9e des Artistes,<\/a><\/p>\n\n\n\n<p class=\"has-text-align-center has-verdana-font-family\" style=\"margin-top:0px;margin-right:0px;margin-bottom:0px;margin-left:0px;padding-top:0px;padding-right:0px;padding-bottom:0px;padding-left:0px;font-size:clamp(14px, 0.875rem + ((1vw - 3.2px) * 0.114), 15px);\">et&nbsp;<a href=\"https:\/\/ibdaa-art.com\/en\/%D9%85%D9%86-%D9%86%D8%AD%D9%86-2\/\" target=\"_blank\">IBDAA, Kfar Yassif<\/a><\/p>\n<\/div>\n\n\n\n<div class=\"wp-block-column is-layout-flow wp-block-column-is-layout-flow\" style=\"flex-basis:40%\">\n<p class=\"has-text-align-center has-text-color has-link-color wp-elements-54ad2363d18a87fbf2eec8a54bdb61cc\" style=\"color:#f23a61;margin-top:0px;margin-right:0px;margin-bottom:0px;margin-left:0px;padding-top:0px;padding-right:0px;padding-bottom:0px;padding-left:0px;font-size:clamp(24.034px, 1.502rem + ((1vw - 3.2px) * 1.814), 40px);\">Israel \u2013 Palestine<\/p>\n\n\n\n<p class=\"has-text-align-center has-verdana-font-family\" style=\"margin-top:0px;margin-right:0px;margin-bottom:0px;margin-left:0px;padding-top:0px;padding-right:0px;padding-bottom:0px;padding-left:0px;font-size:clamp(14px, 0.875rem + ((1vw - 3.2px) * 0.341), 17px);\"><a href=\"javascript:void(0)\">REPORTS &#8211; BILAN<\/a><\/p>\n\n\n\n<p class=\"has-text-align-center has-verdana-font-family\" style=\"font-size:clamp(14px, 0.875rem + ((1vw - 3.2px) * 0.114), 15px);\">DIRCTION<\/p>\n\n\n\n<p class=\"has-text-align-center has-verdana-font-family\" style=\"margin-top:0px;margin-right:0px;margin-bottom:0px;margin-left:0px;padding-top:0px;padding-right:0px;padding-bottom:0px;padding-left:0px;font-size:clamp(14px, 0.875rem + ((1vw - 3.2px) * 0.114), 15px);\"><strong>Margalit Berriet<\/strong><\/p>\n<\/div>\n\n\n\n<div class=\"wp-block-column is-layout-flow wp-block-column-is-layout-flow\" style=\"flex-basis:30%\">\n<p class=\"has-text-align-center has-verdana-font-family\" style=\"margin-top:0px;margin-right:0px;margin-bottom:0px;margin-left:0px;padding-top:0px;padding-right:0px;padding-bottom:0px;padding-left:0px;font-size:clamp(14px, 0.875rem + ((1vw - 3.2px) * 0.114), 15px);\">PROJECT COORDINATOR<\/p>\n\n\n\n<p class=\"has-text-align-center has-verdana-font-family\" style=\"margin-top:0px;margin-right:0px;margin-bottom:0px;margin-left:0px;padding-top:0px;padding-right:0px;padding-bottom:0px;padding-left:0px;font-size:clamp(14px, 0.875rem + ((1vw - 3.2px) * 0.114), 15px);\"><strong>Rebekka Windus<\/strong><\/p>\n\n\n\n<p class=\"has-text-align-center has-verdana-font-family\" style=\"margin-top:0px;margin-right:0px;margin-bottom:0px;margin-left:0px;padding-top:0px;padding-right:0px;padding-bottom:0px;padding-left:0px;font-size:clamp(14px, 0.875rem + ((1vw - 3.2px) * 0.114), 15px);\">In collaboration with<\/p>\n\n\n\n<p class=\"has-text-align-center has-verdana-font-family\" style=\"margin-top:0px;margin-right:0px;margin-bottom:0px;margin-left:0px;padding-top:0px;padding-right:0px;padding-bottom:0px;padding-left:0px;font-size:clamp(14px, 0.875rem + ((1vw - 3.2px) * 0.114), 15px);\"><a href=\"https:\/\/www.doronpolak.com\/artistsmuseum.html\" target=\"_blank\">Doron Polak &#8211; The Artists Museum<\/a><\/p>\n\n\n\n<p class=\"has-text-align-center has-verdana-font-family\" style=\"margin-top:0px;margin-right:0px;margin-bottom:0px;margin-left:0px;padding-top:0px;padding-right:0px;padding-bottom:0px;padding-left:0px;font-size:clamp(14px, 0.875rem + ((1vw - 3.2px) * 0.114), 15px);\">and&nbsp;<a href=\"https:\/\/ibdaa-art.com\/en\/%D9%85%D9%86-%D9%86%D8%AD%D9%86-2\/\" target=\"_blank\">IBDAA, Kfar Yassif<\/a><\/p>\n<\/div>\n<\/div>\n\n\n\n<figure class=\"wp-block-image aligncenter size-large\"><img loading=\"lazy\" decoding=\"async\" width=\"720\" height=\"1024\" src=\"https:\/\/preprod.gmindia.tech\/mda\/wp-content\/uploads\/2025\/07\/1_20slideshow-at_20your_20table-oct_2031_2012_20_281_29-720x1024.jpg\" alt=\"\" class=\"wp-image-5645\" srcset=\"https:\/\/preprod.gmindia.tech\/mda\/wp-content\/uploads\/2025\/07\/1_20slideshow-at_20your_20table-oct_2031_2012_20_281_29-720x1024.jpg 720w, https:\/\/preprod.gmindia.tech\/mda\/wp-content\/uploads\/2025\/07\/1_20slideshow-at_20your_20table-oct_2031_2012_20_281_29-211x300.jpg 211w, https:\/\/preprod.gmindia.tech\/mda\/wp-content\/uploads\/2025\/07\/1_20slideshow-at_20your_20table-oct_2031_2012_20_281_29.jpg 740w\" sizes=\"auto, (max-width: 720px) 100vw, 720px\" \/><\/figure>\n\n\n\n<p class=\"has-verdana-font-family\" style=\"font-size:clamp(14px, 0.875rem + ((1vw - 3.2px) * 0.114), 15px);\">[Fr]<\/p>\n\n\n\n<p class=\"has-verdana-font-family\" style=\"font-size:clamp(14px, 0.875rem + ((1vw - 3.2px) * 0.114), 15px);\"><em>\u00ab\u00a0At your Table\u00a0\u00bb<\/em><\/p>\n\n\n\n<p class=\"has-verdana-font-family\" style=\"margin-top:0px;margin-right:0px;margin-bottom:0px;margin-left:0px;padding-top:0px;padding-right:0px;padding-bottom:0px;padding-left:0px;font-size:clamp(14px, 0.875rem + ((1vw - 3.2px) * 0.114), 15px);\">Des FEMMES et des ARTISTES ont travaill\u00e9 sur un projet de dialogue et de cr\u00e9ations autour des traditions culinaires dans les cultures juives et arabes, et sur les jours de c\u00e9l\u00e9brations qui y sont associ\u00e9s. Ces temps qui rassemblent les familles, les amis ou les communaut\u00e9s.<\/p>\n\n\n\n<p class=\"has-verdana-font-family\" style=\"margin-top:0px;margin-right:0px;margin-bottom:0px;margin-left:0px;padding-top:0px;padding-right:0px;padding-bottom:0px;padding-left:0px;font-size:clamp(14px, 0.875rem + ((1vw - 3.2px) * 0.114), 15px);\">Tous les \u00e9l\u00e9ments de nourriture d\u00e9pendent du temps et des saisons, de la terre et de l&rsquo;agriculture. Cela conditionne les us et coutumes des hommes. A travers les arts culinaires et ses traditions, nous pouvons illustrer les diff\u00e9rences, les similitudes et les qualit\u00e9s universelles des cultures. Le projet \u00ab\u00a0\u00c0 votre table -TIME TABLE\u00a0\u00bb vise \u00e0 construire des ponts entre les diff\u00e9rences individuelles et collectives. Les Arts et les cultures sont des outils fantastiques pour cr\u00e9er un espace commun de partage et de r\u00e9flexion sur le monde. Gr\u00e2ce aux Histoires, Cultures, Patrimoines mat\u00e9riels ou immat\u00e9riels et aux expressions artistiques contemporaines, nous pouvons mieux apr\u00e9hender et comprendre nos diff\u00e9rences, nos similitudes et nos qualit\u00e9s universelles.<\/p>\n\n\n\n<p class=\"has-verdana-font-family\" style=\"font-size:clamp(14px, 0.875rem + ((1vw - 3.2px) * 0.114), 15px);\">[Engl]<\/p>\n\n\n\n<p class=\"has-verdana-font-family\" style=\"font-size:clamp(14px, 0.875rem + ((1vw - 3.2px) * 0.114), 15px);\"><em>\u00ab\u00a0At Your Table\u00a0\u00bb .<\/em><\/p>\n\n\n\n<p class=\"has-verdana-font-family\" style=\"margin-top:0px;margin-right:0px;margin-bottom:0px;margin-left:0px;padding-top:0px;padding-right:0px;padding-bottom:0px;padding-left:0px;font-size:clamp(14px, 0.875rem + ((1vw - 3.2px) * 0.114), 15px);\">WOMEN and ARTISTS worked on sharing dialogue and creations around nourishment and traditions, holidays or other daily celebrations: times of gathering together between families, friends or communities. All Food elements are the fruits of the weather, of the earth and of local agriculture in all the region of the world. It condition Men\u2019s habits and customs. Via the culinary arts, traditions, and daily family tells we can illustrate differences, similitude and universal qualities. The project \u201cAt your table -TIME TABLE\u201d is aiming to bridge between individuals and collective differences. The Arts and Expressions, born in the lands of the oriental or occidental Mediterranean shores are related to the unique, severe and beautiful characteristics of the people and of the land. Arts and Cultures are fantastic tools to create with a common space of sharing and reflecting about the world. Thanks to Histories, Cultures, materiel or non-materiel heritages and contemporary Artistic expressions we can better comprehend and understand our differences, our similitude and our universal virtues.<\/p>\n\n\n\n<div class=\"wp-block-buttons is-layout-flex wp-block-buttons-is-layout-flex\">\n<div class=\"wp-block-button has-custom-width wp-block-button__width-100 is-style-outline is-style-outline--1\"><a class=\"wp-block-button__link has-custom-font-size wp-element-button\" href=\"https:\/\/preprod.gmindia.tech\/mda\/wp-content\/uploads\/2025\/07\/COMM_20-_20PRESS_20-at_20your_20time_20-9_20dec_202014_20P.pdf\" style=\"border-width:1px;border-radius:0px;font-size:clamp(14px, 0.875rem + ((1vw - 3.2px) * 0.114), 15px);\" target=\"_blank\" rel=\"noreferrer noopener\"><strong>PRESS RELEASE<\/strong><\/a><\/div>\n<\/div>\n\n\n\n<div class=\"wp-block-buttons is-layout-flex wp-block-buttons-is-layout-flex\">\n<div class=\"wp-block-button has-custom-width wp-block-button__width-100 is-style-outline is-style-outline--2\"><a class=\"wp-block-button__link has-custom-font-size wp-element-button\" href=\"https:\/\/preprod.gmindia.tech\/mda\/wp-content\/uploads\/2025\/07\/slideshow-at_20your_20table-LASTR_20MEETING_20in_20Bethlechem-oct_2031_2012_p.pdf\" style=\"border-width:1px;border-radius:0px;font-size:clamp(14px, 0.875rem + ((1vw - 3.2px) * 0.114), 15px);\" target=\"_blank\" rel=\"noreferrer noopener\"><strong>SLIDESHOW DU PROJET<\/strong><\/a><\/div>\n<\/div>\n\n\n\n<figure class=\"wp-block-image aligncenter size-full\"><img loading=\"lazy\" decoding=\"async\" width=\"700\" height=\"906\" src=\"https:\/\/preprod.gmindia.tech\/mda\/wp-content\/uploads\/2025\/07\/invitation_20at_20your_20tableDEC_209_202014_Page_1.jpg\" alt=\"\" class=\"wp-image-5656\" srcset=\"https:\/\/preprod.gmindia.tech\/mda\/wp-content\/uploads\/2025\/07\/invitation_20at_20your_20tableDEC_209_202014_Page_1.jpg 700w, https:\/\/preprod.gmindia.tech\/mda\/wp-content\/uploads\/2025\/07\/invitation_20at_20your_20tableDEC_209_202014_Page_1-232x300.jpg 232w\" sizes=\"auto, (max-width: 700px) 100vw, 700px\" \/><\/figure>\n\n\n\n<figure class=\"wp-block-image aligncenter size-full\"><img loading=\"lazy\" decoding=\"async\" width=\"660\" height=\"480\" src=\"https:\/\/preprod.gmindia.tech\/mda\/wp-content\/uploads\/2025\/07\/At_20your_20table_20Dessin_202_20_282_29.jpg\" alt=\"\" class=\"wp-image-5657\" srcset=\"https:\/\/preprod.gmindia.tech\/mda\/wp-content\/uploads\/2025\/07\/At_20your_20table_20Dessin_202_20_282_29.jpg 660w, https:\/\/preprod.gmindia.tech\/mda\/wp-content\/uploads\/2025\/07\/At_20your_20table_20Dessin_202_20_282_29-300x218.jpg 300w\" sizes=\"auto, (max-width: 660px) 100vw, 660px\" \/><\/figure>\n\n\n\n<figure class=\"wp-block-image aligncenter size-full\"><img loading=\"lazy\" decoding=\"async\" width=\"675\" height=\"880\" src=\"https:\/\/preprod.gmindia.tech\/mda\/wp-content\/uploads\/2025\/07\/BDPages_20de_20invitation_20at_20your_20tableDEC_209_202014_20P2.jpg\" alt=\"\" class=\"wp-image-5658\" srcset=\"https:\/\/preprod.gmindia.tech\/mda\/wp-content\/uploads\/2025\/07\/BDPages_20de_20invitation_20at_20your_20tableDEC_209_202014_20P2.jpg 675w, https:\/\/preprod.gmindia.tech\/mda\/wp-content\/uploads\/2025\/07\/BDPages_20de_20invitation_20at_20your_20tableDEC_209_202014_20P2-230x300.jpg 230w\" sizes=\"auto, (max-width: 675px) 100vw, 675px\" \/><\/figure>\n\n\n\n<figure class=\"wp-block-image aligncenter size-full\"><img loading=\"lazy\" decoding=\"async\" width=\"480\" height=\"440\" src=\"https:\/\/preprod.gmindia.tech\/mda\/wp-content\/uploads\/2025\/07\/At_20your_20table_20Dessin_202_20_281_29.jpg\" alt=\"\" class=\"wp-image-5659\" srcset=\"https:\/\/preprod.gmindia.tech\/mda\/wp-content\/uploads\/2025\/07\/At_20your_20table_20Dessin_202_20_281_29.jpg 480w, https:\/\/preprod.gmindia.tech\/mda\/wp-content\/uploads\/2025\/07\/At_20your_20table_20Dessin_202_20_281_29-300x275.jpg 300w\" sizes=\"auto, (max-width: 480px) 100vw, 480px\" \/><\/figure>\n\n\n\n<figure class=\"wp-block-image aligncenter size-full\"><img loading=\"lazy\" decoding=\"async\" width=\"479\" height=\"640\" src=\"https:\/\/preprod.gmindia.tech\/mda\/wp-content\/uploads\/2025\/07\/At_20your_20table_20Dessin_202_20_286_29.jpg\" alt=\"\" class=\"wp-image-5660\" srcset=\"https:\/\/preprod.gmindia.tech\/mda\/wp-content\/uploads\/2025\/07\/At_20your_20table_20Dessin_202_20_286_29.jpg 479w, https:\/\/preprod.gmindia.tech\/mda\/wp-content\/uploads\/2025\/07\/At_20your_20table_20Dessin_202_20_286_29-225x300.jpg 225w\" sizes=\"auto, (max-width: 479px) 100vw, 479px\" \/><\/figure>\n\n\n\n<figure class=\"wp-block-image aligncenter size-full\"><img loading=\"lazy\" decoding=\"async\" width=\"480\" height=\"356\" src=\"https:\/\/preprod.gmindia.tech\/mda\/wp-content\/uploads\/2025\/07\/At_20your_20Table_201_20slideshow-at_20your_20table-oct_2031_2012_20_2893_29.jpg\" alt=\"\" class=\"wp-image-5661\" srcset=\"https:\/\/preprod.gmindia.tech\/mda\/wp-content\/uploads\/2025\/07\/At_20your_20Table_201_20slideshow-at_20your_20table-oct_2031_2012_20_2893_29.jpg 480w, https:\/\/preprod.gmindia.tech\/mda\/wp-content\/uploads\/2025\/07\/At_20your_20Table_201_20slideshow-at_20your_20table-oct_2031_2012_20_2893_29-300x223.jpg 300w\" sizes=\"auto, (max-width: 480px) 100vw, 480px\" \/><\/figure>\n","protected":false},"excerpt":{"rendered":"<p>COORDINATRICE DU PROJET Rebekka Windus En collaboration avec Doron Polak &#8211;&nbsp; le Mus\u00e9e des Artistes, et&nbsp;IBDAA, Kfar Yassif Israel \u2013 Palestine REPORTS &#8211; BILAN DIRCTION Margalit Berriet PROJECT COORDINATOR Rebekka Windus In collaboration with Doron Polak &#8211; The Artists Museum and&nbsp;IBDAA, Kfar Yassif [Fr] \u00ab\u00a0At your Table\u00a0\u00bb Des FEMMES et des ARTISTES ont travaill\u00e9 sur [&hellip;]<\/p>\n","protected":false},"author":1,"featured_media":0,"parent":0,"menu_order":0,"comment_status":"closed","ping_status":"closed","template":"wp-custom-template-page-with-sidebar","meta":{"footnotes":""},"class_list":["post-5639","page","type-page","status-publish","hentry"],"yoast_head":"<!-- This site is optimized with the Yoast SEO plugin v23.9 - https:\/\/yoast.com\/wordpress\/plugins\/seo\/ -->\n<title>ISRAEL - PALESTINE - \u00c0 VOTRE TABLE - M\u00e9moire de l&#039;Avenir<\/title>\n<meta name=\"robots\" content=\"index, follow, max-snippet:-1, max-image-preview:large, max-video-preview:-1\" \/>\n<link rel=\"canonical\" href=\"https:\/\/preprod.gmindia.tech\/mda\/crbst_61\/\" \/>\n<meta property=\"og:locale\" content=\"fr_FR\" \/>\n<meta property=\"og:type\" content=\"article\" \/>\n<meta property=\"og:title\" content=\"ISRAEL - PALESTINE - \u00c0 VOTRE TABLE - M\u00e9moire de l&#039;Avenir\" \/>\n<meta property=\"og:description\" content=\"COORDINATRICE DU PROJET Rebekka Windus En collaboration avec Doron Polak &#8211;&nbsp; le Mus\u00e9e des Artistes, et&nbsp;IBDAA, Kfar Yassif Israel \u2013 Palestine REPORTS &#8211; BILAN DIRCTION Margalit Berriet PROJECT COORDINATOR Rebekka Windus In collaboration with Doron Polak &#8211; The Artists Museum and&nbsp;IBDAA, Kfar Yassif [Fr] \u00ab\u00a0At your Table\u00a0\u00bb Des FEMMES et des ARTISTES ont travaill\u00e9 sur [&hellip;]\" \/>\n<meta property=\"og:url\" content=\"https:\/\/preprod.gmindia.tech\/mda\/crbst_61\/\" \/>\n<meta property=\"og:site_name\" content=\"M\u00e9moire de l&#039;Avenir\" \/>\n<meta property=\"article:modified_time\" content=\"2025-07-30T06:54:56+00:00\" \/>\n<meta property=\"og:image\" content=\"https:\/\/preprod.gmindia.tech\/mda\/wp-content\/uploads\/2025\/07\/1_20slideshow-at_20your_20table-oct_2031_2012_20_281_29.jpg\" \/>\n\t<meta property=\"og:image:width\" content=\"740\" \/>\n\t<meta property=\"og:image:height\" content=\"1053\" \/>\n\t<meta property=\"og:image:type\" content=\"image\/jpeg\" \/>\n<meta name=\"twitter:card\" content=\"summary_large_image\" \/>\n<meta name=\"twitter:label1\" content=\"Dur\u00e9e de lecture estim\u00e9e\" \/>\n\t<meta name=\"twitter:data1\" content=\"4 minutes\" \/>\n<script type=\"application\/ld+json\" class=\"yoast-schema-graph\">{\"@context\":\"https:\/\/schema.org\",\"@graph\":[{\"@type\":\"WebPage\",\"@id\":\"https:\/\/preprod.gmindia.tech\/mda\/crbst_61\/\",\"url\":\"https:\/\/preprod.gmindia.tech\/mda\/crbst_61\/\",\"name\":\"ISRAEL - PALESTINE - \u00c0 VOTRE TABLE - M\u00e9moire de l&#039;Avenir\",\"isPartOf\":{\"@id\":\"https:\/\/preprod.gmindia.tech\/mda\/#website\"},\"primaryImageOfPage\":{\"@id\":\"https:\/\/preprod.gmindia.tech\/mda\/crbst_61\/#primaryimage\"},\"image\":{\"@id\":\"https:\/\/preprod.gmindia.tech\/mda\/crbst_61\/#primaryimage\"},\"thumbnailUrl\":\"https:\/\/preprod.gmindia.tech\/mda\/wp-content\/uploads\/2025\/07\/1_20slideshow-at_20your_20table-oct_2031_2012_20_281_29-720x1024.jpg\",\"datePublished\":\"2025-07-30T06:32:11+00:00\",\"dateModified\":\"2025-07-30T06:54:56+00:00\",\"breadcrumb\":{\"@id\":\"https:\/\/preprod.gmindia.tech\/mda\/crbst_61\/#breadcrumb\"},\"inLanguage\":\"fr-FR\",\"potentialAction\":[{\"@type\":\"ReadAction\",\"target\":[\"https:\/\/preprod.gmindia.tech\/mda\/crbst_61\/\"]}]},{\"@type\":\"ImageObject\",\"inLanguage\":\"fr-FR\",\"@id\":\"https:\/\/preprod.gmindia.tech\/mda\/crbst_61\/#primaryimage\",\"url\":\"https:\/\/preprod.gmindia.tech\/mda\/wp-content\/uploads\/2025\/07\/1_20slideshow-at_20your_20table-oct_2031_2012_20_281_29.jpg\",\"contentUrl\":\"https:\/\/preprod.gmindia.tech\/mda\/wp-content\/uploads\/2025\/07\/1_20slideshow-at_20your_20table-oct_2031_2012_20_281_29.jpg\",\"width\":740,\"height\":1053},{\"@type\":\"BreadcrumbList\",\"@id\":\"https:\/\/preprod.gmindia.tech\/mda\/crbst_61\/#breadcrumb\",\"itemListElement\":[{\"@type\":\"ListItem\",\"position\":1,\"name\":\"Home\",\"item\":\"https:\/\/preprod.gmindia.tech\/mda\/\"},{\"@type\":\"ListItem\",\"position\":2,\"name\":\"ISRAEL &#8211; PALESTINE &#8211; \u00c0 VOTRE TABLE\"}]},{\"@type\":\"WebSite\",\"@id\":\"https:\/\/preprod.gmindia.tech\/mda\/#website\",\"url\":\"https:\/\/preprod.gmindia.tech\/mda\/\",\"name\":\"M\u00e9moire de l&#039;Avenir\",\"description\":\"\",\"publisher\":{\"@id\":\"https:\/\/preprod.gmindia.tech\/mda\/#organization\"},\"potentialAction\":[{\"@type\":\"SearchAction\",\"target\":{\"@type\":\"EntryPoint\",\"urlTemplate\":\"https:\/\/preprod.gmindia.tech\/mda\/?s={search_term_string}\"},\"query-input\":{\"@type\":\"PropertyValueSpecification\",\"valueRequired\":true,\"valueName\":\"search_term_string\"}}],\"inLanguage\":\"fr-FR\"},{\"@type\":\"Organization\",\"@id\":\"https:\/\/preprod.gmindia.tech\/mda\/#organization\",\"name\":\"M\u00e9moire de l&#039;Avenir\",\"url\":\"https:\/\/preprod.gmindia.tech\/mda\/\",\"logo\":{\"@type\":\"ImageObject\",\"inLanguage\":\"fr-FR\",\"@id\":\"https:\/\/preprod.gmindia.tech\/mda\/#\/schema\/logo\/image\/\",\"url\":\"https:\/\/preprod.gmindia.tech\/mda\/wp-content\/uploads\/2024\/01\/logo_20mda_2010202000.png\",\"contentUrl\":\"https:\/\/preprod.gmindia.tech\/mda\/wp-content\/uploads\/2024\/01\/logo_20mda_2010202000.png\",\"width\":123,\"height\":220,\"caption\":\"M\u00e9moire de l&#039;Avenir\"},\"image\":{\"@id\":\"https:\/\/preprod.gmindia.tech\/mda\/#\/schema\/logo\/image\/\"}}]}<\/script>\n<!-- \/ Yoast SEO plugin. -->","yoast_head_json":{"title":"ISRAEL - PALESTINE - \u00c0 VOTRE TABLE - M\u00e9moire de l&#039;Avenir","robots":{"index":"index","follow":"follow","max-snippet":"max-snippet:-1","max-image-preview":"max-image-preview:large","max-video-preview":"max-video-preview:-1"},"canonical":"https:\/\/preprod.gmindia.tech\/mda\/crbst_61\/","og_locale":"fr_FR","og_type":"article","og_title":"ISRAEL - PALESTINE - \u00c0 VOTRE TABLE - M\u00e9moire de l&#039;Avenir","og_description":"COORDINATRICE DU PROJET Rebekka Windus En collaboration avec Doron Polak &#8211;&nbsp; le Mus\u00e9e des Artistes, et&nbsp;IBDAA, Kfar Yassif Israel \u2013 Palestine REPORTS &#8211; BILAN DIRCTION Margalit Berriet PROJECT COORDINATOR Rebekka Windus In collaboration with Doron Polak &#8211; The Artists Museum and&nbsp;IBDAA, Kfar Yassif [Fr] \u00ab\u00a0At your Table\u00a0\u00bb Des FEMMES et des ARTISTES ont travaill\u00e9 sur [&hellip;]","og_url":"https:\/\/preprod.gmindia.tech\/mda\/crbst_61\/","og_site_name":"M\u00e9moire de l&#039;Avenir","article_modified_time":"2025-07-30T06:54:56+00:00","og_image":[{"width":740,"height":1053,"url":"https:\/\/preprod.gmindia.tech\/mda\/wp-content\/uploads\/2025\/07\/1_20slideshow-at_20your_20table-oct_2031_2012_20_281_29.jpg","type":"image\/jpeg"}],"twitter_card":"summary_large_image","twitter_misc":{"Dur\u00e9e de lecture estim\u00e9e":"4 minutes"},"schema":{"@context":"https:\/\/schema.org","@graph":[{"@type":"WebPage","@id":"https:\/\/preprod.gmindia.tech\/mda\/crbst_61\/","url":"https:\/\/preprod.gmindia.tech\/mda\/crbst_61\/","name":"ISRAEL - PALESTINE - \u00c0 VOTRE TABLE - M\u00e9moire de l&#039;Avenir","isPartOf":{"@id":"https:\/\/preprod.gmindia.tech\/mda\/#website"},"primaryImageOfPage":{"@id":"https:\/\/preprod.gmindia.tech\/mda\/crbst_61\/#primaryimage"},"image":{"@id":"https:\/\/preprod.gmindia.tech\/mda\/crbst_61\/#primaryimage"},"thumbnailUrl":"https:\/\/preprod.gmindia.tech\/mda\/wp-content\/uploads\/2025\/07\/1_20slideshow-at_20your_20table-oct_2031_2012_20_281_29-720x1024.jpg","datePublished":"2025-07-30T06:32:11+00:00","dateModified":"2025-07-30T06:54:56+00:00","breadcrumb":{"@id":"https:\/\/preprod.gmindia.tech\/mda\/crbst_61\/#breadcrumb"},"inLanguage":"fr-FR","potentialAction":[{"@type":"ReadAction","target":["https:\/\/preprod.gmindia.tech\/mda\/crbst_61\/"]}]},{"@type":"ImageObject","inLanguage":"fr-FR","@id":"https:\/\/preprod.gmindia.tech\/mda\/crbst_61\/#primaryimage","url":"https:\/\/preprod.gmindia.tech\/mda\/wp-content\/uploads\/2025\/07\/1_20slideshow-at_20your_20table-oct_2031_2012_20_281_29.jpg","contentUrl":"https:\/\/preprod.gmindia.tech\/mda\/wp-content\/uploads\/2025\/07\/1_20slideshow-at_20your_20table-oct_2031_2012_20_281_29.jpg","width":740,"height":1053},{"@type":"BreadcrumbList","@id":"https:\/\/preprod.gmindia.tech\/mda\/crbst_61\/#breadcrumb","itemListElement":[{"@type":"ListItem","position":1,"name":"Home","item":"https:\/\/preprod.gmindia.tech\/mda\/"},{"@type":"ListItem","position":2,"name":"ISRAEL &#8211; PALESTINE &#8211; \u00c0 VOTRE TABLE"}]},{"@type":"WebSite","@id":"https:\/\/preprod.gmindia.tech\/mda\/#website","url":"https:\/\/preprod.gmindia.tech\/mda\/","name":"M\u00e9moire de l&#039;Avenir","description":"","publisher":{"@id":"https:\/\/preprod.gmindia.tech\/mda\/#organization"},"potentialAction":[{"@type":"SearchAction","target":{"@type":"EntryPoint","urlTemplate":"https:\/\/preprod.gmindia.tech\/mda\/?s={search_term_string}"},"query-input":{"@type":"PropertyValueSpecification","valueRequired":true,"valueName":"search_term_string"}}],"inLanguage":"fr-FR"},{"@type":"Organization","@id":"https:\/\/preprod.gmindia.tech\/mda\/#organization","name":"M\u00e9moire de l&#039;Avenir","url":"https:\/\/preprod.gmindia.tech\/mda\/","logo":{"@type":"ImageObject","inLanguage":"fr-FR","@id":"https:\/\/preprod.gmindia.tech\/mda\/#\/schema\/logo\/image\/","url":"https:\/\/preprod.gmindia.tech\/mda\/wp-content\/uploads\/2024\/01\/logo_20mda_2010202000.png","contentUrl":"https:\/\/preprod.gmindia.tech\/mda\/wp-content\/uploads\/2024\/01\/logo_20mda_2010202000.png","width":123,"height":220,"caption":"M\u00e9moire de l&#039;Avenir"},"image":{"@id":"https:\/\/preprod.gmindia.tech\/mda\/#\/schema\/logo\/image\/"}}]}},"_links":{"self":[{"href":"https:\/\/preprod.gmindia.tech\/mda\/wp-json\/wp\/v2\/pages\/5639","targetHints":{"allow":["GET"]}}],"collection":[{"href":"https:\/\/preprod.gmindia.tech\/mda\/wp-json\/wp\/v2\/pages"}],"about":[{"href":"https:\/\/preprod.gmindia.tech\/mda\/wp-json\/wp\/v2\/types\/page"}],"author":[{"embeddable":true,"href":"https:\/\/preprod.gmindia.tech\/mda\/wp-json\/wp\/v2\/users\/1"}],"replies":[{"embeddable":true,"href":"https:\/\/preprod.gmindia.tech\/mda\/wp-json\/wp\/v2\/comments?post=5639"}],"version-history":[{"count":10,"href":"https:\/\/preprod.gmindia.tech\/mda\/wp-json\/wp\/v2\/pages\/5639\/revisions"}],"predecessor-version":[{"id":5663,"href":"https:\/\/preprod.gmindia.tech\/mda\/wp-json\/wp\/v2\/pages\/5639\/revisions\/5663"}],"wp:attachment":[{"href":"https:\/\/preprod.gmindia.tech\/mda\/wp-json\/wp\/v2\/media?parent=5639"}],"curies":[{"name":"wp","href":"https:\/\/api.w.org\/{rel}","templated":true}]}}