{"id":6000,"date":"2025-08-05T08:13:41","date_gmt":"2025-08-05T08:13:41","guid":{"rendered":"https:\/\/preprod.gmindia.tech\/mda\/?page_id=6000"},"modified":"2025-08-05T09:46:21","modified_gmt":"2025-08-05T09:46:21","slug":"crbst_317","status":"publish","type":"page","link":"https:\/\/preprod.gmindia.tech\/mda\/crbst_317\/","title":{"rendered":"MUSEE l4HOMME"},"content":{"rendered":"\n<p class=\"has-text-align-center has-verdana-font-family\" style=\"margin-top:0px;margin-right:0px;margin-bottom:0px;margin-left:0px;padding-top:0px;padding-right:0px;padding-bottom:0px;padding-left:0px;font-size:clamp(14.082px, 0.88rem + ((1vw - 3.2px) * 0.786), 21px);\">2005-2006<\/p>\n\n\n\n<p class=\"has-text-align-center has-verdana-font-family\" style=\"margin-top:0px;margin-right:0px;margin-bottom:0px;margin-left:0px;padding-top:0px;padding-right:0px;padding-bottom:0px;padding-left:0px;font-size:clamp(14.082px, 0.88rem + ((1vw - 3.2px) * 0.786), 21px);\">MUS\u00c9UM NATIONAL D\u2019HISTOIRE NATURELLE<\/p>\n\n\n\n<p class=\"has-text-align-center has-verdana-font-family\" style=\"margin-top:0px;margin-right:0px;margin-bottom:0px;margin-left:0px;padding-top:0px;padding-right:0px;padding-bottom:0px;padding-left:0px;font-size:clamp(14.082px, 0.88rem + ((1vw - 3.2px) * 0.786), 21px);\">&#8211; MUSEE DE l&rsquo;HOMME &#8211;<\/p>\n\n\n\n<p class=\"has-text-align-center has-text-color has-link-color has-verdana-font-family wp-elements-edbe7e65668e380b478290a430601d7c\" style=\"color:#559119;margin-top:0px;margin-right:0px;margin-bottom:0px;margin-left:0px;padding-top:0px;padding-right:0px;padding-bottom:0px;padding-left:0px;font-size:clamp(24.034px, 1.502rem + ((1vw - 3.2px) * 1.814), 40px);\">NAISSANCE<\/p>\n\n\n\n<p class=\"has-text-align-center has-verdana-font-family\" style=\"margin-top:0px;margin-right:0px;margin-bottom:0px;margin-left:0px;padding-top:0px;padding-right:0px;padding-bottom:0px;padding-left:0px;font-size:clamp(17.371px, 1.086rem + ((1vw - 3.2px) * 1.094), 27px);\">Gestes, objets et rituels<\/p>\n\n\n\n<figure class=\"wp-block-image aligncenter size-full\"><img loading=\"lazy\" decoding=\"async\" width=\"75\" height=\"88\" src=\"https:\/\/preprod.gmindia.tech\/mda\/wp-content\/uploads\/2025\/08\/logo_mnhn_credits.gif\" alt=\"\" class=\"wp-image-6001\"\/><\/figure>\n\n\n\n<figure class=\"wp-block-image aligncenter size-full\"><img loading=\"lazy\" decoding=\"async\" width=\"450\" height=\"327\" src=\"https:\/\/preprod.gmindia.tech\/mda\/wp-content\/uploads\/2025\/08\/PROG_20Expo1.jpg\" alt=\"\" class=\"wp-image-6002\" srcset=\"https:\/\/preprod.gmindia.tech\/mda\/wp-content\/uploads\/2025\/08\/PROG_20Expo1.jpg 450w, https:\/\/preprod.gmindia.tech\/mda\/wp-content\/uploads\/2025\/08\/PROG_20Expo1-300x218.jpg 300w\" sizes=\"auto, (max-width: 450px) 100vw, 450px\" \/><\/figure>\n\n\n\n<p class=\"has-text-align-center has-verdana-font-family\" style=\"margin-top:0px;margin-right:0px;margin-bottom:0px;margin-left:0px;padding-top:0px;padding-right:0px;padding-bottom:0px;padding-left:0px;font-size:clamp(16.834px, 1.052rem + ((1vw - 3.2px) * 1.042), 26px);\"><a href=\"https:\/\/preprod.gmindia.tech\/mda\/wp-content\/uploads\/2025\/08\/D_C3_A9pliant_naissances_20_281_29.pdf\" target=\"_blank\" rel=\"noreferrer noopener\">a propo | About<\/a><\/p>\n\n\n\n<p class=\"has-text-align-center has-verdana-font-family\" style=\"margin-top:0px;margin-right:0px;margin-bottom:0px;margin-left:0px;padding-top:0px;padding-right:0px;padding-bottom:0px;padding-left:0px;font-size:12px\"><a href=\"https:\/\/preprod.gmindia.tech\/mda\/wp-content\/uploads\/2025\/08\/D_C3_A9pliant_naissances_20_281_29.pdf\" target=\"_blank\" rel=\"noreferrer noopener\">\u00caTRE N\u00c9 NU &#8211; Atelier d\u2019art plastique propos\u00e9<\/a><\/p>\n\n\n\n<p class=\"has-text-align-center has-verdana-font-family\" style=\"margin-top:0px;margin-right:0px;margin-bottom:0px;margin-left:0px;padding-top:0px;padding-right:0px;padding-bottom:0px;padding-left:0px;font-size:12px\"><a href=\"https:\/\/preprod.gmindia.tech\/mda\/wp-content\/uploads\/2025\/08\/D_C3_A9pliant_naissances_20_281_29.pdf\" target=\"_blank\" rel=\"noreferrer noopener\">par l\u2019association<\/a><\/p>\n\n\n\n<p class=\"has-text-align-center has-verdana-font-family\" style=\"margin-top:0px;margin-right:0px;margin-bottom:0px;margin-left:0px;padding-top:0px;padding-right:0px;padding-bottom:0px;padding-left:0px;font-size:12px\"><a href=\"https:\/\/preprod.gmindia.tech\/mda\/wp-content\/uploads\/2025\/08\/D_C3_A9pliant_naissances_20_281_29.pdf\" target=\"_blank\" rel=\"noreferrer noopener\">M\u00e9moire de l\u2019Avenir.<\/a><\/p>\n\n\n\n<figure class=\"wp-block-image aligncenter size-full\"><img loading=\"lazy\" decoding=\"async\" width=\"320\" height=\"673\" src=\"https:\/\/preprod.gmindia.tech\/mda\/wp-content\/uploads\/2025\/08\/Centre_20Elisabeth_20carton_5B1_5D.jpg\" alt=\"\" class=\"wp-image-6005\" srcset=\"https:\/\/preprod.gmindia.tech\/mda\/wp-content\/uploads\/2025\/08\/Centre_20Elisabeth_20carton_5B1_5D.jpg 320w, https:\/\/preprod.gmindia.tech\/mda\/wp-content\/uploads\/2025\/08\/Centre_20Elisabeth_20carton_5B1_5D-143x300.jpg 143w\" sizes=\"auto, (max-width: 320px) 100vw, 320px\" \/><\/figure>\n\n\n\n<p class=\"has-verdana-font-family\" style=\"font-size:clamp(14px, 0.875rem + ((1vw - 3.2px) * 0.114), 15px);\">FR :<\/p>\n\n\n\n<p class=\"has-verdana-font-family\" style=\"margin-top:0px;margin-right:0px;margin-bottom:0px;margin-left:0px;padding-top:0px;padding-right:0px;padding-bottom:0px;padding-left:0px;font-size:clamp(14px, 0.875rem + ((1vw - 3.2px) * 0.114), 15px);\"><strong>NAISSANCES \u2013 Gestes, objets et rituels<\/strong><\/p>\n\n\n\n<p class=\"has-verdana-font-family\" style=\"margin-top:0px;margin-right:0px;margin-bottom:0px;margin-left:0px;padding-top:0px;padding-right:0px;padding-bottom:0px;padding-left:0px;font-size:clamp(14px, 0.875rem + ((1vw - 3.2px) * 0.114), 15px);\">Exposition au Mus\u00e9e de l\u2019Homme, du 9 novembre 2005 au 4 septembre 2006.<\/p>\n\n\n\n<p class=\"has-verdana-font-family\" style=\"margin-top:0px;margin-right:0px;margin-bottom:0px;margin-left:0px;padding-top:0px;padding-right:0px;padding-bottom:0px;padding-left:0px;font-size:clamp(14px, 0.875rem + ((1vw - 3.2px) * 0.114), 15px);\">Un voyage \u00e0 travers les pratiques, traditions et \u00e9motions li\u00e9es \u00e0 la naissance, d\u2019hier \u00e0 aujourd\u2019hui, en France et dans le monde.<\/p>\n\n\n\n<p class=\"has-verdana-font-family\" style=\"font-size:clamp(14px, 0.875rem + ((1vw - 3.2px) * 0.114), 15px);\">EN<\/p>\n\n\n\n<p class=\"has-verdana-font-family\" style=\"margin-top:0px;margin-right:0px;margin-bottom:0px;margin-left:0px;padding-top:0px;padding-right:0px;padding-bottom:0px;padding-left:0px;font-size:clamp(14px, 0.875rem + ((1vw - 3.2px) * 0.114), 15px);\"><strong>BIRTHS \u2013 Gestures, Objects and Rituals<\/strong><\/p>\n\n\n\n<p class=\"has-verdana-font-family\" style=\"margin-top:0px;margin-right:0px;margin-bottom:0px;margin-left:0px;padding-top:0px;padding-right:0px;padding-bottom:0px;padding-left:0px;font-size:clamp(14px, 0.875rem + ((1vw - 3.2px) * 0.114), 15px);\">Exhibition at the Mus\u00e9e de l\u2019Homme, from November 9, 2005 to September 4, 2006. A journey through the practices, traditions, and emotions surrounding birth, past and present, in France and around the world.<\/p>\n\n\n\n<figure class=\"wp-block-image aligncenter size-full\"><img loading=\"lazy\" decoding=\"async\" width=\"618\" height=\"800\" src=\"https:\/\/preprod.gmindia.tech\/mda\/wp-content\/uploads\/2025\/08\/MDA-Musee_20de_20L_27Homme_20AFFICHE.jpg\" alt=\"\" class=\"wp-image-6010\" srcset=\"https:\/\/preprod.gmindia.tech\/mda\/wp-content\/uploads\/2025\/08\/MDA-Musee_20de_20L_27Homme_20AFFICHE.jpg 618w, https:\/\/preprod.gmindia.tech\/mda\/wp-content\/uploads\/2025\/08\/MDA-Musee_20de_20L_27Homme_20AFFICHE-232x300.jpg 232w\" sizes=\"auto, (max-width: 618px) 100vw, 618px\" \/><\/figure>\n\n\n\n<figure class=\"wp-block-image aligncenter size-full\"><img loading=\"lazy\" decoding=\"async\" width=\"624\" height=\"419\" src=\"https:\/\/preprod.gmindia.tech\/mda\/wp-content\/uploads\/2025\/08\/1__20artists-2854.jpg\" alt=\"\" class=\"wp-image-6012\" srcset=\"https:\/\/preprod.gmindia.tech\/mda\/wp-content\/uploads\/2025\/08\/1__20artists-2854.jpg 624w, https:\/\/preprod.gmindia.tech\/mda\/wp-content\/uploads\/2025\/08\/1__20artists-2854-300x201.jpg 300w\" sizes=\"auto, (max-width: 624px) 100vw, 624px\" \/><\/figure>\n\n\n\n<p class=\"has-text-align-center has-arial-font-family\" style=\"font-size:clamp(14px, 0.875rem + ((1vw - 3.2px) * 0.341), 17px);\">Shalom Neuman<br>Marion Arbousset<br>Vincent Lefevre<br>Bahaa El -Dayaa<br>Margalit Berriet<br>Julianna Spita<br>Didier Gauduchau<br>Effie &amp; Amir Burenstien<br>Meniem Adwan<br>Sophie Arasse<br>@ Mus\u00e9e de l&rsquo;Homme<\/p>\n\n\n\n<div class=\"wp-block-columns is-layout-flex wp-container-core-columns-is-layout-28f84493 wp-block-columns-is-layout-flex\">\n<div class=\"wp-block-column is-layout-flow wp-block-column-is-layout-flow\">\n<figure class=\"wp-block-image alignright size-full\"><img loading=\"lazy\" decoding=\"async\" width=\"325\" height=\"433\" src=\"https:\/\/preprod.gmindia.tech\/mda\/wp-content\/uploads\/2025\/08\/KIF_2877-e1754386896301.jpg\" alt=\"\" class=\"wp-image-6016\" srcset=\"https:\/\/preprod.gmindia.tech\/mda\/wp-content\/uploads\/2025\/08\/KIF_2877-e1754386896301.jpg 325w, https:\/\/preprod.gmindia.tech\/mda\/wp-content\/uploads\/2025\/08\/KIF_2877-e1754386896301-225x300.jpg 225w\" sizes=\"auto, (max-width: 325px) 100vw, 325px\" \/><\/figure>\n<\/div>\n\n\n\n<div class=\"wp-block-column is-layout-flow wp-block-column-is-layout-flow\">\n<figure class=\"wp-block-image alignleft size-full\"><img loading=\"lazy\" decoding=\"async\" width=\"324\" height=\"433\" src=\"https:\/\/preprod.gmindia.tech\/mda\/wp-content\/uploads\/2025\/08\/KIF_2890-e1754386949845.jpg\" alt=\"\" class=\"wp-image-6017\" srcset=\"https:\/\/preprod.gmindia.tech\/mda\/wp-content\/uploads\/2025\/08\/KIF_2890-e1754386949845.jpg 324w, https:\/\/preprod.gmindia.tech\/mda\/wp-content\/uploads\/2025\/08\/KIF_2890-e1754386949845-224x300.jpg 224w\" sizes=\"auto, (max-width: 324px) 100vw, 324px\" \/><\/figure>\n<\/div>\n<\/div>\n\n\n\n<figure class=\"wp-block-image aligncenter size-full\"><img loading=\"lazy\" decoding=\"async\" width=\"649\" height=\"487\" src=\"https:\/\/preprod.gmindia.tech\/mda\/wp-content\/uploads\/2025\/08\/MUSEE_20DE_20l_27HOMME_202006_20NAISSANCE_20_287_29.jpg\" alt=\"\" class=\"wp-image-6018\" srcset=\"https:\/\/preprod.gmindia.tech\/mda\/wp-content\/uploads\/2025\/08\/MUSEE_20DE_20l_27HOMME_202006_20NAISSANCE_20_287_29.jpg 649w, https:\/\/preprod.gmindia.tech\/mda\/wp-content\/uploads\/2025\/08\/MUSEE_20DE_20l_27HOMME_202006_20NAISSANCE_20_287_29-300x225.jpg 300w\" sizes=\"auto, (max-width: 649px) 100vw, 649px\" \/><\/figure>\n\n\n\n<div class=\"wp-block-columns is-layout-flex wp-container-core-columns-is-layout-28f84493 wp-block-columns-is-layout-flex\">\n<div class=\"wp-block-column is-layout-flow wp-block-column-is-layout-flow\">\n<figure class=\"wp-block-image alignright size-full\"><img loading=\"lazy\" decoding=\"async\" width=\"323\" height=\"431\" src=\"https:\/\/preprod.gmindia.tech\/mda\/wp-content\/uploads\/2025\/08\/MUSEE_20DE_20l_27HOMME_202006_20NAISSANCE_20_2810_29.jpg\" alt=\"\" class=\"wp-image-6019\" srcset=\"https:\/\/preprod.gmindia.tech\/mda\/wp-content\/uploads\/2025\/08\/MUSEE_20DE_20l_27HOMME_202006_20NAISSANCE_20_2810_29.jpg 323w, https:\/\/preprod.gmindia.tech\/mda\/wp-content\/uploads\/2025\/08\/MUSEE_20DE_20l_27HOMME_202006_20NAISSANCE_20_2810_29-225x300.jpg 225w\" sizes=\"auto, (max-width: 323px) 100vw, 323px\" \/><\/figure>\n<\/div>\n\n\n\n<div class=\"wp-block-column is-layout-flow wp-block-column-is-layout-flow\">\n<figure class=\"wp-block-image alignleft size-full\"><img loading=\"lazy\" decoding=\"async\" width=\"323\" height=\"431\" src=\"https:\/\/preprod.gmindia.tech\/mda\/wp-content\/uploads\/2025\/08\/KIF_2870.jpg\" alt=\"\" class=\"wp-image-6020\" srcset=\"https:\/\/preprod.gmindia.tech\/mda\/wp-content\/uploads\/2025\/08\/KIF_2870.jpg 323w, https:\/\/preprod.gmindia.tech\/mda\/wp-content\/uploads\/2025\/08\/KIF_2870-225x300.jpg 225w\" sizes=\"auto, (max-width: 323px) 100vw, 323px\" \/><\/figure>\n<\/div>\n<\/div>\n","protected":false},"excerpt":{"rendered":"<p>2005-2006 MUS\u00c9UM NATIONAL D\u2019HISTOIRE NATURELLE &#8211; MUSEE DE l&rsquo;HOMME &#8211; NAISSANCE Gestes, objets et rituels a propo | About \u00caTRE N\u00c9 NU &#8211; Atelier d\u2019art plastique propos\u00e9 par l\u2019association M\u00e9moire de l\u2019Avenir. FR : NAISSANCES \u2013 Gestes, objets et rituels Exposition au Mus\u00e9e de l\u2019Homme, du 9 novembre 2005 au 4 septembre 2006. Un voyage [&hellip;]<\/p>\n","protected":false},"author":1,"featured_media":0,"parent":0,"menu_order":0,"comment_status":"closed","ping_status":"closed","template":"wp-custom-template-page-with-sidebar","meta":{"footnotes":""},"class_list":["post-6000","page","type-page","status-publish","hentry"],"yoast_head":"<!-- This site is optimized with the Yoast SEO plugin v23.9 - https:\/\/yoast.com\/wordpress\/plugins\/seo\/ -->\n<title>MUSEE l4HOMME - M\u00e9moire de l&#039;Avenir<\/title>\n<meta name=\"robots\" content=\"index, follow, max-snippet:-1, max-image-preview:large, max-video-preview:-1\" \/>\n<link rel=\"canonical\" href=\"https:\/\/preprod.gmindia.tech\/mda\/crbst_317\/\" \/>\n<meta property=\"og:locale\" content=\"fr_FR\" \/>\n<meta property=\"og:type\" content=\"article\" \/>\n<meta property=\"og:title\" content=\"MUSEE l4HOMME - M\u00e9moire de l&#039;Avenir\" \/>\n<meta property=\"og:description\" content=\"2005-2006 MUS\u00c9UM NATIONAL D\u2019HISTOIRE NATURELLE &#8211; MUSEE DE l&rsquo;HOMME &#8211; NAISSANCE Gestes, objets et rituels a propo | About \u00caTRE N\u00c9 NU &#8211; Atelier d\u2019art plastique propos\u00e9 par l\u2019association M\u00e9moire de l\u2019Avenir. FR : NAISSANCES \u2013 Gestes, objets et rituels Exposition au Mus\u00e9e de l\u2019Homme, du 9 novembre 2005 au 4 septembre 2006. Un voyage [&hellip;]\" \/>\n<meta property=\"og:url\" content=\"https:\/\/preprod.gmindia.tech\/mda\/crbst_317\/\" \/>\n<meta property=\"og:site_name\" content=\"M\u00e9moire de l&#039;Avenir\" \/>\n<meta property=\"article:modified_time\" content=\"2025-08-05T09:46:21+00:00\" \/>\n<meta property=\"og:image\" content=\"https:\/\/preprod.gmindia.tech\/mda\/wp-content\/uploads\/2025\/08\/logo_mnhn_credits.gif\" \/>\n\t<meta property=\"og:image:width\" content=\"75\" \/>\n\t<meta property=\"og:image:height\" content=\"88\" \/>\n\t<meta property=\"og:image:type\" content=\"image\/gif\" \/>\n<meta name=\"twitter:card\" content=\"summary_large_image\" \/>\n<meta name=\"twitter:label1\" content=\"Dur\u00e9e de lecture estim\u00e9e\" \/>\n\t<meta name=\"twitter:data1\" content=\"3 minutes\" \/>\n<script type=\"application\/ld+json\" class=\"yoast-schema-graph\">{\"@context\":\"https:\/\/schema.org\",\"@graph\":[{\"@type\":\"WebPage\",\"@id\":\"https:\/\/preprod.gmindia.tech\/mda\/crbst_317\/\",\"url\":\"https:\/\/preprod.gmindia.tech\/mda\/crbst_317\/\",\"name\":\"MUSEE l4HOMME - M\u00e9moire de l&#039;Avenir\",\"isPartOf\":{\"@id\":\"https:\/\/preprod.gmindia.tech\/mda\/#website\"},\"primaryImageOfPage\":{\"@id\":\"https:\/\/preprod.gmindia.tech\/mda\/crbst_317\/#primaryimage\"},\"image\":{\"@id\":\"https:\/\/preprod.gmindia.tech\/mda\/crbst_317\/#primaryimage\"},\"thumbnailUrl\":\"https:\/\/preprod.gmindia.tech\/mda\/wp-content\/uploads\/2025\/08\/logo_mnhn_credits.gif\",\"datePublished\":\"2025-08-05T08:13:41+00:00\",\"dateModified\":\"2025-08-05T09:46:21+00:00\",\"breadcrumb\":{\"@id\":\"https:\/\/preprod.gmindia.tech\/mda\/crbst_317\/#breadcrumb\"},\"inLanguage\":\"fr-FR\",\"potentialAction\":[{\"@type\":\"ReadAction\",\"target\":[\"https:\/\/preprod.gmindia.tech\/mda\/crbst_317\/\"]}]},{\"@type\":\"ImageObject\",\"inLanguage\":\"fr-FR\",\"@id\":\"https:\/\/preprod.gmindia.tech\/mda\/crbst_317\/#primaryimage\",\"url\":\"https:\/\/preprod.gmindia.tech\/mda\/wp-content\/uploads\/2025\/08\/logo_mnhn_credits.gif\",\"contentUrl\":\"https:\/\/preprod.gmindia.tech\/mda\/wp-content\/uploads\/2025\/08\/logo_mnhn_credits.gif\",\"width\":75,\"height\":88},{\"@type\":\"BreadcrumbList\",\"@id\":\"https:\/\/preprod.gmindia.tech\/mda\/crbst_317\/#breadcrumb\",\"itemListElement\":[{\"@type\":\"ListItem\",\"position\":1,\"name\":\"Home\",\"item\":\"https:\/\/preprod.gmindia.tech\/mda\/\"},{\"@type\":\"ListItem\",\"position\":2,\"name\":\"MUSEE l4HOMME\"}]},{\"@type\":\"WebSite\",\"@id\":\"https:\/\/preprod.gmindia.tech\/mda\/#website\",\"url\":\"https:\/\/preprod.gmindia.tech\/mda\/\",\"name\":\"M\u00e9moire de l&#039;Avenir\",\"description\":\"\",\"publisher\":{\"@id\":\"https:\/\/preprod.gmindia.tech\/mda\/#organization\"},\"potentialAction\":[{\"@type\":\"SearchAction\",\"target\":{\"@type\":\"EntryPoint\",\"urlTemplate\":\"https:\/\/preprod.gmindia.tech\/mda\/?s={search_term_string}\"},\"query-input\":{\"@type\":\"PropertyValueSpecification\",\"valueRequired\":true,\"valueName\":\"search_term_string\"}}],\"inLanguage\":\"fr-FR\"},{\"@type\":\"Organization\",\"@id\":\"https:\/\/preprod.gmindia.tech\/mda\/#organization\",\"name\":\"M\u00e9moire de l&#039;Avenir\",\"url\":\"https:\/\/preprod.gmindia.tech\/mda\/\",\"logo\":{\"@type\":\"ImageObject\",\"inLanguage\":\"fr-FR\",\"@id\":\"https:\/\/preprod.gmindia.tech\/mda\/#\/schema\/logo\/image\/\",\"url\":\"https:\/\/preprod.gmindia.tech\/mda\/wp-content\/uploads\/2024\/01\/logo_20mda_2010202000.png\",\"contentUrl\":\"https:\/\/preprod.gmindia.tech\/mda\/wp-content\/uploads\/2024\/01\/logo_20mda_2010202000.png\",\"width\":123,\"height\":220,\"caption\":\"M\u00e9moire de l&#039;Avenir\"},\"image\":{\"@id\":\"https:\/\/preprod.gmindia.tech\/mda\/#\/schema\/logo\/image\/\"}}]}<\/script>\n<!-- \/ Yoast SEO plugin. -->","yoast_head_json":{"title":"MUSEE l4HOMME - M\u00e9moire de l&#039;Avenir","robots":{"index":"index","follow":"follow","max-snippet":"max-snippet:-1","max-image-preview":"max-image-preview:large","max-video-preview":"max-video-preview:-1"},"canonical":"https:\/\/preprod.gmindia.tech\/mda\/crbst_317\/","og_locale":"fr_FR","og_type":"article","og_title":"MUSEE l4HOMME - M\u00e9moire de l&#039;Avenir","og_description":"2005-2006 MUS\u00c9UM NATIONAL D\u2019HISTOIRE NATURELLE &#8211; MUSEE DE l&rsquo;HOMME &#8211; NAISSANCE Gestes, objets et rituels a propo | About \u00caTRE N\u00c9 NU &#8211; Atelier d\u2019art plastique propos\u00e9 par l\u2019association M\u00e9moire de l\u2019Avenir. FR : NAISSANCES \u2013 Gestes, objets et rituels Exposition au Mus\u00e9e de l\u2019Homme, du 9 novembre 2005 au 4 septembre 2006. Un voyage [&hellip;]","og_url":"https:\/\/preprod.gmindia.tech\/mda\/crbst_317\/","og_site_name":"M\u00e9moire de l&#039;Avenir","article_modified_time":"2025-08-05T09:46:21+00:00","og_image":[{"width":75,"height":88,"url":"https:\/\/preprod.gmindia.tech\/mda\/wp-content\/uploads\/2025\/08\/logo_mnhn_credits.gif","type":"image\/gif"}],"twitter_card":"summary_large_image","twitter_misc":{"Dur\u00e9e de lecture estim\u00e9e":"3 minutes"},"schema":{"@context":"https:\/\/schema.org","@graph":[{"@type":"WebPage","@id":"https:\/\/preprod.gmindia.tech\/mda\/crbst_317\/","url":"https:\/\/preprod.gmindia.tech\/mda\/crbst_317\/","name":"MUSEE l4HOMME - M\u00e9moire de l&#039;Avenir","isPartOf":{"@id":"https:\/\/preprod.gmindia.tech\/mda\/#website"},"primaryImageOfPage":{"@id":"https:\/\/preprod.gmindia.tech\/mda\/crbst_317\/#primaryimage"},"image":{"@id":"https:\/\/preprod.gmindia.tech\/mda\/crbst_317\/#primaryimage"},"thumbnailUrl":"https:\/\/preprod.gmindia.tech\/mda\/wp-content\/uploads\/2025\/08\/logo_mnhn_credits.gif","datePublished":"2025-08-05T08:13:41+00:00","dateModified":"2025-08-05T09:46:21+00:00","breadcrumb":{"@id":"https:\/\/preprod.gmindia.tech\/mda\/crbst_317\/#breadcrumb"},"inLanguage":"fr-FR","potentialAction":[{"@type":"ReadAction","target":["https:\/\/preprod.gmindia.tech\/mda\/crbst_317\/"]}]},{"@type":"ImageObject","inLanguage":"fr-FR","@id":"https:\/\/preprod.gmindia.tech\/mda\/crbst_317\/#primaryimage","url":"https:\/\/preprod.gmindia.tech\/mda\/wp-content\/uploads\/2025\/08\/logo_mnhn_credits.gif","contentUrl":"https:\/\/preprod.gmindia.tech\/mda\/wp-content\/uploads\/2025\/08\/logo_mnhn_credits.gif","width":75,"height":88},{"@type":"BreadcrumbList","@id":"https:\/\/preprod.gmindia.tech\/mda\/crbst_317\/#breadcrumb","itemListElement":[{"@type":"ListItem","position":1,"name":"Home","item":"https:\/\/preprod.gmindia.tech\/mda\/"},{"@type":"ListItem","position":2,"name":"MUSEE l4HOMME"}]},{"@type":"WebSite","@id":"https:\/\/preprod.gmindia.tech\/mda\/#website","url":"https:\/\/preprod.gmindia.tech\/mda\/","name":"M\u00e9moire de l&#039;Avenir","description":"","publisher":{"@id":"https:\/\/preprod.gmindia.tech\/mda\/#organization"},"potentialAction":[{"@type":"SearchAction","target":{"@type":"EntryPoint","urlTemplate":"https:\/\/preprod.gmindia.tech\/mda\/?s={search_term_string}"},"query-input":{"@type":"PropertyValueSpecification","valueRequired":true,"valueName":"search_term_string"}}],"inLanguage":"fr-FR"},{"@type":"Organization","@id":"https:\/\/preprod.gmindia.tech\/mda\/#organization","name":"M\u00e9moire de l&#039;Avenir","url":"https:\/\/preprod.gmindia.tech\/mda\/","logo":{"@type":"ImageObject","inLanguage":"fr-FR","@id":"https:\/\/preprod.gmindia.tech\/mda\/#\/schema\/logo\/image\/","url":"https:\/\/preprod.gmindia.tech\/mda\/wp-content\/uploads\/2024\/01\/logo_20mda_2010202000.png","contentUrl":"https:\/\/preprod.gmindia.tech\/mda\/wp-content\/uploads\/2024\/01\/logo_20mda_2010202000.png","width":123,"height":220,"caption":"M\u00e9moire de l&#039;Avenir"},"image":{"@id":"https:\/\/preprod.gmindia.tech\/mda\/#\/schema\/logo\/image\/"}}]}},"_links":{"self":[{"href":"https:\/\/preprod.gmindia.tech\/mda\/wp-json\/wp\/v2\/pages\/6000","targetHints":{"allow":["GET"]}}],"collection":[{"href":"https:\/\/preprod.gmindia.tech\/mda\/wp-json\/wp\/v2\/pages"}],"about":[{"href":"https:\/\/preprod.gmindia.tech\/mda\/wp-json\/wp\/v2\/types\/page"}],"author":[{"embeddable":true,"href":"https:\/\/preprod.gmindia.tech\/mda\/wp-json\/wp\/v2\/users\/1"}],"replies":[{"embeddable":true,"href":"https:\/\/preprod.gmindia.tech\/mda\/wp-json\/wp\/v2\/comments?post=6000"}],"version-history":[{"count":9,"href":"https:\/\/preprod.gmindia.tech\/mda\/wp-json\/wp\/v2\/pages\/6000\/revisions"}],"predecessor-version":[{"id":6025,"href":"https:\/\/preprod.gmindia.tech\/mda\/wp-json\/wp\/v2\/pages\/6000\/revisions\/6025"}],"wp:attachment":[{"href":"https:\/\/preprod.gmindia.tech\/mda\/wp-json\/wp\/v2\/media?parent=6000"}],"curies":[{"name":"wp","href":"https:\/\/api.w.org\/{rel}","templated":true}]}}