{"id":69,"date":"2024-01-11T11:56:01","date_gmt":"2024-01-11T11:56:01","guid":{"rendered":"http:\/\/localhost\/mda-variations-plugin\/?page_id=69"},"modified":"2025-08-13T12:33:26","modified_gmt":"2025-08-13T12:33:26","slug":"hasproject","status":"publish","type":"page","link":"https:\/\/preprod.gmindia.tech\/mda\/hasproject\/","title":{"rendered":"HUMANITIES,\u00a0ARTS\u00a0AND\u00a0SOCIETY"},"content":{"rendered":"\n<div class=\"wp-block-group alignwide eplus-wrapper has-global-padding is-layout-constrained wp-block-group-is-layout-constrained\">\n<div class=\"wp-block-columns alignwide eplus-wrapper is-layout-flex wp-container-core-columns-is-layout-803121f9 wp-block-columns-is-layout-flex\" style=\"margin-top:7.01rem;margin-bottom:2.01rem\">\n<div class=\"wp-block-column eplus-wrapper is-layout-flow wp-block-column-is-layout-flow\">\n<h3 class=\"wp-block-heading eplus-wrapper\"><strong>HUMANITIES, ARTS AND SOCIETY<\/strong><\/h3>\n\n\n\n<h3 class=\"wp-block-heading eplus-wrapper has-text-color has-link-color wp-elements-75aa28941ea88783887971bd35451304\" style=\"color:#5c5c5c\"><strong>Le projet<\/strong><\/h3>\n\n\n\n<div style=\"height:40px\" aria-hidden=\"true\" class=\"wp-block-spacer eplus-wrapper\"><\/div>\n\n\n\n<style>\n    .video-container {\n        position: relative;\n        padding-bottom: 56.25%; \/* 16:9 aspect ratio *\/\n        height: 0;\n        overflow: hidden;\n    }\n    \n    .video-container iframe {\n        position: absolute;\n        top: 0;\n        left: 0;\n        width: 100%;\n        height: 100%;\n    }\n<\/style>\n\n<div class=\"video-container\">\n    <iframe src=\"https:\/\/player.vimeo.com\/video\/228940341?title=0&amp;byline=0&amp;portrait=0\" frameborder=\"0\" webkitallowfullscreen=\"\" mozallowfullscreen=\"\" allowfullscreen=\"\"><\/iframe>\n<\/div>\n\n\n\n<p class=\"eplus-wrapper has-small-font-size\">Video by Camille PIAZZO _ Sound trak by BRIGANDE<br>\u00a9 M\u00e9moire de l&rsquo;Avenir &#8211; IYGU<\/p>\n\n\n\n<div style=\"height:22px\" aria-hidden=\"true\" class=\"wp-block-spacer eplus-wrapper\"><\/div>\n\n\n\n<div class=\"wp-block-buttons eplus-wrapper is-content-justification-left is-layout-flex wp-container-core-buttons-is-layout-27fe49f6 wp-block-buttons-is-layout-flex\" style=\"margin-top:50px;margin-bottom:30px\">\n<div class=\"wp-block-button eplus-wrapper is-style-outline is-style-outline--1\"><a class=\"wp-block-button__link has-border-color has-small-font-size has-text-align-center has-custom-font-size wp-element-button\" href=\"https:\/\/preprod.gmindia.tech\/mda\/wp-content\/uploads\/2024\/02\/0__20HAS_20__20GLOBAL_20-_20Charte_20.pdf\" style=\"border-color:#040202;border-style:solid;border-width:1px;border-radius:0px;padding-top:6px;padding-right:45px;padding-bottom:6px;padding-left:45px\" target=\"_blank\" rel=\"noreferrer noopener\">CHARTE<\/a><\/div>\n\n\n\n<div class=\"wp-block-button eplus-wrapper is-style-outline is-style-outline--2\"><a class=\"wp-block-button__link has-border-color has-small-font-size has-custom-font-size wp-element-button\" href=\"https:\/\/preprod.gmindia.tech\/mda\/wp-content\/uploads\/2025\/08\/1__20ENG_2BFR_20CHARTE_20MDA-HAS.pdf\" style=\"border-color:#040202;border-style:solid;border-width:1px;border-radius:0px;padding-top:6px;padding-right:45px;padding-bottom:6px;padding-left:45px\" target=\"_blank\" rel=\"noreferrer noopener\">CHARTE MEMOIRE DE L&rsquo;AVENIR<\/a><\/div>\n<\/div>\n\n\n\n<div style=\"height:22px\" aria-hidden=\"true\" class=\"wp-block-spacer eplus-wrapper\"><\/div>\n\n\n\n<div class=\"wp-block-columns eplus-wrapper is-layout-flex wp-container-core-columns-is-layout-28f84493 wp-block-columns-is-layout-flex\">\n<div class=\"wp-block-column eplus-wrapper is-layout-flow wp-block-column-is-layout-flow\">\n<h4 class=\"wp-block-heading eplus-wrapper\" style=\"font-size:clamp(17.905px, 1.119rem + ((1vw - 3.2px) * 1.147), 28px);\"><strong>LA PLATEFORME<br>ET LES PROJETS<\/strong><\/h4>\n<\/div>\n\n\n\n<div class=\"wp-block-column eplus-wrapper is-layout-flow wp-block-column-is-layout-flow\">\n<figure class=\"wp-block-image size-full eplus-wrapper\"><img loading=\"lazy\" decoding=\"async\" width=\"378\" height=\"114\" src=\"https:\/\/preprod.gmindia.tech\/mda\/wp-content\/uploads\/2024\/01\/Webp_net-gifmaker20.gif\" alt=\"\" class=\"wp-image-259\"\/><\/figure>\n<\/div>\n\n\n\n<div class=\"wp-block-column eplus-wrapper is-layout-flow wp-block-column-is-layout-flow\">\n<figure class=\"wp-block-image size-full eplus-wrapper\"><a href=\"https:\/\/humanitiesartsandsociety.org\/\" target=\"_blank\"><img loading=\"lazy\" decoding=\"async\" width=\"152\" height=\"140\" src=\"https:\/\/preprod.gmindia.tech\/mda\/wp-content\/uploads\/2024\/01\/Logo_20HAS_20def_Plan_20de_20travail_201_20copie_204.png\" alt=\"\" class=\"wp-image-260\"\/><\/a><\/figure>\n<\/div>\n<\/div>\n\n\n\n<h2 class=\"wp-block-heading has-text-align-center\"><a href=\"https:\/\/humanitiesartsandsociety.org\/artists\/\" target=\"_blank\">THE ARTISTS<\/a><\/h2>\n\n\n\n<p class=\"eplus-wrapper\" style=\"font-size:clamp(14px, 0.875rem + ((1vw - 3.2px) * 0.568), 19px);\">Humanities, Arts and Society est un projet de&nbsp;<a href=\"http:\/\/www.unesco.org\/new\/en\/social-and-human-sciences\/themes\/most-programme\/\" target=\"_blank\">UNESCO &#8211; Most<\/a>&nbsp; &#8211;&nbsp;&nbsp;<a href=\"http:\/\/www.cipsh.net\/htm\/\" target=\"_blank\">C.I.P.S.H&nbsp;<\/a>&#8211;&nbsp;<a href=\"http:\/\/www.gcac.org.sg\/en\/home\/\" target=\"_blank\">G.C.A.C&nbsp;<\/a>&#8211; M\u00e9moire de l\u2019Avenir<\/p>\n\n\n\n<p class=\"eplus-wrapper\" style=\"font-size:clamp(14px, 0.875rem + ((1vw - 3.2px) * 0.568), 19px);\">Humanities, Arts and Society invite les artistes, les chercheurs et les porteurs de projets cr\u00e9atifs, travaillant individuellement ou en collectif, \u00e0 pr\u00e9senter leur motivations, leurs&nbsp; objectifs et l&rsquo;impact de leur&nbsp; travail sur la soci\u00e9t\u00e9 sous format vid\u00e9o, accompagn\u00e9e d&rsquo;un texte et d&rsquo;un dossier.<\/p>\n\n\n\n<p class=\"eplus-wrapper\" style=\"font-size:clamp(14px, 0.875rem + ((1vw - 3.2px) * 0.568), 19px);\">Cet appel international a \u00e9t\u00e9 lanc\u00e9 dans le cadre de la Conf\u00e9rence mondiale des sciences humaines de 2017.<\/p>\n\n\n\n<p class=\"eplus-wrapper\" style=\"font-size:clamp(14px, 0.875rem + ((1vw - 3.2px) * 0.568), 19px);\">Des projets \u00e9t\u00e9 re\u00e7ues du monde entier, d&rsquo;artistes travaillant dans les disciplines des arts visuels, de la photographie, du cin\u00e9ma, de la musique, de la performance, de l&rsquo;\u00e9criture cr\u00e9ative, de l&rsquo;architecture, de l&rsquo;art culinaire, de l&rsquo;artisanat, et plus encore, avec des d\u00e9fis sociaux incluant l&rsquo;\u00e9cologie, la discrimination, l&rsquo;urbanisme, la migration, la m\u00e9moire culturelle, la coexistence, l&rsquo;\u00e9ducation, l&rsquo;\u00e9conomie et la politique.<\/p>\n\n\n\n<p class=\"eplus-wrapper\" style=\"font-size:clamp(14px, 0.875rem + ((1vw - 3.2px) * 0.568), 19px);\">Les projets peuvent \u00eatre consult\u00e9s sur Artistes et projets et sur la carte interactive.<\/p>\n\n\n\n<p class=\"eplus-wrapper\" style=\"font-size:clamp(14px, 0.875rem + ((1vw - 3.2px) * 0.568), 19px);\">La plateforme \u00ab\u00a0Humanit\u00e9s, arts et soci\u00e9t\u00e9\u00a0\u00bb continue de pr\u00e9senter ces projets et invite les artistes \u00e0 se joindre \u00e0 ce mouvement mondial, en d\u00e9montrant comment les arts, la culture et la cr\u00e9ativit\u00e9 ont un impact sur la soci\u00e9t\u00e9.<\/p>\n\n\n\n<p class=\"eplus-wrapper\" style=\"font-size:clamp(16.293px, 1.018rem + ((1vw - 3.2px) * 0.989), 25px);\"><a href=\"https:\/\/humanitiesartsandsociety.org\/get-involved\/\" target=\"_blank\" target=\"_blank\" rel=\"noreferrer noopener\"><strong>PARTICIPEZ !<\/strong><\/a><\/p>\n\n\n\n<p class=\"eplus-wrapper\" style=\"font-size:clamp(14px, 0.875rem + ((1vw - 3.2px) * 0.568), 19px);\"><strong>Pour participer, envoyez-nous une courte vid\u00e9o dans votre langue maternelle, sous-titr\u00e9e en anglais, d\u00e9crivant votre pratique et votre travail artistiques, y compris :<\/strong><\/p>\n\n\n\n<p class=\"eplus-wrapper\" style=\"font-size:clamp(14px, 0.875rem + ((1vw - 3.2px) * 0.568), 19px);\">&#8211; Vos motivations<br>&#8211; Vos objectifs<br>&#8211; L&rsquo;impact de votre travail dans la soci\u00e9t\u00e9<\/p>\n\n\n\n<p class=\"eplus-wrapper\" style=\"font-size:clamp(14px, 0.875rem + ((1vw - 3.2px) * 0.568), 19px);\"><strong>Exigences en mati\u00e8re de vid\u00e9o:<\/strong><\/p>\n\n\n\n<p class=\"eplus-wrapper\" style=\"font-size:clamp(14px, 0.875rem + ((1vw - 3.2px) * 0.568), 19px);\">&#8211; La vid\u00e9o ne doit pas d\u00e9passer 1 minute 30 secondes<br>&#8211; D\u00e9crivez votre pratique et votre travail artistique, vos motivations, vos objectifs et l&rsquo;impact de votre travail dans la soci\u00e9t\u00e9. La mani\u00e8re dont vous souhaitez pr\u00e9senter votre travail vous appartient &#8211; les choix cr\u00e9atifs et visuels sont les bienvenus<br>&#8211; Doit \u00eatre enregistr\u00e9 dans votre langue maternelle et comporter des sous-titres en anglais<br>&#8211; Si possible, la vid\u00e9o doit \u00eatre enregistr\u00e9e en full HD et au format MP4, avec un son de 3dBU<br>&#8211; Doit \u00eatre libre de droits d&rsquo;utilisation (avant de publier votre mat\u00e9riel, nous vous demanderons de signer un accord concernant son utilisation). Les vid\u00e9os seront t\u00e9l\u00e9charg\u00e9es sur le compte vid\u00e9o Arts et soci\u00e9t\u00e9.<br>&#8211; Votre travail artistique doit \u00eatre visible, entendu ou inclus d&rsquo;une autre mani\u00e8re dans la vid\u00e9o<br>&#8211; Aucune connotation p\u00e9jorative, propagande ou d\u00e9claration discriminatoire ne sera accept\u00e9e<\/p>\n\n\n\n<p class=\"eplus-wrapper\" style=\"font-size:clamp(14px, 0.875rem + ((1vw - 3.2px) * 0.568), 19px);\"><strong>Documents compl\u00e9mentaires<\/strong><\/p>\n\n\n\n<p class=\"eplus-wrapper\" style=\"font-size:clamp(14px, 0.875rem + ((1vw - 3.2px) * 0.568), 19px);\">&#8211; Une pr\u00e9sentation comprenant votre nom, votre pays, la ou les disciplines artistiques, le site web<br>&#8211; Une description de votre projet (disciplines, sujets) en anglais<br>&#8211; Vos objectifs en tant qu&rsquo;artiste et\/ou l&rsquo;impact de votre travail dans les communaut\u00e9s locales, nationales ou mondiales<br>&#8211; Jusqu&rsquo;\u00e0 10 visuels en HD repr\u00e9sentant votre projet<\/p>\n\n\n\n<p class=\"eplus-wrapper\" style=\"font-size:clamp(14px, 0.875rem + ((1vw - 3.2px) * 0.568), 19px);\">Veuillez envoyer votre dossier comprenant votre vid\u00e9o et des documents suppl\u00e9mentaires \u00e0&nbsp;<strong>contact@humanitiesartsandsociety.org<\/strong>&nbsp;par courrier \u00e9lectronique ou par transfert de fichiers.<\/p>\n\n\n\n<p class=\"eplus-wrapper\" style=\"font-size:clamp(14px, 0.875rem + ((1vw - 3.2px) * 0.568), 19px);\">Les vid\u00e9os accept\u00e9es seront publi\u00e9es sur la page&nbsp;<em>Artists and Projects&nbsp;<\/em>et accessibles gratuitement. Les vid\u00e9os et les pr\u00e9sentations seront \u00e9galement adapt\u00e9es et publi\u00e9es sur les comptes Humanities, Arts and Society Instagram et Facebook.<\/p>\n\n\n\n<p class=\"eplus-wrapper\" style=\"font-size:clamp(14px, 0.875rem + ((1vw - 3.2px) * 0.114), 15px);\"><a href=\"https:\/\/www.instagram.com\/humanitiesartsandsociety\/\" target=\"_blank\"><strong>Instagram<\/strong><\/a><br><a href=\"https:\/\/www.facebook.com\/humanitiesartssociety\/\" target=\"_blank\"><strong>Facebook<\/strong><\/a><br><a href=\"https:\/\/twitter.com\/H_Arts_Society\" target=\"_blank\"><strong>Twitter<\/strong><\/a><\/p>\n\n\n\n<p class=\"eplus-wrapper\" style=\"font-size:clamp(14px, 0.875rem + ((1vw - 3.2px) * 0.568), 19px);\">Les artistes et les projets peuvent \u00e9galement \u00eatre inclus dans des \u00e9v\u00e9nements internationaux auxquels Humanities Arts and Society participe, dans le but de partager et d&rsquo;accro\u00eetre la connaissance des cultures et de la mani\u00e8re dont les arts, le patrimoine culturel, la langue et la cr\u00e9ativit\u00e9 contribuent \u00e0 favoriser les dialogues interculturels, le respect et la compr\u00e9hension mutuels.<\/p>\n\n\n\n<div class=\"wp-block-buttons eplus-wrapper is-content-justification-center is-layout-flex wp-container-core-buttons-is-layout-a89b3969 wp-block-buttons-is-layout-flex\">\n<div class=\"wp-block-button has-custom-width wp-block-button__width-75 is-style-fill eplus-wrapper\"><a href=\"https:\/\/humanitiesartsandsociety.org\/get-involved\/\" target=\"_blank\" style=\"border-color:#040202;border-style:solid;border-width:1px;border-radius:0px;background-color:#fefefe;padding-top:6px;padding-right:45px;padding-bottom:6px;padding-left:45px;font-size:clamp(33.419px, 2.089rem + ((1vw - 3.2px) * 3.021), 60px);\" target=\"_blank\" rel=\"noreferrer noopener\"><strong>PARTICIPEZ&nbsp;!<\/strong><\/a><\/div>\n<\/div>\n\n\n\n<div style=\"height:150px\" aria-hidden=\"true\" class=\"wp-block-spacer eplus-wrapper\"><\/div>\n\n\n\n<p class=\"eplus-wrapper\" style=\"font-size:clamp(27.894px, 1.743rem + ((1vw - 3.2px) * 2.285), 48px);\"><strong>PARTENAIRES DU PROJET<\/strong><\/p>\n\n\n\n<div class=\"wp-block-columns eplus-wrapper is-layout-flex wp-container-core-columns-is-layout-28f84493 wp-block-columns-is-layout-flex\">\n<div class=\"wp-block-column eplus-wrapper is-layout-flow wp-block-column-is-layout-flow\">\n<figure class=\"wp-block-image size-full eplus-wrapper\"><img loading=\"lazy\" decoding=\"async\" width=\"190\" height=\"160\" src=\"https:\/\/preprod.gmindia.tech\/mda\/wp-content\/uploads\/2024\/01\/unesco_most_fre_B_20new_2020210.png\" alt=\"\" class=\"wp-image-265\"\/><\/figure>\n<\/div>\n\n\n\n<div class=\"wp-block-column eplus-wrapper is-layout-flow wp-block-column-is-layout-flow\">\n<figure class=\"wp-block-image size-full eplus-wrapper\"><img loading=\"lazy\" decoding=\"async\" width=\"125\" height=\"161\" src=\"https:\/\/preprod.gmindia.tech\/mda\/wp-content\/uploads\/2024\/01\/CIPSH0.jpg\" alt=\"\" class=\"wp-image-266\"\/><\/figure>\n<\/div>\n\n\n\n<div class=\"wp-block-column eplus-wrapper is-layout-flow wp-block-column-is-layout-flow\">\n<figure class=\"wp-block-image size-full eplus-wrapper\"><img loading=\"lazy\" decoding=\"async\" width=\"141\" height=\"100\" src=\"https:\/\/preprod.gmindia.tech\/mda\/wp-content\/uploads\/2024\/01\/socle_20logo_20oct_202020.jpg\" alt=\"\" class=\"wp-image-267\"\/><\/figure>\n<\/div>\n<\/div>\n<\/div>\n<\/div>\n<\/div>\n","protected":false},"excerpt":{"rendered":"<p>HUMANITIES, ARTS AND SOCIETY Le projet Video by Camille PIAZZO _ Sound trak by BRIGANDE\u00a9 M\u00e9moire de l&rsquo;Avenir &#8211; IYGU LA PLATEFORMEET LES PROJETS THE ARTISTS Humanities, Arts and Society est un projet de&nbsp;UNESCO &#8211; Most&nbsp; &#8211;&nbsp;&nbsp;C.I.P.S.H&nbsp;&#8211;&nbsp;G.C.A.C&nbsp;&#8211; M\u00e9moire de l\u2019Avenir Humanities, Arts and Society invite les artistes, les chercheurs et les porteurs de projets cr\u00e9atifs, [&hellip;]<\/p>\n","protected":false},"author":1,"featured_media":0,"parent":0,"menu_order":0,"comment_status":"closed","ping_status":"closed","template":"websites-island","meta":{"footnotes":""},"class_list":["post-69","page","type-page","status-publish","hentry"],"yoast_head":"<!-- This site is optimized with the Yoast SEO plugin v23.9 - https:\/\/yoast.com\/wordpress\/plugins\/seo\/ -->\n<title>HUMANITIES,\u00a0ARTS\u00a0AND\u00a0SOCIETY - M\u00e9moire de l&#039;Avenir<\/title>\n<meta name=\"robots\" content=\"index, follow, max-snippet:-1, max-image-preview:large, max-video-preview:-1\" \/>\n<link rel=\"canonical\" href=\"https:\/\/preprod.gmindia.tech\/mda\/hasproject\/\" \/>\n<meta property=\"og:locale\" content=\"fr_FR\" \/>\n<meta property=\"og:type\" content=\"article\" \/>\n<meta property=\"og:title\" content=\"HUMANITIES,\u00a0ARTS\u00a0AND\u00a0SOCIETY - M\u00e9moire de l&#039;Avenir\" \/>\n<meta property=\"og:description\" content=\"HUMANITIES, ARTS AND SOCIETY Le projet Video by Camille PIAZZO _ Sound trak by BRIGANDE\u00a9 M\u00e9moire de l&rsquo;Avenir &#8211; IYGU LA PLATEFORMEET LES PROJETS THE ARTISTS Humanities, Arts and Society est un projet de&nbsp;UNESCO &#8211; Most&nbsp; &#8211;&nbsp;&nbsp;C.I.P.S.H&nbsp;&#8211;&nbsp;G.C.A.C&nbsp;&#8211; M\u00e9moire de l\u2019Avenir Humanities, Arts and Society invite les artistes, les chercheurs et les porteurs de projets cr\u00e9atifs, [&hellip;]\" \/>\n<meta property=\"og:url\" content=\"https:\/\/preprod.gmindia.tech\/mda\/hasproject\/\" \/>\n<meta property=\"og:site_name\" content=\"M\u00e9moire de l&#039;Avenir\" \/>\n<meta property=\"article:modified_time\" content=\"2025-08-13T12:33:26+00:00\" \/>\n<meta property=\"og:image\" content=\"https:\/\/preprod.gmindia.tech\/mda\/wp-content\/uploads\/2024\/01\/Webp_net-gifmaker20.gif\" \/>\n\t<meta property=\"og:image:width\" content=\"378\" \/>\n\t<meta property=\"og:image:height\" content=\"114\" \/>\n\t<meta property=\"og:image:type\" content=\"image\/gif\" \/>\n<meta name=\"twitter:card\" content=\"summary_large_image\" \/>\n<meta name=\"twitter:label1\" content=\"Dur\u00e9e de lecture estim\u00e9e\" \/>\n\t<meta name=\"twitter:data1\" content=\"4 minutes\" \/>\n<script type=\"application\/ld+json\" class=\"yoast-schema-graph\">{\"@context\":\"https:\/\/schema.org\",\"@graph\":[{\"@type\":\"WebPage\",\"@id\":\"https:\/\/preprod.gmindia.tech\/mda\/hasproject\/\",\"url\":\"https:\/\/preprod.gmindia.tech\/mda\/hasproject\/\",\"name\":\"HUMANITIES,\u00a0ARTS\u00a0AND\u00a0SOCIETY - M\u00e9moire de l&#039;Avenir\",\"isPartOf\":{\"@id\":\"https:\/\/preprod.gmindia.tech\/mda\/#website\"},\"primaryImageOfPage\":{\"@id\":\"https:\/\/preprod.gmindia.tech\/mda\/hasproject\/#primaryimage\"},\"image\":{\"@id\":\"https:\/\/preprod.gmindia.tech\/mda\/hasproject\/#primaryimage\"},\"thumbnailUrl\":\"https:\/\/preprod.gmindia.tech\/mda\/wp-content\/uploads\/2024\/01\/Webp_net-gifmaker20.gif\",\"datePublished\":\"2024-01-11T11:56:01+00:00\",\"dateModified\":\"2025-08-13T12:33:26+00:00\",\"breadcrumb\":{\"@id\":\"https:\/\/preprod.gmindia.tech\/mda\/hasproject\/#breadcrumb\"},\"inLanguage\":\"fr-FR\",\"potentialAction\":[{\"@type\":\"ReadAction\",\"target\":[\"https:\/\/preprod.gmindia.tech\/mda\/hasproject\/\"]}]},{\"@type\":\"ImageObject\",\"inLanguage\":\"fr-FR\",\"@id\":\"https:\/\/preprod.gmindia.tech\/mda\/hasproject\/#primaryimage\",\"url\":\"https:\/\/preprod.gmindia.tech\/mda\/wp-content\/uploads\/2024\/01\/Webp_net-gifmaker20.gif\",\"contentUrl\":\"https:\/\/preprod.gmindia.tech\/mda\/wp-content\/uploads\/2024\/01\/Webp_net-gifmaker20.gif\",\"width\":378,\"height\":114},{\"@type\":\"BreadcrumbList\",\"@id\":\"https:\/\/preprod.gmindia.tech\/mda\/hasproject\/#breadcrumb\",\"itemListElement\":[{\"@type\":\"ListItem\",\"position\":1,\"name\":\"Home\",\"item\":\"https:\/\/preprod.gmindia.tech\/mda\/\"},{\"@type\":\"ListItem\",\"position\":2,\"name\":\"HUMANITIES,\u00a0ARTS\u00a0AND\u00a0SOCIETY\"}]},{\"@type\":\"WebSite\",\"@id\":\"https:\/\/preprod.gmindia.tech\/mda\/#website\",\"url\":\"https:\/\/preprod.gmindia.tech\/mda\/\",\"name\":\"M\u00e9moire de l&#039;Avenir\",\"description\":\"\",\"publisher\":{\"@id\":\"https:\/\/preprod.gmindia.tech\/mda\/#organization\"},\"potentialAction\":[{\"@type\":\"SearchAction\",\"target\":{\"@type\":\"EntryPoint\",\"urlTemplate\":\"https:\/\/preprod.gmindia.tech\/mda\/?s={search_term_string}\"},\"query-input\":{\"@type\":\"PropertyValueSpecification\",\"valueRequired\":true,\"valueName\":\"search_term_string\"}}],\"inLanguage\":\"fr-FR\"},{\"@type\":\"Organization\",\"@id\":\"https:\/\/preprod.gmindia.tech\/mda\/#organization\",\"name\":\"M\u00e9moire de l&#039;Avenir\",\"url\":\"https:\/\/preprod.gmindia.tech\/mda\/\",\"logo\":{\"@type\":\"ImageObject\",\"inLanguage\":\"fr-FR\",\"@id\":\"https:\/\/preprod.gmindia.tech\/mda\/#\/schema\/logo\/image\/\",\"url\":\"https:\/\/preprod.gmindia.tech\/mda\/wp-content\/uploads\/2024\/01\/logo_20mda_2010202000.png\",\"contentUrl\":\"https:\/\/preprod.gmindia.tech\/mda\/wp-content\/uploads\/2024\/01\/logo_20mda_2010202000.png\",\"width\":123,\"height\":220,\"caption\":\"M\u00e9moire de l&#039;Avenir\"},\"image\":{\"@id\":\"https:\/\/preprod.gmindia.tech\/mda\/#\/schema\/logo\/image\/\"}}]}<\/script>\n<!-- \/ Yoast SEO plugin. -->","yoast_head_json":{"title":"HUMANITIES,\u00a0ARTS\u00a0AND\u00a0SOCIETY - M\u00e9moire de l&#039;Avenir","robots":{"index":"index","follow":"follow","max-snippet":"max-snippet:-1","max-image-preview":"max-image-preview:large","max-video-preview":"max-video-preview:-1"},"canonical":"https:\/\/preprod.gmindia.tech\/mda\/hasproject\/","og_locale":"fr_FR","og_type":"article","og_title":"HUMANITIES,\u00a0ARTS\u00a0AND\u00a0SOCIETY - M\u00e9moire de l&#039;Avenir","og_description":"HUMANITIES, ARTS AND SOCIETY Le projet Video by Camille PIAZZO _ Sound trak by BRIGANDE\u00a9 M\u00e9moire de l&rsquo;Avenir &#8211; IYGU LA PLATEFORMEET LES PROJETS THE ARTISTS Humanities, Arts and Society est un projet de&nbsp;UNESCO &#8211; Most&nbsp; &#8211;&nbsp;&nbsp;C.I.P.S.H&nbsp;&#8211;&nbsp;G.C.A.C&nbsp;&#8211; M\u00e9moire de l\u2019Avenir Humanities, Arts and Society invite les artistes, les chercheurs et les porteurs de projets cr\u00e9atifs, [&hellip;]","og_url":"https:\/\/preprod.gmindia.tech\/mda\/hasproject\/","og_site_name":"M\u00e9moire de l&#039;Avenir","article_modified_time":"2025-08-13T12:33:26+00:00","og_image":[{"width":378,"height":114,"url":"https:\/\/preprod.gmindia.tech\/mda\/wp-content\/uploads\/2024\/01\/Webp_net-gifmaker20.gif","type":"image\/gif"}],"twitter_card":"summary_large_image","twitter_misc":{"Dur\u00e9e de lecture estim\u00e9e":"4 minutes"},"schema":{"@context":"https:\/\/schema.org","@graph":[{"@type":"WebPage","@id":"https:\/\/preprod.gmindia.tech\/mda\/hasproject\/","url":"https:\/\/preprod.gmindia.tech\/mda\/hasproject\/","name":"HUMANITIES,\u00a0ARTS\u00a0AND\u00a0SOCIETY - M\u00e9moire de l&#039;Avenir","isPartOf":{"@id":"https:\/\/preprod.gmindia.tech\/mda\/#website"},"primaryImageOfPage":{"@id":"https:\/\/preprod.gmindia.tech\/mda\/hasproject\/#primaryimage"},"image":{"@id":"https:\/\/preprod.gmindia.tech\/mda\/hasproject\/#primaryimage"},"thumbnailUrl":"https:\/\/preprod.gmindia.tech\/mda\/wp-content\/uploads\/2024\/01\/Webp_net-gifmaker20.gif","datePublished":"2024-01-11T11:56:01+00:00","dateModified":"2025-08-13T12:33:26+00:00","breadcrumb":{"@id":"https:\/\/preprod.gmindia.tech\/mda\/hasproject\/#breadcrumb"},"inLanguage":"fr-FR","potentialAction":[{"@type":"ReadAction","target":["https:\/\/preprod.gmindia.tech\/mda\/hasproject\/"]}]},{"@type":"ImageObject","inLanguage":"fr-FR","@id":"https:\/\/preprod.gmindia.tech\/mda\/hasproject\/#primaryimage","url":"https:\/\/preprod.gmindia.tech\/mda\/wp-content\/uploads\/2024\/01\/Webp_net-gifmaker20.gif","contentUrl":"https:\/\/preprod.gmindia.tech\/mda\/wp-content\/uploads\/2024\/01\/Webp_net-gifmaker20.gif","width":378,"height":114},{"@type":"BreadcrumbList","@id":"https:\/\/preprod.gmindia.tech\/mda\/hasproject\/#breadcrumb","itemListElement":[{"@type":"ListItem","position":1,"name":"Home","item":"https:\/\/preprod.gmindia.tech\/mda\/"},{"@type":"ListItem","position":2,"name":"HUMANITIES,\u00a0ARTS\u00a0AND\u00a0SOCIETY"}]},{"@type":"WebSite","@id":"https:\/\/preprod.gmindia.tech\/mda\/#website","url":"https:\/\/preprod.gmindia.tech\/mda\/","name":"M\u00e9moire de l&#039;Avenir","description":"","publisher":{"@id":"https:\/\/preprod.gmindia.tech\/mda\/#organization"},"potentialAction":[{"@type":"SearchAction","target":{"@type":"EntryPoint","urlTemplate":"https:\/\/preprod.gmindia.tech\/mda\/?s={search_term_string}"},"query-input":{"@type":"PropertyValueSpecification","valueRequired":true,"valueName":"search_term_string"}}],"inLanguage":"fr-FR"},{"@type":"Organization","@id":"https:\/\/preprod.gmindia.tech\/mda\/#organization","name":"M\u00e9moire de l&#039;Avenir","url":"https:\/\/preprod.gmindia.tech\/mda\/","logo":{"@type":"ImageObject","inLanguage":"fr-FR","@id":"https:\/\/preprod.gmindia.tech\/mda\/#\/schema\/logo\/image\/","url":"https:\/\/preprod.gmindia.tech\/mda\/wp-content\/uploads\/2024\/01\/logo_20mda_2010202000.png","contentUrl":"https:\/\/preprod.gmindia.tech\/mda\/wp-content\/uploads\/2024\/01\/logo_20mda_2010202000.png","width":123,"height":220,"caption":"M\u00e9moire de l&#039;Avenir"},"image":{"@id":"https:\/\/preprod.gmindia.tech\/mda\/#\/schema\/logo\/image\/"}}]}},"_links":{"self":[{"href":"https:\/\/preprod.gmindia.tech\/mda\/wp-json\/wp\/v2\/pages\/69","targetHints":{"allow":["GET"]}}],"collection":[{"href":"https:\/\/preprod.gmindia.tech\/mda\/wp-json\/wp\/v2\/pages"}],"about":[{"href":"https:\/\/preprod.gmindia.tech\/mda\/wp-json\/wp\/v2\/types\/page"}],"author":[{"embeddable":true,"href":"https:\/\/preprod.gmindia.tech\/mda\/wp-json\/wp\/v2\/users\/1"}],"replies":[{"embeddable":true,"href":"https:\/\/preprod.gmindia.tech\/mda\/wp-json\/wp\/v2\/comments?post=69"}],"version-history":[{"count":43,"href":"https:\/\/preprod.gmindia.tech\/mda\/wp-json\/wp\/v2\/pages\/69\/revisions"}],"predecessor-version":[{"id":6706,"href":"https:\/\/preprod.gmindia.tech\/mda\/wp-json\/wp\/v2\/pages\/69\/revisions\/6706"}],"wp:attachment":[{"href":"https:\/\/preprod.gmindia.tech\/mda\/wp-json\/wp\/v2\/media?parent=69"}],"curies":[{"name":"wp","href":"https:\/\/api.w.org\/{rel}","templated":true}]}}