{"id":716,"date":"2024-02-26T07:16:42","date_gmt":"2024-02-26T07:16:42","guid":{"rendered":"http:\/\/localhost\/mda-variations-plugin\/?page_id=716"},"modified":"2025-07-31T06:08:43","modified_gmt":"2025-07-31T06:08:43","slug":"leprojet","status":"publish","type":"page","link":"https:\/\/preprod.gmindia.tech\/mda\/leprojet\/","title":{"rendered":"LE PROJET"},"content":{"rendered":"\n<div class=\"wp-block-group eplus-wrapper has-global-padding is-layout-constrained wp-block-group-is-layout-constrained\">\n<div class=\"wp-block-columns eplus-wrapper is-layout-flex wp-container-core-columns-is-layout-28f84493 wp-block-columns-is-layout-flex\">\n<div class=\"wp-block-column eplus-wrapper is-layout-flow wp-block-column-is-layout-flow\" style=\"flex-basis:100%\"><div class=\"gb-container gb-container-a1ce65b7\">\n\n<div class=\"wp-block-cover aligncenter eplus-wrapper\" style=\"min-height:300px;aspect-ratio:unset;\"><img loading=\"lazy\" decoding=\"async\" width=\"592\" height=\"318\" class=\"wp-block-cover__image-background wp-image-717\" alt=\"\" src=\"https:\/\/preprod.gmindia.tech\/mda\/wp-content\/uploads\/2024\/02\/main_20n_26b2_20LONG.jpg\" data-object-fit=\"cover\"\/><span aria-hidden=\"true\" class=\"wp-block-cover__background has-background-dim-20 has-background-dim\"><\/span><div class=\"wp-block-cover__inner-container is-layout-flow wp-block-cover-is-layout-flow\"><div class=\"gb-container gb-container-0ec1aad3\">\n\n<h1 class=\"wp-block-heading has-text-align-center eplus-wrapper has-text-color has-background has-link-color has-large-font-size wp-elements-b859ce758dacc41dc917a1e43cd549df\" style=\"color:#070707;background-color:#ffffff;margin-top:0px;margin-bottom:60px;padding-top:0px;padding-bottom:0px;font-style:normal;font-weight:600;text-transform:uppercase\">LE PROJET<\/h1>\n\n<\/div><\/div><\/div>\n\n\n\n<p class=\"has-text-align-left eplus-wrapper has-small-font-size\" style=\"padding-bottom:20px\">visuel: Emmanuel Maa Berriet &#8211; Floating points<\/p>\n\n\n\n<div class=\"wp-block-buttons eplus-wrapper is-content-justification-center is-layout-flex wp-container-core-buttons-is-layout-8f88051e wp-block-buttons-is-layout-flex\" style=\"margin-top:50px;margin-bottom:30px\">\n<div class=\"wp-block-button eplus-wrapper is-style-outline is-style-outline--1\"><a class=\"wp-block-button__link has-border-color has-small-font-size has-text-align-center has-custom-font-size wp-element-button\" href=\"https:\/\/preprod.gmindia.tech\/mda\/wp-content\/uploads\/2024\/02\/1__20ENG_2BFR_20CHARTE_20MDA-HAS_ED2023.pdf\" style=\"border-color:#040202;border-style:solid;border-width:1px;border-radius:0px;padding-top:6px;padding-right:45px;padding-bottom:6px;padding-left:45px\" target=\"_blank\" rel=\"noreferrer noopener\">CHARTE<\/a><\/div>\n<\/div>\n\n\n\n<p class=\"eplus-wrapper\" style=\"padding-top:10px;font-size:clamp(14px, 0.875rem + ((1vw - 3.2px) * 0.341), 17px);\">M\u00e9moire de l&rsquo;Avenir est une organisation \u00e0 but non lucratif dont la mission principale est de s\u2019appuyer sur les arts et le patrimoine culturel comme moyens d&rsquo;am\u00e9lioration de la soci\u00e9t\u00e9.<\/p>\n\n\n\n<p class=\"eplus-wrapper\" style=\"padding-top:20px;padding-right:0px;padding-bottom:20px;padding-left:0px;font-size:clamp(14px, 0.875rem + ((1vw - 3.2px) * 0.341), 17px);\">A travers le d\u00e9veloppement de quatre p\u00f4les interconnect\u00e9s &#8211; expositions, actions p\u00e9dagogiques, recherches et&nbsp;<em>Humanit\u00e9s, Arts et Soci\u00e9t\u00e9<\/em>&nbsp;&#8211; M\u00e9moire de l&rsquo;Avenir place la cr\u00e9ativit\u00e9 et le dialogue au centre de ses actions, de ses outils et de ses m\u00e9thodes afin de promouvoir la r\u00e9flexion et l&rsquo;\u00e9ducation, la participation active et cr\u00e9ative de m\u00eame que le croisement des disciplines.<\/p>\n\n\n\n<p class=\"eplus-wrapper\" style=\"font-size:clamp(14px, 0.875rem + ((1vw - 3.2px) * 0.341), 17px);\"><\/p>\n\n\n\n<p class=\"eplus-wrapper\" style=\"font-size:clamp(14px, 0.875rem + ((1vw - 3.2px) * 0.341), 17px);\">M\u00e9moire de l\u2019Avenir est situ\u00e9e \u00e0 Belleville &#8211; Paris.<\/p>\n\n\n\n<p class=\"eplus-wrapper\" style=\"font-size:clamp(14px, 0.875rem + ((1vw - 3.2px) * 0.341), 17px);\">Son espace est con\u00e7u comme un lieu de rencontres entre artistes, penseurs et public de tous horizons culturels et disciplinaires, ayant un int\u00e9r\u00eat majeur pour le r\u00f4le et l\u2019impact de l\u2019art dans la soci\u00e9t\u00e9 contemporaine.<\/p>\n\n\n\n<p class=\"eplus-wrapper\" style=\"padding-top:6px;padding-bottom:0px;font-size:clamp(14px, 0.875rem + ((1vw - 3.2px) * 0.341), 17px);\"><a href=\"http:\/\/www.memoire-a-venir.org\/archivesexpos2020.html\" target=\"_blank\"><strong>Programmation artistique<\/strong><\/a><\/p>\n\n\n\n<p class=\"eplus-wrapper\" style=\"margin-top:0px;margin-right:0px;margin-bottom:15px;margin-left:0px;font-size:clamp(14px, 0.875rem + ((1vw - 3.2px) * 0.341), 17px);\">M\u00e9moire de l&rsquo;Avenir organise des \u00e9v\u00e8nements d\u2019art contemporain au sein de son espace ainsi que des programmations satellites (d\u00e9bats, performances &#8230;) . Les m\u00e9thodes artistiques et curatoriales employ\u00e9es cherchent \u00e0 proposer une approche aux \u0153uvres sensible et intuitive.<\/p>\n\n\n\n<p class=\"eplus-wrapper\" style=\"padding-top:10px;padding-bottom:16px;font-size:clamp(14px, 0.875rem + ((1vw - 3.2px) * 0.341), 17px);\">Chaque exposition offre des outils de r\u00e9flexion sur l\u2019art, mais \u00e9galement sur des probl\u00e9matiques que les \u0153uvres soul\u00e8vent. En questionnant le monde, les artistes mettent en avant des id\u00e9es, donnent forme \u00e0 des \u00e9motions et ouvrent des voies de d\u00e9bat. Les \u0153uvres n\u2019offrent pas des r\u00e9ponses ou des solutions, mais cherchent plut\u00f4t \u00e0&nbsp; examiner des probl\u00e8mes inh\u00e9rents au collectif comme \u00e0 chaque individu.<\/p>\n\n\n\n<p class=\"eplus-wrapper\" style=\"padding-top:6px;padding-bottom:0px;font-size:clamp(14px, 0.875rem + ((1vw - 3.2px) * 0.341), 17px);\"><a href=\"http:\/\/www.memoire-a-venir.org\/crbst_104.html\" target=\"_blank\"><strong>Ateliers a<\/strong><\/a><strong><a href=\"http:\/\/www.memoire-a-venir.org\/crbst_104.html\" target=\"_blank\" target=\"_blank\" rel=\"noreferrer noopener\">rts et d<\/a><\/strong><a href=\"https:\/\/preprod.gmindia.tech\/mda\/crbst_104\/\" target=\"_blank\" rel=\"noreferrer noopener\"><strong>ialogue<\/strong><\/a><\/p>\n\n\n\n<p class=\"eplus-wrapper\" style=\"padding-top:0px;padding-bottom:15px;font-size:clamp(14px, 0.875rem + ((1vw - 3.2px) * 0.341), 17px);\">M\u00e9moire de l&rsquo;Avenir cr\u00e9\u00e9 et d\u00e9veloppe \u00e9galement avec des artistes, des ateliers multidisciplinaires et des m\u00e9diations culturelles interactives qui se basent sur une m\u00e9thodologie originale \u00e9labor\u00e9e par Margalit Berriet. Elle est fond\u00e9e sur l\u2019inclusion respectueuse de toutes cultures et identit\u00e9s et propose une approche intuitive \u00e0 la cr\u00e9ativit\u00e9, se focalisant sur la notion de sensibilit\u00e9 comme fondement de l\u2019apprentissage cognitif.<\/p>\n\n\n\n<p class=\"eplus-wrapper\" style=\"padding-top:6px;padding-bottom:0px;font-size:clamp(14px, 0.875rem + ((1vw - 3.2px) * 0.341), 17px);\"><a href=\"https:\/\/preprod.gmindia.tech\/mda\/mediation\/\" target=\"_blank\" rel=\"noreferrer noopener\"><strong>Recherche et p\u00e9dagogie<\/strong><\/a><\/p>\n\n\n\n<p class=\"eplus-wrapper\" style=\"padding-top:0px;padding-bottom:15px;font-size:clamp(14px, 0.875rem + ((1vw - 3.2px) * 0.341), 17px);\">A travers notre programme de m\u00e9diation culturelle sp\u00e9cifiquement con\u00e7u pour un public , \u00e9loign\u00e9 de la culture, les \u0153uvres d\u2019art ainsi que les mus\u00e9es, sont utilis\u00e9s comme des outils et des espaces de dialogue, de d\u00e9bat et de questionnement critique autour d\u2019enjeux contemporains. Ce travail de m\u00e9diation vise non seulement \u00e0 rendre les participants autonomes dans l\u2019espace mus\u00e9al&nbsp; mais il permet aussi de faire \u00e9merger toutes sortes de connaissances et savoir-faire propres \u00e0 chacun. Ce savoir est ensuite valoris\u00e9 au sein du collectif.<\/p>\n\n\n\n<p class=\"eplus-wrapper\" style=\"padding-top:6px;padding-bottom:0px;font-size:clamp(14px, 0.875rem + ((1vw - 3.2px) * 0.341), 17px);\"><a href=\"https:\/\/humanitiesartsandsociety.org\/\" target=\"_blank\" target=\"_blank\" rel=\"noreferrer noopener\"><strong>Humanities, Arts and Society<\/strong><\/a><\/p>\n\n\n\n<p class=\"eplus-wrapper\" style=\"font-size:clamp(14px, 0.875rem + ((1vw - 3.2px) * 0.341), 17px);\">Un projet de&nbsp;<a href=\"http:\/\/www.unesco.org\/new\/en\/social-and-human-sciences\/themes\/most-programme\/\" target=\"_blank\">UNESCO &#8211; Most<\/a>&nbsp; &#8211;&nbsp;&nbsp;<a href=\"http:\/\/www.cipsh.net\/htm\/\" target=\"_blank\">C.I.P.S.H&nbsp;<\/a>&#8211; M\u00e9moire de l\u2019Avenir<\/p>\n\n\n\n<p class=\"eplus-wrapper\" style=\"font-size:clamp(14px, 0.875rem + ((1vw - 3.2px) * 0.341), 17px);\">In associaton with&nbsp;<a href=\"https:\/\/www.thejenadeclaration.org\/about\" target=\"_blank\"><em>The Jena Declaration<\/em><\/a><\/p>\n\n\n\n<p class=\"eplus-wrapper\" style=\"margin-bottom:15px;font-size:clamp(14px, 0.875rem + ((1vw - 3.2px) * 0.341), 17px);\">Plateforme internationale d&rsquo;artistes, de chercheurs, de penseurs et de projets cr\u00e9atifs d\u00e9montrant l&rsquo;impact des arts et des sciences humaines dans la soci\u00e9t\u00e9.<\/p>\n\n\n\n<p class=\"eplus-wrapper\" style=\"padding-top:24px;padding-bottom:16px;font-size:clamp(14px, 0.875rem + ((1vw - 3.2px) * 0.341), 17px);\"><a href=\"https:\/\/preprod.gmindia.tech\/mda\/wp-content\/uploads\/2024\/02\/FR_MDA_2BHAS_PRESENTATION_BD.pdf\" target=\"_blank\" rel=\"noreferrer noopener\">En savoir plus<\/a><\/p>\n\n\n\n<div style=\"height:30px\" aria-hidden=\"true\" class=\"wp-block-spacer eplus-wrapper\"><\/div>\n\n\n\n<p class=\"eplus-wrapper\" style=\"padding-top:6px;padding-bottom:6px;font-size:clamp(14px, 0.875rem + ((1vw - 3.2px) * 0.227), 16px);\">LE MOT DE LA PRESIDENTE<\/p>\n\n\n\n<p class=\"eplus-wrapper\" style=\"padding-top:5px;font-size:clamp(14px, 0.875rem + ((1vw - 3.2px) * 0.114), 15px);\"><em>Mon engagement en tant qu\u2019artiste ne r\u00e9side pas seulement dans l\u2019impact esth\u00e9tique de l\u2019oeuvre mais aussi dans son message, sa r\u00e9ception, son influence, sa provocation, sa proposition, sa critique. Je consid\u00e8re l\u00e9gitime d\u2019offrir aux personnes de se d\u00e9couvrir et de d\u00e9couvrir l\u2019autre et surtout de respecter la diff\u00e9rence. L\u2019art et la culture peuvent contribuer \u00e0 mieux nous conna\u00eetre et peut-\u00eatre \u00e0 faire en sorte que \u00ab l\u2019autre \u00bb ne soit pas ou plus un ennemi.<\/em><\/p>\n\n\n\n<p class=\"eplus-wrapper\" style=\"font-size:clamp(14px, 0.875rem + ((1vw - 3.2px) * 0.114), 15px);\"><em>La cr\u00e9ation de l\u2019association M\u00e9moire de l\u2019avenir est le fruit de cette conviction.<\/em><\/p>\n\n\n\n<p class=\"eplus-wrapper\" style=\"font-size:clamp(14px, 0.875rem + ((1vw - 3.2px) * 0.114), 15px);\"><em>Nous sommes tous diff\u00e9rents, mais semblables, faillibles, humains et mortels\u2026<\/em><\/p>\n\n\n\n<p class=\"eplus-wrapper\" style=\"font-size:clamp(14px, 0.875rem + ((1vw - 3.2px) * 0.114), 15px);\"><em>Je dessine une ligne\u2026 Je peins\u2026 Pour essayer de comprendre le monde sans fronti\u00e8res, c\u2019est cela la base de mon travail, sa raison d\u2019\u00eatre, ma raison d\u2019\u00eatre.<\/em><\/p>\n\n\n\n<p class=\"has-text-align-center eplus-wrapper\" style=\"padding-top:10px;padding-bottom:10px;font-size:clamp(14px, 0.875rem + ((1vw - 3.2px) * 0.227), 16px);\">Margalit Berriet<\/p>\n\n\n\n<p class=\"has-text-align-center eplus-wrapper\" style=\"padding-top:10px;padding-bottom:10px;font-size:clamp(14px, 0.875rem + ((1vw - 3.2px) * 0.227), 16px);\"><a href=\"https:\/\/www.margalitberriet.com\/\" target=\"_blank\" target=\"_blank\" rel=\"noreferrer noopener\"><mark class=\"has-inline-color has-vivid-cyan-blue-color\">Artiste<\/mark><\/a><\/p>\n\n\n\n<p class=\"has-text-align-center eplus-wrapper\" style=\"font-size:clamp(14px, 0.875rem + ((1vw - 3.2px) * 0.227), 16px);\">Pr\u00e9sidente &#8211; Fondatrice de l\u2019association M\u00e9moire de l\u2019Avenir<\/p>\n\n<\/div><\/div>\n<\/div>\n<\/div>\n","protected":false},"excerpt":{"rendered":"<p>visuel: Emmanuel Maa Berriet &#8211; Floating points M\u00e9moire de l&rsquo;Avenir est une organisation \u00e0 but non lucratif dont la mission principale est de s\u2019appuyer sur les arts et le patrimoine culturel comme moyens d&rsquo;am\u00e9lioration de la soci\u00e9t\u00e9. A travers le d\u00e9veloppement de quatre p\u00f4les interconnect\u00e9s &#8211; expositions, actions p\u00e9dagogiques, recherches et&nbsp;Humanit\u00e9s, Arts et Soci\u00e9t\u00e9&nbsp;&#8211; M\u00e9moire [&hellip;]<\/p>\n","protected":false},"author":1,"featured_media":0,"parent":0,"menu_order":0,"comment_status":"closed","ping_status":"closed","template":"wp-custom-template-page-with-sidebar","meta":{"footnotes":"[]"},"class_list":["post-716","page","type-page","status-publish","hentry"],"yoast_head":"<!-- This site is optimized with the Yoast SEO plugin v23.9 - https:\/\/yoast.com\/wordpress\/plugins\/seo\/ -->\n<title>LE PROJET - M\u00e9moire de l&#039;Avenir<\/title>\n<meta name=\"robots\" content=\"index, follow, max-snippet:-1, max-image-preview:large, max-video-preview:-1\" \/>\n<link rel=\"canonical\" href=\"https:\/\/preprod.gmindia.tech\/mda\/leprojet\/\" \/>\n<meta property=\"og:locale\" content=\"fr_FR\" \/>\n<meta property=\"og:type\" content=\"article\" \/>\n<meta property=\"og:title\" content=\"LE PROJET - M\u00e9moire de l&#039;Avenir\" \/>\n<meta property=\"og:description\" content=\"visuel: Emmanuel Maa Berriet &#8211; Floating points M\u00e9moire de l&rsquo;Avenir est une organisation \u00e0 but non lucratif dont la mission principale est de s\u2019appuyer sur les arts et le patrimoine culturel comme moyens d&rsquo;am\u00e9lioration de la soci\u00e9t\u00e9. A travers le d\u00e9veloppement de quatre p\u00f4les interconnect\u00e9s &#8211; expositions, actions p\u00e9dagogiques, recherches et&nbsp;Humanit\u00e9s, Arts et Soci\u00e9t\u00e9&nbsp;&#8211; M\u00e9moire [&hellip;]\" \/>\n<meta property=\"og:url\" content=\"https:\/\/preprod.gmindia.tech\/mda\/leprojet\/\" \/>\n<meta property=\"og:site_name\" content=\"M\u00e9moire de l&#039;Avenir\" \/>\n<meta property=\"article:modified_time\" content=\"2025-07-31T06:08:43+00:00\" \/>\n<meta property=\"og:image\" content=\"https:\/\/preprod.gmindia.tech\/mda\/wp-content\/uploads\/2024\/02\/main_20n_26b2_20LONG.jpg\" \/>\n\t<meta property=\"og:image:width\" content=\"592\" \/>\n\t<meta property=\"og:image:height\" content=\"318\" \/>\n\t<meta property=\"og:image:type\" content=\"image\/jpeg\" \/>\n<meta name=\"twitter:card\" content=\"summary_large_image\" \/>\n<meta name=\"twitter:label1\" content=\"Dur\u00e9e de lecture estim\u00e9e\" \/>\n\t<meta name=\"twitter:data1\" content=\"1 minute\" \/>\n<script type=\"application\/ld+json\" class=\"yoast-schema-graph\">{\"@context\":\"https:\/\/schema.org\",\"@graph\":[{\"@type\":\"WebPage\",\"@id\":\"https:\/\/preprod.gmindia.tech\/mda\/leprojet\/\",\"url\":\"https:\/\/preprod.gmindia.tech\/mda\/leprojet\/\",\"name\":\"LE PROJET - M\u00e9moire de l&#039;Avenir\",\"isPartOf\":{\"@id\":\"https:\/\/preprod.gmindia.tech\/mda\/#website\"},\"primaryImageOfPage\":{\"@id\":\"https:\/\/preprod.gmindia.tech\/mda\/leprojet\/#primaryimage\"},\"image\":{\"@id\":\"https:\/\/preprod.gmindia.tech\/mda\/leprojet\/#primaryimage\"},\"thumbnailUrl\":\"https:\/\/preprod.gmindia.tech\/mda\/wp-content\/uploads\/2024\/02\/main_20n_26b2_20LONG.jpg\",\"datePublished\":\"2024-02-26T07:16:42+00:00\",\"dateModified\":\"2025-07-31T06:08:43+00:00\",\"breadcrumb\":{\"@id\":\"https:\/\/preprod.gmindia.tech\/mda\/leprojet\/#breadcrumb\"},\"inLanguage\":\"fr-FR\",\"potentialAction\":[{\"@type\":\"ReadAction\",\"target\":[\"https:\/\/preprod.gmindia.tech\/mda\/leprojet\/\"]}]},{\"@type\":\"ImageObject\",\"inLanguage\":\"fr-FR\",\"@id\":\"https:\/\/preprod.gmindia.tech\/mda\/leprojet\/#primaryimage\",\"url\":\"https:\/\/preprod.gmindia.tech\/mda\/wp-content\/uploads\/2024\/02\/main_20n_26b2_20LONG.jpg\",\"contentUrl\":\"https:\/\/preprod.gmindia.tech\/mda\/wp-content\/uploads\/2024\/02\/main_20n_26b2_20LONG.jpg\",\"width\":592,\"height\":318},{\"@type\":\"BreadcrumbList\",\"@id\":\"https:\/\/preprod.gmindia.tech\/mda\/leprojet\/#breadcrumb\",\"itemListElement\":[{\"@type\":\"ListItem\",\"position\":1,\"name\":\"Home\",\"item\":\"https:\/\/preprod.gmindia.tech\/mda\/\"},{\"@type\":\"ListItem\",\"position\":2,\"name\":\"LE PROJET\"}]},{\"@type\":\"WebSite\",\"@id\":\"https:\/\/preprod.gmindia.tech\/mda\/#website\",\"url\":\"https:\/\/preprod.gmindia.tech\/mda\/\",\"name\":\"M\u00e9moire de l&#039;Avenir\",\"description\":\"\",\"publisher\":{\"@id\":\"https:\/\/preprod.gmindia.tech\/mda\/#organization\"},\"potentialAction\":[{\"@type\":\"SearchAction\",\"target\":{\"@type\":\"EntryPoint\",\"urlTemplate\":\"https:\/\/preprod.gmindia.tech\/mda\/?s={search_term_string}\"},\"query-input\":{\"@type\":\"PropertyValueSpecification\",\"valueRequired\":true,\"valueName\":\"search_term_string\"}}],\"inLanguage\":\"fr-FR\"},{\"@type\":\"Organization\",\"@id\":\"https:\/\/preprod.gmindia.tech\/mda\/#organization\",\"name\":\"M\u00e9moire de l&#039;Avenir\",\"url\":\"https:\/\/preprod.gmindia.tech\/mda\/\",\"logo\":{\"@type\":\"ImageObject\",\"inLanguage\":\"fr-FR\",\"@id\":\"https:\/\/preprod.gmindia.tech\/mda\/#\/schema\/logo\/image\/\",\"url\":\"https:\/\/preprod.gmindia.tech\/mda\/wp-content\/uploads\/2024\/01\/logo_20mda_2010202000.png\",\"contentUrl\":\"https:\/\/preprod.gmindia.tech\/mda\/wp-content\/uploads\/2024\/01\/logo_20mda_2010202000.png\",\"width\":123,\"height\":220,\"caption\":\"M\u00e9moire de l&#039;Avenir\"},\"image\":{\"@id\":\"https:\/\/preprod.gmindia.tech\/mda\/#\/schema\/logo\/image\/\"}}]}<\/script>\n<!-- \/ Yoast SEO plugin. -->","yoast_head_json":{"title":"LE PROJET - M\u00e9moire de l&#039;Avenir","robots":{"index":"index","follow":"follow","max-snippet":"max-snippet:-1","max-image-preview":"max-image-preview:large","max-video-preview":"max-video-preview:-1"},"canonical":"https:\/\/preprod.gmindia.tech\/mda\/leprojet\/","og_locale":"fr_FR","og_type":"article","og_title":"LE PROJET - M\u00e9moire de l&#039;Avenir","og_description":"visuel: Emmanuel Maa Berriet &#8211; Floating points M\u00e9moire de l&rsquo;Avenir est une organisation \u00e0 but non lucratif dont la mission principale est de s\u2019appuyer sur les arts et le patrimoine culturel comme moyens d&rsquo;am\u00e9lioration de la soci\u00e9t\u00e9. A travers le d\u00e9veloppement de quatre p\u00f4les interconnect\u00e9s &#8211; expositions, actions p\u00e9dagogiques, recherches et&nbsp;Humanit\u00e9s, Arts et Soci\u00e9t\u00e9&nbsp;&#8211; M\u00e9moire [&hellip;]","og_url":"https:\/\/preprod.gmindia.tech\/mda\/leprojet\/","og_site_name":"M\u00e9moire de l&#039;Avenir","article_modified_time":"2025-07-31T06:08:43+00:00","og_image":[{"width":592,"height":318,"url":"https:\/\/preprod.gmindia.tech\/mda\/wp-content\/uploads\/2024\/02\/main_20n_26b2_20LONG.jpg","type":"image\/jpeg"}],"twitter_card":"summary_large_image","twitter_misc":{"Dur\u00e9e de lecture estim\u00e9e":"1 minute"},"schema":{"@context":"https:\/\/schema.org","@graph":[{"@type":"WebPage","@id":"https:\/\/preprod.gmindia.tech\/mda\/leprojet\/","url":"https:\/\/preprod.gmindia.tech\/mda\/leprojet\/","name":"LE PROJET - M\u00e9moire de l&#039;Avenir","isPartOf":{"@id":"https:\/\/preprod.gmindia.tech\/mda\/#website"},"primaryImageOfPage":{"@id":"https:\/\/preprod.gmindia.tech\/mda\/leprojet\/#primaryimage"},"image":{"@id":"https:\/\/preprod.gmindia.tech\/mda\/leprojet\/#primaryimage"},"thumbnailUrl":"https:\/\/preprod.gmindia.tech\/mda\/wp-content\/uploads\/2024\/02\/main_20n_26b2_20LONG.jpg","datePublished":"2024-02-26T07:16:42+00:00","dateModified":"2025-07-31T06:08:43+00:00","breadcrumb":{"@id":"https:\/\/preprod.gmindia.tech\/mda\/leprojet\/#breadcrumb"},"inLanguage":"fr-FR","potentialAction":[{"@type":"ReadAction","target":["https:\/\/preprod.gmindia.tech\/mda\/leprojet\/"]}]},{"@type":"ImageObject","inLanguage":"fr-FR","@id":"https:\/\/preprod.gmindia.tech\/mda\/leprojet\/#primaryimage","url":"https:\/\/preprod.gmindia.tech\/mda\/wp-content\/uploads\/2024\/02\/main_20n_26b2_20LONG.jpg","contentUrl":"https:\/\/preprod.gmindia.tech\/mda\/wp-content\/uploads\/2024\/02\/main_20n_26b2_20LONG.jpg","width":592,"height":318},{"@type":"BreadcrumbList","@id":"https:\/\/preprod.gmindia.tech\/mda\/leprojet\/#breadcrumb","itemListElement":[{"@type":"ListItem","position":1,"name":"Home","item":"https:\/\/preprod.gmindia.tech\/mda\/"},{"@type":"ListItem","position":2,"name":"LE PROJET"}]},{"@type":"WebSite","@id":"https:\/\/preprod.gmindia.tech\/mda\/#website","url":"https:\/\/preprod.gmindia.tech\/mda\/","name":"M\u00e9moire de l&#039;Avenir","description":"","publisher":{"@id":"https:\/\/preprod.gmindia.tech\/mda\/#organization"},"potentialAction":[{"@type":"SearchAction","target":{"@type":"EntryPoint","urlTemplate":"https:\/\/preprod.gmindia.tech\/mda\/?s={search_term_string}"},"query-input":{"@type":"PropertyValueSpecification","valueRequired":true,"valueName":"search_term_string"}}],"inLanguage":"fr-FR"},{"@type":"Organization","@id":"https:\/\/preprod.gmindia.tech\/mda\/#organization","name":"M\u00e9moire de l&#039;Avenir","url":"https:\/\/preprod.gmindia.tech\/mda\/","logo":{"@type":"ImageObject","inLanguage":"fr-FR","@id":"https:\/\/preprod.gmindia.tech\/mda\/#\/schema\/logo\/image\/","url":"https:\/\/preprod.gmindia.tech\/mda\/wp-content\/uploads\/2024\/01\/logo_20mda_2010202000.png","contentUrl":"https:\/\/preprod.gmindia.tech\/mda\/wp-content\/uploads\/2024\/01\/logo_20mda_2010202000.png","width":123,"height":220,"caption":"M\u00e9moire de l&#039;Avenir"},"image":{"@id":"https:\/\/preprod.gmindia.tech\/mda\/#\/schema\/logo\/image\/"}}]}},"_links":{"self":[{"href":"https:\/\/preprod.gmindia.tech\/mda\/wp-json\/wp\/v2\/pages\/716","targetHints":{"allow":["GET"]}}],"collection":[{"href":"https:\/\/preprod.gmindia.tech\/mda\/wp-json\/wp\/v2\/pages"}],"about":[{"href":"https:\/\/preprod.gmindia.tech\/mda\/wp-json\/wp\/v2\/types\/page"}],"author":[{"embeddable":true,"href":"https:\/\/preprod.gmindia.tech\/mda\/wp-json\/wp\/v2\/users\/1"}],"replies":[{"embeddable":true,"href":"https:\/\/preprod.gmindia.tech\/mda\/wp-json\/wp\/v2\/comments?post=716"}],"version-history":[{"count":66,"href":"https:\/\/preprod.gmindia.tech\/mda\/wp-json\/wp\/v2\/pages\/716\/revisions"}],"predecessor-version":[{"id":5737,"href":"https:\/\/preprod.gmindia.tech\/mda\/wp-json\/wp\/v2\/pages\/716\/revisions\/5737"}],"wp:attachment":[{"href":"https:\/\/preprod.gmindia.tech\/mda\/wp-json\/wp\/v2\/media?parent=716"}],"curies":[{"name":"wp","href":"https:\/\/api.w.org\/{rel}","templated":true}]}}