{"id":722,"date":"2024-02-26T11:07:36","date_gmt":"2024-02-26T11:07:36","guid":{"rendered":"http:\/\/localhost\/mda-variations-plugin\/?page_id=722"},"modified":"2024-08-27T12:36:12","modified_gmt":"2024-08-27T12:36:12","slug":"historique","status":"publish","type":"page","link":"https:\/\/preprod.gmindia.tech\/mda\/historique\/","title":{"rendered":"L&rsquo;HISTORIQUE"},"content":{"rendered":"\n<div class=\"wp-block-group eplus-wrapper has-global-padding is-layout-constrained wp-block-group-is-layout-constrained\">\n<div class=\"wp-block-columns eplus-wrapper is-layout-flex wp-container-core-columns-is-layout-28f84493 wp-block-columns-is-layout-flex\">\n<div class=\"wp-block-column eplus-wrapper is-layout-flow wp-block-column-is-layout-flow\" style=\"flex-basis:100%\"><div class=\"gb-container gb-container-a1ce65b7\">\n\n<div class=\"wp-block-cover aligncenter is-light eplus-wrapper\" style=\"min-height:300px;aspect-ratio:unset;\"><span aria-hidden=\"true\" class=\"wp-block-cover__background has-background-dim-20 has-background-dim\"><\/span><img loading=\"lazy\" decoding=\"async\" width=\"613\" height=\"240\" class=\"wp-block-cover__image-background wp-image-434\" alt=\"\" src=\"https:\/\/preprod.gmindia.tech\/mda\/wp-content\/uploads\/2024\/02\/photo_20oeuvre_20atelier1.jpg\" data-object-fit=\"cover\"\/><div class=\"wp-block-cover__inner-container is-layout-flow wp-block-cover-is-layout-flow\"><div class=\"gb-container gb-container-0ec1aad3\">\n\n<h1 class=\"wp-block-heading has-text-align-center eplus-wrapper has-text-color has-background has-link-color has-large-font-size wp-elements-85b13b69061c83737b807970f346fbc7\" style=\"color:#070707;background-color:#ffffff;margin-top:0px;margin-bottom:60px;padding-top:0px;padding-bottom:0px;font-style:normal;font-weight:600;text-transform:uppercase\"><strong><a href=\"https:\/\/preprod.gmindia.tech\/mda\/wp-content\/uploads\/2024\/02\/EN_MDA_2BHAS-PRESENTATION_20.pdf\" target=\"_blank\" rel=\"noreferrer noopener\">L&rsquo;HISTORIQUE<\/a><\/strong><\/h1>\n\n<\/div><\/div><\/div>\n\n<\/div><\/div>\n<\/div>\n<\/div>\n\n\n\n<div style=\"height:30px\" aria-hidden=\"true\" class=\"wp-block-spacer eplus-wrapper\"><\/div>\n\n\n\n<p class=\"eplus-wrapper\" style=\"font-size:clamp(14px, 0.875rem + ((1vw - 3.2px) * 0.114), 15px);\"><strong>Notre objectif est de valoriser la diff\u00e9rence culturelle individuelle par le biais de la pratique artistique.<\/strong><\/p>\n\n\n\n<div style=\"height:5px\" aria-hidden=\"true\" class=\"wp-block-spacer\"><\/div>\n\n\n\n<p class=\"eplus-wrapper\" style=\"font-size:clamp(14px, 0.875rem + ((1vw - 3.2px) * 0.227), 16px);\">M\u00e9moire de l\u2019avenir, association loi 1901, a \u00e9t\u00e9 cr\u00e9\u00e9e \u00e0 Paris en mai 2003 par Margalit Berriet, artiste plasticienne.<gwmw style=\"display:none;\"><\/gwmw><gwmw style=\"display:none;\"><\/gwmw><\/p>\n\n\n\n<div style=\"height:5px\" aria-hidden=\"true\" class=\"wp-block-spacer\"><\/div>\n\n\n\n<p class=\"eplus-wrapper\" style=\"font-size:clamp(14px, 0.875rem + ((1vw - 3.2px) * 0.227), 16px);\">Engag\u00e9e dans la lutte contre les discriminations et persuad\u00e9e que l\u2019art et la culture peuvent apporter une meilleure connaissance de soi et des autres pour l\u2019\u00e9panouissement de chacun, Margalit Berriet, apr\u00e8s un temps de recherche et d\u2019exp\u00e9rimentation, a fond\u00e9 l\u2019association M\u00e9moire de l\u2019Avenir en 2003.<\/p>\n\n\n\n<div style=\"height:5px\" aria-hidden=\"true\" class=\"wp-block-spacer\"><\/div>\n\n\n\n<p class=\"eplus-wrapper\" style=\"font-size:clamp(14px, 0.875rem + ((1vw - 3.2px) * 0.227), 16px);\">M\u00e9moire de l\u2019Avenir r\u00e9unit aujourd\u2019hui de nombreux artistes utilisant l\u2019art comme moyen d\u2019expression pour aborder des th\u00e9matiques li\u00e9es \u00e0 l\u2019identit\u00e9, la m\u00e9moire, les origines. Son but est de faciliter la connaissance de soi, l\u2019expression de l\u2019imagination, transmettre un message d\u2019ouverture et d\u2019acceptation des diff\u00e9rences pour s\u2019enrichir de la diversit\u00e9 des cultures.<gwmw style=\"display:none;\"><\/gwmw><\/p>\n\n\n\n<div style=\"height:5px\" aria-hidden=\"true\" class=\"wp-block-spacer\"><\/div>\n\n\n\n<p class=\"eplus-wrapper\" style=\"font-size:clamp(14px, 0.875rem + ((1vw - 3.2px) * 0.227), 16px);\">L\u2019association intervient au niveau national et international aupr\u00e8s d\u2019un large public pour ouvrir au dialogue interculturel et d\u00e9couvrir la richesse qui \u00e9mane du (m\u00e9)tissage humain.<br>Nous partons du constat que de nombreuses personnes ont peu l\u2019occasion de s\u2019exprimer sur les questions d\u2019identit\u00e9, de m\u00e9moire mais aussi de st\u00e9r\u00e9otypes et ont de fait une m\u00e9connaissance de la culture d\u2019autrui. Or elles sont quotidiennement confront\u00e9es \u00e0 ces probl\u00e9matiques de mani\u00e8re fondamentale.<\/p>\n\n\n\n<div style=\"height:5px\" aria-hidden=\"true\" class=\"wp-block-spacer\"><\/div>\n\n\n\n<p class=\"eplus-wrapper\" style=\"font-size:clamp(14px, 0.875rem + ((1vw - 3.2px) * 0.227), 16px);\">Notre programme d\u2019actions au cours duquel chacun peut lib\u00e9rer ses \u00e9motions oralement et artistiquement, ambitionne d\u2019\u00e9veiller la curiosit\u00e9 au profit d\u2019une connaissance sensible et de favoriser un mode de communication transversal, qui soit \u00e0 la fois constructif et cr\u00e9atif. Nos dispositifs se fondent sur l\u2019identification des \u00e9l\u00e9ments culturels universels, \u00e0 partir desquels les divergences, convergences, apports mutuels et modes de diffusion sont \u00e9tudi\u00e9s.<\/p>\n\n\n\n<div style=\"height:5px\" aria-hidden=\"true\" class=\"wp-block-spacer\"><\/div>\n\n\n\n<p class=\"eplus-wrapper\" style=\"font-size:clamp(14px, 0.875rem + ((1vw - 3.2px) * 0.227), 16px);\">Depuis 2001<\/p>\n\n\n\n<div style=\"height:5px\" aria-hidden=\"true\" class=\"wp-block-spacer\"><\/div>\n\n\n\n<p class=\"eplus-wrapper\" style=\"font-size:clamp(14px, 0.875rem + ((1vw - 3.2px) * 0.227), 16px);\">1500 collaborating artists and mediators<br>200 researchers and academics<br>200 artistic events<br>5 issues of <strong><a href=\"https:\/\/humanitiesartsandsociety.org\/magazine\/\" target=\"_blank\" target=\"_blank\" rel=\"noreferrer noopener\"><mark style=\"background-color:rgba(0, 0, 0, 0)\" class=\"has-inline-color has-vivid-cyan-blue-color\">HAS MAG<\/mark><\/a><\/strong><br>80,000 people reached<\/p>\n\n\n\n<div style=\"height:5px\" aria-hidden=\"true\" class=\"wp-block-spacer\"><\/div>\n\n\n\n<p class=\"eplus-wrapper\" style=\"font-size:clamp(14px, 0.875rem + ((1vw - 3.2px) * 0.227), 16px);\">Pour les anciens Grecs le \u00ab symbole \u00bb \u00e9tait un signe de reconnaissance, \u00e0 l\u2019origine, un simple objet coup\u00e9 en deux dont deux h\u00f4tes conservaient chacun une moiti\u00e9 qu\u2019ils transmettaient \u00e0 leurs enfants. Ces deux parties rapproch\u00e9es servaient \u00e0 faire reconna\u00eetre les porteurs et \u00e0 prouver que des relations d\u2019hospitalit\u00e9 avaient \u00e9t\u00e9 contract\u00e9es ant\u00e9rieurement. (Source : Anatole Bailly)<\/p>\n\n\n\n<div style=\"height:5px\" aria-hidden=\"true\" class=\"wp-block-spacer\"><\/div>\n\n\n\n<p class=\"eplus-wrapper\" style=\"font-size:clamp(14px, 0.875rem + ((1vw - 3.2px) * 0.227), 16px);\">L\u2019\u00e9tymologie du terme \u00e9voque l\u2019id\u00e9e de rencontre, de reconnaissance\u2026 entre les hommes et les cultures. Tels sont les objectifs de M\u00e9moire de l\u2019Avenir.<\/p>\n\n\n\n<figure class=\"wp-block-image aligncenter size-full eplus-wrapper\"><img loading=\"lazy\" decoding=\"async\" width=\"300\" height=\"335\" src=\"https:\/\/preprod.gmindia.tech\/mda\/wp-content\/uploads\/2024\/02\/SYMBOLE.jpg\" alt=\"\" class=\"wp-image-723\"\/><\/figure>\n","protected":false},"excerpt":{"rendered":"<p>Notre objectif est de valoriser la diff\u00e9rence culturelle individuelle par le biais de la pratique artistique. M\u00e9moire de l\u2019avenir, association loi 1901, a \u00e9t\u00e9 cr\u00e9\u00e9e \u00e0 Paris en mai 2003 par Margalit Berriet, artiste plasticienne. Engag\u00e9e dans la lutte contre les discriminations et persuad\u00e9e que l\u2019art et la culture peuvent apporter une meilleure connaissance de [&hellip;]<\/p>\n","protected":false},"author":1,"featured_media":0,"parent":0,"menu_order":0,"comment_status":"closed","ping_status":"closed","template":"websites-island","meta":{"footnotes":""},"class_list":["post-722","page","type-page","status-publish","hentry"],"yoast_head":"<!-- This site is optimized with the Yoast SEO plugin v23.9 - https:\/\/yoast.com\/wordpress\/plugins\/seo\/ -->\n<title>L&#039;HISTORIQUE - M\u00e9moire de l&#039;Avenir<\/title>\n<meta name=\"robots\" content=\"index, follow, max-snippet:-1, max-image-preview:large, max-video-preview:-1\" \/>\n<link rel=\"canonical\" href=\"https:\/\/preprod.gmindia.tech\/mda\/historique\/\" \/>\n<meta property=\"og:locale\" content=\"fr_FR\" \/>\n<meta property=\"og:type\" content=\"article\" \/>\n<meta property=\"og:title\" content=\"L&#039;HISTORIQUE - M\u00e9moire de l&#039;Avenir\" \/>\n<meta property=\"og:description\" content=\"Notre objectif est de valoriser la diff\u00e9rence culturelle individuelle par le biais de la pratique artistique. M\u00e9moire de l\u2019avenir, association loi 1901, a \u00e9t\u00e9 cr\u00e9\u00e9e \u00e0 Paris en mai 2003 par Margalit Berriet, artiste plasticienne. Engag\u00e9e dans la lutte contre les discriminations et persuad\u00e9e que l\u2019art et la culture peuvent apporter une meilleure connaissance de [&hellip;]\" \/>\n<meta property=\"og:url\" content=\"https:\/\/preprod.gmindia.tech\/mda\/historique\/\" \/>\n<meta property=\"og:site_name\" content=\"M\u00e9moire de l&#039;Avenir\" \/>\n<meta property=\"article:modified_time\" content=\"2024-08-27T12:36:12+00:00\" \/>\n<meta property=\"og:image\" content=\"https:\/\/preprod.gmindia.tech\/mda\/wp-content\/uploads\/2024\/02\/photo_20oeuvre_20atelier1.jpg\" \/>\n\t<meta property=\"og:image:width\" content=\"613\" \/>\n\t<meta property=\"og:image:height\" content=\"240\" \/>\n\t<meta property=\"og:image:type\" content=\"image\/jpeg\" \/>\n<meta name=\"twitter:card\" content=\"summary_large_image\" \/>\n<meta name=\"twitter:label1\" content=\"Dur\u00e9e de lecture estim\u00e9e\" \/>\n\t<meta name=\"twitter:data1\" content=\"2 minutes\" \/>\n<script type=\"application\/ld+json\" class=\"yoast-schema-graph\">{\"@context\":\"https:\/\/schema.org\",\"@graph\":[{\"@type\":\"WebPage\",\"@id\":\"https:\/\/preprod.gmindia.tech\/mda\/historique\/\",\"url\":\"https:\/\/preprod.gmindia.tech\/mda\/historique\/\",\"name\":\"L'HISTORIQUE - M\u00e9moire de l&#039;Avenir\",\"isPartOf\":{\"@id\":\"https:\/\/preprod.gmindia.tech\/mda\/#website\"},\"primaryImageOfPage\":{\"@id\":\"https:\/\/preprod.gmindia.tech\/mda\/historique\/#primaryimage\"},\"image\":{\"@id\":\"https:\/\/preprod.gmindia.tech\/mda\/historique\/#primaryimage\"},\"thumbnailUrl\":\"https:\/\/preprod.gmindia.tech\/mda\/wp-content\/uploads\/2024\/02\/photo_20oeuvre_20atelier1.jpg\",\"datePublished\":\"2024-02-26T11:07:36+00:00\",\"dateModified\":\"2024-08-27T12:36:12+00:00\",\"breadcrumb\":{\"@id\":\"https:\/\/preprod.gmindia.tech\/mda\/historique\/#breadcrumb\"},\"inLanguage\":\"fr-FR\",\"potentialAction\":[{\"@type\":\"ReadAction\",\"target\":[\"https:\/\/preprod.gmindia.tech\/mda\/historique\/\"]}]},{\"@type\":\"ImageObject\",\"inLanguage\":\"fr-FR\",\"@id\":\"https:\/\/preprod.gmindia.tech\/mda\/historique\/#primaryimage\",\"url\":\"https:\/\/preprod.gmindia.tech\/mda\/wp-content\/uploads\/2024\/02\/photo_20oeuvre_20atelier1.jpg\",\"contentUrl\":\"https:\/\/preprod.gmindia.tech\/mda\/wp-content\/uploads\/2024\/02\/photo_20oeuvre_20atelier1.jpg\",\"width\":613,\"height\":240},{\"@type\":\"BreadcrumbList\",\"@id\":\"https:\/\/preprod.gmindia.tech\/mda\/historique\/#breadcrumb\",\"itemListElement\":[{\"@type\":\"ListItem\",\"position\":1,\"name\":\"Home\",\"item\":\"https:\/\/preprod.gmindia.tech\/mda\/\"},{\"@type\":\"ListItem\",\"position\":2,\"name\":\"L&#8217;HISTORIQUE\"}]},{\"@type\":\"WebSite\",\"@id\":\"https:\/\/preprod.gmindia.tech\/mda\/#website\",\"url\":\"https:\/\/preprod.gmindia.tech\/mda\/\",\"name\":\"M\u00e9moire de l&#039;Avenir\",\"description\":\"\",\"publisher\":{\"@id\":\"https:\/\/preprod.gmindia.tech\/mda\/#organization\"},\"potentialAction\":[{\"@type\":\"SearchAction\",\"target\":{\"@type\":\"EntryPoint\",\"urlTemplate\":\"https:\/\/preprod.gmindia.tech\/mda\/?s={search_term_string}\"},\"query-input\":{\"@type\":\"PropertyValueSpecification\",\"valueRequired\":true,\"valueName\":\"search_term_string\"}}],\"inLanguage\":\"fr-FR\"},{\"@type\":\"Organization\",\"@id\":\"https:\/\/preprod.gmindia.tech\/mda\/#organization\",\"name\":\"M\u00e9moire de l&#039;Avenir\",\"url\":\"https:\/\/preprod.gmindia.tech\/mda\/\",\"logo\":{\"@type\":\"ImageObject\",\"inLanguage\":\"fr-FR\",\"@id\":\"https:\/\/preprod.gmindia.tech\/mda\/#\/schema\/logo\/image\/\",\"url\":\"https:\/\/preprod.gmindia.tech\/mda\/wp-content\/uploads\/2024\/01\/logo_20mda_2010202000.png\",\"contentUrl\":\"https:\/\/preprod.gmindia.tech\/mda\/wp-content\/uploads\/2024\/01\/logo_20mda_2010202000.png\",\"width\":123,\"height\":220,\"caption\":\"M\u00e9moire de l&#039;Avenir\"},\"image\":{\"@id\":\"https:\/\/preprod.gmindia.tech\/mda\/#\/schema\/logo\/image\/\"}}]}<\/script>\n<!-- \/ Yoast SEO plugin. -->","yoast_head_json":{"title":"L'HISTORIQUE - M\u00e9moire de l&#039;Avenir","robots":{"index":"index","follow":"follow","max-snippet":"max-snippet:-1","max-image-preview":"max-image-preview:large","max-video-preview":"max-video-preview:-1"},"canonical":"https:\/\/preprod.gmindia.tech\/mda\/historique\/","og_locale":"fr_FR","og_type":"article","og_title":"L'HISTORIQUE - M\u00e9moire de l&#039;Avenir","og_description":"Notre objectif est de valoriser la diff\u00e9rence culturelle individuelle par le biais de la pratique artistique. M\u00e9moire de l\u2019avenir, association loi 1901, a \u00e9t\u00e9 cr\u00e9\u00e9e \u00e0 Paris en mai 2003 par Margalit Berriet, artiste plasticienne. Engag\u00e9e dans la lutte contre les discriminations et persuad\u00e9e que l\u2019art et la culture peuvent apporter une meilleure connaissance de [&hellip;]","og_url":"https:\/\/preprod.gmindia.tech\/mda\/historique\/","og_site_name":"M\u00e9moire de l&#039;Avenir","article_modified_time":"2024-08-27T12:36:12+00:00","og_image":[{"width":613,"height":240,"url":"https:\/\/preprod.gmindia.tech\/mda\/wp-content\/uploads\/2024\/02\/photo_20oeuvre_20atelier1.jpg","type":"image\/jpeg"}],"twitter_card":"summary_large_image","twitter_misc":{"Dur\u00e9e de lecture estim\u00e9e":"2 minutes"},"schema":{"@context":"https:\/\/schema.org","@graph":[{"@type":"WebPage","@id":"https:\/\/preprod.gmindia.tech\/mda\/historique\/","url":"https:\/\/preprod.gmindia.tech\/mda\/historique\/","name":"L'HISTORIQUE - M\u00e9moire de l&#039;Avenir","isPartOf":{"@id":"https:\/\/preprod.gmindia.tech\/mda\/#website"},"primaryImageOfPage":{"@id":"https:\/\/preprod.gmindia.tech\/mda\/historique\/#primaryimage"},"image":{"@id":"https:\/\/preprod.gmindia.tech\/mda\/historique\/#primaryimage"},"thumbnailUrl":"https:\/\/preprod.gmindia.tech\/mda\/wp-content\/uploads\/2024\/02\/photo_20oeuvre_20atelier1.jpg","datePublished":"2024-02-26T11:07:36+00:00","dateModified":"2024-08-27T12:36:12+00:00","breadcrumb":{"@id":"https:\/\/preprod.gmindia.tech\/mda\/historique\/#breadcrumb"},"inLanguage":"fr-FR","potentialAction":[{"@type":"ReadAction","target":["https:\/\/preprod.gmindia.tech\/mda\/historique\/"]}]},{"@type":"ImageObject","inLanguage":"fr-FR","@id":"https:\/\/preprod.gmindia.tech\/mda\/historique\/#primaryimage","url":"https:\/\/preprod.gmindia.tech\/mda\/wp-content\/uploads\/2024\/02\/photo_20oeuvre_20atelier1.jpg","contentUrl":"https:\/\/preprod.gmindia.tech\/mda\/wp-content\/uploads\/2024\/02\/photo_20oeuvre_20atelier1.jpg","width":613,"height":240},{"@type":"BreadcrumbList","@id":"https:\/\/preprod.gmindia.tech\/mda\/historique\/#breadcrumb","itemListElement":[{"@type":"ListItem","position":1,"name":"Home","item":"https:\/\/preprod.gmindia.tech\/mda\/"},{"@type":"ListItem","position":2,"name":"L&#8217;HISTORIQUE"}]},{"@type":"WebSite","@id":"https:\/\/preprod.gmindia.tech\/mda\/#website","url":"https:\/\/preprod.gmindia.tech\/mda\/","name":"M\u00e9moire de l&#039;Avenir","description":"","publisher":{"@id":"https:\/\/preprod.gmindia.tech\/mda\/#organization"},"potentialAction":[{"@type":"SearchAction","target":{"@type":"EntryPoint","urlTemplate":"https:\/\/preprod.gmindia.tech\/mda\/?s={search_term_string}"},"query-input":{"@type":"PropertyValueSpecification","valueRequired":true,"valueName":"search_term_string"}}],"inLanguage":"fr-FR"},{"@type":"Organization","@id":"https:\/\/preprod.gmindia.tech\/mda\/#organization","name":"M\u00e9moire de l&#039;Avenir","url":"https:\/\/preprod.gmindia.tech\/mda\/","logo":{"@type":"ImageObject","inLanguage":"fr-FR","@id":"https:\/\/preprod.gmindia.tech\/mda\/#\/schema\/logo\/image\/","url":"https:\/\/preprod.gmindia.tech\/mda\/wp-content\/uploads\/2024\/01\/logo_20mda_2010202000.png","contentUrl":"https:\/\/preprod.gmindia.tech\/mda\/wp-content\/uploads\/2024\/01\/logo_20mda_2010202000.png","width":123,"height":220,"caption":"M\u00e9moire de l&#039;Avenir"},"image":{"@id":"https:\/\/preprod.gmindia.tech\/mda\/#\/schema\/logo\/image\/"}}]}},"_links":{"self":[{"href":"https:\/\/preprod.gmindia.tech\/mda\/wp-json\/wp\/v2\/pages\/722","targetHints":{"allow":["GET"]}}],"collection":[{"href":"https:\/\/preprod.gmindia.tech\/mda\/wp-json\/wp\/v2\/pages"}],"about":[{"href":"https:\/\/preprod.gmindia.tech\/mda\/wp-json\/wp\/v2\/types\/page"}],"author":[{"embeddable":true,"href":"https:\/\/preprod.gmindia.tech\/mda\/wp-json\/wp\/v2\/users\/1"}],"replies":[{"embeddable":true,"href":"https:\/\/preprod.gmindia.tech\/mda\/wp-json\/wp\/v2\/comments?post=722"}],"version-history":[{"count":9,"href":"https:\/\/preprod.gmindia.tech\/mda\/wp-json\/wp\/v2\/pages\/722\/revisions"}],"predecessor-version":[{"id":3078,"href":"https:\/\/preprod.gmindia.tech\/mda\/wp-json\/wp\/v2\/pages\/722\/revisions\/3078"}],"wp:attachment":[{"href":"https:\/\/preprod.gmindia.tech\/mda\/wp-json\/wp\/v2\/media?parent=722"}],"curies":[{"name":"wp","href":"https:\/\/api.w.org\/{rel}","templated":true}]}}