{"id":726,"date":"2024-02-05T06:41:47","date_gmt":"2024-02-05T06:41:47","guid":{"rendered":"http:\/\/localhost\/mda-variations-plugin\/?page_id=726"},"modified":"2025-08-06T07:58:08","modified_gmt":"2025-08-06T07:58:08","slug":"lespaceinterculturel","status":"publish","type":"page","link":"https:\/\/preprod.gmindia.tech\/mda\/lespaceinterculturel\/","title":{"rendered":"le lieu : la galerie"},"content":{"rendered":"\n<div class=\"wp-block-group has-global-padding is-layout-constrained wp-container-core-group-is-layout-41c06ba8 wp-block-group-is-layout-constrained\">\n<h4 class=\"wp-block-heading has-text-align-center eplus-wrapper\" style=\"font-size:clamp(17.371px, 1.086rem + ((1vw - 3.2px) * 1.094), 27px);\">LE LIEU : UN ESPACE INTERCULTUREL<\/h4>\n\n\n\n<div style=\"height:20px\" aria-hidden=\"true\" class=\"wp-block-spacer eplus-wrapper\"><\/div>\n\n\n\n<figure class=\"wp-block-image size-full eplus-wrapper\"><img loading=\"lazy\" decoding=\"async\" width=\"595\" height=\"224\" src=\"https:\/\/preprod.gmindia.tech\/mda\/wp-content\/uploads\/2024\/02\/IMG_8920.jpg\" alt=\"\" class=\"wp-image-727\"\/><\/figure>\n\n\n\n<div style=\"height:20px\" aria-hidden=\"true\" class=\"wp-block-spacer eplus-wrapper\"><\/div>\n\n\n\n<p class=\"eplus-wrapper has-text-color has-link-color has-verdana-font-family wp-elements-455d5fdb3d647d9247cfc835bb0cf7a7\" style=\"color:#04283f;font-size:clamp(14px, 0.875rem + ((1vw - 3.2px) * 0.341), 17px);\"><strong>M\u00e9moire de l&rsquo;Avenir est bas\u00e9 \u00e0 Belleville depuis avril 2009<\/strong><strong>.<\/strong><\/p>\n\n\n\n<div style=\"height:20px\" aria-hidden=\"true\" class=\"wp-block-spacer eplus-wrapper\"><\/div>\n\n\n\n<p class=\"eplus-wrapper justify-text-block has-verdana-font-family\" style=\"font-size:clamp(14px, 0.875rem + ((1vw - 3.2px) * 0.341), 17px);\">M\u00e9moire de l&rsquo;Avenir envisage son espace comme un lieu d&rsquo;interactions entre artistes, chercheurs et le public, servant de point focal pour la contemplation, d\u00e9di\u00e9 \u00e0 l&rsquo;art et \u00e0 son impact sur la soci\u00e9t\u00e9.<\/p>\n\n\n\n<p class=\"eplus-wrapper justify-text-block has-verdana-font-family\" style=\"padding-top:10px;font-size:clamp(14px, 0.875rem + ((1vw - 3.2px) * 0.341), 17px);\">L&rsquo;organisation propose au public des \u00e9v\u00e9nements d&rsquo;art contemporain, comprenant des arts visuels, des vid\u00e9os, des photographies et des installations, compl\u00e9t\u00e9s par des \u00e9v\u00e9nements satellites tels que des performances, des concerts, des projections, du th\u00e9\u00e2tre et des conf\u00e9rences. Les artistes, \u00e0 travers leur exploration sensible du monde, articulent des id\u00e9es, donnent forme aux \u00e9motions et concepts, et proposent des voies de r\u00e9flexion.<\/p>\n\n\n\n<p class=\"eplus-wrapper justify-text-block has-verdana-font-family\" style=\"padding-top:10px;font-size:clamp(14px, 0.875rem + ((1vw - 3.2px) * 0.341), 17px);\">Chaque exposition offre une plateforme pour la contemplation des probl\u00e8mes pressants, \u0153uvrant pour un changement positif, favorisant le dialogue interculturel, l&rsquo;\u00e9ducation \u00e0 la paix et la sensibilisation \u00e9cologique.<\/p>\n\n\n\n<p class=\"eplus-wrapper justify-text-block has-verdana-font-family\" style=\"padding-top:10px;font-size:clamp(14px, 0.875rem + ((1vw - 3.2px) * 0.341), 17px);\">Les \u0153uvres ne proposent pas de solutions mais incitent \u00e0 l&rsquo;examen des probl\u00e8mes soci\u00e9taux, qu&rsquo;ils soient personnels, collectifs, m\u00e9moriels, politiques, philosophiques, \u00e9thiques ou esth\u00e9tiques. Chaque exposition sert d&rsquo;instrument r\u00e9fl\u00e9chissant sur les arts et les efforts des artistes.<\/p>\n\n\n\n<div style=\"height:20px\" aria-hidden=\"true\" class=\"wp-block-spacer eplus-wrapper\"><\/div>\n\n\n\t\t<div class=\"fotorama responsive-image-silder\" \n\t\t\tdata-width=\"100%\" \n\t\t\tdata-height=\"\" \n\t\t\tdata-nav=\"dots\"\n\t\t\tdata-navwidth=\"\"\t\t\n\t\t\tdata-allowfullscreen=\"true\" \n\t\t\tdata-fit=\"cover\" \n\t\t\tdata-transitionduration=\"300\" \n\t\t\tdata-autoplay=\"true\" \n\t\t\tdata-loop=\"true\" \n\t\t\tdata-arrows=\"true\" \n\t\t\tdata-swipe=\"true\" \n\t\t\tdata-spinner=\"true\" \n\t\t\tdata-transition=\"slide\" \n\t\t>\n\t\t\t\t\t\t\t\t<img decoding=\"async\" src=\"https:\/\/preprod.gmindia.tech\/mda\/wp-content\/uploads\/2024\/08\/sl_16-Expo_20JLR_AGD-1.jpg\" data-caption=\"\">\n\t\t\t\t\t\t\t\t\t\t \t\t\t\t\t<img decoding=\"async\" src=\"https:\/\/preprod.gmindia.tech\/mda\/wp-content\/uploads\/2024\/08\/sl_15-Expo_20JLR_AGD.jpg\" data-caption=\"\">\n\t\t\t\t\t\t\t\t\t\t \t\t\t\t\t<img decoding=\"async\" src=\"https:\/\/preprod.gmindia.tech\/mda\/wp-content\/uploads\/2024\/08\/sl_annie_20bret.jpg\" data-caption=\"\">\n\t\t\t\t\t\t\t\t\t\t \t\t\t\t\t<img decoding=\"async\" src=\"https:\/\/preprod.gmindia.tech\/mda\/wp-content\/uploads\/2024\/08\/sl_Trace_20et_20Empreintes_20janv_202010.jpg\" data-caption=\"\">\n\t\t\t\t\t\t\t\t\t\t \t\t\t\t\t<img decoding=\"async\" src=\"https:\/\/preprod.gmindia.tech\/mda\/wp-content\/uploads\/2024\/08\/sl_20131108_124443.jpg\" data-caption=\"\">\n\t\t\t\t\t\t\t\t\t\t \t\t\t\t\t<img decoding=\"async\" src=\"https:\/\/preprod.gmindia.tech\/mda\/wp-content\/uploads\/2024\/08\/sl_20131108_124413.jpg\" data-caption=\"\">\n\t\t\t\t\t\t\t\t\t\t \t\t\t\t\t<img decoding=\"async\" src=\"https:\/\/preprod.gmindia.tech\/mda\/wp-content\/uploads\/2024\/08\/sl_dec2011regeneration.jpg\" data-caption=\"\">\n\t\t\t\t\t\t\t\t\t\t \t\t\t\t\t<img decoding=\"async\" src=\"https:\/\/preprod.gmindia.tech\/mda\/wp-content\/uploads\/2024\/08\/sl_DSC_7853.jpg\" data-caption=\"\">\n\t\t\t\t\t\t\t\t\t\t \t\t\t\t\t<img decoding=\"async\" src=\"https:\/\/preprod.gmindia.tech\/mda\/wp-content\/uploads\/2024\/08\/sl_BRIG_20ET_20STEPHCUT.jpg\" data-caption=\"\">\n\t\t\t\t\t\t\t\t\t\t \t\t\t\t\t<img decoding=\"async\" src=\"https:\/\/preprod.gmindia.tech\/mda\/wp-content\/uploads\/2024\/08\/sl_SHAHAR_20DOR_202.jpg\" data-caption=\"\">\n\t\t\t\t\t\t\t\t\t\t \t\t\t\t\t<img decoding=\"async\" src=\"https:\/\/preprod.gmindia.tech\/mda\/wp-content\/uploads\/2024\/08\/sl_SHAHAR_20DOR_203.jpg\" data-caption=\"\">\n\t\t\t\t\t\t\t\t\t\t \t\t\t\t\t<img decoding=\"async\" src=\"https:\/\/preprod.gmindia.tech\/mda\/wp-content\/uploads\/2024\/08\/sl_TO2.jpg\" data-caption=\"\">\n\t\t\t\t\t\t\t\t\t\t \t\t\t\t\t<img decoding=\"async\" src=\"https:\/\/preprod.gmindia.tech\/mda\/wp-content\/uploads\/2024\/08\/sl_TRACING_20OBLIVION.jpg\" data-caption=\"\">\n\t\t\t\t\t\t\t\t\t\t \t\t\t\t\t<img decoding=\"async\" src=\"https:\/\/preprod.gmindia.tech\/mda\/wp-content\/uploads\/2024\/08\/sl_IMG_0041.jpg\" data-caption=\"\">\n\t\t\t\t\t\t\t\t\t\t \t\t\t\t\t<img decoding=\"async\" src=\"https:\/\/preprod.gmindia.tech\/mda\/wp-content\/uploads\/2024\/08\/sl_big_DSC_0010.jpg\" data-caption=\"\">\n\t\t\t\t\t\t\t\t\t\t \t\t\t\t\t<img decoding=\"async\" src=\"https:\/\/preprod.gmindia.tech\/mda\/wp-content\/uploads\/2024\/08\/sl_big_DSC_00211.jpg\" data-caption=\"\">\n\t\t\t\t\t\t\t\t\t\t \t\t\t\t\t<img decoding=\"async\" src=\"https:\/\/preprod.gmindia.tech\/mda\/wp-content\/uploads\/2024\/08\/sl_reinterpretation1.jpg\" data-caption=\"\">\n\t\t\t\t\t\t\t\t\t\t \t\t\t\t\t<img decoding=\"async\" src=\"https:\/\/preprod.gmindia.tech\/mda\/wp-content\/uploads\/2024\/08\/sl_reinterpretation3.jpg\" data-caption=\"\">\n\t\t\t\t\t\t\t\t\t\t \t\t\t\t\t<img decoding=\"async\" src=\"https:\/\/preprod.gmindia.tech\/mda\/wp-content\/uploads\/2024\/08\/sl_12.jpg\" data-caption=\"\">\n\t\t\t\t\t\t\t\t\t\t \t\t\t\t\t<img decoding=\"async\" src=\"https:\/\/preprod.gmindia.tech\/mda\/wp-content\/uploads\/2024\/08\/sl_IMG_0044.jpg\" data-caption=\"\">\n\t\t\t\t\t\t\t\t\t\t \t\t\t\t\t<img decoding=\"async\" src=\"https:\/\/preprod.gmindia.tech\/mda\/wp-content\/uploads\/2024\/08\/sl_IMG_05130.jpg\" data-caption=\"\">\n\t\t\t\t\t\t\t\t\t\t \t\t\t\t\t<img decoding=\"async\" src=\"https:\/\/preprod.gmindia.tech\/mda\/wp-content\/uploads\/2024\/08\/sl_big_IMG_0072.jpg\" data-caption=\"\">\n\t\t\t\t\t\t\t\t\t\t \t\t\t\t\t<img decoding=\"async\" src=\"https:\/\/preprod.gmindia.tech\/mda\/wp-content\/uploads\/2024\/08\/sl_big_IMG_0646.jpg\" data-caption=\"\">\n\t\t\t\t\t\t\t\t\t\t \t\t<\/div>\n\t\t\n\n\n\n<div style=\"height:20px\" aria-hidden=\"true\" class=\"wp-block-spacer eplus-wrapper\"><\/div>\n\n\n\n<div class=\"wp-block-buttons eplus-wrapper is-content-justification-center is-layout-flex wp-container-core-buttons-is-layout-a89b3969 wp-block-buttons-is-layout-flex\">\n<div class=\"wp-block-button has-custom-width wp-block-button__width-100 is-style-outline eplus-wrapper is-style-outline--1\"><a class=\"wp-block-button__link has-border-color has-ubuntu-font-family has-custom-font-size wp-element-button\" href=\"\/mda\/crbst_116\/\" style=\"border-color:#000000;border-width:2px;font-size:clamp(17.371px, 1.086rem + ((1vw - 3.2px) * 1.094), 27px);\"><strong><em>voir&nbsp;nos&nbsp;expositions&nbsp;\/&nbsp;See&nbsp;our&nbsp;exhibitions<\/em><\/strong><\/a><\/div>\n<\/div>\n\n\n\n<div style=\"height:25px\" aria-hidden=\"true\" class=\"wp-block-spacer eplus-wrapper\"><\/div>\n\n\n\n<p class=\"eplus-wrapper has-carrois-gothic-font-family\" style=\"font-size:clamp(16.293px, 1.018rem + ((1vw - 3.2px) * 0.989), 25px);\"><strong>Adresse<\/strong><\/p>\n\n\n\n<p class=\"eplus-wrapper has-carrois-gothic-font-family\" style=\"font-size:clamp(14px, 0.875rem + ((1vw - 3.2px) * 0.682), 20px);\">45\/47 rue Ramponeau<br>75020 Paris<br>T\u00e9l : 09 51 17 18 75<\/p>\n\n\n\n<div style=\"height:10px\" aria-hidden=\"true\" class=\"wp-block-spacer eplus-wrapper\"><\/div>\n\n\n\n<p class=\"eplus-wrapper has-carrois-gothic-font-family\" style=\"font-size:clamp(14px, 0.875rem + ((1vw - 3.2px) * 0.682), 20px);\">M\u00b0 Belleville, Couronnes ou Pyr\u00e9n\u00e9es.<\/p>\n\n\n\n<div style=\"height:10px\" aria-hidden=\"true\" class=\"wp-block-spacer eplus-wrapper\"><\/div>\n\n\n\n<p class=\"eplus-wrapper has-carrois-gothic-font-family\" style=\"font-size:clamp(14px, 0.875rem + ((1vw - 3.2px) * 0.682), 20px);\">Ouvert du jeudi au samedi<br>de 13h \u00e0 19h<\/p>\n\n\n\n<div style=\"height:10px\" aria-hidden=\"true\" class=\"wp-block-spacer eplus-wrapper\"><\/div>\n\n\n\n<p class=\"eplus-wrapper has-carrois-gothic-font-family\" style=\"font-size:clamp(14px, 0.875rem + ((1vw - 3.2px) * 0.682), 20px);\">les mercredis sur rendez-vous uniquement<\/p>\n\n\n\n<div style=\"height:10px\" aria-hidden=\"true\" class=\"wp-block-spacer eplus-wrapper\"><\/div>\n\n\n\n<p class=\"eplus-wrapper has-carrois-gothic-font-family\" style=\"font-size:clamp(14px, 0.875rem + ((1vw - 3.2px) * 0.682), 20px);\">Visit\u00e9z M\u00e9moire de l\u2019Avenir<br>@<br>45\/47 rue Ramponeau, 75020 Paris, France<br><a href=\"https:\/\/maps.app.goo.gl\/x5GFcL7mBs6KHKSJ8\" target=\"_blank\">View on Google Maps<\/a><\/p>\n<\/div>\n","protected":false},"excerpt":{"rendered":"<p>LE LIEU : UN ESPACE INTERCULTUREL M\u00e9moire de l&rsquo;Avenir est bas\u00e9 \u00e0 Belleville depuis avril 2009. M\u00e9moire de l&rsquo;Avenir envisage son espace comme un lieu d&rsquo;interactions entre artistes, chercheurs et le public, servant de point focal pour la contemplation, d\u00e9di\u00e9 \u00e0 l&rsquo;art et \u00e0 son impact sur la soci\u00e9t\u00e9. L&rsquo;organisation propose au public des \u00e9v\u00e9nements [&hellip;]<\/p>\n","protected":false},"author":1,"featured_media":0,"parent":0,"menu_order":0,"comment_status":"closed","ping_status":"closed","template":"wp-custom-template-page-with-sidebar","meta":{"footnotes":""},"class_list":["post-726","page","type-page","status-publish","hentry"],"yoast_head":"<!-- This site is optimized with the Yoast SEO plugin v23.9 - https:\/\/yoast.com\/wordpress\/plugins\/seo\/ -->\n<title>le lieu : la galerie - M\u00e9moire de l&#039;Avenir<\/title>\n<meta name=\"robots\" content=\"index, follow, max-snippet:-1, max-image-preview:large, max-video-preview:-1\" \/>\n<link rel=\"canonical\" href=\"https:\/\/preprod.gmindia.tech\/mda\/lespaceinterculturel\/\" \/>\n<meta property=\"og:locale\" content=\"fr_FR\" \/>\n<meta property=\"og:type\" content=\"article\" \/>\n<meta property=\"og:title\" content=\"le lieu : la galerie - M\u00e9moire de l&#039;Avenir\" \/>\n<meta property=\"og:description\" content=\"LE LIEU : UN ESPACE INTERCULTUREL M\u00e9moire de l&rsquo;Avenir est bas\u00e9 \u00e0 Belleville depuis avril 2009. M\u00e9moire de l&rsquo;Avenir envisage son espace comme un lieu d&rsquo;interactions entre artistes, chercheurs et le public, servant de point focal pour la contemplation, d\u00e9di\u00e9 \u00e0 l&rsquo;art et \u00e0 son impact sur la soci\u00e9t\u00e9. L&rsquo;organisation propose au public des \u00e9v\u00e9nements [&hellip;]\" \/>\n<meta property=\"og:url\" content=\"https:\/\/preprod.gmindia.tech\/mda\/lespaceinterculturel\/\" \/>\n<meta property=\"og:site_name\" content=\"M\u00e9moire de l&#039;Avenir\" \/>\n<meta property=\"article:modified_time\" content=\"2025-08-06T07:58:08+00:00\" \/>\n<meta property=\"og:image\" content=\"https:\/\/preprod.gmindia.tech\/mda\/wp-content\/uploads\/2024\/02\/IMG_8920.jpg\" \/>\n\t<meta property=\"og:image:width\" content=\"595\" \/>\n\t<meta property=\"og:image:height\" content=\"224\" \/>\n\t<meta property=\"og:image:type\" content=\"image\/jpeg\" \/>\n<meta name=\"twitter:card\" content=\"summary_large_image\" \/>\n<meta name=\"twitter:label1\" content=\"Dur\u00e9e de lecture estim\u00e9e\" \/>\n\t<meta name=\"twitter:data1\" content=\"2 minutes\" \/>\n<script type=\"application\/ld+json\" class=\"yoast-schema-graph\">{\"@context\":\"https:\/\/schema.org\",\"@graph\":[{\"@type\":\"WebPage\",\"@id\":\"https:\/\/preprod.gmindia.tech\/mda\/lespaceinterculturel\/\",\"url\":\"https:\/\/preprod.gmindia.tech\/mda\/lespaceinterculturel\/\",\"name\":\"le lieu : la galerie - M\u00e9moire de l&#039;Avenir\",\"isPartOf\":{\"@id\":\"https:\/\/preprod.gmindia.tech\/mda\/#website\"},\"primaryImageOfPage\":{\"@id\":\"https:\/\/preprod.gmindia.tech\/mda\/lespaceinterculturel\/#primaryimage\"},\"image\":{\"@id\":\"https:\/\/preprod.gmindia.tech\/mda\/lespaceinterculturel\/#primaryimage\"},\"thumbnailUrl\":\"https:\/\/preprod.gmindia.tech\/mda\/wp-content\/uploads\/2024\/02\/IMG_8920.jpg\",\"datePublished\":\"2024-02-05T06:41:47+00:00\",\"dateModified\":\"2025-08-06T07:58:08+00:00\",\"breadcrumb\":{\"@id\":\"https:\/\/preprod.gmindia.tech\/mda\/lespaceinterculturel\/#breadcrumb\"},\"inLanguage\":\"fr-FR\",\"potentialAction\":[{\"@type\":\"ReadAction\",\"target\":[\"https:\/\/preprod.gmindia.tech\/mda\/lespaceinterculturel\/\"]}]},{\"@type\":\"ImageObject\",\"inLanguage\":\"fr-FR\",\"@id\":\"https:\/\/preprod.gmindia.tech\/mda\/lespaceinterculturel\/#primaryimage\",\"url\":\"https:\/\/preprod.gmindia.tech\/mda\/wp-content\/uploads\/2024\/02\/IMG_8920.jpg\",\"contentUrl\":\"https:\/\/preprod.gmindia.tech\/mda\/wp-content\/uploads\/2024\/02\/IMG_8920.jpg\",\"width\":595,\"height\":224},{\"@type\":\"BreadcrumbList\",\"@id\":\"https:\/\/preprod.gmindia.tech\/mda\/lespaceinterculturel\/#breadcrumb\",\"itemListElement\":[{\"@type\":\"ListItem\",\"position\":1,\"name\":\"Home\",\"item\":\"https:\/\/preprod.gmindia.tech\/mda\/\"},{\"@type\":\"ListItem\",\"position\":2,\"name\":\"le lieu : la galerie\"}]},{\"@type\":\"WebSite\",\"@id\":\"https:\/\/preprod.gmindia.tech\/mda\/#website\",\"url\":\"https:\/\/preprod.gmindia.tech\/mda\/\",\"name\":\"M\u00e9moire de l&#039;Avenir\",\"description\":\"\",\"publisher\":{\"@id\":\"https:\/\/preprod.gmindia.tech\/mda\/#organization\"},\"potentialAction\":[{\"@type\":\"SearchAction\",\"target\":{\"@type\":\"EntryPoint\",\"urlTemplate\":\"https:\/\/preprod.gmindia.tech\/mda\/?s={search_term_string}\"},\"query-input\":{\"@type\":\"PropertyValueSpecification\",\"valueRequired\":true,\"valueName\":\"search_term_string\"}}],\"inLanguage\":\"fr-FR\"},{\"@type\":\"Organization\",\"@id\":\"https:\/\/preprod.gmindia.tech\/mda\/#organization\",\"name\":\"M\u00e9moire de l&#039;Avenir\",\"url\":\"https:\/\/preprod.gmindia.tech\/mda\/\",\"logo\":{\"@type\":\"ImageObject\",\"inLanguage\":\"fr-FR\",\"@id\":\"https:\/\/preprod.gmindia.tech\/mda\/#\/schema\/logo\/image\/\",\"url\":\"https:\/\/preprod.gmindia.tech\/mda\/wp-content\/uploads\/2024\/01\/logo_20mda_2010202000.png\",\"contentUrl\":\"https:\/\/preprod.gmindia.tech\/mda\/wp-content\/uploads\/2024\/01\/logo_20mda_2010202000.png\",\"width\":123,\"height\":220,\"caption\":\"M\u00e9moire de l&#039;Avenir\"},\"image\":{\"@id\":\"https:\/\/preprod.gmindia.tech\/mda\/#\/schema\/logo\/image\/\"}}]}<\/script>\n<!-- \/ Yoast SEO plugin. -->","yoast_head_json":{"title":"le lieu : la galerie - M\u00e9moire de l&#039;Avenir","robots":{"index":"index","follow":"follow","max-snippet":"max-snippet:-1","max-image-preview":"max-image-preview:large","max-video-preview":"max-video-preview:-1"},"canonical":"https:\/\/preprod.gmindia.tech\/mda\/lespaceinterculturel\/","og_locale":"fr_FR","og_type":"article","og_title":"le lieu : la galerie - M\u00e9moire de l&#039;Avenir","og_description":"LE LIEU : UN ESPACE INTERCULTUREL M\u00e9moire de l&rsquo;Avenir est bas\u00e9 \u00e0 Belleville depuis avril 2009. M\u00e9moire de l&rsquo;Avenir envisage son espace comme un lieu d&rsquo;interactions entre artistes, chercheurs et le public, servant de point focal pour la contemplation, d\u00e9di\u00e9 \u00e0 l&rsquo;art et \u00e0 son impact sur la soci\u00e9t\u00e9. L&rsquo;organisation propose au public des \u00e9v\u00e9nements [&hellip;]","og_url":"https:\/\/preprod.gmindia.tech\/mda\/lespaceinterculturel\/","og_site_name":"M\u00e9moire de l&#039;Avenir","article_modified_time":"2025-08-06T07:58:08+00:00","og_image":[{"width":595,"height":224,"url":"https:\/\/preprod.gmindia.tech\/mda\/wp-content\/uploads\/2024\/02\/IMG_8920.jpg","type":"image\/jpeg"}],"twitter_card":"summary_large_image","twitter_misc":{"Dur\u00e9e de lecture estim\u00e9e":"2 minutes"},"schema":{"@context":"https:\/\/schema.org","@graph":[{"@type":"WebPage","@id":"https:\/\/preprod.gmindia.tech\/mda\/lespaceinterculturel\/","url":"https:\/\/preprod.gmindia.tech\/mda\/lespaceinterculturel\/","name":"le lieu : la galerie - M\u00e9moire de l&#039;Avenir","isPartOf":{"@id":"https:\/\/preprod.gmindia.tech\/mda\/#website"},"primaryImageOfPage":{"@id":"https:\/\/preprod.gmindia.tech\/mda\/lespaceinterculturel\/#primaryimage"},"image":{"@id":"https:\/\/preprod.gmindia.tech\/mda\/lespaceinterculturel\/#primaryimage"},"thumbnailUrl":"https:\/\/preprod.gmindia.tech\/mda\/wp-content\/uploads\/2024\/02\/IMG_8920.jpg","datePublished":"2024-02-05T06:41:47+00:00","dateModified":"2025-08-06T07:58:08+00:00","breadcrumb":{"@id":"https:\/\/preprod.gmindia.tech\/mda\/lespaceinterculturel\/#breadcrumb"},"inLanguage":"fr-FR","potentialAction":[{"@type":"ReadAction","target":["https:\/\/preprod.gmindia.tech\/mda\/lespaceinterculturel\/"]}]},{"@type":"ImageObject","inLanguage":"fr-FR","@id":"https:\/\/preprod.gmindia.tech\/mda\/lespaceinterculturel\/#primaryimage","url":"https:\/\/preprod.gmindia.tech\/mda\/wp-content\/uploads\/2024\/02\/IMG_8920.jpg","contentUrl":"https:\/\/preprod.gmindia.tech\/mda\/wp-content\/uploads\/2024\/02\/IMG_8920.jpg","width":595,"height":224},{"@type":"BreadcrumbList","@id":"https:\/\/preprod.gmindia.tech\/mda\/lespaceinterculturel\/#breadcrumb","itemListElement":[{"@type":"ListItem","position":1,"name":"Home","item":"https:\/\/preprod.gmindia.tech\/mda\/"},{"@type":"ListItem","position":2,"name":"le lieu : la galerie"}]},{"@type":"WebSite","@id":"https:\/\/preprod.gmindia.tech\/mda\/#website","url":"https:\/\/preprod.gmindia.tech\/mda\/","name":"M\u00e9moire de l&#039;Avenir","description":"","publisher":{"@id":"https:\/\/preprod.gmindia.tech\/mda\/#organization"},"potentialAction":[{"@type":"SearchAction","target":{"@type":"EntryPoint","urlTemplate":"https:\/\/preprod.gmindia.tech\/mda\/?s={search_term_string}"},"query-input":{"@type":"PropertyValueSpecification","valueRequired":true,"valueName":"search_term_string"}}],"inLanguage":"fr-FR"},{"@type":"Organization","@id":"https:\/\/preprod.gmindia.tech\/mda\/#organization","name":"M\u00e9moire de l&#039;Avenir","url":"https:\/\/preprod.gmindia.tech\/mda\/","logo":{"@type":"ImageObject","inLanguage":"fr-FR","@id":"https:\/\/preprod.gmindia.tech\/mda\/#\/schema\/logo\/image\/","url":"https:\/\/preprod.gmindia.tech\/mda\/wp-content\/uploads\/2024\/01\/logo_20mda_2010202000.png","contentUrl":"https:\/\/preprod.gmindia.tech\/mda\/wp-content\/uploads\/2024\/01\/logo_20mda_2010202000.png","width":123,"height":220,"caption":"M\u00e9moire de l&#039;Avenir"},"image":{"@id":"https:\/\/preprod.gmindia.tech\/mda\/#\/schema\/logo\/image\/"}}]}},"_links":{"self":[{"href":"https:\/\/preprod.gmindia.tech\/mda\/wp-json\/wp\/v2\/pages\/726","targetHints":{"allow":["GET"]}}],"collection":[{"href":"https:\/\/preprod.gmindia.tech\/mda\/wp-json\/wp\/v2\/pages"}],"about":[{"href":"https:\/\/preprod.gmindia.tech\/mda\/wp-json\/wp\/v2\/types\/page"}],"author":[{"embeddable":true,"href":"https:\/\/preprod.gmindia.tech\/mda\/wp-json\/wp\/v2\/users\/1"}],"replies":[{"embeddable":true,"href":"https:\/\/preprod.gmindia.tech\/mda\/wp-json\/wp\/v2\/comments?post=726"}],"version-history":[{"count":25,"href":"https:\/\/preprod.gmindia.tech\/mda\/wp-json\/wp\/v2\/pages\/726\/revisions"}],"predecessor-version":[{"id":6064,"href":"https:\/\/preprod.gmindia.tech\/mda\/wp-json\/wp\/v2\/pages\/726\/revisions\/6064"}],"wp:attachment":[{"href":"https:\/\/preprod.gmindia.tech\/mda\/wp-json\/wp\/v2\/media?parent=726"}],"curies":[{"name":"wp","href":"https:\/\/api.w.org\/{rel}","templated":true}]}}