{"id":752,"date":"2024-02-05T07:20:05","date_gmt":"2024-02-05T07:20:05","guid":{"rendered":"http:\/\/localhost\/mda-variations-plugin\/?page_id=752"},"modified":"2024-08-28T06:28:20","modified_gmt":"2024-08-28T06:28:20","slug":"crbst_1","status":"publish","type":"page","link":"https:\/\/preprod.gmindia.tech\/mda\/crbst_1\/","title":{"rendered":"Infos\u00a0Pratiques"},"content":{"rendered":"\n<div class=\"eplus-wrapper wp-block-columns is-layout-flex wp-container-core-columns-is-layout-28f84493 wp-block-columns-is-layout-flex\">\n<div class=\"eplus-wrapper wp-block-column is-layout-flow wp-block-column-is-layout-flow\" style=\"flex-basis:50%\"><div class=\"gb-container gb-container-002686ad\">\n\n<iframe src=\"https:\/\/www.google.com\/maps\/embed?pb=!1m18!1m12!1m3!1d656.0731169819966!2d2.3807078696084587!3d48.871700880316645!2m3!1f0!2f0!3f0!3m2!1i1024!2i768!4f13.1!3m3!1m2!1s0x47e66de8c24ebf59%3A0x7da2c253f6d20b1f!2s45%20Rue%20Ramponeau%2C%2075020%20Paris%2C%20France!5e0!3m2!1sen!2sin!4v1724826444440!5m2!1sen!2sin\" style=\"border:0;\" allowfullscreen=\"\" loading=\"lazy\" referrerpolicy=\"no-referrer-when-downgrade\"><\/iframe>\n\n\n\n<div class=\"wpcf7 no-js\" id=\"wpcf7-f751-o1\" lang=\"en-US\" dir=\"ltr\">\n<div class=\"screen-reader-response\"><p role=\"status\" aria-live=\"polite\" aria-atomic=\"true\"><\/p> <ul><\/ul><\/div>\n<form action=\"\/mda\/wp-json\/wp\/v2\/pages\/752#wpcf7-f751-o1\" method=\"post\" class=\"wpcf7-form init\" aria-label=\"Contact form\" novalidate=\"novalidate\" data-status=\"init\">\n<div style=\"display: none;\">\n<input type=\"hidden\" name=\"_wpcf7\" value=\"751\" \/>\n<input type=\"hidden\" name=\"_wpcf7_version\" value=\"5.9\" \/>\n<input type=\"hidden\" name=\"_wpcf7_locale\" value=\"en_US\" \/>\n<input type=\"hidden\" name=\"_wpcf7_unit_tag\" value=\"wpcf7-f751-o1\" \/>\n<input type=\"hidden\" name=\"_wpcf7_container_post\" value=\"0\" \/>\n<input type=\"hidden\" name=\"_wpcf7_posted_data_hash\" value=\"\" \/>\n<\/div>\n<p style=\"margin-block-start: 0em; margin-block-end: 0em;\"><label style=\"font-family:calibri; font-size: 14px;\"> Pr\u00e9nom<br \/>\n<span class=\"wpcf7-form-control-wrap\" data-name=\"Prenom-name\"><input size=\"40\" class=\"wpcf7-form-control wpcf7-text wpcf7-validates-as-required\" autocomplete=\"name\" aria-required=\"true\" aria-invalid=\"false\" value=\"\" type=\"text\" name=\"Prenom-name\" \/><\/span> <\/label>\n<\/p>\n<p style=\"margin-block-start: 0em; margin-block-end: 0em;\"><label style=\"font-family:calibri; font-size: 14px;\"> Nom<br \/>\n<span class=\"wpcf7-form-control-wrap\" data-name=\"nomdefamille-name\"><input size=\"40\" class=\"wpcf7-form-control wpcf7-text wpcf7-validates-as-required\" autocomplete=\"name\" aria-required=\"true\" aria-invalid=\"false\" value=\"\" type=\"text\" name=\"nomdefamille-name\" \/><\/span> <\/label>\n<\/p>\n<p style=\"margin-block-start: 0em; margin-block-end: 0em;\"><label style=\"font-family:calibri; font-size: 14px;\"> Email<br \/>\n<span class=\"wpcf7-form-control-wrap\" data-name=\"your-email\"><input size=\"40\" class=\"wpcf7-form-control wpcf7-email wpcf7-validates-as-required wpcf7-text wpcf7-validates-as-email\" autocomplete=\"email\" aria-required=\"true\" aria-invalid=\"false\" value=\"\" type=\"email\" name=\"your-email\" \/><\/span> <\/label>\n<\/p>\n<p style=\"margin-block-start: 0em; margin-block-end: 0em;\"><br \/>\n<span class=\"wpcf7-form-control-wrap\" data-name=\"your-subject\"><input size=\"40\" class=\"wpcf7-form-control wpcf7-text wpcf7-validates-as-required\" aria-required=\"true\" aria-invalid=\"false\" placeholder=\"Objet :\" value=\"\" type=\"text\" name=\"your-subject\" \/><\/span>\n<\/p>\n<p style=\"margin-block-start: 0em; margin-block-end: 0em;\"><br \/>\n<span class=\"wpcf7-form-control-wrap\" data-name=\"your-message\"><textarea cols=\"40\" rows=\"10\" class=\"wpcf7-form-control wpcf7-textarea wpcf7-validates-as-required\" aria-required=\"true\" aria-invalid=\"false\" placeholder=\"Votre message :\" name=\"your-message\"><\/textarea><\/span>\n<\/p>\n<p style=\"margin-block-start: 0em; margin-block-end: 0em;\"><input type=\"reset\" value=\"To erase\" \/>\n<\/p>\n<p style=\"margin-block-start: 0em; margin-block-end: 0em;\"><input class=\"wpcf7-form-control wpcf7-submit has-spinner\" type=\"submit\" value=\"Send\" \/>\n<\/p><div class=\"wpcf7-response-output\" aria-hidden=\"true\"><\/div>\n<\/form>\n<\/div>\n\n\n<\/div><\/div>\n\n\n\n<div class=\"eplus-wrapper wp-block-column is-layout-flow wp-block-column-is-layout-flow\" style=\"padding-left:15px;flex-basis:50%\">\n<p class=\"eplus-wrapper has-medium-font-size\"><strong>M\u00e9moire de l&rsquo;Avenir<\/strong><br><strong>espace culturel pluridisciplinaire<\/strong><gwmw style=\"display:none;\"><\/gwmw><\/p>\n\n\n\n<p class=\"eplus-wrapper\">45-47 rue Ramponeau<br>75020 Paris<br>T : + 33 9 51 17 18 75<br>T : + 33 6 98 75 62 36<gwmw style=\"display:none;\"><\/gwmw><gwmw style=\"display:none;\"><\/gwmw><gwmw style=\"display:none;\"><\/gwmw><\/p>\n\n\n\n<p class=\"eplus-wrapper\">M2-11 Belleville, Couronnes ou Pyr\u00e9n\u00e9es<gwmw style=\"display:none;\"><\/gwmw><\/p>\n\n\n\n<p class=\"eplus-wrapper\">Ouvert du jeudi au samedi<br>de 13h00 \u00e0 19h00<\/p>\n\n\n\n<p class=\"eplus-wrapper\">ou sur rdv uniquement<gwmw style=\"display:none;\"><\/gwmw><\/p>\n\n\n\n<p class=\"eplus-wrapper has-medium-font-size\"><strong>ENTR\u00c9E LIBRE<\/strong><gwmw style=\"display:none;\"><\/gwmw><\/p>\n<\/div>\n<\/div>\n\n\n\n<p class=\" eplus-wrapper\"><gwmw style=\"display:none;\"><\/gwmw><\/p>\n","protected":false},"excerpt":{"rendered":"<p>M\u00e9moire de l&rsquo;Avenirespace culturel pluridisciplinaire 45-47 rue Ramponeau75020 ParisT : + 33 9 51 17 18 75T : + 33 6 98 75 62 36 M2-11 Belleville, Couronnes ou Pyr\u00e9n\u00e9es Ouvert du jeudi au samedide 13h00 \u00e0 19h00 ou sur rdv uniquement ENTR\u00c9E LIBRE<\/p>\n","protected":false},"author":1,"featured_media":0,"parent":0,"menu_order":0,"comment_status":"closed","ping_status":"closed","template":"websites-island","meta":{"footnotes":""},"class_list":["post-752","page","type-page","status-publish","hentry"],"yoast_head":"<!-- This site is optimized with the Yoast SEO plugin v23.9 - https:\/\/yoast.com\/wordpress\/plugins\/seo\/ -->\n<title>Infos\u00a0Pratiques - M\u00e9moire de l&#039;Avenir<\/title>\n<meta name=\"robots\" content=\"index, follow, max-snippet:-1, max-image-preview:large, max-video-preview:-1\" \/>\n<link rel=\"canonical\" href=\"https:\/\/preprod.gmindia.tech\/mda\/crbst_1\/\" \/>\n<meta property=\"og:locale\" content=\"fr_FR\" \/>\n<meta property=\"og:type\" content=\"article\" \/>\n<meta property=\"og:title\" content=\"Infos\u00a0Pratiques - M\u00e9moire de l&#039;Avenir\" \/>\n<meta property=\"og:description\" content=\"M\u00e9moire de l&rsquo;Avenirespace culturel pluridisciplinaire 45-47 rue Ramponeau75020 ParisT : + 33 9 51 17 18 75T : + 33 6 98 75 62 36 M2-11 Belleville, Couronnes ou Pyr\u00e9n\u00e9es Ouvert du jeudi au samedide 13h00 \u00e0 19h00 ou sur rdv uniquement ENTR\u00c9E LIBRE\" \/>\n<meta property=\"og:url\" content=\"https:\/\/preprod.gmindia.tech\/mda\/crbst_1\/\" \/>\n<meta property=\"og:site_name\" content=\"M\u00e9moire de l&#039;Avenir\" \/>\n<meta property=\"article:modified_time\" content=\"2024-08-28T06:28:20+00:00\" \/>\n<meta name=\"twitter:card\" content=\"summary_large_image\" \/>\n<script type=\"application\/ld+json\" class=\"yoast-schema-graph\">{\"@context\":\"https:\/\/schema.org\",\"@graph\":[{\"@type\":\"WebPage\",\"@id\":\"https:\/\/preprod.gmindia.tech\/mda\/crbst_1\/\",\"url\":\"https:\/\/preprod.gmindia.tech\/mda\/crbst_1\/\",\"name\":\"Infos\u00a0Pratiques - M\u00e9moire de l&#039;Avenir\",\"isPartOf\":{\"@id\":\"https:\/\/preprod.gmindia.tech\/mda\/#website\"},\"datePublished\":\"2024-02-05T07:20:05+00:00\",\"dateModified\":\"2024-08-28T06:28:20+00:00\",\"breadcrumb\":{\"@id\":\"https:\/\/preprod.gmindia.tech\/mda\/crbst_1\/#breadcrumb\"},\"inLanguage\":\"fr-FR\",\"potentialAction\":[{\"@type\":\"ReadAction\",\"target\":[\"https:\/\/preprod.gmindia.tech\/mda\/crbst_1\/\"]}]},{\"@type\":\"BreadcrumbList\",\"@id\":\"https:\/\/preprod.gmindia.tech\/mda\/crbst_1\/#breadcrumb\",\"itemListElement\":[{\"@type\":\"ListItem\",\"position\":1,\"name\":\"Home\",\"item\":\"https:\/\/preprod.gmindia.tech\/mda\/\"},{\"@type\":\"ListItem\",\"position\":2,\"name\":\"Infos\u00a0Pratiques\"}]},{\"@type\":\"WebSite\",\"@id\":\"https:\/\/preprod.gmindia.tech\/mda\/#website\",\"url\":\"https:\/\/preprod.gmindia.tech\/mda\/\",\"name\":\"M\u00e9moire de l&#039;Avenir\",\"description\":\"\",\"publisher\":{\"@id\":\"https:\/\/preprod.gmindia.tech\/mda\/#organization\"},\"potentialAction\":[{\"@type\":\"SearchAction\",\"target\":{\"@type\":\"EntryPoint\",\"urlTemplate\":\"https:\/\/preprod.gmindia.tech\/mda\/?s={search_term_string}\"},\"query-input\":{\"@type\":\"PropertyValueSpecification\",\"valueRequired\":true,\"valueName\":\"search_term_string\"}}],\"inLanguage\":\"fr-FR\"},{\"@type\":\"Organization\",\"@id\":\"https:\/\/preprod.gmindia.tech\/mda\/#organization\",\"name\":\"M\u00e9moire de l&#039;Avenir\",\"url\":\"https:\/\/preprod.gmindia.tech\/mda\/\",\"logo\":{\"@type\":\"ImageObject\",\"inLanguage\":\"fr-FR\",\"@id\":\"https:\/\/preprod.gmindia.tech\/mda\/#\/schema\/logo\/image\/\",\"url\":\"https:\/\/preprod.gmindia.tech\/mda\/wp-content\/uploads\/2024\/01\/logo_20mda_2010202000.png\",\"contentUrl\":\"https:\/\/preprod.gmindia.tech\/mda\/wp-content\/uploads\/2024\/01\/logo_20mda_2010202000.png\",\"width\":123,\"height\":220,\"caption\":\"M\u00e9moire de l&#039;Avenir\"},\"image\":{\"@id\":\"https:\/\/preprod.gmindia.tech\/mda\/#\/schema\/logo\/image\/\"}}]}<\/script>\n<!-- \/ Yoast SEO plugin. -->","yoast_head_json":{"title":"Infos\u00a0Pratiques - M\u00e9moire de l&#039;Avenir","robots":{"index":"index","follow":"follow","max-snippet":"max-snippet:-1","max-image-preview":"max-image-preview:large","max-video-preview":"max-video-preview:-1"},"canonical":"https:\/\/preprod.gmindia.tech\/mda\/crbst_1\/","og_locale":"fr_FR","og_type":"article","og_title":"Infos\u00a0Pratiques - M\u00e9moire de l&#039;Avenir","og_description":"M\u00e9moire de l&rsquo;Avenirespace culturel pluridisciplinaire 45-47 rue Ramponeau75020 ParisT : + 33 9 51 17 18 75T : + 33 6 98 75 62 36 M2-11 Belleville, Couronnes ou Pyr\u00e9n\u00e9es Ouvert du jeudi au samedide 13h00 \u00e0 19h00 ou sur rdv uniquement ENTR\u00c9E LIBRE","og_url":"https:\/\/preprod.gmindia.tech\/mda\/crbst_1\/","og_site_name":"M\u00e9moire de l&#039;Avenir","article_modified_time":"2024-08-28T06:28:20+00:00","twitter_card":"summary_large_image","schema":{"@context":"https:\/\/schema.org","@graph":[{"@type":"WebPage","@id":"https:\/\/preprod.gmindia.tech\/mda\/crbst_1\/","url":"https:\/\/preprod.gmindia.tech\/mda\/crbst_1\/","name":"Infos\u00a0Pratiques - M\u00e9moire de l&#039;Avenir","isPartOf":{"@id":"https:\/\/preprod.gmindia.tech\/mda\/#website"},"datePublished":"2024-02-05T07:20:05+00:00","dateModified":"2024-08-28T06:28:20+00:00","breadcrumb":{"@id":"https:\/\/preprod.gmindia.tech\/mda\/crbst_1\/#breadcrumb"},"inLanguage":"fr-FR","potentialAction":[{"@type":"ReadAction","target":["https:\/\/preprod.gmindia.tech\/mda\/crbst_1\/"]}]},{"@type":"BreadcrumbList","@id":"https:\/\/preprod.gmindia.tech\/mda\/crbst_1\/#breadcrumb","itemListElement":[{"@type":"ListItem","position":1,"name":"Home","item":"https:\/\/preprod.gmindia.tech\/mda\/"},{"@type":"ListItem","position":2,"name":"Infos\u00a0Pratiques"}]},{"@type":"WebSite","@id":"https:\/\/preprod.gmindia.tech\/mda\/#website","url":"https:\/\/preprod.gmindia.tech\/mda\/","name":"M\u00e9moire de l&#039;Avenir","description":"","publisher":{"@id":"https:\/\/preprod.gmindia.tech\/mda\/#organization"},"potentialAction":[{"@type":"SearchAction","target":{"@type":"EntryPoint","urlTemplate":"https:\/\/preprod.gmindia.tech\/mda\/?s={search_term_string}"},"query-input":{"@type":"PropertyValueSpecification","valueRequired":true,"valueName":"search_term_string"}}],"inLanguage":"fr-FR"},{"@type":"Organization","@id":"https:\/\/preprod.gmindia.tech\/mda\/#organization","name":"M\u00e9moire de l&#039;Avenir","url":"https:\/\/preprod.gmindia.tech\/mda\/","logo":{"@type":"ImageObject","inLanguage":"fr-FR","@id":"https:\/\/preprod.gmindia.tech\/mda\/#\/schema\/logo\/image\/","url":"https:\/\/preprod.gmindia.tech\/mda\/wp-content\/uploads\/2024\/01\/logo_20mda_2010202000.png","contentUrl":"https:\/\/preprod.gmindia.tech\/mda\/wp-content\/uploads\/2024\/01\/logo_20mda_2010202000.png","width":123,"height":220,"caption":"M\u00e9moire de l&#039;Avenir"},"image":{"@id":"https:\/\/preprod.gmindia.tech\/mda\/#\/schema\/logo\/image\/"}}]}},"_links":{"self":[{"href":"https:\/\/preprod.gmindia.tech\/mda\/wp-json\/wp\/v2\/pages\/752","targetHints":{"allow":["GET"]}}],"collection":[{"href":"https:\/\/preprod.gmindia.tech\/mda\/wp-json\/wp\/v2\/pages"}],"about":[{"href":"https:\/\/preprod.gmindia.tech\/mda\/wp-json\/wp\/v2\/types\/page"}],"author":[{"embeddable":true,"href":"https:\/\/preprod.gmindia.tech\/mda\/wp-json\/wp\/v2\/users\/1"}],"replies":[{"embeddable":true,"href":"https:\/\/preprod.gmindia.tech\/mda\/wp-json\/wp\/v2\/comments?post=752"}],"version-history":[{"count":12,"href":"https:\/\/preprod.gmindia.tech\/mda\/wp-json\/wp\/v2\/pages\/752\/revisions"}],"predecessor-version":[{"id":3111,"href":"https:\/\/preprod.gmindia.tech\/mda\/wp-json\/wp\/v2\/pages\/752\/revisions\/3111"}],"wp:attachment":[{"href":"https:\/\/preprod.gmindia.tech\/mda\/wp-json\/wp\/v2\/media?parent=752"}],"curies":[{"name":"wp","href":"https:\/\/api.w.org\/{rel}","templated":true}]}}